{"id":6120,"date":"2021-03-24T01:06:28","date_gmt":"2021-03-24T01:06:28","guid":{"rendered":"https:\/\/www.belmontmetals.com\/product\/copper-silver-alloy\/"},"modified":"2021-03-24T01:28:32","modified_gmt":"2021-03-24T01:28:32","slug":"aleacion-de-plata-de-cobre","status":"publish","type":"product","link":"https:\/\/www.belmontmetals.com\/es\/producto\/aleacion-de-plata-de-cobre\/","title":{"rendered":"Aleaci\u00f3n de Plata de Cobre de Grado Virgen"},"content":{"rendered":"<p id=\"tw-target-text\" class=\"tw-data-text tw-text-large XcVN5d tw-ta\" dir=\"ltr\" data-placeholder=\"Translation\"><span lang=\"es\">Cobre Las aleaciones de plata en diferentes composiciones se han vuelto cada vez m\u00e1s populares en el uso de la producci\u00f3n de brocas impregnadas de diamante debido al aumento de las tasas de infiltraci\u00f3n y al desgaste, lo que mejora el rendimiento del producto seg\u00fan los requisitos de perforaci\u00f3n. Las composiciones personalizadas est\u00e1n disponibles a pedido.<\/span><\/p>\n","protected":false},"excerpt":{"rendered":"<p>Cobre Las aleaciones de plata en diferentes composiciones se han vuelto cada vez m\u00e1s populares en el uso de la producci\u00f3n de brocas impregnadas de diamante debido al aumento de las tasas de infiltraci\u00f3n y al desgaste, lo que mejora el rendimiento del producto seg\u00fan los requisitos de perforaci\u00f3n. Las composiciones personalizadas est\u00e1n disponibles a pedido.<\/p>\n","protected":false},"featured_media":6118,"template":"","meta":{"_acf_changed":false},"product_brand":[],"product_tag":[],"woo-feed-brand":[],"class_list":{"0":"post-6120","1":"product","2":"type-product","3":"status-publish","4":"has-post-thumbnail","6":"product_cat-aleaciones-aglutinantes-para-matrices-pdc","7":"pa_shapes-shot-es","9":"first","10":"instock","11":"taxable","12":"shipping-taxable","13":"product-type-simple"},"group_of_quantity":0,"min_quantity":0,"max_quantity":"","exclude_order_quantity_value_rules":"no","exclude_category_quantity_rules":"no","combine_variations":"no","acf":[],"yoast_head":"<!-- This site is optimized with the Yoast SEO plugin v27.5 - https:\/\/yoast.com\/product\/yoast-seo-wordpress\/ -->\n<title>Aleaci\u00f3n de Plata de Cobre de Grado Virgen - Belmont Metals<\/title>\n<meta name=\"description\" content=\"Cobre Las aleaciones de plata en diferentes composiciones se han vuelto cada vez m\u00e1s populares en el uso de la producci\u00f3n de brocas impregnadas de diamante debido al aumento de las tasas de infiltraci\u00f3n y al desgaste, lo que mejora el rendimiento del producto seg\u00fan los requisitos de perforaci\u00f3n. Las composiciones personalizadas est\u00e1n disponibles a pedido.\" \/>\n<meta name=\"robots\" content=\"index, follow, max-snippet:-1, max-image-preview:large, max-video-preview:-1\" \/>\n<link rel=\"canonical\" href=\"https:\/\/www.belmontmetals.com\/es\/producto\/aleacion-de-plata-de-cobre\/\" \/>\n<meta property=\"og:locale\" content=\"es_ES\" \/>\n<meta property=\"og:type\" content=\"article\" \/>\n<meta property=\"og:title\" content=\"Aleaci\u00f3n de Plata de Cobre de Grado Virgen - Belmont Metals\" \/>\n<meta property=\"og:description\" content=\"Cobre Las aleaciones de plata en diferentes composiciones se han vuelto cada vez m\u00e1s populares en el uso de la producci\u00f3n de brocas impregnadas de diamante debido al aumento de las tasas de infiltraci\u00f3n y al desgaste, lo que mejora el rendimiento del producto seg\u00fan los requisitos de perforaci\u00f3n. Las composiciones personalizadas est\u00e1n disponibles a pedido.\" \/>\n<meta property=\"og:url\" content=\"https:\/\/www.belmontmetals.com\/es\/producto\/aleacion-de-plata-de-cobre\/\" \/>\n<meta property=\"og:site_name\" content=\"Belmont Metals\" \/>\n<meta property=\"article:publisher\" content=\"https:\/\/www.facebook.com\/BelmontMetals\/\" \/>\n<meta property=\"article:modified_time\" content=\"2021-03-24T01:28:32+00:00\" \/>\n<meta property=\"og:image\" content=\"https:\/\/www.belmontmetals.com\/wp-content\/uploads\/2021\/03\/Copper-Silver-Alloy-resized.jpg\" \/>\n\t<meta property=\"og:image:width\" content=\"375\" \/>\n\t<meta property=\"og:image:height\" content=\"375\" \/>\n\t<meta property=\"og:image:type\" content=\"image\/jpeg\" \/>\n<meta name=\"twitter:card\" content=\"summary_large_image\" \/>\n<meta name=\"twitter:site\" content=\"@BelmontMetals\" \/>\n<script type=\"application\/ld+json\" class=\"yoast-schema-graph\">{\"@context\":\"https:\\\/\\\/schema.org\",\"@graph\":[{\"@type\":\"WebPage\",\"@id\":\"https:\\\/\\\/www.belmontmetals.com\\\/es\\\/producto\\\/aleacion-de-plata-de-cobre\\\/\",\"url\":\"https:\\\/\\\/www.belmontmetals.com\\\/es\\\/producto\\\/aleacion-de-plata-de-cobre\\\/\",\"name\":\"Aleaci\u00f3n de Plata de Cobre de Grado Virgen - Belmont Metals\",\"isPartOf\":{\"@id\":\"https:\\\/\\\/www.belmontmetals.com\\\/#website\"},\"primaryImageOfPage\":{\"@id\":\"https:\\\/\\\/www.belmontmetals.com\\\/es\\\/producto\\\/aleacion-de-plata-de-cobre\\\/#primaryimage\"},\"image\":{\"@id\":\"https:\\\/\\\/www.belmontmetals.com\\\/es\\\/producto\\\/aleacion-de-plata-de-cobre\\\/#primaryimage\"},\"thumbnailUrl\":\"https:\\\/\\\/www.belmontmetals.com\\\/wp-content\\\/uploads\\\/2021\\\/03\\\/Copper-Silver-Alloy-resized.jpg\",\"datePublished\":\"2021-03-24T01:06:28+00:00\",\"dateModified\":\"2021-03-24T01:28:32+00:00\",\"description\":\"Cobre Las aleaciones de plata en diferentes composiciones se han vuelto cada vez m\u00e1s populares en el uso de la producci\u00f3n de brocas impregnadas de diamante debido al aumento de las tasas de infiltraci\u00f3n y al desgaste, lo que mejora el rendimiento del producto seg\u00fan los requisitos de perforaci\u00f3n. Las composiciones personalizadas est\u00e1n disponibles a pedido.\",\"breadcrumb\":{\"@id\":\"https:\\\/\\\/www.belmontmetals.com\\\/es\\\/producto\\\/aleacion-de-plata-de-cobre\\\/#breadcrumb\"},\"inLanguage\":\"es\",\"potentialAction\":[{\"@type\":\"ReadAction\",\"target\":[\"https:\\\/\\\/www.belmontmetals.com\\\/es\\\/producto\\\/aleacion-de-plata-de-cobre\\\/\"]}]},{\"@type\":\"ImageObject\",\"inLanguage\":\"es\",\"@id\":\"https:\\\/\\\/www.belmontmetals.com\\\/es\\\/producto\\\/aleacion-de-plata-de-cobre\\\/#primaryimage\",\"url\":\"https:\\\/\\\/www.belmontmetals.com\\\/wp-content\\\/uploads\\\/2021\\\/03\\\/Copper-Silver-Alloy-resized.jpg\",\"contentUrl\":\"https:\\\/\\\/www.belmontmetals.com\\\/wp-content\\\/uploads\\\/2021\\\/03\\\/Copper-Silver-Alloy-resized.jpg\",\"width\":375,\"height\":375},{\"@type\":\"BreadcrumbList\",\"@id\":\"https:\\\/\\\/www.belmontmetals.com\\\/es\\\/producto\\\/aleacion-de-plata-de-cobre\\\/#breadcrumb\",\"itemListElement\":[{\"@type\":\"ListItem\",\"position\":1,\"name\":\"Home\",\"item\":\"https:\\\/\\\/www.belmontmetals.com\\\/es\\\/\"},{\"@type\":\"ListItem\",\"position\":2,\"name\":\"Store\",\"item\":\"https:\\\/\\\/www.belmontmetals.com\\\/store\\\/\"},{\"@type\":\"ListItem\",\"position\":3,\"name\":\"Aleaci\u00f3n de Plata de Cobre de Grado Virgen\"}]},{\"@type\":\"WebSite\",\"@id\":\"https:\\\/\\\/www.belmontmetals.com\\\/#website\",\"url\":\"https:\\\/\\\/www.belmontmetals.com\\\/\",\"name\":\"Belmont Metals\",\"description\":\"\",\"potentialAction\":[{\"@type\":\"SearchAction\",\"target\":{\"@type\":\"EntryPoint\",\"urlTemplate\":\"https:\\\/\\\/www.belmontmetals.com\\\/?s={search_term_string}\"},\"query-input\":{\"@type\":\"PropertyValueSpecification\",\"valueRequired\":true,\"valueName\":\"search_term_string\"}}],\"inLanguage\":\"es\"}]}<\/script>\n<!-- \/ Yoast SEO plugin. -->","yoast_head_json":{"title":"Aleaci\u00f3n de Plata de Cobre de Grado Virgen - Belmont Metals","description":"Cobre Las aleaciones de plata en diferentes composiciones se han vuelto cada vez m\u00e1s populares en el uso de la producci\u00f3n de brocas impregnadas de diamante debido al aumento de las tasas de infiltraci\u00f3n y al desgaste, lo que mejora el rendimiento del producto seg\u00fan los requisitos de perforaci\u00f3n. Las composiciones personalizadas est\u00e1n disponibles a pedido.","robots":{"index":"index","follow":"follow","max-snippet":"max-snippet:-1","max-image-preview":"max-image-preview:large","max-video-preview":"max-video-preview:-1"},"canonical":"https:\/\/www.belmontmetals.com\/es\/producto\/aleacion-de-plata-de-cobre\/","og_locale":"es_ES","og_type":"article","og_title":"Aleaci\u00f3n de Plata de Cobre de Grado Virgen - Belmont Metals","og_description":"Cobre Las aleaciones de plata en diferentes composiciones se han vuelto cada vez m\u00e1s populares en el uso de la producci\u00f3n de brocas impregnadas de diamante debido al aumento de las tasas de infiltraci\u00f3n y al desgaste, lo que mejora el rendimiento del producto seg\u00fan los requisitos de perforaci\u00f3n. Las composiciones personalizadas est\u00e1n disponibles a pedido.","og_url":"https:\/\/www.belmontmetals.com\/es\/producto\/aleacion-de-plata-de-cobre\/","og_site_name":"Belmont Metals","article_publisher":"https:\/\/www.facebook.com\/BelmontMetals\/","article_modified_time":"2021-03-24T01:28:32+00:00","og_image":[{"width":375,"height":375,"url":"https:\/\/www.belmontmetals.com\/wp-content\/uploads\/2021\/03\/Copper-Silver-Alloy-resized.jpg","type":"image\/jpeg"}],"twitter_card":"summary_large_image","twitter_site":"@BelmontMetals","schema":{"@context":"https:\/\/schema.org","@graph":[{"@type":"WebPage","@id":"https:\/\/www.belmontmetals.com\/es\/producto\/aleacion-de-plata-de-cobre\/","url":"https:\/\/www.belmontmetals.com\/es\/producto\/aleacion-de-plata-de-cobre\/","name":"Aleaci\u00f3n de Plata de Cobre de Grado Virgen - Belmont Metals","isPartOf":{"@id":"https:\/\/www.belmontmetals.com\/#website"},"primaryImageOfPage":{"@id":"https:\/\/www.belmontmetals.com\/es\/producto\/aleacion-de-plata-de-cobre\/#primaryimage"},"image":{"@id":"https:\/\/www.belmontmetals.com\/es\/producto\/aleacion-de-plata-de-cobre\/#primaryimage"},"thumbnailUrl":"https:\/\/www.belmontmetals.com\/wp-content\/uploads\/2021\/03\/Copper-Silver-Alloy-resized.jpg","datePublished":"2021-03-24T01:06:28+00:00","dateModified":"2021-03-24T01:28:32+00:00","description":"Cobre Las aleaciones de plata en diferentes composiciones se han vuelto cada vez m\u00e1s populares en el uso de la producci\u00f3n de brocas impregnadas de diamante debido al aumento de las tasas de infiltraci\u00f3n y al desgaste, lo que mejora el rendimiento del producto seg\u00fan los requisitos de perforaci\u00f3n. Las composiciones personalizadas est\u00e1n disponibles a pedido.","breadcrumb":{"@id":"https:\/\/www.belmontmetals.com\/es\/producto\/aleacion-de-plata-de-cobre\/#breadcrumb"},"inLanguage":"es","potentialAction":[{"@type":"ReadAction","target":["https:\/\/www.belmontmetals.com\/es\/producto\/aleacion-de-plata-de-cobre\/"]}]},{"@type":"ImageObject","inLanguage":"es","@id":"https:\/\/www.belmontmetals.com\/es\/producto\/aleacion-de-plata-de-cobre\/#primaryimage","url":"https:\/\/www.belmontmetals.com\/wp-content\/uploads\/2021\/03\/Copper-Silver-Alloy-resized.jpg","contentUrl":"https:\/\/www.belmontmetals.com\/wp-content\/uploads\/2021\/03\/Copper-Silver-Alloy-resized.jpg","width":375,"height":375},{"@type":"BreadcrumbList","@id":"https:\/\/www.belmontmetals.com\/es\/producto\/aleacion-de-plata-de-cobre\/#breadcrumb","itemListElement":[{"@type":"ListItem","position":1,"name":"Home","item":"https:\/\/www.belmontmetals.com\/es\/"},{"@type":"ListItem","position":2,"name":"Store","item":"https:\/\/www.belmontmetals.com\/store\/"},{"@type":"ListItem","position":3,"name":"Aleaci\u00f3n de Plata de Cobre de Grado Virgen"}]},{"@type":"WebSite","@id":"https:\/\/www.belmontmetals.com\/#website","url":"https:\/\/www.belmontmetals.com\/","name":"Belmont Metals","description":"","potentialAction":[{"@type":"SearchAction","target":{"@type":"EntryPoint","urlTemplate":"https:\/\/www.belmontmetals.com\/?s={search_term_string}"},"query-input":{"@type":"PropertyValueSpecification","valueRequired":true,"valueName":"search_term_string"}}],"inLanguage":"es"}]}},"_links":{"self":[{"href":"https:\/\/www.belmontmetals.com\/es\/wp-json\/wp\/v2\/product\/6120","targetHints":{"allow":["GET"]}}],"collection":[{"href":"https:\/\/www.belmontmetals.com\/es\/wp-json\/wp\/v2\/product"}],"about":[{"href":"https:\/\/www.belmontmetals.com\/es\/wp-json\/wp\/v2\/types\/product"}],"wp:featuredmedia":[{"embeddable":true,"href":"https:\/\/www.belmontmetals.com\/es\/wp-json\/wp\/v2\/media\/6118"}],"wp:attachment":[{"href":"https:\/\/www.belmontmetals.com\/es\/wp-json\/wp\/v2\/media?parent=6120"}],"wp:term":[{"taxonomy":"product_brand","embeddable":true,"href":"https:\/\/www.belmontmetals.com\/es\/wp-json\/wp\/v2\/product_brand?post=6120"},{"taxonomy":"product_tag","embeddable":true,"href":"https:\/\/www.belmontmetals.com\/es\/wp-json\/wp\/v2\/product_tag?post=6120"},{"taxonomy":"woo-feed-brand","embeddable":true,"href":"https:\/\/www.belmontmetals.com\/es\/wp-json\/wp\/v2\/woo-feed-brand?post=6120"}],"curies":[{"name":"wp","href":"https:\/\/api.w.org\/{rel}","templated":true}]}}