{"id":3322,"date":"2017-09-06T15:26:00","date_gmt":"2017-09-06T15:26:00","guid":{"rendered":"http:\/\/www.belmontmetals.com\/product\/a356-2-aluminum-alloy\/"},"modified":"2020-03-25T20:23:47","modified_gmt":"2020-03-25T20:23:47","slug":"a356-2-aleacion-de-aluminio","status":"publish","type":"product","link":"https:\/\/www.belmontmetals.com\/es\/producto\/a356-2-aleacion-de-aluminio\/","title":{"rendered":"A356.2 Aleaci\u00f3n de Aluminio"},"content":{"rendered":"<p>La A356 presenta muy buenas caracter\u00edsticas para maquinado y moldeado por fundici\u00f3n. Su resistencia a la corrosi\u00f3n es excelente y presenta buenas caracter\u00edsticas de aceptaci\u00f3n de soldadura. Las propiedades mec\u00e1nicas se consideran excelentes. Normalmente esta aleaci\u00f3n se utiliza en moldeado por fundici\u00f3n de partes de aeronaves, gabinetes de bombas, impulsores, sopladores de alta velocidad y fundici\u00f3n estructural donde sea necesaria una alta fortaleza. El hecho de que la A356 presente buenas propiedades de fundici\u00f3n la convierte en una elecci\u00f3n l\u00f3gica para fundiciones complejas e intrincadas, en donde sean necesarias excelentes propiedades mec\u00e1nicas, estanqueidad ante la presi\u00f3n y peso liviano.<\/p>\n","protected":false},"excerpt":{"rendered":"<p>La A356 presenta muy buenas caracter\u00edsticas para maquinado y moldeado por fundici\u00f3n. Su resistencia a la corrosi\u00f3n es excelente y presenta buenas caracter\u00edsticas de aceptaci\u00f3n de soldadura. Las propiedades mec\u00e1nicas se consideran excelentes. Normalmente esta aleaci\u00f3n se utiliza en moldeado por fundici\u00f3n de partes de aeronaves, gabinetes de bombas, impulsores, sopladores de alta velocidad y fundici\u00f3n estructural donde sea necesaria una alta fortaleza. El hecho de que la A356 presente buenas propiedades de fundici\u00f3n la convierte en una elecci\u00f3n l\u00f3gica para fundiciones complejas e intrincadas, en donde sean necesarias excelentes propiedades mec\u00e1nicas, estanqueidad ante la presi\u00f3n y peso liviano.<\/p>\n","protected":false},"featured_media":2670,"template":"","meta":{"_acf_changed":false},"product_brand":[],"product_tag":[],"woo-feed-brand":[],"class_list":{"0":"post-3322","1":"product","2":"type-product","3":"status-publish","4":"has-post-thumbnail","6":"product_cat-aleaciones-de-aluminio","7":"product_cat-metales-blancos","8":"pa_forms-lingote-piezas-de-corte-aserrado","9":"pa_nominal-composition-92-6-al-7-si-0-4-mg","11":"first","12":"instock","13":"taxable","14":"shipping-taxable","15":"purchasable","16":"product-type-variable"},"group_of_quantity":0,"min_quantity":0,"max_quantity":"","exclude_order_quantity_value_rules":"no","exclude_category_quantity_rules":"no","combine_variations":"no","acf":[],"yoast_head":"<!-- This site is optimized with the Yoast SEO plugin v27.3 - https:\/\/yoast.com\/product\/yoast-seo-wordpress\/ -->\n<title>A356.2 Aleaci\u00f3n de Aluminio - Belmont Metals<\/title>\n<meta name=\"robots\" content=\"index, follow, max-snippet:-1, max-image-preview:large, max-video-preview:-1\" \/>\n<link rel=\"canonical\" href=\"https:\/\/www.belmontmetals.com\/es\/producto\/a356-2-aleacion-de-aluminio\/\" \/>\n<meta property=\"og:locale\" content=\"es_ES\" \/>\n<meta property=\"og:type\" content=\"article\" \/>\n<meta property=\"og:title\" content=\"A356.2 Aleaci\u00f3n de Aluminio - Belmont Metals\" \/>\n<meta property=\"og:description\" content=\"La A356 presenta muy buenas caracter\u00edsticas para maquinado y moldeado por fundici\u00f3n. Su resistencia a la corrosi\u00f3n es excelente y presenta buenas caracter\u00edsticas de aceptaci\u00f3n de soldadura. Las propiedades mec\u00e1nicas se consideran excelentes. Normalmente esta aleaci\u00f3n se utiliza en moldeado por fundici\u00f3n de partes de aeronaves, gabinetes de bombas, impulsores, sopladores de alta velocidad y fundici\u00f3n estructural donde sea necesaria una alta fortaleza. El hecho de que la A356 presente buenas propiedades de fundici\u00f3n la convierte en una elecci\u00f3n l\u00f3gica para fundiciones complejas e intrincadas, en donde sean necesarias excelentes propiedades mec\u00e1nicas, estanqueidad ante la presi\u00f3n y peso liviano.\" \/>\n<meta property=\"og:url\" content=\"https:\/\/www.belmontmetals.com\/es\/producto\/a356-2-aleacion-de-aluminio\/\" \/>\n<meta property=\"og:site_name\" content=\"Belmont Metals\" \/>\n<meta property=\"article:publisher\" content=\"https:\/\/www.facebook.com\/BelmontMetals\/\" \/>\n<meta property=\"article:modified_time\" content=\"2020-03-25T20:23:47+00:00\" \/>\n<meta property=\"og:image\" content=\"https:\/\/www.belmontmetals.com\/wp-content\/uploads\/2017\/10\/3-16-Ingot.jpg\" \/>\n\t<meta property=\"og:image:width\" content=\"375\" \/>\n\t<meta property=\"og:image:height\" content=\"375\" \/>\n\t<meta property=\"og:image:type\" content=\"image\/jpeg\" \/>\n<meta name=\"twitter:card\" content=\"summary_large_image\" \/>\n<meta name=\"twitter:site\" content=\"@BelmontMetals\" \/>\n<meta name=\"twitter:label1\" content=\"Tiempo de lectura\" \/>\n\t<meta name=\"twitter:data1\" content=\"1 minuto\" \/>\n<script type=\"application\/ld+json\" class=\"yoast-schema-graph\">{\"@context\":\"https:\\\/\\\/schema.org\",\"@graph\":[{\"@type\":\"WebPage\",\"@id\":\"https:\\\/\\\/www.belmontmetals.com\\\/es\\\/producto\\\/a356-2-aleacion-de-aluminio\\\/\",\"url\":\"https:\\\/\\\/www.belmontmetals.com\\\/es\\\/producto\\\/a356-2-aleacion-de-aluminio\\\/\",\"name\":\"A356.2 Aleaci\u00f3n de Aluminio - Belmont Metals\",\"isPartOf\":{\"@id\":\"https:\\\/\\\/www.belmontmetals.com\\\/#website\"},\"primaryImageOfPage\":{\"@id\":\"https:\\\/\\\/www.belmontmetals.com\\\/es\\\/producto\\\/a356-2-aleacion-de-aluminio\\\/#primaryimage\"},\"image\":{\"@id\":\"https:\\\/\\\/www.belmontmetals.com\\\/es\\\/producto\\\/a356-2-aleacion-de-aluminio\\\/#primaryimage\"},\"thumbnailUrl\":\"https:\\\/\\\/www.belmontmetals.com\\\/wp-content\\\/uploads\\\/2017\\\/10\\\/3-16-Ingot.jpg\",\"datePublished\":\"2017-09-06T15:26:00+00:00\",\"dateModified\":\"2020-03-25T20:23:47+00:00\",\"breadcrumb\":{\"@id\":\"https:\\\/\\\/www.belmontmetals.com\\\/es\\\/producto\\\/a356-2-aleacion-de-aluminio\\\/#breadcrumb\"},\"inLanguage\":\"es\",\"potentialAction\":[{\"@type\":\"ReadAction\",\"target\":[\"https:\\\/\\\/www.belmontmetals.com\\\/es\\\/producto\\\/a356-2-aleacion-de-aluminio\\\/\"]}]},{\"@type\":\"ImageObject\",\"inLanguage\":\"es\",\"@id\":\"https:\\\/\\\/www.belmontmetals.com\\\/es\\\/producto\\\/a356-2-aleacion-de-aluminio\\\/#primaryimage\",\"url\":\"https:\\\/\\\/www.belmontmetals.com\\\/wp-content\\\/uploads\\\/2017\\\/10\\\/3-16-Ingot.jpg\",\"contentUrl\":\"https:\\\/\\\/www.belmontmetals.com\\\/wp-content\\\/uploads\\\/2017\\\/10\\\/3-16-Ingot.jpg\",\"width\":375,\"height\":375},{\"@type\":\"BreadcrumbList\",\"@id\":\"https:\\\/\\\/www.belmontmetals.com\\\/es\\\/producto\\\/a356-2-aleacion-de-aluminio\\\/#breadcrumb\",\"itemListElement\":[{\"@type\":\"ListItem\",\"position\":1,\"name\":\"Home\",\"item\":\"https:\\\/\\\/www.belmontmetals.com\\\/es\\\/\"},{\"@type\":\"ListItem\",\"position\":2,\"name\":\"Store\",\"item\":\"https:\\\/\\\/www.belmontmetals.com\\\/store\\\/\"},{\"@type\":\"ListItem\",\"position\":3,\"name\":\"A356.2 Aleaci\u00f3n de Aluminio\"}]},{\"@type\":\"WebSite\",\"@id\":\"https:\\\/\\\/www.belmontmetals.com\\\/#website\",\"url\":\"https:\\\/\\\/www.belmontmetals.com\\\/\",\"name\":\"Belmont Metals\",\"description\":\"\",\"potentialAction\":[{\"@type\":\"SearchAction\",\"target\":{\"@type\":\"EntryPoint\",\"urlTemplate\":\"https:\\\/\\\/www.belmontmetals.com\\\/?s={search_term_string}\"},\"query-input\":{\"@type\":\"PropertyValueSpecification\",\"valueRequired\":true,\"valueName\":\"search_term_string\"}}],\"inLanguage\":\"es\"}]}<\/script>\n<!-- \/ Yoast SEO plugin. -->","yoast_head_json":{"title":"A356.2 Aleaci\u00f3n de Aluminio - Belmont Metals","robots":{"index":"index","follow":"follow","max-snippet":"max-snippet:-1","max-image-preview":"max-image-preview:large","max-video-preview":"max-video-preview:-1"},"canonical":"https:\/\/www.belmontmetals.com\/es\/producto\/a356-2-aleacion-de-aluminio\/","og_locale":"es_ES","og_type":"article","og_title":"A356.2 Aleaci\u00f3n de Aluminio - Belmont Metals","og_description":"La A356 presenta muy buenas caracter\u00edsticas para maquinado y moldeado por fundici\u00f3n. Su resistencia a la corrosi\u00f3n es excelente y presenta buenas caracter\u00edsticas de aceptaci\u00f3n de soldadura. Las propiedades mec\u00e1nicas se consideran excelentes. Normalmente esta aleaci\u00f3n se utiliza en moldeado por fundici\u00f3n de partes de aeronaves, gabinetes de bombas, impulsores, sopladores de alta velocidad y fundici\u00f3n estructural donde sea necesaria una alta fortaleza. El hecho de que la A356 presente buenas propiedades de fundici\u00f3n la convierte en una elecci\u00f3n l\u00f3gica para fundiciones complejas e intrincadas, en donde sean necesarias excelentes propiedades mec\u00e1nicas, estanqueidad ante la presi\u00f3n y peso liviano.","og_url":"https:\/\/www.belmontmetals.com\/es\/producto\/a356-2-aleacion-de-aluminio\/","og_site_name":"Belmont Metals","article_publisher":"https:\/\/www.facebook.com\/BelmontMetals\/","article_modified_time":"2020-03-25T20:23:47+00:00","og_image":[{"width":375,"height":375,"url":"https:\/\/www.belmontmetals.com\/wp-content\/uploads\/2017\/10\/3-16-Ingot.jpg","type":"image\/jpeg"}],"twitter_card":"summary_large_image","twitter_site":"@BelmontMetals","twitter_misc":{"Tiempo de lectura":"1 minuto"},"schema":{"@context":"https:\/\/schema.org","@graph":[{"@type":"WebPage","@id":"https:\/\/www.belmontmetals.com\/es\/producto\/a356-2-aleacion-de-aluminio\/","url":"https:\/\/www.belmontmetals.com\/es\/producto\/a356-2-aleacion-de-aluminio\/","name":"A356.2 Aleaci\u00f3n de Aluminio - Belmont Metals","isPartOf":{"@id":"https:\/\/www.belmontmetals.com\/#website"},"primaryImageOfPage":{"@id":"https:\/\/www.belmontmetals.com\/es\/producto\/a356-2-aleacion-de-aluminio\/#primaryimage"},"image":{"@id":"https:\/\/www.belmontmetals.com\/es\/producto\/a356-2-aleacion-de-aluminio\/#primaryimage"},"thumbnailUrl":"https:\/\/www.belmontmetals.com\/wp-content\/uploads\/2017\/10\/3-16-Ingot.jpg","datePublished":"2017-09-06T15:26:00+00:00","dateModified":"2020-03-25T20:23:47+00:00","breadcrumb":{"@id":"https:\/\/www.belmontmetals.com\/es\/producto\/a356-2-aleacion-de-aluminio\/#breadcrumb"},"inLanguage":"es","potentialAction":[{"@type":"ReadAction","target":["https:\/\/www.belmontmetals.com\/es\/producto\/a356-2-aleacion-de-aluminio\/"]}]},{"@type":"ImageObject","inLanguage":"es","@id":"https:\/\/www.belmontmetals.com\/es\/producto\/a356-2-aleacion-de-aluminio\/#primaryimage","url":"https:\/\/www.belmontmetals.com\/wp-content\/uploads\/2017\/10\/3-16-Ingot.jpg","contentUrl":"https:\/\/www.belmontmetals.com\/wp-content\/uploads\/2017\/10\/3-16-Ingot.jpg","width":375,"height":375},{"@type":"BreadcrumbList","@id":"https:\/\/www.belmontmetals.com\/es\/producto\/a356-2-aleacion-de-aluminio\/#breadcrumb","itemListElement":[{"@type":"ListItem","position":1,"name":"Home","item":"https:\/\/www.belmontmetals.com\/es\/"},{"@type":"ListItem","position":2,"name":"Store","item":"https:\/\/www.belmontmetals.com\/store\/"},{"@type":"ListItem","position":3,"name":"A356.2 Aleaci\u00f3n de Aluminio"}]},{"@type":"WebSite","@id":"https:\/\/www.belmontmetals.com\/#website","url":"https:\/\/www.belmontmetals.com\/","name":"Belmont Metals","description":"","potentialAction":[{"@type":"SearchAction","target":{"@type":"EntryPoint","urlTemplate":"https:\/\/www.belmontmetals.com\/?s={search_term_string}"},"query-input":{"@type":"PropertyValueSpecification","valueRequired":true,"valueName":"search_term_string"}}],"inLanguage":"es"}]}},"_links":{"self":[{"href":"https:\/\/www.belmontmetals.com\/es\/wp-json\/wp\/v2\/product\/3322","targetHints":{"allow":["GET"]}}],"collection":[{"href":"https:\/\/www.belmontmetals.com\/es\/wp-json\/wp\/v2\/product"}],"about":[{"href":"https:\/\/www.belmontmetals.com\/es\/wp-json\/wp\/v2\/types\/product"}],"wp:featuredmedia":[{"embeddable":true,"href":"https:\/\/www.belmontmetals.com\/es\/wp-json\/wp\/v2\/media\/2670"}],"wp:attachment":[{"href":"https:\/\/www.belmontmetals.com\/es\/wp-json\/wp\/v2\/media?parent=3322"}],"wp:term":[{"taxonomy":"product_brand","embeddable":true,"href":"https:\/\/www.belmontmetals.com\/es\/wp-json\/wp\/v2\/product_brand?post=3322"},{"taxonomy":"product_tag","embeddable":true,"href":"https:\/\/www.belmontmetals.com\/es\/wp-json\/wp\/v2\/product_tag?post=3322"},{"taxonomy":"woo-feed-brand","embeddable":true,"href":"https:\/\/www.belmontmetals.com\/es\/wp-json\/wp\/v2\/woo-feed-brand?post=3322"}],"curies":[{"name":"wp","href":"https:\/\/api.w.org\/{rel}","templated":true}]}}