{"id":3278,"date":"2017-09-06T15:49:03","date_gmt":"2017-09-06T15:49:03","guid":{"rendered":"http:\/\/www.belmontmetals.com\/product\/325-granular-copper\/"},"modified":"2017-11-29T16:56:18","modified_gmt":"2017-11-29T16:56:18","slug":"granulado-de-cobre-325","status":"publish","type":"product","link":"https:\/\/www.belmontmetals.com\/es\/producto\/granulado-de-cobre-325\/","title":{"rendered":"Granulado de Cobre Nro. 325"},"content":{"rendered":"<p>Nuestro polvo de cobre de granulado malla 325 es un material de alta pureza con un tama\u00f1o de part\u00edculas muy controlado, lo que permite un desempe\u00f1o confiable. Las aplicaciones para este material incluyen revestimientos por rociado t\u00e9rmico, fabricaci\u00f3n de diamantes sint\u00e9ticos industriales, intercambiadores de calor y control de radiaci\u00f3n y rayos X.<\/p>\n","protected":false},"excerpt":{"rendered":"<p>Nuestro polvo de cobre de granulado malla 325 es un material de alta pureza con un tama\u00f1o de part\u00edculas muy controlado, lo que permite un desempe\u00f1o confiable. Las aplicaciones para este material incluyen revestimientos por rociado t\u00e9rmico, fabricaci\u00f3n de diamantes sint\u00e9ticos industriales, intercambiadores de calor y control de radiaci\u00f3n y rayos X.<\/p>\n","protected":false},"featured_media":2808,"template":"","meta":{"_acf_changed":false},"product_brand":[],"product_tag":[],"woo-feed-brand":[],"class_list":{"0":"post-3278","1":"product","2":"type-product","3":"status-publish","4":"has-post-thumbnail","6":"product_cat-cobre","7":"product_cat-metales-en-polvo","8":"pa_forms-polvo-malla-325","10":"first","11":"instock","12":"taxable","13":"shipping-taxable","14":"purchasable","15":"product-type-variable"},"group_of_quantity":0,"min_quantity":0,"max_quantity":"","exclude_order_quantity_value_rules":"no","exclude_category_quantity_rules":"no","combine_variations":"no","acf":[],"yoast_head":"<!-- This site is optimized with the Yoast SEO plugin v27.5 - https:\/\/yoast.com\/product\/yoast-seo-wordpress\/ -->\n<title>Granulado de Cobre Nro. 325 - Belmont Metals<\/title>\n<meta name=\"robots\" content=\"index, follow, max-snippet:-1, max-image-preview:large, max-video-preview:-1\" \/>\n<link rel=\"canonical\" href=\"https:\/\/www.belmontmetals.com\/es\/producto\/granulado-de-cobre-325\/\" \/>\n<meta property=\"og:locale\" content=\"es_ES\" \/>\n<meta property=\"og:type\" content=\"article\" \/>\n<meta property=\"og:title\" content=\"Granulado de Cobre Nro. 325 - Belmont Metals\" \/>\n<meta property=\"og:description\" content=\"Nuestro polvo de cobre de granulado malla 325 es un material de alta pureza con un tama\u00f1o de part\u00edculas muy controlado, lo que permite un desempe\u00f1o confiable. Las aplicaciones para este material incluyen revestimientos por rociado t\u00e9rmico, fabricaci\u00f3n de diamantes sint\u00e9ticos industriales, intercambiadores de calor y control de radiaci\u00f3n y rayos X.\" \/>\n<meta property=\"og:url\" content=\"https:\/\/www.belmontmetals.com\/es\/producto\/granulado-de-cobre-325\/\" \/>\n<meta property=\"og:site_name\" content=\"Belmont Metals\" \/>\n<meta property=\"article:publisher\" content=\"https:\/\/www.facebook.com\/BelmontMetals\/\" \/>\n<meta property=\"article:modified_time\" content=\"2017-11-29T16:56:18+00:00\" \/>\n<meta property=\"og:image\" content=\"https:\/\/www.belmontmetals.com\/wp-content\/uploads\/2017\/09\/4307A-Copper-Powder.jpg\" \/>\n\t<meta property=\"og:image:width\" content=\"375\" \/>\n\t<meta property=\"og:image:height\" content=\"375\" \/>\n\t<meta property=\"og:image:type\" content=\"image\/jpeg\" \/>\n<meta name=\"twitter:card\" content=\"summary_large_image\" \/>\n<meta name=\"twitter:site\" content=\"@BelmontMetals\" \/>\n<script type=\"application\/ld+json\" class=\"yoast-schema-graph\">{\"@context\":\"https:\\\/\\\/schema.org\",\"@graph\":[{\"@type\":\"WebPage\",\"@id\":\"https:\\\/\\\/www.belmontmetals.com\\\/es\\\/producto\\\/granulado-de-cobre-325\\\/\",\"url\":\"https:\\\/\\\/www.belmontmetals.com\\\/es\\\/producto\\\/granulado-de-cobre-325\\\/\",\"name\":\"Granulado de Cobre Nro. 325 - Belmont Metals\",\"isPartOf\":{\"@id\":\"https:\\\/\\\/www.belmontmetals.com\\\/#website\"},\"primaryImageOfPage\":{\"@id\":\"https:\\\/\\\/www.belmontmetals.com\\\/es\\\/producto\\\/granulado-de-cobre-325\\\/#primaryimage\"},\"image\":{\"@id\":\"https:\\\/\\\/www.belmontmetals.com\\\/es\\\/producto\\\/granulado-de-cobre-325\\\/#primaryimage\"},\"thumbnailUrl\":\"https:\\\/\\\/www.belmontmetals.com\\\/wp-content\\\/uploads\\\/2017\\\/09\\\/4307A-Copper-Powder.jpg\",\"datePublished\":\"2017-09-06T15:49:03+00:00\",\"dateModified\":\"2017-11-29T16:56:18+00:00\",\"breadcrumb\":{\"@id\":\"https:\\\/\\\/www.belmontmetals.com\\\/es\\\/producto\\\/granulado-de-cobre-325\\\/#breadcrumb\"},\"inLanguage\":\"es\",\"potentialAction\":[{\"@type\":\"ReadAction\",\"target\":[\"https:\\\/\\\/www.belmontmetals.com\\\/es\\\/producto\\\/granulado-de-cobre-325\\\/\"]}]},{\"@type\":\"ImageObject\",\"inLanguage\":\"es\",\"@id\":\"https:\\\/\\\/www.belmontmetals.com\\\/es\\\/producto\\\/granulado-de-cobre-325\\\/#primaryimage\",\"url\":\"https:\\\/\\\/www.belmontmetals.com\\\/wp-content\\\/uploads\\\/2017\\\/09\\\/4307A-Copper-Powder.jpg\",\"contentUrl\":\"https:\\\/\\\/www.belmontmetals.com\\\/wp-content\\\/uploads\\\/2017\\\/09\\\/4307A-Copper-Powder.jpg\",\"width\":375,\"height\":375},{\"@type\":\"BreadcrumbList\",\"@id\":\"https:\\\/\\\/www.belmontmetals.com\\\/es\\\/producto\\\/granulado-de-cobre-325\\\/#breadcrumb\",\"itemListElement\":[{\"@type\":\"ListItem\",\"position\":1,\"name\":\"Home\",\"item\":\"https:\\\/\\\/www.belmontmetals.com\\\/es\\\/\"},{\"@type\":\"ListItem\",\"position\":2,\"name\":\"Store\",\"item\":\"https:\\\/\\\/www.belmontmetals.com\\\/store\\\/\"},{\"@type\":\"ListItem\",\"position\":3,\"name\":\"Granulado de Cobre Nro. 325\"}]},{\"@type\":\"WebSite\",\"@id\":\"https:\\\/\\\/www.belmontmetals.com\\\/#website\",\"url\":\"https:\\\/\\\/www.belmontmetals.com\\\/\",\"name\":\"Belmont Metals\",\"description\":\"\",\"potentialAction\":[{\"@type\":\"SearchAction\",\"target\":{\"@type\":\"EntryPoint\",\"urlTemplate\":\"https:\\\/\\\/www.belmontmetals.com\\\/?s={search_term_string}\"},\"query-input\":{\"@type\":\"PropertyValueSpecification\",\"valueRequired\":true,\"valueName\":\"search_term_string\"}}],\"inLanguage\":\"es\"}]}<\/script>\n<!-- \/ Yoast SEO plugin. -->","yoast_head_json":{"title":"Granulado de Cobre Nro. 325 - Belmont Metals","robots":{"index":"index","follow":"follow","max-snippet":"max-snippet:-1","max-image-preview":"max-image-preview:large","max-video-preview":"max-video-preview:-1"},"canonical":"https:\/\/www.belmontmetals.com\/es\/producto\/granulado-de-cobre-325\/","og_locale":"es_ES","og_type":"article","og_title":"Granulado de Cobre Nro. 325 - Belmont Metals","og_description":"Nuestro polvo de cobre de granulado malla 325 es un material de alta pureza con un tama\u00f1o de part\u00edculas muy controlado, lo que permite un desempe\u00f1o confiable. Las aplicaciones para este material incluyen revestimientos por rociado t\u00e9rmico, fabricaci\u00f3n de diamantes sint\u00e9ticos industriales, intercambiadores de calor y control de radiaci\u00f3n y rayos X.","og_url":"https:\/\/www.belmontmetals.com\/es\/producto\/granulado-de-cobre-325\/","og_site_name":"Belmont Metals","article_publisher":"https:\/\/www.facebook.com\/BelmontMetals\/","article_modified_time":"2017-11-29T16:56:18+00:00","og_image":[{"width":375,"height":375,"url":"https:\/\/www.belmontmetals.com\/wp-content\/uploads\/2017\/09\/4307A-Copper-Powder.jpg","type":"image\/jpeg"}],"twitter_card":"summary_large_image","twitter_site":"@BelmontMetals","schema":{"@context":"https:\/\/schema.org","@graph":[{"@type":"WebPage","@id":"https:\/\/www.belmontmetals.com\/es\/producto\/granulado-de-cobre-325\/","url":"https:\/\/www.belmontmetals.com\/es\/producto\/granulado-de-cobre-325\/","name":"Granulado de Cobre Nro. 325 - Belmont Metals","isPartOf":{"@id":"https:\/\/www.belmontmetals.com\/#website"},"primaryImageOfPage":{"@id":"https:\/\/www.belmontmetals.com\/es\/producto\/granulado-de-cobre-325\/#primaryimage"},"image":{"@id":"https:\/\/www.belmontmetals.com\/es\/producto\/granulado-de-cobre-325\/#primaryimage"},"thumbnailUrl":"https:\/\/www.belmontmetals.com\/wp-content\/uploads\/2017\/09\/4307A-Copper-Powder.jpg","datePublished":"2017-09-06T15:49:03+00:00","dateModified":"2017-11-29T16:56:18+00:00","breadcrumb":{"@id":"https:\/\/www.belmontmetals.com\/es\/producto\/granulado-de-cobre-325\/#breadcrumb"},"inLanguage":"es","potentialAction":[{"@type":"ReadAction","target":["https:\/\/www.belmontmetals.com\/es\/producto\/granulado-de-cobre-325\/"]}]},{"@type":"ImageObject","inLanguage":"es","@id":"https:\/\/www.belmontmetals.com\/es\/producto\/granulado-de-cobre-325\/#primaryimage","url":"https:\/\/www.belmontmetals.com\/wp-content\/uploads\/2017\/09\/4307A-Copper-Powder.jpg","contentUrl":"https:\/\/www.belmontmetals.com\/wp-content\/uploads\/2017\/09\/4307A-Copper-Powder.jpg","width":375,"height":375},{"@type":"BreadcrumbList","@id":"https:\/\/www.belmontmetals.com\/es\/producto\/granulado-de-cobre-325\/#breadcrumb","itemListElement":[{"@type":"ListItem","position":1,"name":"Home","item":"https:\/\/www.belmontmetals.com\/es\/"},{"@type":"ListItem","position":2,"name":"Store","item":"https:\/\/www.belmontmetals.com\/store\/"},{"@type":"ListItem","position":3,"name":"Granulado de Cobre Nro. 325"}]},{"@type":"WebSite","@id":"https:\/\/www.belmontmetals.com\/#website","url":"https:\/\/www.belmontmetals.com\/","name":"Belmont Metals","description":"","potentialAction":[{"@type":"SearchAction","target":{"@type":"EntryPoint","urlTemplate":"https:\/\/www.belmontmetals.com\/?s={search_term_string}"},"query-input":{"@type":"PropertyValueSpecification","valueRequired":true,"valueName":"search_term_string"}}],"inLanguage":"es"}]}},"_links":{"self":[{"href":"https:\/\/www.belmontmetals.com\/es\/wp-json\/wp\/v2\/product\/3278","targetHints":{"allow":["GET"]}}],"collection":[{"href":"https:\/\/www.belmontmetals.com\/es\/wp-json\/wp\/v2\/product"}],"about":[{"href":"https:\/\/www.belmontmetals.com\/es\/wp-json\/wp\/v2\/types\/product"}],"wp:featuredmedia":[{"embeddable":true,"href":"https:\/\/www.belmontmetals.com\/es\/wp-json\/wp\/v2\/media\/2808"}],"wp:attachment":[{"href":"https:\/\/www.belmontmetals.com\/es\/wp-json\/wp\/v2\/media?parent=3278"}],"wp:term":[{"taxonomy":"product_brand","embeddable":true,"href":"https:\/\/www.belmontmetals.com\/es\/wp-json\/wp\/v2\/product_brand?post=3278"},{"taxonomy":"product_tag","embeddable":true,"href":"https:\/\/www.belmontmetals.com\/es\/wp-json\/wp\/v2\/product_tag?post=3278"},{"taxonomy":"woo-feed-brand","embeddable":true,"href":"https:\/\/www.belmontmetals.com\/es\/wp-json\/wp\/v2\/woo-feed-brand?post=3278"}],"curies":[{"name":"wp","href":"https:\/\/api.w.org\/{rel}","templated":true}]}}