{"id":3270,"date":"2017-09-06T15:49:03","date_gmt":"2017-09-06T15:49:03","guid":{"rendered":"http:\/\/www.belmontmetals.com\/product\/99-9-nickel-powder\/"},"modified":"2017-11-29T16:52:34","modified_gmt":"2017-11-29T16:52:34","slug":"polvo-de-niquel-99-9","status":"publish","type":"product","link":"https:\/\/www.belmontmetals.com\/es\/producto\/polvo-de-niquel-99-9\/","title":{"rendered":"Polvo de N\u00edquel al 99,9%"},"content":{"rendered":"<p>Es un polvo de metal negro y lustroso, de naturaleza dura y d\u00factil. Los polvos ultrafino y nan\u00f3metro han atra\u00eddo mucha de la atenci\u00f3n en las \u00faltimas d\u00e9cadas debido a sus propiedades espec\u00edficas, entre las que se encuentran el magnetismo, la resistencia t\u00e9rmica, la actividad qu\u00edmica, una alta \u00e1rea de volumen de superficie, una mejor reactividad, una dureza mejorada, condiciones de semiconductor y una alta actividad qu\u00edmica, con una amplia gama de aplicaciones, entre las que se incluyen las bater\u00edas, aleaciones duras, catalizador, electricidad, etc\u00e9tera. El n\u00edquel puro tambi\u00e9n se utiliza ampliamente en los sistemas de acu\u00f1aci\u00f3n de monedas de todo el mundo y en los dispositivos de ultrasonido y de sonar.<\/p>\n","protected":false},"excerpt":{"rendered":"<p>Es un polvo de metal negro y lustroso, de naturaleza dura y d\u00factil. Los polvos ultrafino y nan\u00f3metro han atra\u00eddo mucha de la atenci\u00f3n en las \u00faltimas d\u00e9cadas debido a sus propiedades espec\u00edficas, entre las que se encuentran el magnetismo, la resistencia t\u00e9rmica, la actividad qu\u00edmica, una alta \u00e1rea de volumen de superficie, una mejor reactividad, una dureza mejorada, condiciones de semiconductor y una alta actividad qu\u00edmica, con una amplia gama de aplicaciones, entre las que se incluyen las bater\u00edas, aleaciones duras, catalizador, electricidad, etc\u00e9tera. El n\u00edquel puro tambi\u00e9n se utiliza ampliamente en los sistemas de acu\u00f1aci\u00f3n de monedas de todo el mundo y en los dispositivos de ultrasonido y de sonar.<\/p>\n","protected":false},"featured_media":2797,"template":"","meta":{"_acf_changed":false},"product_brand":[],"product_tag":[],"woo-feed-brand":[],"class_list":{"0":"post-3270","1":"product","2":"type-product","3":"status-publish","4":"has-post-thumbnail","6":"product_cat-metales-en-polvo","7":"product_cat-niquel","8":"pa_forms-polvo-malla-100-325","10":"first","11":"instock","12":"taxable","13":"shipping-taxable","14":"product-type-simple"},"group_of_quantity":0,"min_quantity":0,"max_quantity":"","exclude_order_quantity_value_rules":"no","exclude_category_quantity_rules":"no","combine_variations":"no","acf":[],"yoast_head":"<!-- This site is optimized with the Yoast SEO plugin v27.5 - https:\/\/yoast.com\/product\/yoast-seo-wordpress\/ -->\n<title>Polvo de N\u00edquel al 99,9% - Belmont Metals<\/title>\n<meta name=\"robots\" content=\"index, follow, max-snippet:-1, max-image-preview:large, max-video-preview:-1\" \/>\n<link rel=\"canonical\" href=\"https:\/\/www.belmontmetals.com\/es\/producto\/polvo-de-niquel-99-9\/\" \/>\n<meta property=\"og:locale\" content=\"es_ES\" \/>\n<meta property=\"og:type\" content=\"article\" \/>\n<meta property=\"og:title\" content=\"Polvo de N\u00edquel al 99,9% - Belmont Metals\" \/>\n<meta property=\"og:description\" content=\"Es un polvo de metal negro y lustroso, de naturaleza dura y d\u00factil. Los polvos ultrafino y nan\u00f3metro han atra\u00eddo mucha de la atenci\u00f3n en las \u00faltimas d\u00e9cadas debido a sus propiedades espec\u00edficas, entre las que se encuentran el magnetismo, la resistencia t\u00e9rmica, la actividad qu\u00edmica, una alta \u00e1rea de volumen de superficie, una mejor reactividad, una dureza mejorada, condiciones de semiconductor y una alta actividad qu\u00edmica, con una amplia gama de aplicaciones, entre las que se incluyen las bater\u00edas, aleaciones duras, catalizador, electricidad, etc\u00e9tera. El n\u00edquel puro tambi\u00e9n se utiliza ampliamente en los sistemas de acu\u00f1aci\u00f3n de monedas de todo el mundo y en los dispositivos de ultrasonido y de sonar.\" \/>\n<meta property=\"og:url\" content=\"https:\/\/www.belmontmetals.com\/es\/producto\/polvo-de-niquel-99-9\/\" \/>\n<meta property=\"og:site_name\" content=\"Belmont Metals\" \/>\n<meta property=\"article:publisher\" content=\"https:\/\/www.facebook.com\/BelmontMetals\/\" \/>\n<meta property=\"article:modified_time\" content=\"2017-11-29T16:52:34+00:00\" \/>\n<meta property=\"og:image\" content=\"https:\/\/www.belmontmetals.com\/wp-content\/uploads\/2017\/09\/8024A-High-Grade-Zinc-4.jpg\" \/>\n\t<meta property=\"og:image:width\" content=\"375\" \/>\n\t<meta property=\"og:image:height\" content=\"375\" \/>\n\t<meta property=\"og:image:type\" content=\"image\/jpeg\" \/>\n<meta name=\"twitter:card\" content=\"summary_large_image\" \/>\n<meta name=\"twitter:site\" content=\"@BelmontMetals\" \/>\n<meta name=\"twitter:label1\" content=\"Tiempo de lectura\" \/>\n\t<meta name=\"twitter:data1\" content=\"1 minuto\" \/>\n<script type=\"application\/ld+json\" class=\"yoast-schema-graph\">{\"@context\":\"https:\\\/\\\/schema.org\",\"@graph\":[{\"@type\":\"WebPage\",\"@id\":\"https:\\\/\\\/www.belmontmetals.com\\\/es\\\/producto\\\/polvo-de-niquel-99-9\\\/\",\"url\":\"https:\\\/\\\/www.belmontmetals.com\\\/es\\\/producto\\\/polvo-de-niquel-99-9\\\/\",\"name\":\"Polvo de N\u00edquel al 99,9% - Belmont Metals\",\"isPartOf\":{\"@id\":\"https:\\\/\\\/www.belmontmetals.com\\\/#website\"},\"primaryImageOfPage\":{\"@id\":\"https:\\\/\\\/www.belmontmetals.com\\\/es\\\/producto\\\/polvo-de-niquel-99-9\\\/#primaryimage\"},\"image\":{\"@id\":\"https:\\\/\\\/www.belmontmetals.com\\\/es\\\/producto\\\/polvo-de-niquel-99-9\\\/#primaryimage\"},\"thumbnailUrl\":\"https:\\\/\\\/www.belmontmetals.com\\\/wp-content\\\/uploads\\\/2017\\\/09\\\/8024A-High-Grade-Zinc-4.jpg\",\"datePublished\":\"2017-09-06T15:49:03+00:00\",\"dateModified\":\"2017-11-29T16:52:34+00:00\",\"breadcrumb\":{\"@id\":\"https:\\\/\\\/www.belmontmetals.com\\\/es\\\/producto\\\/polvo-de-niquel-99-9\\\/#breadcrumb\"},\"inLanguage\":\"es\",\"potentialAction\":[{\"@type\":\"ReadAction\",\"target\":[\"https:\\\/\\\/www.belmontmetals.com\\\/es\\\/producto\\\/polvo-de-niquel-99-9\\\/\"]}]},{\"@type\":\"ImageObject\",\"inLanguage\":\"es\",\"@id\":\"https:\\\/\\\/www.belmontmetals.com\\\/es\\\/producto\\\/polvo-de-niquel-99-9\\\/#primaryimage\",\"url\":\"https:\\\/\\\/www.belmontmetals.com\\\/wp-content\\\/uploads\\\/2017\\\/09\\\/8024A-High-Grade-Zinc-4.jpg\",\"contentUrl\":\"https:\\\/\\\/www.belmontmetals.com\\\/wp-content\\\/uploads\\\/2017\\\/09\\\/8024A-High-Grade-Zinc-4.jpg\",\"width\":375,\"height\":375},{\"@type\":\"BreadcrumbList\",\"@id\":\"https:\\\/\\\/www.belmontmetals.com\\\/es\\\/producto\\\/polvo-de-niquel-99-9\\\/#breadcrumb\",\"itemListElement\":[{\"@type\":\"ListItem\",\"position\":1,\"name\":\"Home\",\"item\":\"https:\\\/\\\/www.belmontmetals.com\\\/es\\\/\"},{\"@type\":\"ListItem\",\"position\":2,\"name\":\"Store\",\"item\":\"https:\\\/\\\/www.belmontmetals.com\\\/store\\\/\"},{\"@type\":\"ListItem\",\"position\":3,\"name\":\"Polvo de N\u00edquel al 99,9%\"}]},{\"@type\":\"WebSite\",\"@id\":\"https:\\\/\\\/www.belmontmetals.com\\\/#website\",\"url\":\"https:\\\/\\\/www.belmontmetals.com\\\/\",\"name\":\"Belmont Metals\",\"description\":\"\",\"potentialAction\":[{\"@type\":\"SearchAction\",\"target\":{\"@type\":\"EntryPoint\",\"urlTemplate\":\"https:\\\/\\\/www.belmontmetals.com\\\/?s={search_term_string}\"},\"query-input\":{\"@type\":\"PropertyValueSpecification\",\"valueRequired\":true,\"valueName\":\"search_term_string\"}}],\"inLanguage\":\"es\"}]}<\/script>\n<!-- \/ Yoast SEO plugin. -->","yoast_head_json":{"title":"Polvo de N\u00edquel al 99,9% - Belmont Metals","robots":{"index":"index","follow":"follow","max-snippet":"max-snippet:-1","max-image-preview":"max-image-preview:large","max-video-preview":"max-video-preview:-1"},"canonical":"https:\/\/www.belmontmetals.com\/es\/producto\/polvo-de-niquel-99-9\/","og_locale":"es_ES","og_type":"article","og_title":"Polvo de N\u00edquel al 99,9% - Belmont Metals","og_description":"Es un polvo de metal negro y lustroso, de naturaleza dura y d\u00factil. Los polvos ultrafino y nan\u00f3metro han atra\u00eddo mucha de la atenci\u00f3n en las \u00faltimas d\u00e9cadas debido a sus propiedades espec\u00edficas, entre las que se encuentran el magnetismo, la resistencia t\u00e9rmica, la actividad qu\u00edmica, una alta \u00e1rea de volumen de superficie, una mejor reactividad, una dureza mejorada, condiciones de semiconductor y una alta actividad qu\u00edmica, con una amplia gama de aplicaciones, entre las que se incluyen las bater\u00edas, aleaciones duras, catalizador, electricidad, etc\u00e9tera. El n\u00edquel puro tambi\u00e9n se utiliza ampliamente en los sistemas de acu\u00f1aci\u00f3n de monedas de todo el mundo y en los dispositivos de ultrasonido y de sonar.","og_url":"https:\/\/www.belmontmetals.com\/es\/producto\/polvo-de-niquel-99-9\/","og_site_name":"Belmont Metals","article_publisher":"https:\/\/www.facebook.com\/BelmontMetals\/","article_modified_time":"2017-11-29T16:52:34+00:00","og_image":[{"width":375,"height":375,"url":"https:\/\/www.belmontmetals.com\/wp-content\/uploads\/2017\/09\/8024A-High-Grade-Zinc-4.jpg","type":"image\/jpeg"}],"twitter_card":"summary_large_image","twitter_site":"@BelmontMetals","twitter_misc":{"Tiempo de lectura":"1 minuto"},"schema":{"@context":"https:\/\/schema.org","@graph":[{"@type":"WebPage","@id":"https:\/\/www.belmontmetals.com\/es\/producto\/polvo-de-niquel-99-9\/","url":"https:\/\/www.belmontmetals.com\/es\/producto\/polvo-de-niquel-99-9\/","name":"Polvo de N\u00edquel al 99,9% - Belmont Metals","isPartOf":{"@id":"https:\/\/www.belmontmetals.com\/#website"},"primaryImageOfPage":{"@id":"https:\/\/www.belmontmetals.com\/es\/producto\/polvo-de-niquel-99-9\/#primaryimage"},"image":{"@id":"https:\/\/www.belmontmetals.com\/es\/producto\/polvo-de-niquel-99-9\/#primaryimage"},"thumbnailUrl":"https:\/\/www.belmontmetals.com\/wp-content\/uploads\/2017\/09\/8024A-High-Grade-Zinc-4.jpg","datePublished":"2017-09-06T15:49:03+00:00","dateModified":"2017-11-29T16:52:34+00:00","breadcrumb":{"@id":"https:\/\/www.belmontmetals.com\/es\/producto\/polvo-de-niquel-99-9\/#breadcrumb"},"inLanguage":"es","potentialAction":[{"@type":"ReadAction","target":["https:\/\/www.belmontmetals.com\/es\/producto\/polvo-de-niquel-99-9\/"]}]},{"@type":"ImageObject","inLanguage":"es","@id":"https:\/\/www.belmontmetals.com\/es\/producto\/polvo-de-niquel-99-9\/#primaryimage","url":"https:\/\/www.belmontmetals.com\/wp-content\/uploads\/2017\/09\/8024A-High-Grade-Zinc-4.jpg","contentUrl":"https:\/\/www.belmontmetals.com\/wp-content\/uploads\/2017\/09\/8024A-High-Grade-Zinc-4.jpg","width":375,"height":375},{"@type":"BreadcrumbList","@id":"https:\/\/www.belmontmetals.com\/es\/producto\/polvo-de-niquel-99-9\/#breadcrumb","itemListElement":[{"@type":"ListItem","position":1,"name":"Home","item":"https:\/\/www.belmontmetals.com\/es\/"},{"@type":"ListItem","position":2,"name":"Store","item":"https:\/\/www.belmontmetals.com\/store\/"},{"@type":"ListItem","position":3,"name":"Polvo de N\u00edquel al 99,9%"}]},{"@type":"WebSite","@id":"https:\/\/www.belmontmetals.com\/#website","url":"https:\/\/www.belmontmetals.com\/","name":"Belmont Metals","description":"","potentialAction":[{"@type":"SearchAction","target":{"@type":"EntryPoint","urlTemplate":"https:\/\/www.belmontmetals.com\/?s={search_term_string}"},"query-input":{"@type":"PropertyValueSpecification","valueRequired":true,"valueName":"search_term_string"}}],"inLanguage":"es"}]}},"_links":{"self":[{"href":"https:\/\/www.belmontmetals.com\/es\/wp-json\/wp\/v2\/product\/3270","targetHints":{"allow":["GET"]}}],"collection":[{"href":"https:\/\/www.belmontmetals.com\/es\/wp-json\/wp\/v2\/product"}],"about":[{"href":"https:\/\/www.belmontmetals.com\/es\/wp-json\/wp\/v2\/types\/product"}],"wp:featuredmedia":[{"embeddable":true,"href":"https:\/\/www.belmontmetals.com\/es\/wp-json\/wp\/v2\/media\/2797"}],"wp:attachment":[{"href":"https:\/\/www.belmontmetals.com\/es\/wp-json\/wp\/v2\/media?parent=3270"}],"wp:term":[{"taxonomy":"product_brand","embeddable":true,"href":"https:\/\/www.belmontmetals.com\/es\/wp-json\/wp\/v2\/product_brand?post=3270"},{"taxonomy":"product_tag","embeddable":true,"href":"https:\/\/www.belmontmetals.com\/es\/wp-json\/wp\/v2\/product_tag?post=3270"},{"taxonomy":"woo-feed-brand","embeddable":true,"href":"https:\/\/www.belmontmetals.com\/es\/wp-json\/wp\/v2\/woo-feed-brand?post=3270"}],"curies":[{"name":"wp","href":"https:\/\/api.w.org\/{rel}","templated":true}]}}