{"id":3257,"date":"2017-09-06T15:58:32","date_gmt":"2017-09-06T15:58:32","guid":{"rendered":"http:\/\/www.belmontmetals.com\/product\/99-5-aluminum\/"},"modified":"2017-11-28T16:10:16","modified_gmt":"2017-11-28T16:10:16","slug":"aluminio-99-5","status":"publish","type":"product","link":"https:\/\/www.belmontmetals.com\/es\/producto\/aluminio-99-5\/","title":{"rendered":"Aluminio al 99,5%"},"content":{"rendered":"<p>Aleaci\u00f3n basada en aluminio al 99,9% en la familia comercialmente pura, con buena resistencia a la corrosi\u00f3n atmosf\u00e9rica para soportar altas temperaturas y un proceso costo efectivo. Su alta dureza, excelentes propiedades diel\u00e9ctricas, su capacidad de refracci\u00f3n y buenas propiedades t\u00e9rmicas, lo hacen el material elegido para una amplia gama de aplicaciones. Su uso principal es en conductores el\u00e9ctricos. Dentro de la industria alimenticia, el aluminio puro con un 99,5% de aluminio se utiliza para elaborar papel aluminio y paquetes flexibles.<\/p>\n","protected":false},"excerpt":{"rendered":"<p>Aleaci\u00f3n basada en aluminio al 99,9% en la familia comercialmente pura, con buena resistencia a la corrosi\u00f3n atmosf\u00e9rica para soportar altas temperaturas y un proceso costo efectivo. Su alta dureza, excelentes propiedades diel\u00e9ctricas, su capacidad de refracci\u00f3n y buenas propiedades t\u00e9rmicas, lo hacen el material elegido para una amplia gama de aplicaciones. Su uso principal es en conductores el\u00e9ctricos. Dentro de la industria alimenticia, el aluminio puro con un 99,5% de aluminio se utiliza para elaborar papel aluminio y paquetes flexibles.<\/p>\n","protected":false},"featured_media":2708,"template":"","meta":{"_acf_changed":false},"product_brand":[],"product_tag":[],"woo-feed-brand":[],"class_list":{"0":"post-3257","1":"product","2":"type-product","3":"status-publish","4":"has-post-thumbnail","6":"product_cat-aluminio","7":"pa_forms-12-onza-cubos-pepitas-malla-3-y-menores","8":"pa_nominal-composition-99-5-al-bal","10":"first","11":"instock","12":"taxable","13":"shipping-taxable","14":"product-type-simple"},"group_of_quantity":0,"min_quantity":0,"max_quantity":"","exclude_order_quantity_value_rules":"no","exclude_category_quantity_rules":"no","combine_variations":"no","acf":[],"yoast_head":"<!-- This site is optimized with the Yoast SEO plugin v27.5 - https:\/\/yoast.com\/product\/yoast-seo-wordpress\/ -->\n<title>Aluminio al 99,5% - Belmont Metals<\/title>\n<meta name=\"robots\" content=\"index, follow, max-snippet:-1, max-image-preview:large, max-video-preview:-1\" \/>\n<link rel=\"canonical\" href=\"https:\/\/www.belmontmetals.com\/producto\/99-5-aluminum\/\" \/>\n<meta property=\"og:locale\" content=\"es_ES\" \/>\n<meta property=\"og:type\" content=\"article\" \/>\n<meta property=\"og:title\" content=\"Aluminio al 99,5% - Belmont Metals\" \/>\n<meta property=\"og:description\" content=\"Aleaci\u00f3n basada en aluminio al 99,9% en la familia comercialmente pura, con buena resistencia a la corrosi\u00f3n atmosf\u00e9rica para soportar altas temperaturas y un proceso costo efectivo. Su alta dureza, excelentes propiedades diel\u00e9ctricas, su capacidad de refracci\u00f3n y buenas propiedades t\u00e9rmicas, lo hacen el material elegido para una amplia gama de aplicaciones. Su uso principal es en conductores el\u00e9ctricos. Dentro de la industria alimenticia, el aluminio puro con un 99,5% de aluminio se utiliza para elaborar papel aluminio y paquetes flexibles.\" \/>\n<meta property=\"og:url\" content=\"https:\/\/www.belmontmetals.com\/producto\/99-5-aluminum\/\" \/>\n<meta property=\"og:site_name\" content=\"Belmont Metals\" \/>\n<meta property=\"article:publisher\" content=\"https:\/\/www.facebook.com\/BelmontMetals\/\" \/>\n<meta property=\"article:modified_time\" content=\"2017-11-28T16:10:16+00:00\" \/>\n<meta property=\"og:image\" content=\"https:\/\/www.belmontmetals.com\/wp-content\/uploads\/2017\/09\/1010E-99.5-Aluminum-Nuggets.jpg\" \/>\n\t<meta property=\"og:image:width\" content=\"375\" \/>\n\t<meta property=\"og:image:height\" content=\"375\" \/>\n\t<meta property=\"og:image:type\" content=\"image\/jpeg\" \/>\n<meta name=\"twitter:card\" content=\"summary_large_image\" \/>\n<meta name=\"twitter:site\" content=\"@BelmontMetals\" \/>\n<script type=\"application\/ld+json\" class=\"yoast-schema-graph\">{\"@context\":\"https:\\\/\\\/schema.org\",\"@graph\":[{\"@type\":\"WebPage\",\"@id\":\"https:\\\/\\\/www.belmontmetals.com\\\/producto\\\/99-5-aluminum\\\/\",\"url\":\"https:\\\/\\\/www.belmontmetals.com\\\/producto\\\/99-5-aluminum\\\/\",\"name\":\"Aluminio al 99,5% - Belmont Metals\",\"isPartOf\":{\"@id\":\"https:\\\/\\\/www.belmontmetals.com\\\/#website\"},\"primaryImageOfPage\":{\"@id\":\"https:\\\/\\\/www.belmontmetals.com\\\/producto\\\/99-5-aluminum\\\/#primaryimage\"},\"image\":{\"@id\":\"https:\\\/\\\/www.belmontmetals.com\\\/producto\\\/99-5-aluminum\\\/#primaryimage\"},\"thumbnailUrl\":\"https:\\\/\\\/www.belmontmetals.com\\\/wp-content\\\/uploads\\\/2017\\\/09\\\/1010E-99.5-Aluminum-Nuggets.jpg\",\"datePublished\":\"2017-09-06T15:58:32+00:00\",\"dateModified\":\"2017-11-28T16:10:16+00:00\",\"breadcrumb\":{\"@id\":\"https:\\\/\\\/www.belmontmetals.com\\\/producto\\\/99-5-aluminum\\\/#breadcrumb\"},\"inLanguage\":\"es\",\"potentialAction\":[{\"@type\":\"ReadAction\",\"target\":[\"https:\\\/\\\/www.belmontmetals.com\\\/producto\\\/99-5-aluminum\\\/\"]}]},{\"@type\":\"ImageObject\",\"inLanguage\":\"es\",\"@id\":\"https:\\\/\\\/www.belmontmetals.com\\\/producto\\\/99-5-aluminum\\\/#primaryimage\",\"url\":\"https:\\\/\\\/www.belmontmetals.com\\\/wp-content\\\/uploads\\\/2017\\\/09\\\/1010E-99.5-Aluminum-Nuggets.jpg\",\"contentUrl\":\"https:\\\/\\\/www.belmontmetals.com\\\/wp-content\\\/uploads\\\/2017\\\/09\\\/1010E-99.5-Aluminum-Nuggets.jpg\",\"width\":375,\"height\":375},{\"@type\":\"BreadcrumbList\",\"@id\":\"https:\\\/\\\/www.belmontmetals.com\\\/producto\\\/99-5-aluminum\\\/#breadcrumb\",\"itemListElement\":[{\"@type\":\"ListItem\",\"position\":1,\"name\":\"Home\",\"item\":\"https:\\\/\\\/www.belmontmetals.com\\\/es\\\/\"},{\"@type\":\"ListItem\",\"position\":2,\"name\":\"Store\",\"item\":\"https:\\\/\\\/www.belmontmetals.com\\\/store\\\/\"},{\"@type\":\"ListItem\",\"position\":3,\"name\":\"Aluminio al 99,5%\"}]},{\"@type\":\"WebSite\",\"@id\":\"https:\\\/\\\/www.belmontmetals.com\\\/#website\",\"url\":\"https:\\\/\\\/www.belmontmetals.com\\\/\",\"name\":\"Belmont Metals\",\"description\":\"\",\"potentialAction\":[{\"@type\":\"SearchAction\",\"target\":{\"@type\":\"EntryPoint\",\"urlTemplate\":\"https:\\\/\\\/www.belmontmetals.com\\\/?s={search_term_string}\"},\"query-input\":{\"@type\":\"PropertyValueSpecification\",\"valueRequired\":true,\"valueName\":\"search_term_string\"}}],\"inLanguage\":\"es\"}]}<\/script>\n<!-- \/ Yoast SEO plugin. -->","yoast_head_json":{"title":"Aluminio al 99,5% - Belmont Metals","robots":{"index":"index","follow":"follow","max-snippet":"max-snippet:-1","max-image-preview":"max-image-preview:large","max-video-preview":"max-video-preview:-1"},"canonical":"https:\/\/www.belmontmetals.com\/producto\/99-5-aluminum\/","og_locale":"es_ES","og_type":"article","og_title":"Aluminio al 99,5% - Belmont Metals","og_description":"Aleaci\u00f3n basada en aluminio al 99,9% en la familia comercialmente pura, con buena resistencia a la corrosi\u00f3n atmosf\u00e9rica para soportar altas temperaturas y un proceso costo efectivo. Su alta dureza, excelentes propiedades diel\u00e9ctricas, su capacidad de refracci\u00f3n y buenas propiedades t\u00e9rmicas, lo hacen el material elegido para una amplia gama de aplicaciones. Su uso principal es en conductores el\u00e9ctricos. Dentro de la industria alimenticia, el aluminio puro con un 99,5% de aluminio se utiliza para elaborar papel aluminio y paquetes flexibles.","og_url":"https:\/\/www.belmontmetals.com\/producto\/99-5-aluminum\/","og_site_name":"Belmont Metals","article_publisher":"https:\/\/www.facebook.com\/BelmontMetals\/","article_modified_time":"2017-11-28T16:10:16+00:00","og_image":[{"width":375,"height":375,"url":"https:\/\/www.belmontmetals.com\/wp-content\/uploads\/2017\/09\/1010E-99.5-Aluminum-Nuggets.jpg","type":"image\/jpeg"}],"twitter_card":"summary_large_image","twitter_site":"@BelmontMetals","schema":{"@context":"https:\/\/schema.org","@graph":[{"@type":"WebPage","@id":"https:\/\/www.belmontmetals.com\/producto\/99-5-aluminum\/","url":"https:\/\/www.belmontmetals.com\/producto\/99-5-aluminum\/","name":"Aluminio al 99,5% - Belmont Metals","isPartOf":{"@id":"https:\/\/www.belmontmetals.com\/#website"},"primaryImageOfPage":{"@id":"https:\/\/www.belmontmetals.com\/producto\/99-5-aluminum\/#primaryimage"},"image":{"@id":"https:\/\/www.belmontmetals.com\/producto\/99-5-aluminum\/#primaryimage"},"thumbnailUrl":"https:\/\/www.belmontmetals.com\/wp-content\/uploads\/2017\/09\/1010E-99.5-Aluminum-Nuggets.jpg","datePublished":"2017-09-06T15:58:32+00:00","dateModified":"2017-11-28T16:10:16+00:00","breadcrumb":{"@id":"https:\/\/www.belmontmetals.com\/producto\/99-5-aluminum\/#breadcrumb"},"inLanguage":"es","potentialAction":[{"@type":"ReadAction","target":["https:\/\/www.belmontmetals.com\/producto\/99-5-aluminum\/"]}]},{"@type":"ImageObject","inLanguage":"es","@id":"https:\/\/www.belmontmetals.com\/producto\/99-5-aluminum\/#primaryimage","url":"https:\/\/www.belmontmetals.com\/wp-content\/uploads\/2017\/09\/1010E-99.5-Aluminum-Nuggets.jpg","contentUrl":"https:\/\/www.belmontmetals.com\/wp-content\/uploads\/2017\/09\/1010E-99.5-Aluminum-Nuggets.jpg","width":375,"height":375},{"@type":"BreadcrumbList","@id":"https:\/\/www.belmontmetals.com\/producto\/99-5-aluminum\/#breadcrumb","itemListElement":[{"@type":"ListItem","position":1,"name":"Home","item":"https:\/\/www.belmontmetals.com\/es\/"},{"@type":"ListItem","position":2,"name":"Store","item":"https:\/\/www.belmontmetals.com\/store\/"},{"@type":"ListItem","position":3,"name":"Aluminio al 99,5%"}]},{"@type":"WebSite","@id":"https:\/\/www.belmontmetals.com\/#website","url":"https:\/\/www.belmontmetals.com\/","name":"Belmont Metals","description":"","potentialAction":[{"@type":"SearchAction","target":{"@type":"EntryPoint","urlTemplate":"https:\/\/www.belmontmetals.com\/?s={search_term_string}"},"query-input":{"@type":"PropertyValueSpecification","valueRequired":true,"valueName":"search_term_string"}}],"inLanguage":"es"}]}},"_links":{"self":[{"href":"https:\/\/www.belmontmetals.com\/es\/wp-json\/wp\/v2\/product\/3257","targetHints":{"allow":["GET"]}}],"collection":[{"href":"https:\/\/www.belmontmetals.com\/es\/wp-json\/wp\/v2\/product"}],"about":[{"href":"https:\/\/www.belmontmetals.com\/es\/wp-json\/wp\/v2\/types\/product"}],"wp:featuredmedia":[{"embeddable":true,"href":"https:\/\/www.belmontmetals.com\/es\/wp-json\/wp\/v2\/media\/2708"}],"wp:attachment":[{"href":"https:\/\/www.belmontmetals.com\/es\/wp-json\/wp\/v2\/media?parent=3257"}],"wp:term":[{"taxonomy":"product_brand","embeddable":true,"href":"https:\/\/www.belmontmetals.com\/es\/wp-json\/wp\/v2\/product_brand?post=3257"},{"taxonomy":"product_tag","embeddable":true,"href":"https:\/\/www.belmontmetals.com\/es\/wp-json\/wp\/v2\/product_tag?post=3257"},{"taxonomy":"woo-feed-brand","embeddable":true,"href":"https:\/\/www.belmontmetals.com\/es\/wp-json\/wp\/v2\/woo-feed-brand?post=3257"}],"curies":[{"name":"wp","href":"https:\/\/api.w.org\/{rel}","templated":true}]}}