{"id":3255,"date":"2017-09-06T15:58:32","date_gmt":"2017-09-06T15:58:32","guid":{"rendered":"http:\/\/www.belmontmetals.com\/product\/99-99-aluminum\/"},"modified":"2020-11-11T14:54:10","modified_gmt":"2020-11-11T14:54:10","slug":"aluminio-99-99","status":"publish","type":"product","link":"https:\/\/www.belmontmetals.com\/es\/producto\/aluminio-99-99\/","title":{"rendered":"Aluminio al 99,99%"},"content":{"rendered":"<p>El aluminio de alta pureza se destaca por su baja densidad. Su resistencia a la corrosi\u00f3n y su apariencia atractiva hacen de este metal el adecuado para muchas aplicaciones en la industria de la construcci\u00f3n. El aluminio parece ser el rey de la construcci\u00f3n de aeronaves. Los avances de la tecnolog\u00eda aeroespacial est\u00e1n directamente relacionados con los avances y producci\u00f3n de aleaciones de aluminio.<\/p>\n","protected":false},"excerpt":{"rendered":"<p>El aluminio de alta pureza se destaca por su baja densidad. Su resistencia a la corrosi\u00f3n y su apariencia atractiva hacen de este metal el adecuado para muchas aplicaciones en la industria de la construcci\u00f3n. El aluminio parece ser el rey de la construcci\u00f3n de aeronaves. Los avances de la tecnolog\u00eda aeroespacial est\u00e1n directamente relacionados con los avances y producci\u00f3n de aleaciones de aluminio.<\/p>\n","protected":false},"featured_media":2711,"template":"","meta":{"_acf_changed":false},"product_brand":[],"product_tag":[],"woo-feed-brand":[],"class_list":{"0":"post-3255","1":"product","2":"type-product","3":"status-publish","4":"has-post-thumbnail","6":"product_cat-aluminio","7":"pa_forms-perdigones-malla-2-5-lingote-piezas-cizalladas","8":"pa_nominal-composition-99-99-al-bal","9":"pa_shapes-shot-es","11":"first","12":"instock","13":"taxable","14":"shipping-taxable","15":"purchasable","16":"product-type-variable"},"group_of_quantity":0,"min_quantity":0,"max_quantity":"","exclude_order_quantity_value_rules":"no","exclude_category_quantity_rules":"no","combine_variations":"no","acf":[],"yoast_head":"<!-- This site is optimized with the Yoast SEO plugin v27.3 - https:\/\/yoast.com\/product\/yoast-seo-wordpress\/ -->\n<title>Aluminio al 99,99% - Belmont Metals<\/title>\n<meta name=\"robots\" content=\"index, follow, max-snippet:-1, max-image-preview:large, max-video-preview:-1\" \/>\n<link rel=\"canonical\" href=\"https:\/\/www.belmontmetals.com\/producto\/99-99-aluminum\/\" \/>\n<meta property=\"og:locale\" content=\"es_ES\" \/>\n<meta property=\"og:type\" content=\"article\" \/>\n<meta property=\"og:title\" content=\"Aluminio al 99,99% - Belmont Metals\" \/>\n<meta property=\"og:description\" content=\"El aluminio de alta pureza se destaca por su baja densidad. Su resistencia a la corrosi\u00f3n y su apariencia atractiva hacen de este metal el adecuado para muchas aplicaciones en la industria de la construcci\u00f3n. El aluminio parece ser el rey de la construcci\u00f3n de aeronaves. Los avances de la tecnolog\u00eda aeroespacial est\u00e1n directamente relacionados con los avances y producci\u00f3n de aleaciones de aluminio.\" \/>\n<meta property=\"og:url\" content=\"https:\/\/www.belmontmetals.com\/producto\/99-99-aluminum\/\" \/>\n<meta property=\"og:site_name\" content=\"Belmont Metals\" \/>\n<meta property=\"article:publisher\" content=\"https:\/\/www.facebook.com\/BelmontMetals\/\" \/>\n<meta property=\"article:modified_time\" content=\"2020-11-11T14:54:10+00:00\" \/>\n<meta property=\"og:image\" content=\"https:\/\/www.belmontmetals.com\/wp-content\/uploads\/2017\/09\/1009C-99.99-Aluminum-Shot.jpg\" \/>\n\t<meta property=\"og:image:width\" content=\"375\" \/>\n\t<meta property=\"og:image:height\" content=\"375\" \/>\n\t<meta property=\"og:image:type\" content=\"image\/jpeg\" \/>\n<meta name=\"twitter:card\" content=\"summary_large_image\" \/>\n<meta name=\"twitter:site\" content=\"@BelmontMetals\" \/>\n<script type=\"application\/ld+json\" class=\"yoast-schema-graph\">{\"@context\":\"https:\\\/\\\/schema.org\",\"@graph\":[{\"@type\":\"WebPage\",\"@id\":\"https:\\\/\\\/www.belmontmetals.com\\\/producto\\\/99-99-aluminum\\\/\",\"url\":\"https:\\\/\\\/www.belmontmetals.com\\\/producto\\\/99-99-aluminum\\\/\",\"name\":\"Aluminio al 99,99% - Belmont Metals\",\"isPartOf\":{\"@id\":\"https:\\\/\\\/www.belmontmetals.com\\\/#website\"},\"primaryImageOfPage\":{\"@id\":\"https:\\\/\\\/www.belmontmetals.com\\\/producto\\\/99-99-aluminum\\\/#primaryimage\"},\"image\":{\"@id\":\"https:\\\/\\\/www.belmontmetals.com\\\/producto\\\/99-99-aluminum\\\/#primaryimage\"},\"thumbnailUrl\":\"https:\\\/\\\/www.belmontmetals.com\\\/wp-content\\\/uploads\\\/2017\\\/09\\\/1009C-99.99-Aluminum-Shot.jpg\",\"datePublished\":\"2017-09-06T15:58:32+00:00\",\"dateModified\":\"2020-11-11T14:54:10+00:00\",\"breadcrumb\":{\"@id\":\"https:\\\/\\\/www.belmontmetals.com\\\/producto\\\/99-99-aluminum\\\/#breadcrumb\"},\"inLanguage\":\"es\",\"potentialAction\":[{\"@type\":\"ReadAction\",\"target\":[\"https:\\\/\\\/www.belmontmetals.com\\\/producto\\\/99-99-aluminum\\\/\"]}]},{\"@type\":\"ImageObject\",\"inLanguage\":\"es\",\"@id\":\"https:\\\/\\\/www.belmontmetals.com\\\/producto\\\/99-99-aluminum\\\/#primaryimage\",\"url\":\"https:\\\/\\\/www.belmontmetals.com\\\/wp-content\\\/uploads\\\/2017\\\/09\\\/1009C-99.99-Aluminum-Shot.jpg\",\"contentUrl\":\"https:\\\/\\\/www.belmontmetals.com\\\/wp-content\\\/uploads\\\/2017\\\/09\\\/1009C-99.99-Aluminum-Shot.jpg\",\"width\":375,\"height\":375},{\"@type\":\"BreadcrumbList\",\"@id\":\"https:\\\/\\\/www.belmontmetals.com\\\/producto\\\/99-99-aluminum\\\/#breadcrumb\",\"itemListElement\":[{\"@type\":\"ListItem\",\"position\":1,\"name\":\"Home\",\"item\":\"https:\\\/\\\/www.belmontmetals.com\\\/es\\\/\"},{\"@type\":\"ListItem\",\"position\":2,\"name\":\"Store\",\"item\":\"https:\\\/\\\/www.belmontmetals.com\\\/store\\\/\"},{\"@type\":\"ListItem\",\"position\":3,\"name\":\"Aluminio al 99,99%\"}]},{\"@type\":\"WebSite\",\"@id\":\"https:\\\/\\\/www.belmontmetals.com\\\/#website\",\"url\":\"https:\\\/\\\/www.belmontmetals.com\\\/\",\"name\":\"Belmont Metals\",\"description\":\"\",\"potentialAction\":[{\"@type\":\"SearchAction\",\"target\":{\"@type\":\"EntryPoint\",\"urlTemplate\":\"https:\\\/\\\/www.belmontmetals.com\\\/?s={search_term_string}\"},\"query-input\":{\"@type\":\"PropertyValueSpecification\",\"valueRequired\":true,\"valueName\":\"search_term_string\"}}],\"inLanguage\":\"es\"}]}<\/script>\n<!-- \/ Yoast SEO plugin. -->","yoast_head_json":{"title":"Aluminio al 99,99% - Belmont Metals","robots":{"index":"index","follow":"follow","max-snippet":"max-snippet:-1","max-image-preview":"max-image-preview:large","max-video-preview":"max-video-preview:-1"},"canonical":"https:\/\/www.belmontmetals.com\/producto\/99-99-aluminum\/","og_locale":"es_ES","og_type":"article","og_title":"Aluminio al 99,99% - Belmont Metals","og_description":"El aluminio de alta pureza se destaca por su baja densidad. Su resistencia a la corrosi\u00f3n y su apariencia atractiva hacen de este metal el adecuado para muchas aplicaciones en la industria de la construcci\u00f3n. El aluminio parece ser el rey de la construcci\u00f3n de aeronaves. Los avances de la tecnolog\u00eda aeroespacial est\u00e1n directamente relacionados con los avances y producci\u00f3n de aleaciones de aluminio.","og_url":"https:\/\/www.belmontmetals.com\/producto\/99-99-aluminum\/","og_site_name":"Belmont Metals","article_publisher":"https:\/\/www.facebook.com\/BelmontMetals\/","article_modified_time":"2020-11-11T14:54:10+00:00","og_image":[{"width":375,"height":375,"url":"https:\/\/www.belmontmetals.com\/wp-content\/uploads\/2017\/09\/1009C-99.99-Aluminum-Shot.jpg","type":"image\/jpeg"}],"twitter_card":"summary_large_image","twitter_site":"@BelmontMetals","schema":{"@context":"https:\/\/schema.org","@graph":[{"@type":"WebPage","@id":"https:\/\/www.belmontmetals.com\/producto\/99-99-aluminum\/","url":"https:\/\/www.belmontmetals.com\/producto\/99-99-aluminum\/","name":"Aluminio al 99,99% - Belmont Metals","isPartOf":{"@id":"https:\/\/www.belmontmetals.com\/#website"},"primaryImageOfPage":{"@id":"https:\/\/www.belmontmetals.com\/producto\/99-99-aluminum\/#primaryimage"},"image":{"@id":"https:\/\/www.belmontmetals.com\/producto\/99-99-aluminum\/#primaryimage"},"thumbnailUrl":"https:\/\/www.belmontmetals.com\/wp-content\/uploads\/2017\/09\/1009C-99.99-Aluminum-Shot.jpg","datePublished":"2017-09-06T15:58:32+00:00","dateModified":"2020-11-11T14:54:10+00:00","breadcrumb":{"@id":"https:\/\/www.belmontmetals.com\/producto\/99-99-aluminum\/#breadcrumb"},"inLanguage":"es","potentialAction":[{"@type":"ReadAction","target":["https:\/\/www.belmontmetals.com\/producto\/99-99-aluminum\/"]}]},{"@type":"ImageObject","inLanguage":"es","@id":"https:\/\/www.belmontmetals.com\/producto\/99-99-aluminum\/#primaryimage","url":"https:\/\/www.belmontmetals.com\/wp-content\/uploads\/2017\/09\/1009C-99.99-Aluminum-Shot.jpg","contentUrl":"https:\/\/www.belmontmetals.com\/wp-content\/uploads\/2017\/09\/1009C-99.99-Aluminum-Shot.jpg","width":375,"height":375},{"@type":"BreadcrumbList","@id":"https:\/\/www.belmontmetals.com\/producto\/99-99-aluminum\/#breadcrumb","itemListElement":[{"@type":"ListItem","position":1,"name":"Home","item":"https:\/\/www.belmontmetals.com\/es\/"},{"@type":"ListItem","position":2,"name":"Store","item":"https:\/\/www.belmontmetals.com\/store\/"},{"@type":"ListItem","position":3,"name":"Aluminio al 99,99%"}]},{"@type":"WebSite","@id":"https:\/\/www.belmontmetals.com\/#website","url":"https:\/\/www.belmontmetals.com\/","name":"Belmont Metals","description":"","potentialAction":[{"@type":"SearchAction","target":{"@type":"EntryPoint","urlTemplate":"https:\/\/www.belmontmetals.com\/?s={search_term_string}"},"query-input":{"@type":"PropertyValueSpecification","valueRequired":true,"valueName":"search_term_string"}}],"inLanguage":"es"}]}},"_links":{"self":[{"href":"https:\/\/www.belmontmetals.com\/es\/wp-json\/wp\/v2\/product\/3255","targetHints":{"allow":["GET"]}}],"collection":[{"href":"https:\/\/www.belmontmetals.com\/es\/wp-json\/wp\/v2\/product"}],"about":[{"href":"https:\/\/www.belmontmetals.com\/es\/wp-json\/wp\/v2\/types\/product"}],"wp:featuredmedia":[{"embeddable":true,"href":"https:\/\/www.belmontmetals.com\/es\/wp-json\/wp\/v2\/media\/2711"}],"wp:attachment":[{"href":"https:\/\/www.belmontmetals.com\/es\/wp-json\/wp\/v2\/media?parent=3255"}],"wp:term":[{"taxonomy":"product_brand","embeddable":true,"href":"https:\/\/www.belmontmetals.com\/es\/wp-json\/wp\/v2\/product_brand?post=3255"},{"taxonomy":"product_tag","embeddable":true,"href":"https:\/\/www.belmontmetals.com\/es\/wp-json\/wp\/v2\/product_tag?post=3255"},{"taxonomy":"woo-feed-brand","embeddable":true,"href":"https:\/\/www.belmontmetals.com\/es\/wp-json\/wp\/v2\/woo-feed-brand?post=3255"}],"curies":[{"name":"wp","href":"https:\/\/api.w.org\/{rel}","templated":true}]}}