{"id":3236,"date":"2017-09-06T16:12:44","date_gmt":"2017-09-06T16:12:44","guid":{"rendered":"http:\/\/www.belmontmetals.com\/product\/7030-brass-alloy-cda-96400\/"},"modified":"2017-11-29T16:40:09","modified_gmt":"2017-11-29T16:40:09","slug":"aleacion-de-laton-7030-cda-96400","status":"publish","type":"product","link":"https:\/\/www.belmontmetals.com\/es\/producto\/aleacion-de-laton-7030-cda-96400\/","title":{"rendered":"Aleaci\u00f3n de Lat\u00f3n 70\/30 CDA 96400"},"content":{"rendered":"<p>El lat\u00f3n, que es una aleaci\u00f3n de cobre y zinc, puede ser modificado para crear una amplia gama de latones con distintas propiedades, se utiliza ampliamente para aplicaciones de decoraci\u00f3n en antig\u00fcedades y terminaciones oxidizadas. El revestimiento con lat\u00f3n tambi\u00e9n es una buena alternativa para sellar los moldeados por fundici\u00f3n de zinc, luego de las operaciones de moldeado. El ba\u00f1o de lat\u00f3n ofrece una excelente barrera de difusi\u00f3n, lo que evita que los componentes del material base puedan migrar a las siguientes capas de revestimiento.<\/p>\n","protected":false},"excerpt":{"rendered":"<p>El lat\u00f3n, que es una aleaci\u00f3n de cobre y zinc, puede ser modificado para crear una amplia gama de latones con distintas propiedades, se utiliza ampliamente para aplicaciones de decoraci\u00f3n en antig\u00fcedades y terminaciones oxidizadas. El revestimiento con lat\u00f3n tambi\u00e9n es una buena alternativa para sellar los moldeados por fundici\u00f3n de zinc, luego de las operaciones de moldeado. El ba\u00f1o de lat\u00f3n ofrece una excelente barrera de difusi\u00f3n, lo que evita que los componentes del material base puedan migrar a las siguientes capas de revestimiento.<\/p>\n","protected":false},"featured_media":3875,"template":"","meta":{"_acf_changed":false},"product_brand":[],"product_tag":[],"woo-feed-brand":[],"class_list":{"0":"post-3236","1":"product","2":"type-product","3":"status-publish","4":"has-post-thumbnail","6":"product_cat-anodos-electrodeposicion","7":"product_cat-bronce-y-laton","8":"pa_forms-anodo-rectangular-de-fundicion-de-aproximadamente-1-14-cada-uno","9":"pa_nominal-composition-30-zn-70-cu","11":"first","12":"instock","13":"taxable","14":"shipping-taxable","15":"product-type-simple"},"group_of_quantity":0,"min_quantity":0,"max_quantity":"","exclude_order_quantity_value_rules":"no","exclude_category_quantity_rules":"no","combine_variations":"no","acf":[],"yoast_head":"<!-- This site is optimized with the Yoast SEO plugin v27.3 - https:\/\/yoast.com\/product\/yoast-seo-wordpress\/ -->\n<title>Aleaci\u00f3n de Lat\u00f3n 70\/30 CDA 96400 - Belmont Metals<\/title>\n<meta name=\"robots\" content=\"index, follow, max-snippet:-1, max-image-preview:large, max-video-preview:-1\" \/>\n<link rel=\"canonical\" href=\"https:\/\/www.belmontmetals.com\/producto\/7030-brass-alloy-cda-96400\/\" \/>\n<meta property=\"og:locale\" content=\"es_ES\" \/>\n<meta property=\"og:type\" content=\"article\" \/>\n<meta property=\"og:title\" content=\"Aleaci\u00f3n de Lat\u00f3n 70\/30 CDA 96400 - Belmont Metals\" \/>\n<meta property=\"og:description\" content=\"El lat\u00f3n, que es una aleaci\u00f3n de cobre y zinc, puede ser modificado para crear una amplia gama de latones con distintas propiedades, se utiliza ampliamente para aplicaciones de decoraci\u00f3n en antig\u00fcedades y terminaciones oxidizadas. El revestimiento con lat\u00f3n tambi\u00e9n es una buena alternativa para sellar los moldeados por fundici\u00f3n de zinc, luego de las operaciones de moldeado. El ba\u00f1o de lat\u00f3n ofrece una excelente barrera de difusi\u00f3n, lo que evita que los componentes del material base puedan migrar a las siguientes capas de revestimiento.\" \/>\n<meta property=\"og:url\" content=\"https:\/\/www.belmontmetals.com\/producto\/7030-brass-alloy-cda-96400\/\" \/>\n<meta property=\"og:site_name\" content=\"Belmont Metals\" \/>\n<meta property=\"article:publisher\" content=\"https:\/\/www.facebook.com\/BelmontMetals\/\" \/>\n<meta property=\"article:modified_time\" content=\"2017-11-29T16:40:09+00:00\" \/>\n<meta property=\"og:image\" content=\"https:\/\/www.belmontmetals.com\/wp-content\/uploads\/2017\/09\/47012N-70-30-Nuggets.jpg\" \/>\n\t<meta property=\"og:image:width\" content=\"375\" \/>\n\t<meta property=\"og:image:height\" content=\"375\" \/>\n\t<meta property=\"og:image:type\" content=\"image\/jpeg\" \/>\n<meta name=\"twitter:card\" content=\"summary_large_image\" \/>\n<meta name=\"twitter:site\" content=\"@BelmontMetals\" \/>\n<script type=\"application\/ld+json\" class=\"yoast-schema-graph\">{\"@context\":\"https:\\\/\\\/schema.org\",\"@graph\":[{\"@type\":\"WebPage\",\"@id\":\"https:\\\/\\\/www.belmontmetals.com\\\/producto\\\/7030-brass-alloy-cda-96400\\\/\",\"url\":\"https:\\\/\\\/www.belmontmetals.com\\\/producto\\\/7030-brass-alloy-cda-96400\\\/\",\"name\":\"Aleaci\u00f3n de Lat\u00f3n 70\\\/30 CDA 96400 - Belmont Metals\",\"isPartOf\":{\"@id\":\"https:\\\/\\\/www.belmontmetals.com\\\/#website\"},\"primaryImageOfPage\":{\"@id\":\"https:\\\/\\\/www.belmontmetals.com\\\/producto\\\/7030-brass-alloy-cda-96400\\\/#primaryimage\"},\"image\":{\"@id\":\"https:\\\/\\\/www.belmontmetals.com\\\/producto\\\/7030-brass-alloy-cda-96400\\\/#primaryimage\"},\"thumbnailUrl\":\"https:\\\/\\\/www.belmontmetals.com\\\/wp-content\\\/uploads\\\/2017\\\/09\\\/47012N-70-30-Nuggets.jpg\",\"datePublished\":\"2017-09-06T16:12:44+00:00\",\"dateModified\":\"2017-11-29T16:40:09+00:00\",\"breadcrumb\":{\"@id\":\"https:\\\/\\\/www.belmontmetals.com\\\/producto\\\/7030-brass-alloy-cda-96400\\\/#breadcrumb\"},\"inLanguage\":\"es\",\"potentialAction\":[{\"@type\":\"ReadAction\",\"target\":[\"https:\\\/\\\/www.belmontmetals.com\\\/producto\\\/7030-brass-alloy-cda-96400\\\/\"]}]},{\"@type\":\"ImageObject\",\"inLanguage\":\"es\",\"@id\":\"https:\\\/\\\/www.belmontmetals.com\\\/producto\\\/7030-brass-alloy-cda-96400\\\/#primaryimage\",\"url\":\"https:\\\/\\\/www.belmontmetals.com\\\/wp-content\\\/uploads\\\/2017\\\/09\\\/47012N-70-30-Nuggets.jpg\",\"contentUrl\":\"https:\\\/\\\/www.belmontmetals.com\\\/wp-content\\\/uploads\\\/2017\\\/09\\\/47012N-70-30-Nuggets.jpg\",\"width\":375,\"height\":375},{\"@type\":\"BreadcrumbList\",\"@id\":\"https:\\\/\\\/www.belmontmetals.com\\\/producto\\\/7030-brass-alloy-cda-96400\\\/#breadcrumb\",\"itemListElement\":[{\"@type\":\"ListItem\",\"position\":1,\"name\":\"Home\",\"item\":\"https:\\\/\\\/www.belmontmetals.com\\\/es\\\/\"},{\"@type\":\"ListItem\",\"position\":2,\"name\":\"Store\",\"item\":\"https:\\\/\\\/www.belmontmetals.com\\\/store\\\/\"},{\"@type\":\"ListItem\",\"position\":3,\"name\":\"Aleaci\u00f3n de Lat\u00f3n 70\\\/30 CDA 96400\"}]},{\"@type\":\"WebSite\",\"@id\":\"https:\\\/\\\/www.belmontmetals.com\\\/#website\",\"url\":\"https:\\\/\\\/www.belmontmetals.com\\\/\",\"name\":\"Belmont Metals\",\"description\":\"\",\"potentialAction\":[{\"@type\":\"SearchAction\",\"target\":{\"@type\":\"EntryPoint\",\"urlTemplate\":\"https:\\\/\\\/www.belmontmetals.com\\\/?s={search_term_string}\"},\"query-input\":{\"@type\":\"PropertyValueSpecification\",\"valueRequired\":true,\"valueName\":\"search_term_string\"}}],\"inLanguage\":\"es\"}]}<\/script>\n<!-- \/ Yoast SEO plugin. -->","yoast_head_json":{"title":"Aleaci\u00f3n de Lat\u00f3n 70\/30 CDA 96400 - Belmont Metals","robots":{"index":"index","follow":"follow","max-snippet":"max-snippet:-1","max-image-preview":"max-image-preview:large","max-video-preview":"max-video-preview:-1"},"canonical":"https:\/\/www.belmontmetals.com\/producto\/7030-brass-alloy-cda-96400\/","og_locale":"es_ES","og_type":"article","og_title":"Aleaci\u00f3n de Lat\u00f3n 70\/30 CDA 96400 - Belmont Metals","og_description":"El lat\u00f3n, que es una aleaci\u00f3n de cobre y zinc, puede ser modificado para crear una amplia gama de latones con distintas propiedades, se utiliza ampliamente para aplicaciones de decoraci\u00f3n en antig\u00fcedades y terminaciones oxidizadas. El revestimiento con lat\u00f3n tambi\u00e9n es una buena alternativa para sellar los moldeados por fundici\u00f3n de zinc, luego de las operaciones de moldeado. El ba\u00f1o de lat\u00f3n ofrece una excelente barrera de difusi\u00f3n, lo que evita que los componentes del material base puedan migrar a las siguientes capas de revestimiento.","og_url":"https:\/\/www.belmontmetals.com\/producto\/7030-brass-alloy-cda-96400\/","og_site_name":"Belmont Metals","article_publisher":"https:\/\/www.facebook.com\/BelmontMetals\/","article_modified_time":"2017-11-29T16:40:09+00:00","og_image":[{"width":375,"height":375,"url":"https:\/\/www.belmontmetals.com\/wp-content\/uploads\/2017\/09\/47012N-70-30-Nuggets.jpg","type":"image\/jpeg"}],"twitter_card":"summary_large_image","twitter_site":"@BelmontMetals","schema":{"@context":"https:\/\/schema.org","@graph":[{"@type":"WebPage","@id":"https:\/\/www.belmontmetals.com\/producto\/7030-brass-alloy-cda-96400\/","url":"https:\/\/www.belmontmetals.com\/producto\/7030-brass-alloy-cda-96400\/","name":"Aleaci\u00f3n de Lat\u00f3n 70\/30 CDA 96400 - Belmont Metals","isPartOf":{"@id":"https:\/\/www.belmontmetals.com\/#website"},"primaryImageOfPage":{"@id":"https:\/\/www.belmontmetals.com\/producto\/7030-brass-alloy-cda-96400\/#primaryimage"},"image":{"@id":"https:\/\/www.belmontmetals.com\/producto\/7030-brass-alloy-cda-96400\/#primaryimage"},"thumbnailUrl":"https:\/\/www.belmontmetals.com\/wp-content\/uploads\/2017\/09\/47012N-70-30-Nuggets.jpg","datePublished":"2017-09-06T16:12:44+00:00","dateModified":"2017-11-29T16:40:09+00:00","breadcrumb":{"@id":"https:\/\/www.belmontmetals.com\/producto\/7030-brass-alloy-cda-96400\/#breadcrumb"},"inLanguage":"es","potentialAction":[{"@type":"ReadAction","target":["https:\/\/www.belmontmetals.com\/producto\/7030-brass-alloy-cda-96400\/"]}]},{"@type":"ImageObject","inLanguage":"es","@id":"https:\/\/www.belmontmetals.com\/producto\/7030-brass-alloy-cda-96400\/#primaryimage","url":"https:\/\/www.belmontmetals.com\/wp-content\/uploads\/2017\/09\/47012N-70-30-Nuggets.jpg","contentUrl":"https:\/\/www.belmontmetals.com\/wp-content\/uploads\/2017\/09\/47012N-70-30-Nuggets.jpg","width":375,"height":375},{"@type":"BreadcrumbList","@id":"https:\/\/www.belmontmetals.com\/producto\/7030-brass-alloy-cda-96400\/#breadcrumb","itemListElement":[{"@type":"ListItem","position":1,"name":"Home","item":"https:\/\/www.belmontmetals.com\/es\/"},{"@type":"ListItem","position":2,"name":"Store","item":"https:\/\/www.belmontmetals.com\/store\/"},{"@type":"ListItem","position":3,"name":"Aleaci\u00f3n de Lat\u00f3n 70\/30 CDA 96400"}]},{"@type":"WebSite","@id":"https:\/\/www.belmontmetals.com\/#website","url":"https:\/\/www.belmontmetals.com\/","name":"Belmont Metals","description":"","potentialAction":[{"@type":"SearchAction","target":{"@type":"EntryPoint","urlTemplate":"https:\/\/www.belmontmetals.com\/?s={search_term_string}"},"query-input":{"@type":"PropertyValueSpecification","valueRequired":true,"valueName":"search_term_string"}}],"inLanguage":"es"}]}},"_links":{"self":[{"href":"https:\/\/www.belmontmetals.com\/es\/wp-json\/wp\/v2\/product\/3236","targetHints":{"allow":["GET"]}}],"collection":[{"href":"https:\/\/www.belmontmetals.com\/es\/wp-json\/wp\/v2\/product"}],"about":[{"href":"https:\/\/www.belmontmetals.com\/es\/wp-json\/wp\/v2\/types\/product"}],"wp:featuredmedia":[{"embeddable":true,"href":"https:\/\/www.belmontmetals.com\/es\/wp-json\/wp\/v2\/media\/3875"}],"wp:attachment":[{"href":"https:\/\/www.belmontmetals.com\/es\/wp-json\/wp\/v2\/media?parent=3236"}],"wp:term":[{"taxonomy":"product_brand","embeddable":true,"href":"https:\/\/www.belmontmetals.com\/es\/wp-json\/wp\/v2\/product_brand?post=3236"},{"taxonomy":"product_tag","embeddable":true,"href":"https:\/\/www.belmontmetals.com\/es\/wp-json\/wp\/v2\/product_tag?post=3236"},{"taxonomy":"woo-feed-brand","embeddable":true,"href":"https:\/\/www.belmontmetals.com\/es\/wp-json\/wp\/v2\/woo-feed-brand?post=3236"}],"curies":[{"name":"wp","href":"https:\/\/api.w.org\/{rel}","templated":true}]}}