{"id":3234,"date":"2017-09-06T16:12:44","date_gmt":"2017-09-06T16:12:44","guid":{"rendered":"http:\/\/www.belmontmetals.com\/product\/99-99-zinc-anodes\/"},"modified":"2017-11-28T16:10:08","modified_gmt":"2017-11-28T16:10:08","slug":"anodos-de-zinc-al-99-99","status":"publish","type":"product","link":"https:\/\/www.belmontmetals.com\/es\/producto\/anodos-de-zinc-al-99-99\/","title":{"rendered":"\u00c1nodos de Zinc al 99,99%"},"content":{"rendered":"<p>Se utilizan principalmente en acero galvanizado para evitar el \u00f3xido, en aleaciones de moldeado de fundici\u00f3n de zinc y en aleaciones en base a cobre, como el lat\u00f3n. El zinc tambi\u00e9n es esencial para el crecimiento de muchos tipos de organismos, tanto animales como vegetales. El zinc tambi\u00e9n extiende la vida \u00fatil de otros materiales como el acero (por inmersi\u00f3n en caliente o electrogalvanizado), goma y pl\u00e1sticos (como un inhibidor de envejecimiento) y madera (en pinturas).<\/p>\n","protected":false},"excerpt":{"rendered":"<p>Se utilizan principalmente en acero galvanizado para evitar el \u00f3xido, en aleaciones de moldeado de fundici\u00f3n de zinc y en aleaciones en base a cobre, como el lat\u00f3n. El zinc tambi\u00e9n es esencial para el crecimiento de muchos tipos de organismos, tanto animales como vegetales. El zinc tambi\u00e9n extiende la vida \u00fatil de otros materiales como el acero (por inmersi\u00f3n en caliente o electrogalvanizado), goma y pl\u00e1sticos (como un inhibidor de envejecimiento) y madera (en pinturas).<\/p>\n","protected":false},"featured_media":0,"template":"","meta":{"_acf_changed":false},"product_brand":[],"product_tag":[],"woo-feed-brand":[],"class_list":{"0":"post-3234","1":"product","2":"type-product","3":"status-publish","5":"product_cat-anodos-electrodeposicion","6":"pa_forms-rectangulares","7":"pa_nominal-composition-99-99-zn","9":"first","10":"instock","11":"taxable","12":"shipping-taxable","13":"product-type-simple"},"group_of_quantity":0,"min_quantity":0,"max_quantity":"","exclude_order_quantity_value_rules":"no","exclude_category_quantity_rules":"no","combine_variations":"no","acf":[],"yoast_head":"<!-- This site is optimized with the Yoast SEO plugin v27.5 - https:\/\/yoast.com\/product\/yoast-seo-wordpress\/ -->\n<title>\u00c1nodos de Zinc al 99,99% - Belmont Metals<\/title>\n<meta name=\"robots\" content=\"index, follow, max-snippet:-1, max-image-preview:large, max-video-preview:-1\" \/>\n<link rel=\"canonical\" href=\"https:\/\/www.belmontmetals.com\/producto\/99-99-zinc-anodes\/\" \/>\n<meta property=\"og:locale\" content=\"es_ES\" \/>\n<meta property=\"og:type\" content=\"article\" \/>\n<meta property=\"og:title\" content=\"\u00c1nodos de Zinc al 99,99% - Belmont Metals\" \/>\n<meta property=\"og:description\" content=\"Se utilizan principalmente en acero galvanizado para evitar el \u00f3xido, en aleaciones de moldeado de fundici\u00f3n de zinc y en aleaciones en base a cobre, como el lat\u00f3n. El zinc tambi\u00e9n es esencial para el crecimiento de muchos tipos de organismos, tanto animales como vegetales. El zinc tambi\u00e9n extiende la vida \u00fatil de otros materiales como el acero (por inmersi\u00f3n en caliente o electrogalvanizado), goma y pl\u00e1sticos (como un inhibidor de envejecimiento) y madera (en pinturas).\" \/>\n<meta property=\"og:url\" content=\"https:\/\/www.belmontmetals.com\/producto\/99-99-zinc-anodes\/\" \/>\n<meta property=\"og:site_name\" content=\"Belmont Metals\" \/>\n<meta property=\"article:publisher\" content=\"https:\/\/www.facebook.com\/BelmontMetals\/\" \/>\n<meta property=\"article:modified_time\" content=\"2017-11-28T16:10:08+00:00\" \/>\n<meta property=\"og:image\" content=\"https:\/\/www.belmontmetals.com\/wp-content\/uploads\/2017\/12\/homepage-screenshot.jpg\" \/>\n\t<meta property=\"og:image:width\" content=\"1263\" \/>\n\t<meta property=\"og:image:height\" content=\"883\" \/>\n\t<meta property=\"og:image:type\" content=\"image\/jpeg\" \/>\n<meta name=\"twitter:card\" content=\"summary_large_image\" \/>\n<meta name=\"twitter:site\" content=\"@BelmontMetals\" \/>\n<script type=\"application\/ld+json\" class=\"yoast-schema-graph\">{\"@context\":\"https:\\\/\\\/schema.org\",\"@graph\":[{\"@type\":\"WebPage\",\"@id\":\"https:\\\/\\\/www.belmontmetals.com\\\/producto\\\/99-99-zinc-anodes\\\/\",\"url\":\"https:\\\/\\\/www.belmontmetals.com\\\/producto\\\/99-99-zinc-anodes\\\/\",\"name\":\"\u00c1nodos de Zinc al 99,99% - Belmont Metals\",\"isPartOf\":{\"@id\":\"https:\\\/\\\/www.belmontmetals.com\\\/#website\"},\"datePublished\":\"2017-09-06T16:12:44+00:00\",\"dateModified\":\"2017-11-28T16:10:08+00:00\",\"breadcrumb\":{\"@id\":\"https:\\\/\\\/www.belmontmetals.com\\\/producto\\\/99-99-zinc-anodes\\\/#breadcrumb\"},\"inLanguage\":\"es\",\"potentialAction\":[{\"@type\":\"ReadAction\",\"target\":[\"https:\\\/\\\/www.belmontmetals.com\\\/producto\\\/99-99-zinc-anodes\\\/\"]}]},{\"@type\":\"BreadcrumbList\",\"@id\":\"https:\\\/\\\/www.belmontmetals.com\\\/producto\\\/99-99-zinc-anodes\\\/#breadcrumb\",\"itemListElement\":[{\"@type\":\"ListItem\",\"position\":1,\"name\":\"Home\",\"item\":\"https:\\\/\\\/www.belmontmetals.com\\\/es\\\/\"},{\"@type\":\"ListItem\",\"position\":2,\"name\":\"Store\",\"item\":\"https:\\\/\\\/www.belmontmetals.com\\\/store\\\/\"},{\"@type\":\"ListItem\",\"position\":3,\"name\":\"\u00c1nodos de Zinc al 99,99%\"}]},{\"@type\":\"WebSite\",\"@id\":\"https:\\\/\\\/www.belmontmetals.com\\\/#website\",\"url\":\"https:\\\/\\\/www.belmontmetals.com\\\/\",\"name\":\"Belmont Metals\",\"description\":\"\",\"potentialAction\":[{\"@type\":\"SearchAction\",\"target\":{\"@type\":\"EntryPoint\",\"urlTemplate\":\"https:\\\/\\\/www.belmontmetals.com\\\/?s={search_term_string}\"},\"query-input\":{\"@type\":\"PropertyValueSpecification\",\"valueRequired\":true,\"valueName\":\"search_term_string\"}}],\"inLanguage\":\"es\"}]}<\/script>\n<!-- \/ Yoast SEO plugin. -->","yoast_head_json":{"title":"\u00c1nodos de Zinc al 99,99% - Belmont Metals","robots":{"index":"index","follow":"follow","max-snippet":"max-snippet:-1","max-image-preview":"max-image-preview:large","max-video-preview":"max-video-preview:-1"},"canonical":"https:\/\/www.belmontmetals.com\/producto\/99-99-zinc-anodes\/","og_locale":"es_ES","og_type":"article","og_title":"\u00c1nodos de Zinc al 99,99% - Belmont Metals","og_description":"Se utilizan principalmente en acero galvanizado para evitar el \u00f3xido, en aleaciones de moldeado de fundici\u00f3n de zinc y en aleaciones en base a cobre, como el lat\u00f3n. El zinc tambi\u00e9n es esencial para el crecimiento de muchos tipos de organismos, tanto animales como vegetales. El zinc tambi\u00e9n extiende la vida \u00fatil de otros materiales como el acero (por inmersi\u00f3n en caliente o electrogalvanizado), goma y pl\u00e1sticos (como un inhibidor de envejecimiento) y madera (en pinturas).","og_url":"https:\/\/www.belmontmetals.com\/producto\/99-99-zinc-anodes\/","og_site_name":"Belmont Metals","article_publisher":"https:\/\/www.facebook.com\/BelmontMetals\/","article_modified_time":"2017-11-28T16:10:08+00:00","og_image":[{"width":1263,"height":883,"url":"https:\/\/www.belmontmetals.com\/wp-content\/uploads\/2017\/12\/homepage-screenshot.jpg","type":"image\/jpeg"}],"twitter_card":"summary_large_image","twitter_site":"@BelmontMetals","schema":{"@context":"https:\/\/schema.org","@graph":[{"@type":"WebPage","@id":"https:\/\/www.belmontmetals.com\/producto\/99-99-zinc-anodes\/","url":"https:\/\/www.belmontmetals.com\/producto\/99-99-zinc-anodes\/","name":"\u00c1nodos de Zinc al 99,99% - Belmont Metals","isPartOf":{"@id":"https:\/\/www.belmontmetals.com\/#website"},"datePublished":"2017-09-06T16:12:44+00:00","dateModified":"2017-11-28T16:10:08+00:00","breadcrumb":{"@id":"https:\/\/www.belmontmetals.com\/producto\/99-99-zinc-anodes\/#breadcrumb"},"inLanguage":"es","potentialAction":[{"@type":"ReadAction","target":["https:\/\/www.belmontmetals.com\/producto\/99-99-zinc-anodes\/"]}]},{"@type":"BreadcrumbList","@id":"https:\/\/www.belmontmetals.com\/producto\/99-99-zinc-anodes\/#breadcrumb","itemListElement":[{"@type":"ListItem","position":1,"name":"Home","item":"https:\/\/www.belmontmetals.com\/es\/"},{"@type":"ListItem","position":2,"name":"Store","item":"https:\/\/www.belmontmetals.com\/store\/"},{"@type":"ListItem","position":3,"name":"\u00c1nodos de Zinc al 99,99%"}]},{"@type":"WebSite","@id":"https:\/\/www.belmontmetals.com\/#website","url":"https:\/\/www.belmontmetals.com\/","name":"Belmont Metals","description":"","potentialAction":[{"@type":"SearchAction","target":{"@type":"EntryPoint","urlTemplate":"https:\/\/www.belmontmetals.com\/?s={search_term_string}"},"query-input":{"@type":"PropertyValueSpecification","valueRequired":true,"valueName":"search_term_string"}}],"inLanguage":"es"}]}},"_links":{"self":[{"href":"https:\/\/www.belmontmetals.com\/es\/wp-json\/wp\/v2\/product\/3234","targetHints":{"allow":["GET"]}}],"collection":[{"href":"https:\/\/www.belmontmetals.com\/es\/wp-json\/wp\/v2\/product"}],"about":[{"href":"https:\/\/www.belmontmetals.com\/es\/wp-json\/wp\/v2\/types\/product"}],"wp:attachment":[{"href":"https:\/\/www.belmontmetals.com\/es\/wp-json\/wp\/v2\/media?parent=3234"}],"wp:term":[{"taxonomy":"product_brand","embeddable":true,"href":"https:\/\/www.belmontmetals.com\/es\/wp-json\/wp\/v2\/product_brand?post=3234"},{"taxonomy":"product_tag","embeddable":true,"href":"https:\/\/www.belmontmetals.com\/es\/wp-json\/wp\/v2\/product_tag?post=3234"},{"taxonomy":"woo-feed-brand","embeddable":true,"href":"https:\/\/www.belmontmetals.com\/es\/wp-json\/wp\/v2\/woo-feed-brand?post=3234"}],"curies":[{"name":"wp","href":"https:\/\/api.w.org\/{rel}","templated":true}]}}