{"id":3232,"date":"2017-09-06T16:12:44","date_gmt":"2017-09-06T16:12:44","guid":{"rendered":"http:\/\/www.belmontmetals.com\/product\/special-high-grade-99-99-zinc-ball-anodes\/"},"modified":"2017-11-28T16:10:07","modified_gmt":"2017-11-28T16:10:07","slug":"anodos-esfericos-de-zinc-al-99-99-de-alto-grado-especial","status":"publish","type":"product","link":"https:\/\/www.belmontmetals.com\/es\/producto\/anodos-esfericos-de-zinc-al-99-99-de-alto-grado-especial\/","title":{"rendered":"\u00c1nodos Esf\u00e9ricos de Zinc al 99, 99% de Alto Grado Especial"},"content":{"rendered":"<p>El ba\u00f1o de metal de zinc ofrece una mejor protecci\u00f3n para hierro y acero, que cualquier otro revestimiento anticorrosi\u00f3n. Los Revestimiento de ba\u00f1o de Zinc SHG son puros, en comparaci\u00f3n a los realizados por inmersi\u00f3n en caliente, y adem\u00e1s son m\u00e1s delgados y m\u00e1s d\u00factiles, lo que permite que sean m\u00e1s brillantes y lustrosos. Ofrecemos estos materiales en esferas de 2 pulgadas de di\u00e1metro que son s\u00f3lidas y limpias, y no contienen rebabas, lo que provocar\u00eda atascos en las canastillas.<\/p>\n","protected":false},"excerpt":{"rendered":"<p>El ba\u00f1o de metal de zinc ofrece una mejor protecci\u00f3n para hierro y acero, que cualquier otro revestimiento anticorrosi\u00f3n. Los Revestimiento de ba\u00f1o de Zinc SHG son puros, en comparaci\u00f3n a los realizados por inmersi\u00f3n en caliente, y adem\u00e1s son m\u00e1s delgados y m\u00e1s d\u00factiles, lo que permite que sean m\u00e1s brillantes y lustrosos. Ofrecemos estos materiales en esferas de 2 pulgadas de di\u00e1metro que son s\u00f3lidas y limpias, y no contienen rebabas, lo que provocar\u00eda atascos en las canastillas.<\/p>\n","protected":false},"featured_media":2776,"template":"","meta":{"_acf_changed":false},"product_brand":[],"product_tag":[],"woo-feed-brand":[],"class_list":{"0":"post-3232","1":"product","2":"type-product","3":"status-publish","4":"has-post-thumbnail","6":"product_cat-anodos-electrodeposicion","7":"pa_forms-esferas-de-2-de-diametro","8":"pa_nominal-composition-99-99-zn","10":"first","11":"instock","12":"taxable","13":"shipping-taxable","14":"product-type-variable"},"group_of_quantity":0,"min_quantity":0,"max_quantity":"","exclude_order_quantity_value_rules":"no","exclude_category_quantity_rules":"no","combine_variations":"no","acf":[],"yoast_head":"<!-- This site is optimized with the Yoast SEO plugin v27.5 - https:\/\/yoast.com\/product\/yoast-seo-wordpress\/ -->\n<title>\u00c1nodos Esf\u00e9ricos de Zinc al 99, 99% de Alto Grado Especial - Belmont Metals<\/title>\n<meta name=\"robots\" content=\"index, follow, max-snippet:-1, max-image-preview:large, max-video-preview:-1\" \/>\n<link rel=\"canonical\" href=\"https:\/\/www.belmontmetals.com\/es\/producto\/anodos-esfericos-de-zinc-al-99-99-de-alto-grado-especial\/\" \/>\n<meta property=\"og:locale\" content=\"es_ES\" \/>\n<meta property=\"og:type\" content=\"article\" \/>\n<meta property=\"og:title\" content=\"\u00c1nodos Esf\u00e9ricos de Zinc al 99, 99% de Alto Grado Especial - Belmont Metals\" \/>\n<meta property=\"og:description\" content=\"El ba\u00f1o de metal de zinc ofrece una mejor protecci\u00f3n para hierro y acero, que cualquier otro revestimiento anticorrosi\u00f3n. Los Revestimiento de ba\u00f1o de Zinc SHG son puros, en comparaci\u00f3n a los realizados por inmersi\u00f3n en caliente, y adem\u00e1s son m\u00e1s delgados y m\u00e1s d\u00factiles, lo que permite que sean m\u00e1s brillantes y lustrosos. Ofrecemos estos materiales en esferas de 2 pulgadas de di\u00e1metro que son s\u00f3lidas y limpias, y no contienen rebabas, lo que provocar\u00eda atascos en las canastillas.\" \/>\n<meta property=\"og:url\" content=\"https:\/\/www.belmontmetals.com\/es\/producto\/anodos-esfericos-de-zinc-al-99-99-de-alto-grado-especial\/\" \/>\n<meta property=\"og:site_name\" content=\"Belmont Metals\" \/>\n<meta property=\"article:publisher\" content=\"https:\/\/www.facebook.com\/BelmontMetals\/\" \/>\n<meta property=\"article:modified_time\" content=\"2017-11-28T16:10:07+00:00\" \/>\n<meta property=\"og:image\" content=\"https:\/\/www.belmontmetals.com\/wp-content\/uploads\/2017\/09\/8000AG-Zinc-Balls.jpg\" \/>\n\t<meta property=\"og:image:width\" content=\"375\" \/>\n\t<meta property=\"og:image:height\" content=\"375\" \/>\n\t<meta property=\"og:image:type\" content=\"image\/jpeg\" \/>\n<meta name=\"twitter:card\" content=\"summary_large_image\" \/>\n<meta name=\"twitter:site\" content=\"@BelmontMetals\" \/>\n<script type=\"application\/ld+json\" class=\"yoast-schema-graph\">{\"@context\":\"https:\\\/\\\/schema.org\",\"@graph\":[{\"@type\":\"WebPage\",\"@id\":\"https:\\\/\\\/www.belmontmetals.com\\\/es\\\/producto\\\/anodos-esfericos-de-zinc-al-99-99-de-alto-grado-especial\\\/\",\"url\":\"https:\\\/\\\/www.belmontmetals.com\\\/es\\\/producto\\\/anodos-esfericos-de-zinc-al-99-99-de-alto-grado-especial\\\/\",\"name\":\"\u00c1nodos Esf\u00e9ricos de Zinc al 99, 99% de Alto Grado Especial - Belmont Metals\",\"isPartOf\":{\"@id\":\"https:\\\/\\\/www.belmontmetals.com\\\/#website\"},\"primaryImageOfPage\":{\"@id\":\"https:\\\/\\\/www.belmontmetals.com\\\/es\\\/producto\\\/anodos-esfericos-de-zinc-al-99-99-de-alto-grado-especial\\\/#primaryimage\"},\"image\":{\"@id\":\"https:\\\/\\\/www.belmontmetals.com\\\/es\\\/producto\\\/anodos-esfericos-de-zinc-al-99-99-de-alto-grado-especial\\\/#primaryimage\"},\"thumbnailUrl\":\"https:\\\/\\\/www.belmontmetals.com\\\/wp-content\\\/uploads\\\/2017\\\/09\\\/8000AG-Zinc-Balls.jpg\",\"datePublished\":\"2017-09-06T16:12:44+00:00\",\"dateModified\":\"2017-11-28T16:10:07+00:00\",\"breadcrumb\":{\"@id\":\"https:\\\/\\\/www.belmontmetals.com\\\/es\\\/producto\\\/anodos-esfericos-de-zinc-al-99-99-de-alto-grado-especial\\\/#breadcrumb\"},\"inLanguage\":\"es\",\"potentialAction\":[{\"@type\":\"ReadAction\",\"target\":[\"https:\\\/\\\/www.belmontmetals.com\\\/es\\\/producto\\\/anodos-esfericos-de-zinc-al-99-99-de-alto-grado-especial\\\/\"]}]},{\"@type\":\"ImageObject\",\"inLanguage\":\"es\",\"@id\":\"https:\\\/\\\/www.belmontmetals.com\\\/es\\\/producto\\\/anodos-esfericos-de-zinc-al-99-99-de-alto-grado-especial\\\/#primaryimage\",\"url\":\"https:\\\/\\\/www.belmontmetals.com\\\/wp-content\\\/uploads\\\/2017\\\/09\\\/8000AG-Zinc-Balls.jpg\",\"contentUrl\":\"https:\\\/\\\/www.belmontmetals.com\\\/wp-content\\\/uploads\\\/2017\\\/09\\\/8000AG-Zinc-Balls.jpg\",\"width\":375,\"height\":375},{\"@type\":\"BreadcrumbList\",\"@id\":\"https:\\\/\\\/www.belmontmetals.com\\\/es\\\/producto\\\/anodos-esfericos-de-zinc-al-99-99-de-alto-grado-especial\\\/#breadcrumb\",\"itemListElement\":[{\"@type\":\"ListItem\",\"position\":1,\"name\":\"Home\",\"item\":\"https:\\\/\\\/www.belmontmetals.com\\\/es\\\/\"},{\"@type\":\"ListItem\",\"position\":2,\"name\":\"Store\",\"item\":\"https:\\\/\\\/www.belmontmetals.com\\\/store\\\/\"},{\"@type\":\"ListItem\",\"position\":3,\"name\":\"\u00c1nodos Esf\u00e9ricos de Zinc al 99, 99% de Alto Grado Especial\"}]},{\"@type\":\"WebSite\",\"@id\":\"https:\\\/\\\/www.belmontmetals.com\\\/#website\",\"url\":\"https:\\\/\\\/www.belmontmetals.com\\\/\",\"name\":\"Belmont Metals\",\"description\":\"\",\"potentialAction\":[{\"@type\":\"SearchAction\",\"target\":{\"@type\":\"EntryPoint\",\"urlTemplate\":\"https:\\\/\\\/www.belmontmetals.com\\\/?s={search_term_string}\"},\"query-input\":{\"@type\":\"PropertyValueSpecification\",\"valueRequired\":true,\"valueName\":\"search_term_string\"}}],\"inLanguage\":\"es\"}]}<\/script>\n<!-- \/ Yoast SEO plugin. -->","yoast_head_json":{"title":"\u00c1nodos Esf\u00e9ricos de Zinc al 99, 99% de Alto Grado Especial - Belmont Metals","robots":{"index":"index","follow":"follow","max-snippet":"max-snippet:-1","max-image-preview":"max-image-preview:large","max-video-preview":"max-video-preview:-1"},"canonical":"https:\/\/www.belmontmetals.com\/es\/producto\/anodos-esfericos-de-zinc-al-99-99-de-alto-grado-especial\/","og_locale":"es_ES","og_type":"article","og_title":"\u00c1nodos Esf\u00e9ricos de Zinc al 99, 99% de Alto Grado Especial - Belmont Metals","og_description":"El ba\u00f1o de metal de zinc ofrece una mejor protecci\u00f3n para hierro y acero, que cualquier otro revestimiento anticorrosi\u00f3n. Los Revestimiento de ba\u00f1o de Zinc SHG son puros, en comparaci\u00f3n a los realizados por inmersi\u00f3n en caliente, y adem\u00e1s son m\u00e1s delgados y m\u00e1s d\u00factiles, lo que permite que sean m\u00e1s brillantes y lustrosos. Ofrecemos estos materiales en esferas de 2 pulgadas de di\u00e1metro que son s\u00f3lidas y limpias, y no contienen rebabas, lo que provocar\u00eda atascos en las canastillas.","og_url":"https:\/\/www.belmontmetals.com\/es\/producto\/anodos-esfericos-de-zinc-al-99-99-de-alto-grado-especial\/","og_site_name":"Belmont Metals","article_publisher":"https:\/\/www.facebook.com\/BelmontMetals\/","article_modified_time":"2017-11-28T16:10:07+00:00","og_image":[{"width":375,"height":375,"url":"https:\/\/www.belmontmetals.com\/wp-content\/uploads\/2017\/09\/8000AG-Zinc-Balls.jpg","type":"image\/jpeg"}],"twitter_card":"summary_large_image","twitter_site":"@BelmontMetals","schema":{"@context":"https:\/\/schema.org","@graph":[{"@type":"WebPage","@id":"https:\/\/www.belmontmetals.com\/es\/producto\/anodos-esfericos-de-zinc-al-99-99-de-alto-grado-especial\/","url":"https:\/\/www.belmontmetals.com\/es\/producto\/anodos-esfericos-de-zinc-al-99-99-de-alto-grado-especial\/","name":"\u00c1nodos Esf\u00e9ricos de Zinc al 99, 99% de Alto Grado Especial - Belmont Metals","isPartOf":{"@id":"https:\/\/www.belmontmetals.com\/#website"},"primaryImageOfPage":{"@id":"https:\/\/www.belmontmetals.com\/es\/producto\/anodos-esfericos-de-zinc-al-99-99-de-alto-grado-especial\/#primaryimage"},"image":{"@id":"https:\/\/www.belmontmetals.com\/es\/producto\/anodos-esfericos-de-zinc-al-99-99-de-alto-grado-especial\/#primaryimage"},"thumbnailUrl":"https:\/\/www.belmontmetals.com\/wp-content\/uploads\/2017\/09\/8000AG-Zinc-Balls.jpg","datePublished":"2017-09-06T16:12:44+00:00","dateModified":"2017-11-28T16:10:07+00:00","breadcrumb":{"@id":"https:\/\/www.belmontmetals.com\/es\/producto\/anodos-esfericos-de-zinc-al-99-99-de-alto-grado-especial\/#breadcrumb"},"inLanguage":"es","potentialAction":[{"@type":"ReadAction","target":["https:\/\/www.belmontmetals.com\/es\/producto\/anodos-esfericos-de-zinc-al-99-99-de-alto-grado-especial\/"]}]},{"@type":"ImageObject","inLanguage":"es","@id":"https:\/\/www.belmontmetals.com\/es\/producto\/anodos-esfericos-de-zinc-al-99-99-de-alto-grado-especial\/#primaryimage","url":"https:\/\/www.belmontmetals.com\/wp-content\/uploads\/2017\/09\/8000AG-Zinc-Balls.jpg","contentUrl":"https:\/\/www.belmontmetals.com\/wp-content\/uploads\/2017\/09\/8000AG-Zinc-Balls.jpg","width":375,"height":375},{"@type":"BreadcrumbList","@id":"https:\/\/www.belmontmetals.com\/es\/producto\/anodos-esfericos-de-zinc-al-99-99-de-alto-grado-especial\/#breadcrumb","itemListElement":[{"@type":"ListItem","position":1,"name":"Home","item":"https:\/\/www.belmontmetals.com\/es\/"},{"@type":"ListItem","position":2,"name":"Store","item":"https:\/\/www.belmontmetals.com\/store\/"},{"@type":"ListItem","position":3,"name":"\u00c1nodos Esf\u00e9ricos de Zinc al 99, 99% de Alto Grado Especial"}]},{"@type":"WebSite","@id":"https:\/\/www.belmontmetals.com\/#website","url":"https:\/\/www.belmontmetals.com\/","name":"Belmont Metals","description":"","potentialAction":[{"@type":"SearchAction","target":{"@type":"EntryPoint","urlTemplate":"https:\/\/www.belmontmetals.com\/?s={search_term_string}"},"query-input":{"@type":"PropertyValueSpecification","valueRequired":true,"valueName":"search_term_string"}}],"inLanguage":"es"}]}},"_links":{"self":[{"href":"https:\/\/www.belmontmetals.com\/es\/wp-json\/wp\/v2\/product\/3232","targetHints":{"allow":["GET"]}}],"collection":[{"href":"https:\/\/www.belmontmetals.com\/es\/wp-json\/wp\/v2\/product"}],"about":[{"href":"https:\/\/www.belmontmetals.com\/es\/wp-json\/wp\/v2\/types\/product"}],"wp:featuredmedia":[{"embeddable":true,"href":"https:\/\/www.belmontmetals.com\/es\/wp-json\/wp\/v2\/media\/2776"}],"wp:attachment":[{"href":"https:\/\/www.belmontmetals.com\/es\/wp-json\/wp\/v2\/media?parent=3232"}],"wp:term":[{"taxonomy":"product_brand","embeddable":true,"href":"https:\/\/www.belmontmetals.com\/es\/wp-json\/wp\/v2\/product_brand?post=3232"},{"taxonomy":"product_tag","embeddable":true,"href":"https:\/\/www.belmontmetals.com\/es\/wp-json\/wp\/v2\/product_tag?post=3232"},{"taxonomy":"woo-feed-brand","embeddable":true,"href":"https:\/\/www.belmontmetals.com\/es\/wp-json\/wp\/v2\/woo-feed-brand?post=3232"}],"curies":[{"name":"wp","href":"https:\/\/api.w.org\/{rel}","templated":true}]}}