{"id":3230,"date":"2017-09-06T16:12:44","date_gmt":"2017-09-06T16:12:44","guid":{"rendered":"http:\/\/www.belmontmetals.com\/product\/vale-grade-s-nickel\/"},"modified":"2017-11-29T16:38:39","modified_gmt":"2017-11-29T16:38:39","slug":"niquel-de-grado-s-vale","status":"publish","type":"product","link":"https:\/\/www.belmontmetals.com\/es\/producto\/niquel-de-grado-s-vale\/","title":{"rendered":"N\u00edquel de Grado S Vale"},"content":{"rendered":"<p>Los pellet-S de Vale son material de \u00e1nodo de n\u00edquel completamente activado, lo que es ideal para la electrodeposici\u00f3n con canastillas de \u00e1nodo. Los pellet tienen una forma esf\u00e9rica y se elaboran mediante un proceso especial de refinaci\u00f3n de gas que retiene una cantidad peque\u00f1a y muy controlada de azufre en el n\u00edquel, para maximizar su actividad electroqu\u00edmica. La forma \u00fanica de esfera de los pellet de n\u00edquel-S de Vale garantiza un grado de fluidez al que no llega ninguna otra forma de ba\u00f1o de n\u00edquel, y esta propiedad lo hace relativamente f\u00e1cil para llenar canastillas de \u00e1nodo de distintos tama\u00f1os y formas, ya sea manualmente o con la ayuda de tolvas, embudos, canales y tubos.<\/p>\n","protected":false},"excerpt":{"rendered":"<p>Los pellet-S de Vale son material de \u00e1nodo de n\u00edquel completamente activado, lo que es ideal para la electrodeposici\u00f3n con canastillas de \u00e1nodo. Los pellet tienen una forma esf\u00e9rica y se elaboran mediante un proceso especial de refinaci\u00f3n de gas que retiene una cantidad peque\u00f1a y muy controlada de azufre en el n\u00edquel, para maximizar su actividad electroqu\u00edmica. La forma \u00fanica de esfera de los pellet de n\u00edquel-S de Vale garantiza un grado de fluidez al que no llega ninguna otra forma de ba\u00f1o de n\u00edquel, y esta propiedad lo hace relativamente f\u00e1cil para llenar canastillas de \u00e1nodo de distintos tama\u00f1os y formas, ya sea manualmente o con la ayuda de tolvas, embudos, canales y tubos.<\/p>\n","protected":false},"featured_media":2793,"template":"","meta":{"_acf_changed":false},"product_brand":[],"product_tag":[],"woo-feed-brand":[],"class_list":{"0":"post-3230","1":"product","2":"type-product","3":"status-publish","4":"has-post-thumbnail","6":"product_cat-anodos-electrodeposicion","7":"product_cat-niquel","8":"pa_forms-monedas-de-1-pellets","9":"pa_nominal-composition-99-95-ni","11":"first","12":"instock","13":"taxable","14":"shipping-taxable","15":"product-type-variable"},"group_of_quantity":0,"min_quantity":0,"max_quantity":"","exclude_order_quantity_value_rules":"no","exclude_category_quantity_rules":"no","combine_variations":"no","acf":[],"yoast_head":"<!-- This site is optimized with the Yoast SEO plugin v27.4 - https:\/\/yoast.com\/product\/yoast-seo-wordpress\/ -->\n<title>N\u00edquel de Grado S Vale - Belmont Metals<\/title>\n<meta name=\"robots\" content=\"index, follow, max-snippet:-1, max-image-preview:large, max-video-preview:-1\" \/>\n<link rel=\"canonical\" href=\"https:\/\/www.belmontmetals.com\/producto\/vale-grade-s-nickel\/\" \/>\n<meta property=\"og:locale\" content=\"es_ES\" \/>\n<meta property=\"og:type\" content=\"article\" \/>\n<meta property=\"og:title\" content=\"N\u00edquel de Grado S Vale - Belmont Metals\" \/>\n<meta property=\"og:description\" content=\"Los pellet-S de Vale son material de \u00e1nodo de n\u00edquel completamente activado, lo que es ideal para la electrodeposici\u00f3n con canastillas de \u00e1nodo. Los pellet tienen una forma esf\u00e9rica y se elaboran mediante un proceso especial de refinaci\u00f3n de gas que retiene una cantidad peque\u00f1a y muy controlada de azufre en el n\u00edquel, para maximizar su actividad electroqu\u00edmica. La forma \u00fanica de esfera de los pellet de n\u00edquel-S de Vale garantiza un grado de fluidez al que no llega ninguna otra forma de ba\u00f1o de n\u00edquel, y esta propiedad lo hace relativamente f\u00e1cil para llenar canastillas de \u00e1nodo de distintos tama\u00f1os y formas, ya sea manualmente o con la ayuda de tolvas, embudos, canales y tubos.\" \/>\n<meta property=\"og:url\" content=\"https:\/\/www.belmontmetals.com\/producto\/vale-grade-s-nickel\/\" \/>\n<meta property=\"og:site_name\" content=\"Belmont Metals\" \/>\n<meta property=\"article:publisher\" content=\"https:\/\/www.facebook.com\/BelmontMetals\/\" \/>\n<meta property=\"article:modified_time\" content=\"2017-11-29T16:38:39+00:00\" \/>\n<meta property=\"og:image\" content=\"https:\/\/www.belmontmetals.com\/wp-content\/uploads\/2017\/09\/9111A-Inco-S-Nickel-1.jpg\" \/>\n\t<meta property=\"og:image:width\" content=\"375\" \/>\n\t<meta property=\"og:image:height\" content=\"375\" \/>\n\t<meta property=\"og:image:type\" content=\"image\/jpeg\" \/>\n<meta name=\"twitter:card\" content=\"summary_large_image\" \/>\n<meta name=\"twitter:site\" content=\"@BelmontMetals\" \/>\n<meta name=\"twitter:label1\" content=\"Tiempo de lectura\" \/>\n\t<meta name=\"twitter:data1\" content=\"1 minuto\" \/>\n<script type=\"application\/ld+json\" class=\"yoast-schema-graph\">{\"@context\":\"https:\\\/\\\/schema.org\",\"@graph\":[{\"@type\":\"WebPage\",\"@id\":\"https:\\\/\\\/www.belmontmetals.com\\\/producto\\\/vale-grade-s-nickel\\\/\",\"url\":\"https:\\\/\\\/www.belmontmetals.com\\\/producto\\\/vale-grade-s-nickel\\\/\",\"name\":\"N\u00edquel de Grado S Vale - Belmont Metals\",\"isPartOf\":{\"@id\":\"https:\\\/\\\/www.belmontmetals.com\\\/#website\"},\"primaryImageOfPage\":{\"@id\":\"https:\\\/\\\/www.belmontmetals.com\\\/producto\\\/vale-grade-s-nickel\\\/#primaryimage\"},\"image\":{\"@id\":\"https:\\\/\\\/www.belmontmetals.com\\\/producto\\\/vale-grade-s-nickel\\\/#primaryimage\"},\"thumbnailUrl\":\"https:\\\/\\\/www.belmontmetals.com\\\/wp-content\\\/uploads\\\/2017\\\/09\\\/9111A-Inco-S-Nickel-1.jpg\",\"datePublished\":\"2017-09-06T16:12:44+00:00\",\"dateModified\":\"2017-11-29T16:38:39+00:00\",\"breadcrumb\":{\"@id\":\"https:\\\/\\\/www.belmontmetals.com\\\/producto\\\/vale-grade-s-nickel\\\/#breadcrumb\"},\"inLanguage\":\"es\",\"potentialAction\":[{\"@type\":\"ReadAction\",\"target\":[\"https:\\\/\\\/www.belmontmetals.com\\\/producto\\\/vale-grade-s-nickel\\\/\"]}]},{\"@type\":\"ImageObject\",\"inLanguage\":\"es\",\"@id\":\"https:\\\/\\\/www.belmontmetals.com\\\/producto\\\/vale-grade-s-nickel\\\/#primaryimage\",\"url\":\"https:\\\/\\\/www.belmontmetals.com\\\/wp-content\\\/uploads\\\/2017\\\/09\\\/9111A-Inco-S-Nickel-1.jpg\",\"contentUrl\":\"https:\\\/\\\/www.belmontmetals.com\\\/wp-content\\\/uploads\\\/2017\\\/09\\\/9111A-Inco-S-Nickel-1.jpg\",\"width\":375,\"height\":375},{\"@type\":\"BreadcrumbList\",\"@id\":\"https:\\\/\\\/www.belmontmetals.com\\\/producto\\\/vale-grade-s-nickel\\\/#breadcrumb\",\"itemListElement\":[{\"@type\":\"ListItem\",\"position\":1,\"name\":\"Home\",\"item\":\"https:\\\/\\\/www.belmontmetals.com\\\/es\\\/\"},{\"@type\":\"ListItem\",\"position\":2,\"name\":\"Store\",\"item\":\"https:\\\/\\\/www.belmontmetals.com\\\/store\\\/\"},{\"@type\":\"ListItem\",\"position\":3,\"name\":\"N\u00edquel de Grado S Vale\"}]},{\"@type\":\"WebSite\",\"@id\":\"https:\\\/\\\/www.belmontmetals.com\\\/#website\",\"url\":\"https:\\\/\\\/www.belmontmetals.com\\\/\",\"name\":\"Belmont Metals\",\"description\":\"\",\"potentialAction\":[{\"@type\":\"SearchAction\",\"target\":{\"@type\":\"EntryPoint\",\"urlTemplate\":\"https:\\\/\\\/www.belmontmetals.com\\\/?s={search_term_string}\"},\"query-input\":{\"@type\":\"PropertyValueSpecification\",\"valueRequired\":true,\"valueName\":\"search_term_string\"}}],\"inLanguage\":\"es\"}]}<\/script>\n<!-- \/ Yoast SEO plugin. -->","yoast_head_json":{"title":"N\u00edquel de Grado S Vale - Belmont Metals","robots":{"index":"index","follow":"follow","max-snippet":"max-snippet:-1","max-image-preview":"max-image-preview:large","max-video-preview":"max-video-preview:-1"},"canonical":"https:\/\/www.belmontmetals.com\/producto\/vale-grade-s-nickel\/","og_locale":"es_ES","og_type":"article","og_title":"N\u00edquel de Grado S Vale - Belmont Metals","og_description":"Los pellet-S de Vale son material de \u00e1nodo de n\u00edquel completamente activado, lo que es ideal para la electrodeposici\u00f3n con canastillas de \u00e1nodo. Los pellet tienen una forma esf\u00e9rica y se elaboran mediante un proceso especial de refinaci\u00f3n de gas que retiene una cantidad peque\u00f1a y muy controlada de azufre en el n\u00edquel, para maximizar su actividad electroqu\u00edmica. La forma \u00fanica de esfera de los pellet de n\u00edquel-S de Vale garantiza un grado de fluidez al que no llega ninguna otra forma de ba\u00f1o de n\u00edquel, y esta propiedad lo hace relativamente f\u00e1cil para llenar canastillas de \u00e1nodo de distintos tama\u00f1os y formas, ya sea manualmente o con la ayuda de tolvas, embudos, canales y tubos.","og_url":"https:\/\/www.belmontmetals.com\/producto\/vale-grade-s-nickel\/","og_site_name":"Belmont Metals","article_publisher":"https:\/\/www.facebook.com\/BelmontMetals\/","article_modified_time":"2017-11-29T16:38:39+00:00","og_image":[{"width":375,"height":375,"url":"https:\/\/www.belmontmetals.com\/wp-content\/uploads\/2017\/09\/9111A-Inco-S-Nickel-1.jpg","type":"image\/jpeg"}],"twitter_card":"summary_large_image","twitter_site":"@BelmontMetals","twitter_misc":{"Tiempo de lectura":"1 minuto"},"schema":{"@context":"https:\/\/schema.org","@graph":[{"@type":"WebPage","@id":"https:\/\/www.belmontmetals.com\/producto\/vale-grade-s-nickel\/","url":"https:\/\/www.belmontmetals.com\/producto\/vale-grade-s-nickel\/","name":"N\u00edquel de Grado S Vale - Belmont Metals","isPartOf":{"@id":"https:\/\/www.belmontmetals.com\/#website"},"primaryImageOfPage":{"@id":"https:\/\/www.belmontmetals.com\/producto\/vale-grade-s-nickel\/#primaryimage"},"image":{"@id":"https:\/\/www.belmontmetals.com\/producto\/vale-grade-s-nickel\/#primaryimage"},"thumbnailUrl":"https:\/\/www.belmontmetals.com\/wp-content\/uploads\/2017\/09\/9111A-Inco-S-Nickel-1.jpg","datePublished":"2017-09-06T16:12:44+00:00","dateModified":"2017-11-29T16:38:39+00:00","breadcrumb":{"@id":"https:\/\/www.belmontmetals.com\/producto\/vale-grade-s-nickel\/#breadcrumb"},"inLanguage":"es","potentialAction":[{"@type":"ReadAction","target":["https:\/\/www.belmontmetals.com\/producto\/vale-grade-s-nickel\/"]}]},{"@type":"ImageObject","inLanguage":"es","@id":"https:\/\/www.belmontmetals.com\/producto\/vale-grade-s-nickel\/#primaryimage","url":"https:\/\/www.belmontmetals.com\/wp-content\/uploads\/2017\/09\/9111A-Inco-S-Nickel-1.jpg","contentUrl":"https:\/\/www.belmontmetals.com\/wp-content\/uploads\/2017\/09\/9111A-Inco-S-Nickel-1.jpg","width":375,"height":375},{"@type":"BreadcrumbList","@id":"https:\/\/www.belmontmetals.com\/producto\/vale-grade-s-nickel\/#breadcrumb","itemListElement":[{"@type":"ListItem","position":1,"name":"Home","item":"https:\/\/www.belmontmetals.com\/es\/"},{"@type":"ListItem","position":2,"name":"Store","item":"https:\/\/www.belmontmetals.com\/store\/"},{"@type":"ListItem","position":3,"name":"N\u00edquel de Grado S Vale"}]},{"@type":"WebSite","@id":"https:\/\/www.belmontmetals.com\/#website","url":"https:\/\/www.belmontmetals.com\/","name":"Belmont Metals","description":"","potentialAction":[{"@type":"SearchAction","target":{"@type":"EntryPoint","urlTemplate":"https:\/\/www.belmontmetals.com\/?s={search_term_string}"},"query-input":{"@type":"PropertyValueSpecification","valueRequired":true,"valueName":"search_term_string"}}],"inLanguage":"es"}]}},"_links":{"self":[{"href":"https:\/\/www.belmontmetals.com\/es\/wp-json\/wp\/v2\/product\/3230","targetHints":{"allow":["GET"]}}],"collection":[{"href":"https:\/\/www.belmontmetals.com\/es\/wp-json\/wp\/v2\/product"}],"about":[{"href":"https:\/\/www.belmontmetals.com\/es\/wp-json\/wp\/v2\/types\/product"}],"wp:featuredmedia":[{"embeddable":true,"href":"https:\/\/www.belmontmetals.com\/es\/wp-json\/wp\/v2\/media\/2793"}],"wp:attachment":[{"href":"https:\/\/www.belmontmetals.com\/es\/wp-json\/wp\/v2\/media?parent=3230"}],"wp:term":[{"taxonomy":"product_brand","embeddable":true,"href":"https:\/\/www.belmontmetals.com\/es\/wp-json\/wp\/v2\/product_brand?post=3230"},{"taxonomy":"product_tag","embeddable":true,"href":"https:\/\/www.belmontmetals.com\/es\/wp-json\/wp\/v2\/product_tag?post=3230"},{"taxonomy":"woo-feed-brand","embeddable":true,"href":"https:\/\/www.belmontmetals.com\/es\/wp-json\/wp\/v2\/woo-feed-brand?post=3230"}],"curies":[{"name":"wp","href":"https:\/\/api.w.org\/{rel}","templated":true}]}}