{"id":3222,"date":"2017-09-06T16:12:45","date_gmt":"2017-09-06T16:12:45","guid":{"rendered":"http:\/\/www.belmontmetals.com\/product\/cadmium-anode\/"},"modified":"2017-11-29T16:23:12","modified_gmt":"2017-11-29T16:23:12","slug":"anodo-de-cadmio","status":"publish","type":"product","link":"https:\/\/www.belmontmetals.com\/es\/producto\/anodo-de-cadmio\/","title":{"rendered":"\u00c1nodo de Cadmio"},"content":{"rendered":"<p>El cadmio por electrodeposici\u00f3n es un revestimiento met\u00e1lico vers\u00e1til y robusto. El cadmio es un metal blanco y blando que, al aplicarse sobre acero, hierro de fundici\u00f3n, hierro maleable, cobre y metal en polvo, funciona como un \u00abrevestimiento de sacrificio\u00bb, que se corroe antes que el material de sustrato. El di\u00e1metro de 2 pulgadas es la forma est\u00e1ndar para muchas aplicaciones de revestimiento.<\/p>\n","protected":false},"excerpt":{"rendered":"<p>El cadmio por electrodeposici\u00f3n es un revestimiento met\u00e1lico vers\u00e1til y robusto. El cadmio es un metal blanco y blando que, al aplicarse sobre acero, hierro de fundici\u00f3n, hierro maleable, cobre y metal en polvo, funciona como un \u00abrevestimiento de sacrificio\u00bb, que se corroe antes que el material de sustrato. El di\u00e1metro de 2 pulgadas es la forma est\u00e1ndar para muchas aplicaciones de revestimiento.<\/p>\n","protected":false},"featured_media":2693,"template":"","meta":{"_acf_changed":false},"product_brand":[],"product_tag":[],"woo-feed-brand":[],"class_list":{"0":"post-3222","1":"product","2":"type-product","3":"status-publish","4":"has-post-thumbnail","6":"product_cat-anodos-electrodeposicion","7":"product_cat-cadmio","8":"pa_forms-esferas-de-2-de-diam-aprox-12-libras-ea","9":"pa_nominal-composition-99-95-cd","11":"first","12":"instock","13":"taxable","14":"shipping-taxable","15":"product-type-variable"},"group_of_quantity":0,"min_quantity":0,"max_quantity":"","exclude_order_quantity_value_rules":"no","exclude_category_quantity_rules":"no","combine_variations":"no","acf":[],"yoast_head":"<!-- This site is optimized with the Yoast SEO plugin v27.4 - https:\/\/yoast.com\/product\/yoast-seo-wordpress\/ -->\n<title>\u00c1nodo de Cadmio - Belmont Metals<\/title>\n<meta name=\"robots\" content=\"index, follow, max-snippet:-1, max-image-preview:large, max-video-preview:-1\" \/>\n<link rel=\"canonical\" href=\"https:\/\/www.belmontmetals.com\/producto\/cadmium-anode\/\" \/>\n<meta property=\"og:locale\" content=\"es_ES\" \/>\n<meta property=\"og:type\" content=\"article\" \/>\n<meta property=\"og:title\" content=\"\u00c1nodo de Cadmio - Belmont Metals\" \/>\n<meta property=\"og:description\" content=\"El cadmio por electrodeposici\u00f3n es un revestimiento met\u00e1lico vers\u00e1til y robusto. El cadmio es un metal blanco y blando que, al aplicarse sobre acero, hierro de fundici\u00f3n, hierro maleable, cobre y metal en polvo, funciona como un &quot;revestimiento de sacrificio&quot;, que se corroe antes que el material de sustrato. El di\u00e1metro de 2 pulgadas es la forma est\u00e1ndar para muchas aplicaciones de revestimiento.\" \/>\n<meta property=\"og:url\" content=\"https:\/\/www.belmontmetals.com\/producto\/cadmium-anode\/\" \/>\n<meta property=\"og:site_name\" content=\"Belmont Metals\" \/>\n<meta property=\"article:publisher\" content=\"https:\/\/www.facebook.com\/BelmontMetals\/\" \/>\n<meta property=\"article:modified_time\" content=\"2017-11-29T16:23:12+00:00\" \/>\n<meta property=\"og:image\" content=\"https:\/\/www.belmontmetals.com\/wp-content\/uploads\/2017\/09\/3010A-Cadmium-Anodes.jpg\" \/>\n\t<meta property=\"og:image:width\" content=\"375\" \/>\n\t<meta property=\"og:image:height\" content=\"375\" \/>\n\t<meta property=\"og:image:type\" content=\"image\/jpeg\" \/>\n<meta name=\"twitter:card\" content=\"summary_large_image\" \/>\n<meta name=\"twitter:site\" content=\"@BelmontMetals\" \/>\n<script type=\"application\/ld+json\" class=\"yoast-schema-graph\">{\"@context\":\"https:\\\/\\\/schema.org\",\"@graph\":[{\"@type\":\"WebPage\",\"@id\":\"https:\\\/\\\/www.belmontmetals.com\\\/producto\\\/cadmium-anode\\\/\",\"url\":\"https:\\\/\\\/www.belmontmetals.com\\\/producto\\\/cadmium-anode\\\/\",\"name\":\"\u00c1nodo de Cadmio - Belmont Metals\",\"isPartOf\":{\"@id\":\"https:\\\/\\\/www.belmontmetals.com\\\/#website\"},\"primaryImageOfPage\":{\"@id\":\"https:\\\/\\\/www.belmontmetals.com\\\/producto\\\/cadmium-anode\\\/#primaryimage\"},\"image\":{\"@id\":\"https:\\\/\\\/www.belmontmetals.com\\\/producto\\\/cadmium-anode\\\/#primaryimage\"},\"thumbnailUrl\":\"https:\\\/\\\/www.belmontmetals.com\\\/wp-content\\\/uploads\\\/2017\\\/09\\\/3010A-Cadmium-Anodes.jpg\",\"datePublished\":\"2017-09-06T16:12:45+00:00\",\"dateModified\":\"2017-11-29T16:23:12+00:00\",\"breadcrumb\":{\"@id\":\"https:\\\/\\\/www.belmontmetals.com\\\/producto\\\/cadmium-anode\\\/#breadcrumb\"},\"inLanguage\":\"es\",\"potentialAction\":[{\"@type\":\"ReadAction\",\"target\":[\"https:\\\/\\\/www.belmontmetals.com\\\/producto\\\/cadmium-anode\\\/\"]}]},{\"@type\":\"ImageObject\",\"inLanguage\":\"es\",\"@id\":\"https:\\\/\\\/www.belmontmetals.com\\\/producto\\\/cadmium-anode\\\/#primaryimage\",\"url\":\"https:\\\/\\\/www.belmontmetals.com\\\/wp-content\\\/uploads\\\/2017\\\/09\\\/3010A-Cadmium-Anodes.jpg\",\"contentUrl\":\"https:\\\/\\\/www.belmontmetals.com\\\/wp-content\\\/uploads\\\/2017\\\/09\\\/3010A-Cadmium-Anodes.jpg\",\"width\":375,\"height\":375},{\"@type\":\"BreadcrumbList\",\"@id\":\"https:\\\/\\\/www.belmontmetals.com\\\/producto\\\/cadmium-anode\\\/#breadcrumb\",\"itemListElement\":[{\"@type\":\"ListItem\",\"position\":1,\"name\":\"Home\",\"item\":\"https:\\\/\\\/www.belmontmetals.com\\\/es\\\/\"},{\"@type\":\"ListItem\",\"position\":2,\"name\":\"Store\",\"item\":\"https:\\\/\\\/www.belmontmetals.com\\\/store\\\/\"},{\"@type\":\"ListItem\",\"position\":3,\"name\":\"\u00c1nodo de Cadmio\"}]},{\"@type\":\"WebSite\",\"@id\":\"https:\\\/\\\/www.belmontmetals.com\\\/#website\",\"url\":\"https:\\\/\\\/www.belmontmetals.com\\\/\",\"name\":\"Belmont Metals\",\"description\":\"\",\"potentialAction\":[{\"@type\":\"SearchAction\",\"target\":{\"@type\":\"EntryPoint\",\"urlTemplate\":\"https:\\\/\\\/www.belmontmetals.com\\\/?s={search_term_string}\"},\"query-input\":{\"@type\":\"PropertyValueSpecification\",\"valueRequired\":true,\"valueName\":\"search_term_string\"}}],\"inLanguage\":\"es\"}]}<\/script>\n<!-- \/ Yoast SEO plugin. -->","yoast_head_json":{"title":"\u00c1nodo de Cadmio - Belmont Metals","robots":{"index":"index","follow":"follow","max-snippet":"max-snippet:-1","max-image-preview":"max-image-preview:large","max-video-preview":"max-video-preview:-1"},"canonical":"https:\/\/www.belmontmetals.com\/producto\/cadmium-anode\/","og_locale":"es_ES","og_type":"article","og_title":"\u00c1nodo de Cadmio - Belmont Metals","og_description":"El cadmio por electrodeposici\u00f3n es un revestimiento met\u00e1lico vers\u00e1til y robusto. El cadmio es un metal blanco y blando que, al aplicarse sobre acero, hierro de fundici\u00f3n, hierro maleable, cobre y metal en polvo, funciona como un \"revestimiento de sacrificio\", que se corroe antes que el material de sustrato. El di\u00e1metro de 2 pulgadas es la forma est\u00e1ndar para muchas aplicaciones de revestimiento.","og_url":"https:\/\/www.belmontmetals.com\/producto\/cadmium-anode\/","og_site_name":"Belmont Metals","article_publisher":"https:\/\/www.facebook.com\/BelmontMetals\/","article_modified_time":"2017-11-29T16:23:12+00:00","og_image":[{"width":375,"height":375,"url":"https:\/\/www.belmontmetals.com\/wp-content\/uploads\/2017\/09\/3010A-Cadmium-Anodes.jpg","type":"image\/jpeg"}],"twitter_card":"summary_large_image","twitter_site":"@BelmontMetals","schema":{"@context":"https:\/\/schema.org","@graph":[{"@type":"WebPage","@id":"https:\/\/www.belmontmetals.com\/producto\/cadmium-anode\/","url":"https:\/\/www.belmontmetals.com\/producto\/cadmium-anode\/","name":"\u00c1nodo de Cadmio - Belmont Metals","isPartOf":{"@id":"https:\/\/www.belmontmetals.com\/#website"},"primaryImageOfPage":{"@id":"https:\/\/www.belmontmetals.com\/producto\/cadmium-anode\/#primaryimage"},"image":{"@id":"https:\/\/www.belmontmetals.com\/producto\/cadmium-anode\/#primaryimage"},"thumbnailUrl":"https:\/\/www.belmontmetals.com\/wp-content\/uploads\/2017\/09\/3010A-Cadmium-Anodes.jpg","datePublished":"2017-09-06T16:12:45+00:00","dateModified":"2017-11-29T16:23:12+00:00","breadcrumb":{"@id":"https:\/\/www.belmontmetals.com\/producto\/cadmium-anode\/#breadcrumb"},"inLanguage":"es","potentialAction":[{"@type":"ReadAction","target":["https:\/\/www.belmontmetals.com\/producto\/cadmium-anode\/"]}]},{"@type":"ImageObject","inLanguage":"es","@id":"https:\/\/www.belmontmetals.com\/producto\/cadmium-anode\/#primaryimage","url":"https:\/\/www.belmontmetals.com\/wp-content\/uploads\/2017\/09\/3010A-Cadmium-Anodes.jpg","contentUrl":"https:\/\/www.belmontmetals.com\/wp-content\/uploads\/2017\/09\/3010A-Cadmium-Anodes.jpg","width":375,"height":375},{"@type":"BreadcrumbList","@id":"https:\/\/www.belmontmetals.com\/producto\/cadmium-anode\/#breadcrumb","itemListElement":[{"@type":"ListItem","position":1,"name":"Home","item":"https:\/\/www.belmontmetals.com\/es\/"},{"@type":"ListItem","position":2,"name":"Store","item":"https:\/\/www.belmontmetals.com\/store\/"},{"@type":"ListItem","position":3,"name":"\u00c1nodo de Cadmio"}]},{"@type":"WebSite","@id":"https:\/\/www.belmontmetals.com\/#website","url":"https:\/\/www.belmontmetals.com\/","name":"Belmont Metals","description":"","potentialAction":[{"@type":"SearchAction","target":{"@type":"EntryPoint","urlTemplate":"https:\/\/www.belmontmetals.com\/?s={search_term_string}"},"query-input":{"@type":"PropertyValueSpecification","valueRequired":true,"valueName":"search_term_string"}}],"inLanguage":"es"}]}},"_links":{"self":[{"href":"https:\/\/www.belmontmetals.com\/es\/wp-json\/wp\/v2\/product\/3222","targetHints":{"allow":["GET"]}}],"collection":[{"href":"https:\/\/www.belmontmetals.com\/es\/wp-json\/wp\/v2\/product"}],"about":[{"href":"https:\/\/www.belmontmetals.com\/es\/wp-json\/wp\/v2\/types\/product"}],"wp:featuredmedia":[{"embeddable":true,"href":"https:\/\/www.belmontmetals.com\/es\/wp-json\/wp\/v2\/media\/2693"}],"wp:attachment":[{"href":"https:\/\/www.belmontmetals.com\/es\/wp-json\/wp\/v2\/media?parent=3222"}],"wp:term":[{"taxonomy":"product_brand","embeddable":true,"href":"https:\/\/www.belmontmetals.com\/es\/wp-json\/wp\/v2\/product_brand?post=3222"},{"taxonomy":"product_tag","embeddable":true,"href":"https:\/\/www.belmontmetals.com\/es\/wp-json\/wp\/v2\/product_tag?post=3222"},{"taxonomy":"woo-feed-brand","embeddable":true,"href":"https:\/\/www.belmontmetals.com\/es\/wp-json\/wp\/v2\/woo-feed-brand?post=3222"}],"curies":[{"name":"wp","href":"https:\/\/api.w.org\/{rel}","templated":true}]}}