{"id":3187,"date":"2017-09-06T16:41:27","date_gmt":"2017-09-06T16:41:27","guid":{"rendered":"http:\/\/www.belmontmetals.com\/product\/cast-alloy-281-338-f-138-170-c-low-melting-alloy\/"},"modified":"2018-03-27T20:08:26","modified_gmt":"2018-03-27T20:08:26","slug":"aleacion-cast-aleacion-de-bajo-punto-de-fusion-de-281-f-138-c","status":"publish","type":"product","link":"https:\/\/www.belmontmetals.com\/es\/producto\/aleacion-cast-aleacion-de-bajo-punto-de-fusion-de-281-f-138-c\/","title":{"rendered":"Aleaci\u00f3n TRU, Aleaci\u00f3n de bajo Punto de Fusi\u00f3n de 281\u00b0 F, 138\u00b0 C"},"content":{"rendered":"<p>\u00c9sta es una aleaci\u00f3n de bajo punto de fusi\u00f3n, eut\u00e9ctica, en base a bismuto, cuyo principal atributo es el m\u00ednimo cambio de volumen entre su estado l\u00edquido y s\u00f3lido. Presenta el punto de fusi\u00f3n m\u00e1s alto de las aleaciones en base a bismuto que se utilizan normalmente en la industria y ofrece un material f\u00e1cilmente moldeable, que est\u00e1 listo para utilizarse en cuanto se congela. Se utiliza principalmente para sostener partes como \u00e1laves de turbinas, para el maquinado y tambi\u00e9n para patrones de fundici\u00f3n, y elementos fusibles en dispositivos de seguridad.<\/p>\n","protected":false},"excerpt":{"rendered":"<p>\u00c9sta es una aleaci\u00f3n de bajo punto de fusi\u00f3n, eut\u00e9ctica, en base a bismuto, cuyo principal atributo es el m\u00ednimo cambio de volumen entre su estado l\u00edquido y s\u00f3lido. Presenta el punto de fusi\u00f3n m\u00e1s alto de las aleaciones en base a bismuto que se utilizan normalmente en la industria y ofrece un material f\u00e1cilmente moldeable, que est\u00e1 listo para utilizarse en cuanto se congela. Se utiliza principalmente para sostener partes como \u00e1laves de turbinas, para el maquinado y tambi\u00e9n para patrones de fundici\u00f3n, y elementos fusibles en dispositivos de seguridad.<\/p>\n","protected":false},"featured_media":2686,"template":"","meta":{"_acf_changed":false},"product_brand":[],"product_tag":[],"woo-feed-brand":[],"class_list":{"0":"post-3187","1":"product","2":"type-product","3":"status-publish","4":"has-post-thumbnail","6":"product_cat-aleaciones-de-bismuto","7":"product_cat-aleaciones-fusibles","8":"product_cat-metales-blancos","9":"pa_nominal-composition-58-bi-42-sn","10":"pa_shapes-shot-es","12":"first","13":"instock","14":"taxable","15":"shipping-taxable","16":"purchasable","17":"product-type-variable"},"group_of_quantity":0,"min_quantity":0,"max_quantity":"","exclude_order_quantity_value_rules":"no","exclude_category_quantity_rules":"no","combine_variations":"no","acf":[],"yoast_head":"<!-- This site is optimized with the Yoast SEO plugin v27.4 - https:\/\/yoast.com\/product\/yoast-seo-wordpress\/ -->\n<title>Aleaci\u00f3n TRU, Aleaci\u00f3n de bajo Punto de Fusi\u00f3n de 281\u00b0 F, 138\u00b0 C - Belmont Metals<\/title>\n<meta name=\"robots\" content=\"index, follow, max-snippet:-1, max-image-preview:large, max-video-preview:-1\" \/>\n<link rel=\"canonical\" href=\"https:\/\/www.belmontmetals.com\/es\/producto\/aleacion-cast-aleacion-de-bajo-punto-de-fusion-de-281-f-138-c\/\" \/>\n<meta property=\"og:locale\" content=\"es_ES\" \/>\n<meta property=\"og:type\" content=\"article\" \/>\n<meta property=\"og:title\" content=\"Aleaci\u00f3n TRU, Aleaci\u00f3n de bajo Punto de Fusi\u00f3n de 281\u00b0 F, 138\u00b0 C - Belmont Metals\" \/>\n<meta property=\"og:description\" content=\"\u00c9sta es una aleaci\u00f3n de bajo punto de fusi\u00f3n, eut\u00e9ctica, en base a bismuto, cuyo principal atributo es el m\u00ednimo cambio de volumen entre su estado l\u00edquido y s\u00f3lido. Presenta el punto de fusi\u00f3n m\u00e1s alto de las aleaciones en base a bismuto que se utilizan normalmente en la industria y ofrece un material f\u00e1cilmente moldeable, que est\u00e1 listo para utilizarse en cuanto se congela. Se utiliza principalmente para sostener partes como \u00e1laves de turbinas, para el maquinado y tambi\u00e9n para patrones de fundici\u00f3n, y elementos fusibles en dispositivos de seguridad.\" \/>\n<meta property=\"og:url\" content=\"https:\/\/www.belmontmetals.com\/es\/producto\/aleacion-cast-aleacion-de-bajo-punto-de-fusion-de-281-f-138-c\/\" \/>\n<meta property=\"og:site_name\" content=\"Belmont Metals\" \/>\n<meta property=\"article:publisher\" content=\"https:\/\/www.facebook.com\/BelmontMetals\/\" \/>\n<meta property=\"article:modified_time\" content=\"2018-03-27T20:08:26+00:00\" \/>\n<meta property=\"og:image\" content=\"https:\/\/www.belmontmetals.com\/wp-content\/uploads\/2017\/09\/2451-Low-Melting-Alloy.jpg\" \/>\n\t<meta property=\"og:image:width\" content=\"375\" \/>\n\t<meta property=\"og:image:height\" content=\"375\" \/>\n\t<meta property=\"og:image:type\" content=\"image\/jpeg\" \/>\n<meta name=\"twitter:card\" content=\"summary_large_image\" \/>\n<meta name=\"twitter:site\" content=\"@BelmontMetals\" \/>\n<meta name=\"twitter:label1\" content=\"Tiempo de lectura\" \/>\n\t<meta name=\"twitter:data1\" content=\"1 minuto\" \/>\n<script type=\"application\/ld+json\" class=\"yoast-schema-graph\">{\"@context\":\"https:\\\/\\\/schema.org\",\"@graph\":[{\"@type\":\"WebPage\",\"@id\":\"https:\\\/\\\/www.belmontmetals.com\\\/es\\\/producto\\\/aleacion-cast-aleacion-de-bajo-punto-de-fusion-de-281-f-138-c\\\/\",\"url\":\"https:\\\/\\\/www.belmontmetals.com\\\/es\\\/producto\\\/aleacion-cast-aleacion-de-bajo-punto-de-fusion-de-281-f-138-c\\\/\",\"name\":\"Aleaci\u00f3n TRU, Aleaci\u00f3n de bajo Punto de Fusi\u00f3n de 281\u00b0 F, 138\u00b0 C - Belmont Metals\",\"isPartOf\":{\"@id\":\"https:\\\/\\\/www.belmontmetals.com\\\/#website\"},\"primaryImageOfPage\":{\"@id\":\"https:\\\/\\\/www.belmontmetals.com\\\/es\\\/producto\\\/aleacion-cast-aleacion-de-bajo-punto-de-fusion-de-281-f-138-c\\\/#primaryimage\"},\"image\":{\"@id\":\"https:\\\/\\\/www.belmontmetals.com\\\/es\\\/producto\\\/aleacion-cast-aleacion-de-bajo-punto-de-fusion-de-281-f-138-c\\\/#primaryimage\"},\"thumbnailUrl\":\"https:\\\/\\\/www.belmontmetals.com\\\/wp-content\\\/uploads\\\/2017\\\/09\\\/2451-Low-Melting-Alloy.jpg\",\"datePublished\":\"2017-09-06T16:41:27+00:00\",\"dateModified\":\"2018-03-27T20:08:26+00:00\",\"breadcrumb\":{\"@id\":\"https:\\\/\\\/www.belmontmetals.com\\\/es\\\/producto\\\/aleacion-cast-aleacion-de-bajo-punto-de-fusion-de-281-f-138-c\\\/#breadcrumb\"},\"inLanguage\":\"es\",\"potentialAction\":[{\"@type\":\"ReadAction\",\"target\":[\"https:\\\/\\\/www.belmontmetals.com\\\/es\\\/producto\\\/aleacion-cast-aleacion-de-bajo-punto-de-fusion-de-281-f-138-c\\\/\"]}]},{\"@type\":\"ImageObject\",\"inLanguage\":\"es\",\"@id\":\"https:\\\/\\\/www.belmontmetals.com\\\/es\\\/producto\\\/aleacion-cast-aleacion-de-bajo-punto-de-fusion-de-281-f-138-c\\\/#primaryimage\",\"url\":\"https:\\\/\\\/www.belmontmetals.com\\\/wp-content\\\/uploads\\\/2017\\\/09\\\/2451-Low-Melting-Alloy.jpg\",\"contentUrl\":\"https:\\\/\\\/www.belmontmetals.com\\\/wp-content\\\/uploads\\\/2017\\\/09\\\/2451-Low-Melting-Alloy.jpg\",\"width\":375,\"height\":375,\"caption\":\"SONY DSC\"},{\"@type\":\"BreadcrumbList\",\"@id\":\"https:\\\/\\\/www.belmontmetals.com\\\/es\\\/producto\\\/aleacion-cast-aleacion-de-bajo-punto-de-fusion-de-281-f-138-c\\\/#breadcrumb\",\"itemListElement\":[{\"@type\":\"ListItem\",\"position\":1,\"name\":\"Home\",\"item\":\"https:\\\/\\\/www.belmontmetals.com\\\/es\\\/\"},{\"@type\":\"ListItem\",\"position\":2,\"name\":\"Store\",\"item\":\"https:\\\/\\\/www.belmontmetals.com\\\/store\\\/\"},{\"@type\":\"ListItem\",\"position\":3,\"name\":\"Aleaci\u00f3n TRU, Aleaci\u00f3n de bajo Punto de Fusi\u00f3n de 281\u00b0 F, 138\u00b0 C\"}]},{\"@type\":\"WebSite\",\"@id\":\"https:\\\/\\\/www.belmontmetals.com\\\/#website\",\"url\":\"https:\\\/\\\/www.belmontmetals.com\\\/\",\"name\":\"Belmont Metals\",\"description\":\"\",\"potentialAction\":[{\"@type\":\"SearchAction\",\"target\":{\"@type\":\"EntryPoint\",\"urlTemplate\":\"https:\\\/\\\/www.belmontmetals.com\\\/?s={search_term_string}\"},\"query-input\":{\"@type\":\"PropertyValueSpecification\",\"valueRequired\":true,\"valueName\":\"search_term_string\"}}],\"inLanguage\":\"es\"}]}<\/script>\n<!-- \/ Yoast SEO plugin. -->","yoast_head_json":{"title":"Aleaci\u00f3n TRU, Aleaci\u00f3n de bajo Punto de Fusi\u00f3n de 281\u00b0 F, 138\u00b0 C - Belmont Metals","robots":{"index":"index","follow":"follow","max-snippet":"max-snippet:-1","max-image-preview":"max-image-preview:large","max-video-preview":"max-video-preview:-1"},"canonical":"https:\/\/www.belmontmetals.com\/es\/producto\/aleacion-cast-aleacion-de-bajo-punto-de-fusion-de-281-f-138-c\/","og_locale":"es_ES","og_type":"article","og_title":"Aleaci\u00f3n TRU, Aleaci\u00f3n de bajo Punto de Fusi\u00f3n de 281\u00b0 F, 138\u00b0 C - Belmont Metals","og_description":"\u00c9sta es una aleaci\u00f3n de bajo punto de fusi\u00f3n, eut\u00e9ctica, en base a bismuto, cuyo principal atributo es el m\u00ednimo cambio de volumen entre su estado l\u00edquido y s\u00f3lido. Presenta el punto de fusi\u00f3n m\u00e1s alto de las aleaciones en base a bismuto que se utilizan normalmente en la industria y ofrece un material f\u00e1cilmente moldeable, que est\u00e1 listo para utilizarse en cuanto se congela. Se utiliza principalmente para sostener partes como \u00e1laves de turbinas, para el maquinado y tambi\u00e9n para patrones de fundici\u00f3n, y elementos fusibles en dispositivos de seguridad.","og_url":"https:\/\/www.belmontmetals.com\/es\/producto\/aleacion-cast-aleacion-de-bajo-punto-de-fusion-de-281-f-138-c\/","og_site_name":"Belmont Metals","article_publisher":"https:\/\/www.facebook.com\/BelmontMetals\/","article_modified_time":"2018-03-27T20:08:26+00:00","og_image":[{"width":375,"height":375,"url":"https:\/\/www.belmontmetals.com\/wp-content\/uploads\/2017\/09\/2451-Low-Melting-Alloy.jpg","type":"image\/jpeg"}],"twitter_card":"summary_large_image","twitter_site":"@BelmontMetals","twitter_misc":{"Tiempo de lectura":"1 minuto"},"schema":{"@context":"https:\/\/schema.org","@graph":[{"@type":"WebPage","@id":"https:\/\/www.belmontmetals.com\/es\/producto\/aleacion-cast-aleacion-de-bajo-punto-de-fusion-de-281-f-138-c\/","url":"https:\/\/www.belmontmetals.com\/es\/producto\/aleacion-cast-aleacion-de-bajo-punto-de-fusion-de-281-f-138-c\/","name":"Aleaci\u00f3n TRU, Aleaci\u00f3n de bajo Punto de Fusi\u00f3n de 281\u00b0 F, 138\u00b0 C - Belmont Metals","isPartOf":{"@id":"https:\/\/www.belmontmetals.com\/#website"},"primaryImageOfPage":{"@id":"https:\/\/www.belmontmetals.com\/es\/producto\/aleacion-cast-aleacion-de-bajo-punto-de-fusion-de-281-f-138-c\/#primaryimage"},"image":{"@id":"https:\/\/www.belmontmetals.com\/es\/producto\/aleacion-cast-aleacion-de-bajo-punto-de-fusion-de-281-f-138-c\/#primaryimage"},"thumbnailUrl":"https:\/\/www.belmontmetals.com\/wp-content\/uploads\/2017\/09\/2451-Low-Melting-Alloy.jpg","datePublished":"2017-09-06T16:41:27+00:00","dateModified":"2018-03-27T20:08:26+00:00","breadcrumb":{"@id":"https:\/\/www.belmontmetals.com\/es\/producto\/aleacion-cast-aleacion-de-bajo-punto-de-fusion-de-281-f-138-c\/#breadcrumb"},"inLanguage":"es","potentialAction":[{"@type":"ReadAction","target":["https:\/\/www.belmontmetals.com\/es\/producto\/aleacion-cast-aleacion-de-bajo-punto-de-fusion-de-281-f-138-c\/"]}]},{"@type":"ImageObject","inLanguage":"es","@id":"https:\/\/www.belmontmetals.com\/es\/producto\/aleacion-cast-aleacion-de-bajo-punto-de-fusion-de-281-f-138-c\/#primaryimage","url":"https:\/\/www.belmontmetals.com\/wp-content\/uploads\/2017\/09\/2451-Low-Melting-Alloy.jpg","contentUrl":"https:\/\/www.belmontmetals.com\/wp-content\/uploads\/2017\/09\/2451-Low-Melting-Alloy.jpg","width":375,"height":375,"caption":"SONY DSC"},{"@type":"BreadcrumbList","@id":"https:\/\/www.belmontmetals.com\/es\/producto\/aleacion-cast-aleacion-de-bajo-punto-de-fusion-de-281-f-138-c\/#breadcrumb","itemListElement":[{"@type":"ListItem","position":1,"name":"Home","item":"https:\/\/www.belmontmetals.com\/es\/"},{"@type":"ListItem","position":2,"name":"Store","item":"https:\/\/www.belmontmetals.com\/store\/"},{"@type":"ListItem","position":3,"name":"Aleaci\u00f3n TRU, Aleaci\u00f3n de bajo Punto de Fusi\u00f3n de 281\u00b0 F, 138\u00b0 C"}]},{"@type":"WebSite","@id":"https:\/\/www.belmontmetals.com\/#website","url":"https:\/\/www.belmontmetals.com\/","name":"Belmont Metals","description":"","potentialAction":[{"@type":"SearchAction","target":{"@type":"EntryPoint","urlTemplate":"https:\/\/www.belmontmetals.com\/?s={search_term_string}"},"query-input":{"@type":"PropertyValueSpecification","valueRequired":true,"valueName":"search_term_string"}}],"inLanguage":"es"}]}},"_links":{"self":[{"href":"https:\/\/www.belmontmetals.com\/es\/wp-json\/wp\/v2\/product\/3187","targetHints":{"allow":["GET"]}}],"collection":[{"href":"https:\/\/www.belmontmetals.com\/es\/wp-json\/wp\/v2\/product"}],"about":[{"href":"https:\/\/www.belmontmetals.com\/es\/wp-json\/wp\/v2\/types\/product"}],"wp:featuredmedia":[{"embeddable":true,"href":"https:\/\/www.belmontmetals.com\/es\/wp-json\/wp\/v2\/media\/2686"}],"wp:attachment":[{"href":"https:\/\/www.belmontmetals.com\/es\/wp-json\/wp\/v2\/media?parent=3187"}],"wp:term":[{"taxonomy":"product_brand","embeddable":true,"href":"https:\/\/www.belmontmetals.com\/es\/wp-json\/wp\/v2\/product_brand?post=3187"},{"taxonomy":"product_tag","embeddable":true,"href":"https:\/\/www.belmontmetals.com\/es\/wp-json\/wp\/v2\/product_tag?post=3187"},{"taxonomy":"woo-feed-brand","embeddable":true,"href":"https:\/\/www.belmontmetals.com\/es\/wp-json\/wp\/v2\/woo-feed-brand?post=3187"}],"curies":[{"name":"wp","href":"https:\/\/api.w.org\/{rel}","templated":true}]}}