{"id":3177,"date":"2017-09-06T16:41:27","date_gmt":"2017-09-06T16:41:27","guid":{"rendered":"http:\/\/www.belmontmetals.com\/product\/99-99-bismuth-metal\/"},"modified":"2017-11-29T15:19:20","modified_gmt":"2017-11-29T15:19:20","slug":"metal-de-bismuto-al-99-99","status":"publish","type":"product","link":"https:\/\/www.belmontmetals.com\/es\/producto\/metal-de-bismuto-al-99-99\/","title":{"rendered":"Metal de Bismuto al 99,99%"},"content":{"rendered":"<p>El bismuto es un metal blanco y quebradizo con una coloraci\u00f3n levemente rosada y normalmente se recupera como un derivado del cobre y el plomo. Normalmente se utiliza como elemento de aleaci\u00f3n en distintas aleaciones de bajo punto de fusi\u00f3n, en las cuales se mezcla con otros metales como plomo, esta\u00f1o o cadmio. Tambi\u00e9n se utiliza como sustituto del plomo en otros materiales. Los lingotes son nuestro tama\u00f1o m\u00e1s grande disponible y presentan una pureza del 99,99%, y con frecuencia funcionan como refinador de grano en la industria de la fundici\u00f3n. Nuestras barras regulares pueden ser utilizadas en aplicaciones de soldadura blanda como reemplazo del plomo, ya que no son t\u00f3xicas. Nuestros productos de perdigones de 1\/8 de pulgada y menores le permitir\u00e1n hacer peque\u00f1os agregados durante su proceso de moldeado y tienen una pureza del 99,9%.<\/p>\n","protected":false},"excerpt":{"rendered":"<p>El bismuto es un metal blanco y quebradizo con una coloraci\u00f3n levemente rosada y normalmente se recupera como un derivado del cobre y el plomo. Normalmente se utiliza como elemento de aleaci\u00f3n en distintas aleaciones de bajo punto de fusi\u00f3n, en las cuales se mezcla con otros metales como plomo, esta\u00f1o o cadmio. Tambi\u00e9n se utiliza como sustituto del plomo en otros materiales. Los lingotes son nuestro tama\u00f1o m\u00e1s grande disponible y presentan una pureza del 99,99%, y con frecuencia funcionan como refinador de grano en la industria de la fundici\u00f3n. Nuestras barras regulares pueden ser utilizadas en aplicaciones de soldadura blanda como reemplazo del plomo, ya que no son t\u00f3xicas. Nuestros productos de perdigones de 1\/8 de pulgada y menores le permitir\u00e1n hacer peque\u00f1os agregados durante su proceso de moldeado y tienen una pureza del 99,9%.<\/p>\n","protected":false},"featured_media":2796,"template":"","meta":{"_acf_changed":false},"product_brand":[],"product_tag":[],"woo-feed-brand":[],"class_list":{"0":"post-3177","1":"product","2":"type-product","3":"status-publish","4":"has-post-thumbnail","6":"product_cat-aleaciones-de-bismuto","7":"product_cat-bismuto","8":"pa_forms-bloques-perdigones-pequenos-nro-6-de-aprox-18-y-menores-barra-normal-12-x-78-x-13","9":"pa_nominal-composition-99-99-bi","10":"pa_shapes-shot-es","12":"first","13":"instock","14":"taxable","15":"shipping-taxable","16":"purchasable","17":"product-type-variable"},"group_of_quantity":0,"min_quantity":0,"max_quantity":"","exclude_order_quantity_value_rules":"no","exclude_category_quantity_rules":"no","combine_variations":"no","acf":[],"yoast_head":"<!-- This site is optimized with the Yoast SEO plugin v27.4 - https:\/\/yoast.com\/product\/yoast-seo-wordpress\/ -->\n<title>Metal de Bismuto al 99,99% - Belmont Metals<\/title>\n<meta name=\"robots\" content=\"index, follow, max-snippet:-1, max-image-preview:large, max-video-preview:-1\" \/>\n<link rel=\"canonical\" href=\"https:\/\/www.belmontmetals.com\/es\/producto\/metal-de-bismuto-al-99-99\/\" \/>\n<meta property=\"og:locale\" content=\"es_ES\" \/>\n<meta property=\"og:type\" content=\"article\" \/>\n<meta property=\"og:title\" content=\"Metal de Bismuto al 99,99% - Belmont Metals\" \/>\n<meta property=\"og:description\" content=\"El bismuto es un metal blanco y quebradizo con una coloraci\u00f3n levemente rosada y normalmente se recupera como un derivado del cobre y el plomo. Normalmente se utiliza como elemento de aleaci\u00f3n en distintas aleaciones de bajo punto de fusi\u00f3n, en las cuales se mezcla con otros metales como plomo, esta\u00f1o o cadmio. Tambi\u00e9n se utiliza como sustituto del plomo en otros materiales. Los lingotes son nuestro tama\u00f1o m\u00e1s grande disponible y presentan una pureza del 99,99%, y con frecuencia funcionan como refinador de grano en la industria de la fundici\u00f3n. Nuestras barras regulares pueden ser utilizadas en aplicaciones de soldadura blanda como reemplazo del plomo, ya que no son t\u00f3xicas. Nuestros productos de perdigones de 1\/8 de pulgada y menores le permitir\u00e1n hacer peque\u00f1os agregados durante su proceso de moldeado y tienen una pureza del 99,9%.\" \/>\n<meta property=\"og:url\" content=\"https:\/\/www.belmontmetals.com\/es\/producto\/metal-de-bismuto-al-99-99\/\" \/>\n<meta property=\"og:site_name\" content=\"Belmont Metals\" \/>\n<meta property=\"article:publisher\" content=\"https:\/\/www.facebook.com\/BelmontMetals\/\" \/>\n<meta property=\"article:modified_time\" content=\"2017-11-29T15:19:20+00:00\" \/>\n<meta property=\"og:image\" content=\"https:\/\/www.belmontmetals.com\/wp-content\/uploads\/2017\/09\/2001E-Bismuth-Shot1.jpg\" \/>\n\t<meta property=\"og:image:width\" content=\"375\" \/>\n\t<meta property=\"og:image:height\" content=\"375\" \/>\n\t<meta property=\"og:image:type\" content=\"image\/jpeg\" \/>\n<meta name=\"twitter:card\" content=\"summary_large_image\" \/>\n<meta name=\"twitter:site\" content=\"@BelmontMetals\" \/>\n<meta name=\"twitter:label1\" content=\"Tiempo de lectura\" \/>\n\t<meta name=\"twitter:data1\" content=\"1 minuto\" \/>\n<script type=\"application\/ld+json\" class=\"yoast-schema-graph\">{\"@context\":\"https:\\\/\\\/schema.org\",\"@graph\":[{\"@type\":\"WebPage\",\"@id\":\"https:\\\/\\\/www.belmontmetals.com\\\/es\\\/producto\\\/metal-de-bismuto-al-99-99\\\/\",\"url\":\"https:\\\/\\\/www.belmontmetals.com\\\/es\\\/producto\\\/metal-de-bismuto-al-99-99\\\/\",\"name\":\"Metal de Bismuto al 99,99% - Belmont Metals\",\"isPartOf\":{\"@id\":\"https:\\\/\\\/www.belmontmetals.com\\\/#website\"},\"primaryImageOfPage\":{\"@id\":\"https:\\\/\\\/www.belmontmetals.com\\\/es\\\/producto\\\/metal-de-bismuto-al-99-99\\\/#primaryimage\"},\"image\":{\"@id\":\"https:\\\/\\\/www.belmontmetals.com\\\/es\\\/producto\\\/metal-de-bismuto-al-99-99\\\/#primaryimage\"},\"thumbnailUrl\":\"https:\\\/\\\/www.belmontmetals.com\\\/wp-content\\\/uploads\\\/2017\\\/09\\\/2001E-Bismuth-Shot1.jpg\",\"datePublished\":\"2017-09-06T16:41:27+00:00\",\"dateModified\":\"2017-11-29T15:19:20+00:00\",\"breadcrumb\":{\"@id\":\"https:\\\/\\\/www.belmontmetals.com\\\/es\\\/producto\\\/metal-de-bismuto-al-99-99\\\/#breadcrumb\"},\"inLanguage\":\"es\",\"potentialAction\":[{\"@type\":\"ReadAction\",\"target\":[\"https:\\\/\\\/www.belmontmetals.com\\\/es\\\/producto\\\/metal-de-bismuto-al-99-99\\\/\"]}]},{\"@type\":\"ImageObject\",\"inLanguage\":\"es\",\"@id\":\"https:\\\/\\\/www.belmontmetals.com\\\/es\\\/producto\\\/metal-de-bismuto-al-99-99\\\/#primaryimage\",\"url\":\"https:\\\/\\\/www.belmontmetals.com\\\/wp-content\\\/uploads\\\/2017\\\/09\\\/2001E-Bismuth-Shot1.jpg\",\"contentUrl\":\"https:\\\/\\\/www.belmontmetals.com\\\/wp-content\\\/uploads\\\/2017\\\/09\\\/2001E-Bismuth-Shot1.jpg\",\"width\":375,\"height\":375},{\"@type\":\"BreadcrumbList\",\"@id\":\"https:\\\/\\\/www.belmontmetals.com\\\/es\\\/producto\\\/metal-de-bismuto-al-99-99\\\/#breadcrumb\",\"itemListElement\":[{\"@type\":\"ListItem\",\"position\":1,\"name\":\"Home\",\"item\":\"https:\\\/\\\/www.belmontmetals.com\\\/es\\\/\"},{\"@type\":\"ListItem\",\"position\":2,\"name\":\"Store\",\"item\":\"https:\\\/\\\/www.belmontmetals.com\\\/store\\\/\"},{\"@type\":\"ListItem\",\"position\":3,\"name\":\"Metal de Bismuto al 99,99%\"}]},{\"@type\":\"WebSite\",\"@id\":\"https:\\\/\\\/www.belmontmetals.com\\\/#website\",\"url\":\"https:\\\/\\\/www.belmontmetals.com\\\/\",\"name\":\"Belmont Metals\",\"description\":\"\",\"potentialAction\":[{\"@type\":\"SearchAction\",\"target\":{\"@type\":\"EntryPoint\",\"urlTemplate\":\"https:\\\/\\\/www.belmontmetals.com\\\/?s={search_term_string}\"},\"query-input\":{\"@type\":\"PropertyValueSpecification\",\"valueRequired\":true,\"valueName\":\"search_term_string\"}}],\"inLanguage\":\"es\"}]}<\/script>\n<!-- \/ Yoast SEO plugin. -->","yoast_head_json":{"title":"Metal de Bismuto al 99,99% - Belmont Metals","robots":{"index":"index","follow":"follow","max-snippet":"max-snippet:-1","max-image-preview":"max-image-preview:large","max-video-preview":"max-video-preview:-1"},"canonical":"https:\/\/www.belmontmetals.com\/es\/producto\/metal-de-bismuto-al-99-99\/","og_locale":"es_ES","og_type":"article","og_title":"Metal de Bismuto al 99,99% - Belmont Metals","og_description":"El bismuto es un metal blanco y quebradizo con una coloraci\u00f3n levemente rosada y normalmente se recupera como un derivado del cobre y el plomo. Normalmente se utiliza como elemento de aleaci\u00f3n en distintas aleaciones de bajo punto de fusi\u00f3n, en las cuales se mezcla con otros metales como plomo, esta\u00f1o o cadmio. Tambi\u00e9n se utiliza como sustituto del plomo en otros materiales. Los lingotes son nuestro tama\u00f1o m\u00e1s grande disponible y presentan una pureza del 99,99%, y con frecuencia funcionan como refinador de grano en la industria de la fundici\u00f3n. Nuestras barras regulares pueden ser utilizadas en aplicaciones de soldadura blanda como reemplazo del plomo, ya que no son t\u00f3xicas. Nuestros productos de perdigones de 1\/8 de pulgada y menores le permitir\u00e1n hacer peque\u00f1os agregados durante su proceso de moldeado y tienen una pureza del 99,9%.","og_url":"https:\/\/www.belmontmetals.com\/es\/producto\/metal-de-bismuto-al-99-99\/","og_site_name":"Belmont Metals","article_publisher":"https:\/\/www.facebook.com\/BelmontMetals\/","article_modified_time":"2017-11-29T15:19:20+00:00","og_image":[{"width":375,"height":375,"url":"https:\/\/www.belmontmetals.com\/wp-content\/uploads\/2017\/09\/2001E-Bismuth-Shot1.jpg","type":"image\/jpeg"}],"twitter_card":"summary_large_image","twitter_site":"@BelmontMetals","twitter_misc":{"Tiempo de lectura":"1 minuto"},"schema":{"@context":"https:\/\/schema.org","@graph":[{"@type":"WebPage","@id":"https:\/\/www.belmontmetals.com\/es\/producto\/metal-de-bismuto-al-99-99\/","url":"https:\/\/www.belmontmetals.com\/es\/producto\/metal-de-bismuto-al-99-99\/","name":"Metal de Bismuto al 99,99% - Belmont Metals","isPartOf":{"@id":"https:\/\/www.belmontmetals.com\/#website"},"primaryImageOfPage":{"@id":"https:\/\/www.belmontmetals.com\/es\/producto\/metal-de-bismuto-al-99-99\/#primaryimage"},"image":{"@id":"https:\/\/www.belmontmetals.com\/es\/producto\/metal-de-bismuto-al-99-99\/#primaryimage"},"thumbnailUrl":"https:\/\/www.belmontmetals.com\/wp-content\/uploads\/2017\/09\/2001E-Bismuth-Shot1.jpg","datePublished":"2017-09-06T16:41:27+00:00","dateModified":"2017-11-29T15:19:20+00:00","breadcrumb":{"@id":"https:\/\/www.belmontmetals.com\/es\/producto\/metal-de-bismuto-al-99-99\/#breadcrumb"},"inLanguage":"es","potentialAction":[{"@type":"ReadAction","target":["https:\/\/www.belmontmetals.com\/es\/producto\/metal-de-bismuto-al-99-99\/"]}]},{"@type":"ImageObject","inLanguage":"es","@id":"https:\/\/www.belmontmetals.com\/es\/producto\/metal-de-bismuto-al-99-99\/#primaryimage","url":"https:\/\/www.belmontmetals.com\/wp-content\/uploads\/2017\/09\/2001E-Bismuth-Shot1.jpg","contentUrl":"https:\/\/www.belmontmetals.com\/wp-content\/uploads\/2017\/09\/2001E-Bismuth-Shot1.jpg","width":375,"height":375},{"@type":"BreadcrumbList","@id":"https:\/\/www.belmontmetals.com\/es\/producto\/metal-de-bismuto-al-99-99\/#breadcrumb","itemListElement":[{"@type":"ListItem","position":1,"name":"Home","item":"https:\/\/www.belmontmetals.com\/es\/"},{"@type":"ListItem","position":2,"name":"Store","item":"https:\/\/www.belmontmetals.com\/store\/"},{"@type":"ListItem","position":3,"name":"Metal de Bismuto al 99,99%"}]},{"@type":"WebSite","@id":"https:\/\/www.belmontmetals.com\/#website","url":"https:\/\/www.belmontmetals.com\/","name":"Belmont Metals","description":"","potentialAction":[{"@type":"SearchAction","target":{"@type":"EntryPoint","urlTemplate":"https:\/\/www.belmontmetals.com\/?s={search_term_string}"},"query-input":{"@type":"PropertyValueSpecification","valueRequired":true,"valueName":"search_term_string"}}],"inLanguage":"es"}]}},"_links":{"self":[{"href":"https:\/\/www.belmontmetals.com\/es\/wp-json\/wp\/v2\/product\/3177","targetHints":{"allow":["GET"]}}],"collection":[{"href":"https:\/\/www.belmontmetals.com\/es\/wp-json\/wp\/v2\/product"}],"about":[{"href":"https:\/\/www.belmontmetals.com\/es\/wp-json\/wp\/v2\/types\/product"}],"wp:featuredmedia":[{"embeddable":true,"href":"https:\/\/www.belmontmetals.com\/es\/wp-json\/wp\/v2\/media\/2796"}],"wp:attachment":[{"href":"https:\/\/www.belmontmetals.com\/es\/wp-json\/wp\/v2\/media?parent=3177"}],"wp:term":[{"taxonomy":"product_brand","embeddable":true,"href":"https:\/\/www.belmontmetals.com\/es\/wp-json\/wp\/v2\/product_brand?post=3177"},{"taxonomy":"product_tag","embeddable":true,"href":"https:\/\/www.belmontmetals.com\/es\/wp-json\/wp\/v2\/product_tag?post=3177"},{"taxonomy":"woo-feed-brand","embeddable":true,"href":"https:\/\/www.belmontmetals.com\/es\/wp-json\/wp\/v2\/woo-feed-brand?post=3177"}],"curies":[{"name":"wp","href":"https:\/\/api.w.org\/{rel}","templated":true}]}}