{"id":3149,"date":"2017-09-06T17:22:52","date_gmt":"2017-09-06T17:22:52","guid":{"rendered":"http:\/\/www.belmontmetals.com\/product\/cadmium-metal-3\/"},"modified":"2017-11-28T16:09:35","modified_gmt":"2017-11-28T16:09:35","slug":"metal-de-cadmio-3","status":"publish","type":"product","link":"https:\/\/www.belmontmetals.com\/es\/producto\/metal-de-cadmio-3\/","title":{"rendered":"Metal de Cadmio"},"content":{"rendered":"<p>Los principales usos del cadmio ocurren en aleaciones de bajo punto de fusi\u00f3n y en la fabricaci\u00f3n de pinturas. Debido a un bajo coeficiente de fricci\u00f3n y su resistencia a la fatiga, el cadmio se utiliza con frecuencia en soldaduras blandas. Tambi\u00e9n se usa frecuentemente en electrodeposici\u00f3n, lo que resulta en aproximadamente un 60% de su utilizaci\u00f3n.<\/p>\n","protected":false},"excerpt":{"rendered":"<p>Los principales usos del cadmio ocurren en aleaciones de bajo punto de fusi\u00f3n y en la fabricaci\u00f3n de pinturas. Debido a un bajo coeficiente de fricci\u00f3n y su resistencia a la fatiga, el cadmio se utiliza con frecuencia en soldaduras blandas. Tambi\u00e9n se usa frecuentemente en electrodeposici\u00f3n, lo que resulta en aproximadamente un 60% de su utilizaci\u00f3n.<\/p>\n","protected":false},"featured_media":2721,"template":"","meta":{"_acf_changed":false},"product_brand":[],"product_tag":[],"woo-feed-brand":[],"class_list":{"0":"post-3149","1":"product","2":"type-product","3":"status-publish","4":"has-post-thumbnail","6":"product_cat-cadmio","7":"pa_forms-alambre-de-079-de-diametro-alambre-de-14-de-diametro-alambre-de-18-de-diametro-alambre-de-316-de-diametro-alambre-de-332-de-diametro","8":"pa_nominal-composition-99-95-cd-trace","10":"first","11":"instock","12":"taxable","13":"shipping-taxable","14":"product-type-simple"},"group_of_quantity":0,"min_quantity":0,"max_quantity":"","exclude_order_quantity_value_rules":"no","exclude_category_quantity_rules":"no","combine_variations":"no","acf":[],"yoast_head":"<!-- This site is optimized with the Yoast SEO plugin v27.3 - https:\/\/yoast.com\/product\/yoast-seo-wordpress\/ -->\n<title>Metal de Cadmio - Belmont Metals<\/title>\n<meta name=\"robots\" content=\"index, follow, max-snippet:-1, max-image-preview:large, max-video-preview:-1\" \/>\n<link rel=\"canonical\" href=\"https:\/\/www.belmontmetals.com\/producto\/cadmium-metal-3\/\" \/>\n<meta property=\"og:locale\" content=\"es_ES\" \/>\n<meta property=\"og:type\" content=\"article\" \/>\n<meta property=\"og:title\" content=\"Metal de Cadmio - Belmont Metals\" \/>\n<meta property=\"og:description\" content=\"Los principales usos del cadmio ocurren en aleaciones de bajo punto de fusi\u00f3n y en la fabricaci\u00f3n de pinturas. Debido a un bajo coeficiente de fricci\u00f3n y su resistencia a la fatiga, el cadmio se utiliza con frecuencia en soldaduras blandas. Tambi\u00e9n se usa frecuentemente en electrodeposici\u00f3n, lo que resulta en aproximadamente un 60% de su utilizaci\u00f3n.\" \/>\n<meta property=\"og:url\" content=\"https:\/\/www.belmontmetals.com\/producto\/cadmium-metal-3\/\" \/>\n<meta property=\"og:site_name\" content=\"Belmont Metals\" \/>\n<meta property=\"article:publisher\" content=\"https:\/\/www.facebook.com\/BelmontMetals\/\" \/>\n<meta property=\"article:modified_time\" content=\"2017-11-28T16:09:35+00:00\" \/>\n<meta property=\"og:image\" content=\"https:\/\/www.belmontmetals.com\/wp-content\/uploads\/2017\/09\/3006A-Cadmium-Wire.jpg\" \/>\n\t<meta property=\"og:image:width\" content=\"375\" \/>\n\t<meta property=\"og:image:height\" content=\"375\" \/>\n\t<meta property=\"og:image:type\" content=\"image\/jpeg\" \/>\n<meta name=\"twitter:card\" content=\"summary_large_image\" \/>\n<meta name=\"twitter:site\" content=\"@BelmontMetals\" \/>\n<script type=\"application\/ld+json\" class=\"yoast-schema-graph\">{\"@context\":\"https:\\\/\\\/schema.org\",\"@graph\":[{\"@type\":\"WebPage\",\"@id\":\"https:\\\/\\\/www.belmontmetals.com\\\/producto\\\/cadmium-metal-3\\\/\",\"url\":\"https:\\\/\\\/www.belmontmetals.com\\\/producto\\\/cadmium-metal-3\\\/\",\"name\":\"Metal de Cadmio - Belmont Metals\",\"isPartOf\":{\"@id\":\"https:\\\/\\\/www.belmontmetals.com\\\/#website\"},\"primaryImageOfPage\":{\"@id\":\"https:\\\/\\\/www.belmontmetals.com\\\/producto\\\/cadmium-metal-3\\\/#primaryimage\"},\"image\":{\"@id\":\"https:\\\/\\\/www.belmontmetals.com\\\/producto\\\/cadmium-metal-3\\\/#primaryimage\"},\"thumbnailUrl\":\"https:\\\/\\\/www.belmontmetals.com\\\/wp-content\\\/uploads\\\/2017\\\/09\\\/3006A-Cadmium-Wire.jpg\",\"datePublished\":\"2017-09-06T17:22:52+00:00\",\"dateModified\":\"2017-11-28T16:09:35+00:00\",\"breadcrumb\":{\"@id\":\"https:\\\/\\\/www.belmontmetals.com\\\/producto\\\/cadmium-metal-3\\\/#breadcrumb\"},\"inLanguage\":\"es\",\"potentialAction\":[{\"@type\":\"ReadAction\",\"target\":[\"https:\\\/\\\/www.belmontmetals.com\\\/producto\\\/cadmium-metal-3\\\/\"]}]},{\"@type\":\"ImageObject\",\"inLanguage\":\"es\",\"@id\":\"https:\\\/\\\/www.belmontmetals.com\\\/producto\\\/cadmium-metal-3\\\/#primaryimage\",\"url\":\"https:\\\/\\\/www.belmontmetals.com\\\/wp-content\\\/uploads\\\/2017\\\/09\\\/3006A-Cadmium-Wire.jpg\",\"contentUrl\":\"https:\\\/\\\/www.belmontmetals.com\\\/wp-content\\\/uploads\\\/2017\\\/09\\\/3006A-Cadmium-Wire.jpg\",\"width\":375,\"height\":375},{\"@type\":\"BreadcrumbList\",\"@id\":\"https:\\\/\\\/www.belmontmetals.com\\\/producto\\\/cadmium-metal-3\\\/#breadcrumb\",\"itemListElement\":[{\"@type\":\"ListItem\",\"position\":1,\"name\":\"Home\",\"item\":\"https:\\\/\\\/www.belmontmetals.com\\\/es\\\/\"},{\"@type\":\"ListItem\",\"position\":2,\"name\":\"Store\",\"item\":\"https:\\\/\\\/www.belmontmetals.com\\\/store\\\/\"},{\"@type\":\"ListItem\",\"position\":3,\"name\":\"Metal de Cadmio\"}]},{\"@type\":\"WebSite\",\"@id\":\"https:\\\/\\\/www.belmontmetals.com\\\/#website\",\"url\":\"https:\\\/\\\/www.belmontmetals.com\\\/\",\"name\":\"Belmont Metals\",\"description\":\"\",\"potentialAction\":[{\"@type\":\"SearchAction\",\"target\":{\"@type\":\"EntryPoint\",\"urlTemplate\":\"https:\\\/\\\/www.belmontmetals.com\\\/?s={search_term_string}\"},\"query-input\":{\"@type\":\"PropertyValueSpecification\",\"valueRequired\":true,\"valueName\":\"search_term_string\"}}],\"inLanguage\":\"es\"}]}<\/script>\n<!-- \/ Yoast SEO plugin. -->","yoast_head_json":{"title":"Metal de Cadmio - Belmont Metals","robots":{"index":"index","follow":"follow","max-snippet":"max-snippet:-1","max-image-preview":"max-image-preview:large","max-video-preview":"max-video-preview:-1"},"canonical":"https:\/\/www.belmontmetals.com\/producto\/cadmium-metal-3\/","og_locale":"es_ES","og_type":"article","og_title":"Metal de Cadmio - Belmont Metals","og_description":"Los principales usos del cadmio ocurren en aleaciones de bajo punto de fusi\u00f3n y en la fabricaci\u00f3n de pinturas. Debido a un bajo coeficiente de fricci\u00f3n y su resistencia a la fatiga, el cadmio se utiliza con frecuencia en soldaduras blandas. Tambi\u00e9n se usa frecuentemente en electrodeposici\u00f3n, lo que resulta en aproximadamente un 60% de su utilizaci\u00f3n.","og_url":"https:\/\/www.belmontmetals.com\/producto\/cadmium-metal-3\/","og_site_name":"Belmont Metals","article_publisher":"https:\/\/www.facebook.com\/BelmontMetals\/","article_modified_time":"2017-11-28T16:09:35+00:00","og_image":[{"width":375,"height":375,"url":"https:\/\/www.belmontmetals.com\/wp-content\/uploads\/2017\/09\/3006A-Cadmium-Wire.jpg","type":"image\/jpeg"}],"twitter_card":"summary_large_image","twitter_site":"@BelmontMetals","schema":{"@context":"https:\/\/schema.org","@graph":[{"@type":"WebPage","@id":"https:\/\/www.belmontmetals.com\/producto\/cadmium-metal-3\/","url":"https:\/\/www.belmontmetals.com\/producto\/cadmium-metal-3\/","name":"Metal de Cadmio - Belmont Metals","isPartOf":{"@id":"https:\/\/www.belmontmetals.com\/#website"},"primaryImageOfPage":{"@id":"https:\/\/www.belmontmetals.com\/producto\/cadmium-metal-3\/#primaryimage"},"image":{"@id":"https:\/\/www.belmontmetals.com\/producto\/cadmium-metal-3\/#primaryimage"},"thumbnailUrl":"https:\/\/www.belmontmetals.com\/wp-content\/uploads\/2017\/09\/3006A-Cadmium-Wire.jpg","datePublished":"2017-09-06T17:22:52+00:00","dateModified":"2017-11-28T16:09:35+00:00","breadcrumb":{"@id":"https:\/\/www.belmontmetals.com\/producto\/cadmium-metal-3\/#breadcrumb"},"inLanguage":"es","potentialAction":[{"@type":"ReadAction","target":["https:\/\/www.belmontmetals.com\/producto\/cadmium-metal-3\/"]}]},{"@type":"ImageObject","inLanguage":"es","@id":"https:\/\/www.belmontmetals.com\/producto\/cadmium-metal-3\/#primaryimage","url":"https:\/\/www.belmontmetals.com\/wp-content\/uploads\/2017\/09\/3006A-Cadmium-Wire.jpg","contentUrl":"https:\/\/www.belmontmetals.com\/wp-content\/uploads\/2017\/09\/3006A-Cadmium-Wire.jpg","width":375,"height":375},{"@type":"BreadcrumbList","@id":"https:\/\/www.belmontmetals.com\/producto\/cadmium-metal-3\/#breadcrumb","itemListElement":[{"@type":"ListItem","position":1,"name":"Home","item":"https:\/\/www.belmontmetals.com\/es\/"},{"@type":"ListItem","position":2,"name":"Store","item":"https:\/\/www.belmontmetals.com\/store\/"},{"@type":"ListItem","position":3,"name":"Metal de Cadmio"}]},{"@type":"WebSite","@id":"https:\/\/www.belmontmetals.com\/#website","url":"https:\/\/www.belmontmetals.com\/","name":"Belmont Metals","description":"","potentialAction":[{"@type":"SearchAction","target":{"@type":"EntryPoint","urlTemplate":"https:\/\/www.belmontmetals.com\/?s={search_term_string}"},"query-input":{"@type":"PropertyValueSpecification","valueRequired":true,"valueName":"search_term_string"}}],"inLanguage":"es"}]}},"_links":{"self":[{"href":"https:\/\/www.belmontmetals.com\/es\/wp-json\/wp\/v2\/product\/3149","targetHints":{"allow":["GET"]}}],"collection":[{"href":"https:\/\/www.belmontmetals.com\/es\/wp-json\/wp\/v2\/product"}],"about":[{"href":"https:\/\/www.belmontmetals.com\/es\/wp-json\/wp\/v2\/types\/product"}],"wp:featuredmedia":[{"embeddable":true,"href":"https:\/\/www.belmontmetals.com\/es\/wp-json\/wp\/v2\/media\/2721"}],"wp:attachment":[{"href":"https:\/\/www.belmontmetals.com\/es\/wp-json\/wp\/v2\/media?parent=3149"}],"wp:term":[{"taxonomy":"product_brand","embeddable":true,"href":"https:\/\/www.belmontmetals.com\/es\/wp-json\/wp\/v2\/product_brand?post=3149"},{"taxonomy":"product_tag","embeddable":true,"href":"https:\/\/www.belmontmetals.com\/es\/wp-json\/wp\/v2\/product_tag?post=3149"},{"taxonomy":"woo-feed-brand","embeddable":true,"href":"https:\/\/www.belmontmetals.com\/es\/wp-json\/wp\/v2\/woo-feed-brand?post=3149"}],"curies":[{"name":"wp","href":"https:\/\/api.w.org\/{rel}","templated":true}]}}