{"id":3123,"date":"2017-09-06T17:46:05","date_gmt":"2017-09-06T17:46:05","guid":{"rendered":"http:\/\/www.belmontmetals.com\/product\/2-lithium-copper\/"},"modified":"2017-11-28T22:50:32","modified_gmt":"2017-11-28T22:50:32","slug":"cobre-litio-al-2","status":"publish","type":"product","link":"https:\/\/www.belmontmetals.com\/es\/producto\/cobre-litio-al-2\/","title":{"rendered":"Cobre Litio al 2%"},"content":{"rendered":"<p>El litio tiene la ventaja de poder combinarse con ox\u00edgeno e hidr\u00f3geno. Si se utiliza por su cuenta, el litio ser\u00e1 m\u00e1s un desoxidante. Si se utiliza en tratamiento doble, primero como desoxidante, entonces el litio puede considerarse un desgasificante ahora disponible para que funcione como recolector de hidr\u00f3geno y otros gases no deseados.<\/p>\n","protected":false},"excerpt":{"rendered":"<p>El litio tiene la ventaja de poder combinarse con ox\u00edgeno e hidr\u00f3geno. Si se utiliza por su cuenta, el litio ser\u00e1 m\u00e1s un desoxidante. Si se utiliza en tratamiento doble, primero como desoxidante, entonces el litio puede considerarse un desgasificante ahora disponible para que funcione como recolector de hidr\u00f3geno y otros gases no deseados.<\/p>\n","protected":false},"featured_media":2752,"template":"","meta":{"_acf_changed":false},"product_brand":[],"product_tag":[],"woo-feed-brand":[],"class_list":{"0":"post-3123","1":"product","2":"type-product","3":"status-publish","4":"has-post-thumbnail","6":"product_cat-aleaciones-maestras-de-cobre","7":"product_cat-cobre-litio","8":"product_cat-desoxidantes-y-desgasificantes","9":"pa_forms-piezas-de-1-libra-1-x-1-x-4-3-4-onzas-piezas-pulidas-bloques-de-1-x-6-x-12","10":"pa_nominal-composition-98-cu-2-li","12":"first","13":"instock","14":"taxable","15":"shipping-taxable","16":"product-type-variable"},"group_of_quantity":0,"min_quantity":0,"max_quantity":"","exclude_order_quantity_value_rules":"no","exclude_category_quantity_rules":"no","combine_variations":"no","acf":[],"yoast_head":"<!-- This site is optimized with the Yoast SEO plugin v27.5 - https:\/\/yoast.com\/product\/yoast-seo-wordpress\/ -->\n<title>Cobre Litio al 2% - Belmont Metals<\/title>\n<meta name=\"robots\" content=\"index, follow, max-snippet:-1, max-image-preview:large, max-video-preview:-1\" \/>\n<link rel=\"canonical\" href=\"https:\/\/www.belmontmetals.com\/es\/producto\/cobre-litio-al-2\/\" \/>\n<meta property=\"og:locale\" content=\"es_ES\" \/>\n<meta property=\"og:type\" content=\"article\" \/>\n<meta property=\"og:title\" content=\"Cobre Litio al 2% - Belmont Metals\" \/>\n<meta property=\"og:description\" content=\"El litio tiene la ventaja de poder combinarse con ox\u00edgeno e hidr\u00f3geno. Si se utiliza por su cuenta, el litio ser\u00e1 m\u00e1s un desoxidante. Si se utiliza en tratamiento doble, primero como desoxidante, entonces el litio puede considerarse un desgasificante ahora disponible para que funcione como recolector de hidr\u00f3geno y otros gases no deseados.\" \/>\n<meta property=\"og:url\" content=\"https:\/\/www.belmontmetals.com\/es\/producto\/cobre-litio-al-2\/\" \/>\n<meta property=\"og:site_name\" content=\"Belmont Metals\" \/>\n<meta property=\"article:publisher\" content=\"https:\/\/www.facebook.com\/BelmontMetals\/\" \/>\n<meta property=\"article:modified_time\" content=\"2017-11-28T22:50:32+00:00\" \/>\n<meta property=\"og:image\" content=\"https:\/\/www.belmontmetals.com\/wp-content\/uploads\/2017\/09\/4981A-Lithium-Copper.jpg\" \/>\n\t<meta property=\"og:image:width\" content=\"375\" \/>\n\t<meta property=\"og:image:height\" content=\"375\" \/>\n\t<meta property=\"og:image:type\" content=\"image\/jpeg\" \/>\n<meta name=\"twitter:card\" content=\"summary_large_image\" \/>\n<meta name=\"twitter:site\" content=\"@BelmontMetals\" \/>\n<script type=\"application\/ld+json\" class=\"yoast-schema-graph\">{\"@context\":\"https:\\\/\\\/schema.org\",\"@graph\":[{\"@type\":\"WebPage\",\"@id\":\"https:\\\/\\\/www.belmontmetals.com\\\/es\\\/producto\\\/cobre-litio-al-2\\\/\",\"url\":\"https:\\\/\\\/www.belmontmetals.com\\\/es\\\/producto\\\/cobre-litio-al-2\\\/\",\"name\":\"Cobre Litio al 2% - Belmont Metals\",\"isPartOf\":{\"@id\":\"https:\\\/\\\/www.belmontmetals.com\\\/#website\"},\"primaryImageOfPage\":{\"@id\":\"https:\\\/\\\/www.belmontmetals.com\\\/es\\\/producto\\\/cobre-litio-al-2\\\/#primaryimage\"},\"image\":{\"@id\":\"https:\\\/\\\/www.belmontmetals.com\\\/es\\\/producto\\\/cobre-litio-al-2\\\/#primaryimage\"},\"thumbnailUrl\":\"https:\\\/\\\/www.belmontmetals.com\\\/wp-content\\\/uploads\\\/2017\\\/09\\\/4981A-Lithium-Copper.jpg\",\"datePublished\":\"2017-09-06T17:46:05+00:00\",\"dateModified\":\"2017-11-28T22:50:32+00:00\",\"breadcrumb\":{\"@id\":\"https:\\\/\\\/www.belmontmetals.com\\\/es\\\/producto\\\/cobre-litio-al-2\\\/#breadcrumb\"},\"inLanguage\":\"es\",\"potentialAction\":[{\"@type\":\"ReadAction\",\"target\":[\"https:\\\/\\\/www.belmontmetals.com\\\/es\\\/producto\\\/cobre-litio-al-2\\\/\"]}]},{\"@type\":\"ImageObject\",\"inLanguage\":\"es\",\"@id\":\"https:\\\/\\\/www.belmontmetals.com\\\/es\\\/producto\\\/cobre-litio-al-2\\\/#primaryimage\",\"url\":\"https:\\\/\\\/www.belmontmetals.com\\\/wp-content\\\/uploads\\\/2017\\\/09\\\/4981A-Lithium-Copper.jpg\",\"contentUrl\":\"https:\\\/\\\/www.belmontmetals.com\\\/wp-content\\\/uploads\\\/2017\\\/09\\\/4981A-Lithium-Copper.jpg\",\"width\":375,\"height\":375},{\"@type\":\"BreadcrumbList\",\"@id\":\"https:\\\/\\\/www.belmontmetals.com\\\/es\\\/producto\\\/cobre-litio-al-2\\\/#breadcrumb\",\"itemListElement\":[{\"@type\":\"ListItem\",\"position\":1,\"name\":\"Home\",\"item\":\"https:\\\/\\\/www.belmontmetals.com\\\/es\\\/\"},{\"@type\":\"ListItem\",\"position\":2,\"name\":\"Store\",\"item\":\"https:\\\/\\\/www.belmontmetals.com\\\/store\\\/\"},{\"@type\":\"ListItem\",\"position\":3,\"name\":\"Cobre Litio al 2%\"}]},{\"@type\":\"WebSite\",\"@id\":\"https:\\\/\\\/www.belmontmetals.com\\\/#website\",\"url\":\"https:\\\/\\\/www.belmontmetals.com\\\/\",\"name\":\"Belmont Metals\",\"description\":\"\",\"potentialAction\":[{\"@type\":\"SearchAction\",\"target\":{\"@type\":\"EntryPoint\",\"urlTemplate\":\"https:\\\/\\\/www.belmontmetals.com\\\/?s={search_term_string}\"},\"query-input\":{\"@type\":\"PropertyValueSpecification\",\"valueRequired\":true,\"valueName\":\"search_term_string\"}}],\"inLanguage\":\"es\"}]}<\/script>\n<!-- \/ Yoast SEO plugin. -->","yoast_head_json":{"title":"Cobre Litio al 2% - Belmont Metals","robots":{"index":"index","follow":"follow","max-snippet":"max-snippet:-1","max-image-preview":"max-image-preview:large","max-video-preview":"max-video-preview:-1"},"canonical":"https:\/\/www.belmontmetals.com\/es\/producto\/cobre-litio-al-2\/","og_locale":"es_ES","og_type":"article","og_title":"Cobre Litio al 2% - Belmont Metals","og_description":"El litio tiene la ventaja de poder combinarse con ox\u00edgeno e hidr\u00f3geno. Si se utiliza por su cuenta, el litio ser\u00e1 m\u00e1s un desoxidante. Si se utiliza en tratamiento doble, primero como desoxidante, entonces el litio puede considerarse un desgasificante ahora disponible para que funcione como recolector de hidr\u00f3geno y otros gases no deseados.","og_url":"https:\/\/www.belmontmetals.com\/es\/producto\/cobre-litio-al-2\/","og_site_name":"Belmont Metals","article_publisher":"https:\/\/www.facebook.com\/BelmontMetals\/","article_modified_time":"2017-11-28T22:50:32+00:00","og_image":[{"width":375,"height":375,"url":"https:\/\/www.belmontmetals.com\/wp-content\/uploads\/2017\/09\/4981A-Lithium-Copper.jpg","type":"image\/jpeg"}],"twitter_card":"summary_large_image","twitter_site":"@BelmontMetals","schema":{"@context":"https:\/\/schema.org","@graph":[{"@type":"WebPage","@id":"https:\/\/www.belmontmetals.com\/es\/producto\/cobre-litio-al-2\/","url":"https:\/\/www.belmontmetals.com\/es\/producto\/cobre-litio-al-2\/","name":"Cobre Litio al 2% - Belmont Metals","isPartOf":{"@id":"https:\/\/www.belmontmetals.com\/#website"},"primaryImageOfPage":{"@id":"https:\/\/www.belmontmetals.com\/es\/producto\/cobre-litio-al-2\/#primaryimage"},"image":{"@id":"https:\/\/www.belmontmetals.com\/es\/producto\/cobre-litio-al-2\/#primaryimage"},"thumbnailUrl":"https:\/\/www.belmontmetals.com\/wp-content\/uploads\/2017\/09\/4981A-Lithium-Copper.jpg","datePublished":"2017-09-06T17:46:05+00:00","dateModified":"2017-11-28T22:50:32+00:00","breadcrumb":{"@id":"https:\/\/www.belmontmetals.com\/es\/producto\/cobre-litio-al-2\/#breadcrumb"},"inLanguage":"es","potentialAction":[{"@type":"ReadAction","target":["https:\/\/www.belmontmetals.com\/es\/producto\/cobre-litio-al-2\/"]}]},{"@type":"ImageObject","inLanguage":"es","@id":"https:\/\/www.belmontmetals.com\/es\/producto\/cobre-litio-al-2\/#primaryimage","url":"https:\/\/www.belmontmetals.com\/wp-content\/uploads\/2017\/09\/4981A-Lithium-Copper.jpg","contentUrl":"https:\/\/www.belmontmetals.com\/wp-content\/uploads\/2017\/09\/4981A-Lithium-Copper.jpg","width":375,"height":375},{"@type":"BreadcrumbList","@id":"https:\/\/www.belmontmetals.com\/es\/producto\/cobre-litio-al-2\/#breadcrumb","itemListElement":[{"@type":"ListItem","position":1,"name":"Home","item":"https:\/\/www.belmontmetals.com\/es\/"},{"@type":"ListItem","position":2,"name":"Store","item":"https:\/\/www.belmontmetals.com\/store\/"},{"@type":"ListItem","position":3,"name":"Cobre Litio al 2%"}]},{"@type":"WebSite","@id":"https:\/\/www.belmontmetals.com\/#website","url":"https:\/\/www.belmontmetals.com\/","name":"Belmont Metals","description":"","potentialAction":[{"@type":"SearchAction","target":{"@type":"EntryPoint","urlTemplate":"https:\/\/www.belmontmetals.com\/?s={search_term_string}"},"query-input":{"@type":"PropertyValueSpecification","valueRequired":true,"valueName":"search_term_string"}}],"inLanguage":"es"}]}},"_links":{"self":[{"href":"https:\/\/www.belmontmetals.com\/es\/wp-json\/wp\/v2\/product\/3123","targetHints":{"allow":["GET"]}}],"collection":[{"href":"https:\/\/www.belmontmetals.com\/es\/wp-json\/wp\/v2\/product"}],"about":[{"href":"https:\/\/www.belmontmetals.com\/es\/wp-json\/wp\/v2\/types\/product"}],"wp:featuredmedia":[{"embeddable":true,"href":"https:\/\/www.belmontmetals.com\/es\/wp-json\/wp\/v2\/media\/2752"}],"wp:attachment":[{"href":"https:\/\/www.belmontmetals.com\/es\/wp-json\/wp\/v2\/media?parent=3123"}],"wp:term":[{"taxonomy":"product_brand","embeddable":true,"href":"https:\/\/www.belmontmetals.com\/es\/wp-json\/wp\/v2\/product_brand?post=3123"},{"taxonomy":"product_tag","embeddable":true,"href":"https:\/\/www.belmontmetals.com\/es\/wp-json\/wp\/v2\/product_tag?post=3123"},{"taxonomy":"woo-feed-brand","embeddable":true,"href":"https:\/\/www.belmontmetals.com\/es\/wp-json\/wp\/v2\/woo-feed-brand?post=3123"}],"curies":[{"name":"wp","href":"https:\/\/api.w.org\/{rel}","templated":true}]}}