{"id":3092,"date":"2017-10-23T15:52:20","date_gmt":"2017-10-23T15:52:20","guid":{"rendered":"http:\/\/www.belmontmetals.com\/product\/spin-cast-zinc-alloy-j1\/"},"modified":"2021-04-08T15:25:46","modified_gmt":"2021-04-08T15:25:46","slug":"aleacion-de-zinc-fundicion-centrifuga-j1","status":"publish","type":"product","link":"https:\/\/www.belmontmetals.com\/es\/producto\/aleacion-de-zinc-fundicion-centrifuga-j1\/","title":{"rendered":"Aleaci\u00f3n de Zinc Fundici\u00f3n Centr\u00edfuga &#8211; J1"},"content":{"rendered":"<p>\u00c9sta es nuestra aleaci\u00f3n en base a zinc libre de plomo m\u00e1s popular que funciona bien en moldes de silicona vulcanizada de fundici\u00f3n centr\u00edfuga para dise\u00f1os con secciones transversales finas o el m\u00e1ximo de detalle. Contiene refinadores de grado bajo derechos de propiedad, a fines de ofrecer una mejora en el flujo hacia el interior del molde.<\/p>\n","protected":false},"excerpt":{"rendered":"<p>\u00c9sta es nuestra aleaci\u00f3n en base a zinc libre de plomo m\u00e1s popular que funciona bien en moldes de silicona vulcanizada de fundici\u00f3n centr\u00edfuga para dise\u00f1os con secciones transversales finas o el m\u00e1ximo de detalle. Contiene refinadores de grado bajo derechos de propiedad, a fines de ofrecer una mejora en el flujo hacia el interior del molde.<\/p>\n","protected":false},"featured_media":2779,"template":"","meta":{"_acf_changed":false},"product_brand":[],"product_tag":[],"woo-feed-brand":[],"class_list":{"0":"post-3092","1":"product","2":"type-product","3":"status-publish","4":"has-post-thumbnail","6":"product_cat-aleaciones-de-zinc","7":"product_cat-aleaciones-para-escultura","8":"product_cat-aleaciones-para-joyeria","9":"pa_brands-belmont-metals","10":"pa_brands-ney-metals","11":"pa_forms-lingote-kz-de-4-20-libras","13":"first","14":"instock","15":"taxable","16":"shipping-taxable","17":"product-type-variable"},"group_of_quantity":0,"min_quantity":0,"max_quantity":"","exclude_order_quantity_value_rules":"no","exclude_category_quantity_rules":"no","combine_variations":"no","acf":[],"yoast_head":"<!-- This site is optimized with the Yoast SEO plugin v27.3 - https:\/\/yoast.com\/product\/yoast-seo-wordpress\/ -->\n<title>Aleaci\u00f3n de Zinc Fundici\u00f3n Centr\u00edfuga - J1 - Belmont Metals<\/title>\n<meta name=\"robots\" content=\"index, follow, max-snippet:-1, max-image-preview:large, max-video-preview:-1\" \/>\n<link rel=\"canonical\" href=\"https:\/\/www.belmontmetals.com\/producto\/spin-cast-zinc-alloy-j1\/\" \/>\n<meta property=\"og:locale\" content=\"es_ES\" \/>\n<meta property=\"og:type\" content=\"article\" \/>\n<meta property=\"og:title\" content=\"Aleaci\u00f3n de Zinc Fundici\u00f3n Centr\u00edfuga - J1 - Belmont Metals\" \/>\n<meta property=\"og:description\" content=\"\u00c9sta es nuestra aleaci\u00f3n en base a zinc libre de plomo m\u00e1s popular que funciona bien en moldes de silicona vulcanizada de fundici\u00f3n centr\u00edfuga para dise\u00f1os con secciones transversales finas o el m\u00e1ximo de detalle. Contiene refinadores de grado bajo derechos de propiedad, a fines de ofrecer una mejora en el flujo hacia el interior del molde.\" \/>\n<meta property=\"og:url\" content=\"https:\/\/www.belmontmetals.com\/producto\/spin-cast-zinc-alloy-j1\/\" \/>\n<meta property=\"og:site_name\" content=\"Belmont Metals\" \/>\n<meta property=\"article:publisher\" content=\"https:\/\/www.facebook.com\/BelmontMetals\/\" \/>\n<meta property=\"article:modified_time\" content=\"2021-04-08T15:25:46+00:00\" \/>\n<meta property=\"og:image\" content=\"https:\/\/www.belmontmetals.com\/wp-content\/uploads\/2017\/09\/892NJ1-J1-Kor-Zee-Ingot.jpg\" \/>\n\t<meta property=\"og:image:width\" content=\"375\" \/>\n\t<meta property=\"og:image:height\" content=\"375\" \/>\n\t<meta property=\"og:image:type\" content=\"image\/jpeg\" \/>\n<meta name=\"twitter:card\" content=\"summary_large_image\" \/>\n<meta name=\"twitter:site\" content=\"@BelmontMetals\" \/>\n<script type=\"application\/ld+json\" class=\"yoast-schema-graph\">{\"@context\":\"https:\\\/\\\/schema.org\",\"@graph\":[{\"@type\":\"WebPage\",\"@id\":\"https:\\\/\\\/www.belmontmetals.com\\\/producto\\\/spin-cast-zinc-alloy-j1\\\/\",\"url\":\"https:\\\/\\\/www.belmontmetals.com\\\/producto\\\/spin-cast-zinc-alloy-j1\\\/\",\"name\":\"Aleaci\u00f3n de Zinc Fundici\u00f3n Centr\u00edfuga - J1 - Belmont Metals\",\"isPartOf\":{\"@id\":\"https:\\\/\\\/www.belmontmetals.com\\\/#website\"},\"primaryImageOfPage\":{\"@id\":\"https:\\\/\\\/www.belmontmetals.com\\\/producto\\\/spin-cast-zinc-alloy-j1\\\/#primaryimage\"},\"image\":{\"@id\":\"https:\\\/\\\/www.belmontmetals.com\\\/producto\\\/spin-cast-zinc-alloy-j1\\\/#primaryimage\"},\"thumbnailUrl\":\"https:\\\/\\\/www.belmontmetals.com\\\/wp-content\\\/uploads\\\/2017\\\/09\\\/892NJ1-J1-Kor-Zee-Ingot.jpg\",\"datePublished\":\"2017-10-23T15:52:20+00:00\",\"dateModified\":\"2021-04-08T15:25:46+00:00\",\"breadcrumb\":{\"@id\":\"https:\\\/\\\/www.belmontmetals.com\\\/producto\\\/spin-cast-zinc-alloy-j1\\\/#breadcrumb\"},\"inLanguage\":\"es\",\"potentialAction\":[{\"@type\":\"ReadAction\",\"target\":[\"https:\\\/\\\/www.belmontmetals.com\\\/producto\\\/spin-cast-zinc-alloy-j1\\\/\"]}]},{\"@type\":\"ImageObject\",\"inLanguage\":\"es\",\"@id\":\"https:\\\/\\\/www.belmontmetals.com\\\/producto\\\/spin-cast-zinc-alloy-j1\\\/#primaryimage\",\"url\":\"https:\\\/\\\/www.belmontmetals.com\\\/wp-content\\\/uploads\\\/2017\\\/09\\\/892NJ1-J1-Kor-Zee-Ingot.jpg\",\"contentUrl\":\"https:\\\/\\\/www.belmontmetals.com\\\/wp-content\\\/uploads\\\/2017\\\/09\\\/892NJ1-J1-Kor-Zee-Ingot.jpg\",\"width\":375,\"height\":375},{\"@type\":\"BreadcrumbList\",\"@id\":\"https:\\\/\\\/www.belmontmetals.com\\\/producto\\\/spin-cast-zinc-alloy-j1\\\/#breadcrumb\",\"itemListElement\":[{\"@type\":\"ListItem\",\"position\":1,\"name\":\"Home\",\"item\":\"https:\\\/\\\/www.belmontmetals.com\\\/es\\\/\"},{\"@type\":\"ListItem\",\"position\":2,\"name\":\"Store\",\"item\":\"https:\\\/\\\/www.belmontmetals.com\\\/store\\\/\"},{\"@type\":\"ListItem\",\"position\":3,\"name\":\"Aleaci\u00f3n de Zinc Fundici\u00f3n Centr\u00edfuga &#8211; J1\"}]},{\"@type\":\"WebSite\",\"@id\":\"https:\\\/\\\/www.belmontmetals.com\\\/#website\",\"url\":\"https:\\\/\\\/www.belmontmetals.com\\\/\",\"name\":\"Belmont Metals\",\"description\":\"\",\"potentialAction\":[{\"@type\":\"SearchAction\",\"target\":{\"@type\":\"EntryPoint\",\"urlTemplate\":\"https:\\\/\\\/www.belmontmetals.com\\\/?s={search_term_string}\"},\"query-input\":{\"@type\":\"PropertyValueSpecification\",\"valueRequired\":true,\"valueName\":\"search_term_string\"}}],\"inLanguage\":\"es\"}]}<\/script>\n<!-- \/ Yoast SEO plugin. -->","yoast_head_json":{"title":"Aleaci\u00f3n de Zinc Fundici\u00f3n Centr\u00edfuga - J1 - Belmont Metals","robots":{"index":"index","follow":"follow","max-snippet":"max-snippet:-1","max-image-preview":"max-image-preview:large","max-video-preview":"max-video-preview:-1"},"canonical":"https:\/\/www.belmontmetals.com\/producto\/spin-cast-zinc-alloy-j1\/","og_locale":"es_ES","og_type":"article","og_title":"Aleaci\u00f3n de Zinc Fundici\u00f3n Centr\u00edfuga - J1 - Belmont Metals","og_description":"\u00c9sta es nuestra aleaci\u00f3n en base a zinc libre de plomo m\u00e1s popular que funciona bien en moldes de silicona vulcanizada de fundici\u00f3n centr\u00edfuga para dise\u00f1os con secciones transversales finas o el m\u00e1ximo de detalle. Contiene refinadores de grado bajo derechos de propiedad, a fines de ofrecer una mejora en el flujo hacia el interior del molde.","og_url":"https:\/\/www.belmontmetals.com\/producto\/spin-cast-zinc-alloy-j1\/","og_site_name":"Belmont Metals","article_publisher":"https:\/\/www.facebook.com\/BelmontMetals\/","article_modified_time":"2021-04-08T15:25:46+00:00","og_image":[{"width":375,"height":375,"url":"https:\/\/www.belmontmetals.com\/wp-content\/uploads\/2017\/09\/892NJ1-J1-Kor-Zee-Ingot.jpg","type":"image\/jpeg"}],"twitter_card":"summary_large_image","twitter_site":"@BelmontMetals","schema":{"@context":"https:\/\/schema.org","@graph":[{"@type":"WebPage","@id":"https:\/\/www.belmontmetals.com\/producto\/spin-cast-zinc-alloy-j1\/","url":"https:\/\/www.belmontmetals.com\/producto\/spin-cast-zinc-alloy-j1\/","name":"Aleaci\u00f3n de Zinc Fundici\u00f3n Centr\u00edfuga - J1 - Belmont Metals","isPartOf":{"@id":"https:\/\/www.belmontmetals.com\/#website"},"primaryImageOfPage":{"@id":"https:\/\/www.belmontmetals.com\/producto\/spin-cast-zinc-alloy-j1\/#primaryimage"},"image":{"@id":"https:\/\/www.belmontmetals.com\/producto\/spin-cast-zinc-alloy-j1\/#primaryimage"},"thumbnailUrl":"https:\/\/www.belmontmetals.com\/wp-content\/uploads\/2017\/09\/892NJ1-J1-Kor-Zee-Ingot.jpg","datePublished":"2017-10-23T15:52:20+00:00","dateModified":"2021-04-08T15:25:46+00:00","breadcrumb":{"@id":"https:\/\/www.belmontmetals.com\/producto\/spin-cast-zinc-alloy-j1\/#breadcrumb"},"inLanguage":"es","potentialAction":[{"@type":"ReadAction","target":["https:\/\/www.belmontmetals.com\/producto\/spin-cast-zinc-alloy-j1\/"]}]},{"@type":"ImageObject","inLanguage":"es","@id":"https:\/\/www.belmontmetals.com\/producto\/spin-cast-zinc-alloy-j1\/#primaryimage","url":"https:\/\/www.belmontmetals.com\/wp-content\/uploads\/2017\/09\/892NJ1-J1-Kor-Zee-Ingot.jpg","contentUrl":"https:\/\/www.belmontmetals.com\/wp-content\/uploads\/2017\/09\/892NJ1-J1-Kor-Zee-Ingot.jpg","width":375,"height":375},{"@type":"BreadcrumbList","@id":"https:\/\/www.belmontmetals.com\/producto\/spin-cast-zinc-alloy-j1\/#breadcrumb","itemListElement":[{"@type":"ListItem","position":1,"name":"Home","item":"https:\/\/www.belmontmetals.com\/es\/"},{"@type":"ListItem","position":2,"name":"Store","item":"https:\/\/www.belmontmetals.com\/store\/"},{"@type":"ListItem","position":3,"name":"Aleaci\u00f3n de Zinc Fundici\u00f3n Centr\u00edfuga &#8211; J1"}]},{"@type":"WebSite","@id":"https:\/\/www.belmontmetals.com\/#website","url":"https:\/\/www.belmontmetals.com\/","name":"Belmont Metals","description":"","potentialAction":[{"@type":"SearchAction","target":{"@type":"EntryPoint","urlTemplate":"https:\/\/www.belmontmetals.com\/?s={search_term_string}"},"query-input":{"@type":"PropertyValueSpecification","valueRequired":true,"valueName":"search_term_string"}}],"inLanguage":"es"}]}},"_links":{"self":[{"href":"https:\/\/www.belmontmetals.com\/es\/wp-json\/wp\/v2\/product\/3092","targetHints":{"allow":["GET"]}}],"collection":[{"href":"https:\/\/www.belmontmetals.com\/es\/wp-json\/wp\/v2\/product"}],"about":[{"href":"https:\/\/www.belmontmetals.com\/es\/wp-json\/wp\/v2\/types\/product"}],"wp:featuredmedia":[{"embeddable":true,"href":"https:\/\/www.belmontmetals.com\/es\/wp-json\/wp\/v2\/media\/2779"}],"wp:attachment":[{"href":"https:\/\/www.belmontmetals.com\/es\/wp-json\/wp\/v2\/media?parent=3092"}],"wp:term":[{"taxonomy":"product_brand","embeddable":true,"href":"https:\/\/www.belmontmetals.com\/es\/wp-json\/wp\/v2\/product_brand?post=3092"},{"taxonomy":"product_tag","embeddable":true,"href":"https:\/\/www.belmontmetals.com\/es\/wp-json\/wp\/v2\/product_tag?post=3092"},{"taxonomy":"woo-feed-brand","embeddable":true,"href":"https:\/\/www.belmontmetals.com\/es\/wp-json\/wp\/v2\/woo-feed-brand?post=3092"}],"curies":[{"name":"wp","href":"https:\/\/api.w.org\/{rel}","templated":true}]}}