{"id":3085,"date":"2017-09-06T17:49:43","date_gmt":"2017-09-06T17:49:43","guid":{"rendered":"http:\/\/www.belmontmetals.com\/product\/99-5-minimum-electrolytic-copper\/"},"modified":"2017-11-28T16:09:21","modified_gmt":"2017-11-28T16:09:21","slug":"cobre-electrolitico-minimo-99-5","status":"publish","type":"product","link":"https:\/\/www.belmontmetals.com\/es\/producto\/cobre-electrolitico-minimo-99-5\/","title":{"rendered":"Cobre Electrol\u00edtico al 99,5% M\u00ednimo"},"content":{"rendered":"<p>Buena ductilidad, alta conductividad y la facilidad de uni\u00f3n hacen que el cobre sea la primera opci\u00f3n en todo el mundo para la transmisi\u00f3n de electricidad en incontables aplicaciones. Belmont ofrece cobre electrol\u00edtico al 99,5%, en una amplia gama de formas para cumplir con sus aplicaciones espec\u00edficas. Est\u00e1 hecho con materiales v\u00edrgenes de la m\u00e1s alta calidad, bajo un proceso de producci\u00f3n altamente controlado, puede estar seguro de que obtendr\u00e1 una calidad continua, sin importar la forma que requiera su aplicaci\u00f3n.<\/p>\n","protected":false},"excerpt":{"rendered":"<p>Buena ductilidad, alta conductividad y la facilidad de uni\u00f3n hacen que el cobre sea la primera opci\u00f3n en todo el mundo para la transmisi\u00f3n de electricidad en incontables aplicaciones. Belmont ofrece cobre electrol\u00edtico al 99,5%, en una amplia gama de formas para cumplir con sus aplicaciones espec\u00edficas. Est\u00e1 hecho con materiales v\u00edrgenes de la m\u00e1s alta calidad, bajo un proceso de producci\u00f3n altamente controlado, puede estar seguro de que obtendr\u00e1 una calidad continua, sin importar la forma que requiera su aplicaci\u00f3n.<\/p>\n","protected":false},"featured_media":2757,"template":"","meta":{"_acf_changed":false},"product_brand":[],"product_tag":[],"woo-feed-brand":[],"class_list":{"0":"post-3085","1":"product","2":"type-product","3":"status-publish","4":"has-post-thumbnail","6":"product_cat-cobre","7":"pa_forms-granulado-malla-10-y-menores-anodos-rectangulares","8":"pa_nominal-composition-99-5-cu-bal","10":"first","11":"instock","12":"taxable","13":"shipping-taxable","14":"product-type-simple"},"group_of_quantity":0,"min_quantity":0,"max_quantity":"","exclude_order_quantity_value_rules":"no","exclude_category_quantity_rules":"no","combine_variations":"no","acf":[],"yoast_head":"<!-- This site is optimized with the Yoast SEO plugin v27.6 - https:\/\/yoast.com\/product\/yoast-seo-wordpress\/ -->\n<title>Cobre Electrol\u00edtico al 99,5% M\u00ednimo - Belmont Metals<\/title>\n<meta name=\"robots\" content=\"index, follow, max-snippet:-1, max-image-preview:large, max-video-preview:-1\" \/>\n<link rel=\"canonical\" href=\"https:\/\/www.belmontmetals.com\/producto\/99-5-minimum-electrolytic-copper\/\" \/>\n<meta property=\"og:locale\" content=\"es_ES\" \/>\n<meta property=\"og:type\" content=\"article\" \/>\n<meta property=\"og:title\" content=\"Cobre Electrol\u00edtico al 99,5% M\u00ednimo - Belmont Metals\" \/>\n<meta property=\"og:description\" content=\"Buena ductilidad, alta conductividad y la facilidad de uni\u00f3n hacen que el cobre sea la primera opci\u00f3n en todo el mundo para la transmisi\u00f3n de electricidad en incontables aplicaciones. Belmont ofrece cobre electrol\u00edtico al 99,5%, en una amplia gama de formas para cumplir con sus aplicaciones espec\u00edficas. Est\u00e1 hecho con materiales v\u00edrgenes de la m\u00e1s alta calidad, bajo un proceso de producci\u00f3n altamente controlado, puede estar seguro de que obtendr\u00e1 una calidad continua, sin importar la forma que requiera su aplicaci\u00f3n.\" \/>\n<meta property=\"og:url\" content=\"https:\/\/www.belmontmetals.com\/producto\/99-5-minimum-electrolytic-copper\/\" \/>\n<meta property=\"og:site_name\" content=\"Belmont Metals\" \/>\n<meta property=\"article:publisher\" content=\"https:\/\/www.facebook.com\/BelmontMetals\/\" \/>\n<meta property=\"article:modified_time\" content=\"2017-11-28T16:09:21+00:00\" \/>\n<meta property=\"og:image\" content=\"https:\/\/www.belmontmetals.com\/wp-content\/uploads\/2017\/09\/4995D-99.5-Electrolytic-Copper-Unpolished-Shot.jpg\" \/>\n\t<meta property=\"og:image:width\" content=\"375\" \/>\n\t<meta property=\"og:image:height\" content=\"375\" \/>\n\t<meta property=\"og:image:type\" content=\"image\/jpeg\" \/>\n<meta name=\"twitter:card\" content=\"summary_large_image\" \/>\n<meta name=\"twitter:site\" content=\"@BelmontMetals\" \/>\n<script type=\"application\/ld+json\" class=\"yoast-schema-graph\">{\"@context\":\"https:\\\/\\\/schema.org\",\"@graph\":[{\"@type\":\"WebPage\",\"@id\":\"https:\\\/\\\/www.belmontmetals.com\\\/producto\\\/99-5-minimum-electrolytic-copper\\\/\",\"url\":\"https:\\\/\\\/www.belmontmetals.com\\\/producto\\\/99-5-minimum-electrolytic-copper\\\/\",\"name\":\"Cobre Electrol\u00edtico al 99,5% M\u00ednimo - Belmont Metals\",\"isPartOf\":{\"@id\":\"https:\\\/\\\/www.belmontmetals.com\\\/#website\"},\"primaryImageOfPage\":{\"@id\":\"https:\\\/\\\/www.belmontmetals.com\\\/producto\\\/99-5-minimum-electrolytic-copper\\\/#primaryimage\"},\"image\":{\"@id\":\"https:\\\/\\\/www.belmontmetals.com\\\/producto\\\/99-5-minimum-electrolytic-copper\\\/#primaryimage\"},\"thumbnailUrl\":\"https:\\\/\\\/www.belmontmetals.com\\\/wp-content\\\/uploads\\\/2017\\\/09\\\/4995D-99.5-Electrolytic-Copper-Unpolished-Shot.jpg\",\"datePublished\":\"2017-09-06T17:49:43+00:00\",\"dateModified\":\"2017-11-28T16:09:21+00:00\",\"breadcrumb\":{\"@id\":\"https:\\\/\\\/www.belmontmetals.com\\\/producto\\\/99-5-minimum-electrolytic-copper\\\/#breadcrumb\"},\"inLanguage\":\"es\",\"potentialAction\":[{\"@type\":\"ReadAction\",\"target\":[\"https:\\\/\\\/www.belmontmetals.com\\\/producto\\\/99-5-minimum-electrolytic-copper\\\/\"]}]},{\"@type\":\"ImageObject\",\"inLanguage\":\"es\",\"@id\":\"https:\\\/\\\/www.belmontmetals.com\\\/producto\\\/99-5-minimum-electrolytic-copper\\\/#primaryimage\",\"url\":\"https:\\\/\\\/www.belmontmetals.com\\\/wp-content\\\/uploads\\\/2017\\\/09\\\/4995D-99.5-Electrolytic-Copper-Unpolished-Shot.jpg\",\"contentUrl\":\"https:\\\/\\\/www.belmontmetals.com\\\/wp-content\\\/uploads\\\/2017\\\/09\\\/4995D-99.5-Electrolytic-Copper-Unpolished-Shot.jpg\",\"width\":375,\"height\":375},{\"@type\":\"BreadcrumbList\",\"@id\":\"https:\\\/\\\/www.belmontmetals.com\\\/producto\\\/99-5-minimum-electrolytic-copper\\\/#breadcrumb\",\"itemListElement\":[{\"@type\":\"ListItem\",\"position\":1,\"name\":\"Home\",\"item\":\"https:\\\/\\\/www.belmontmetals.com\\\/es\\\/\"},{\"@type\":\"ListItem\",\"position\":2,\"name\":\"Store\",\"item\":\"https:\\\/\\\/www.belmontmetals.com\\\/store\\\/\"},{\"@type\":\"ListItem\",\"position\":3,\"name\":\"Cobre Electrol\u00edtico al 99,5% M\u00ednimo\"}]},{\"@type\":\"WebSite\",\"@id\":\"https:\\\/\\\/www.belmontmetals.com\\\/#website\",\"url\":\"https:\\\/\\\/www.belmontmetals.com\\\/\",\"name\":\"Belmont Metals\",\"description\":\"\",\"potentialAction\":[{\"@type\":\"SearchAction\",\"target\":{\"@type\":\"EntryPoint\",\"urlTemplate\":\"https:\\\/\\\/www.belmontmetals.com\\\/?s={search_term_string}\"},\"query-input\":{\"@type\":\"PropertyValueSpecification\",\"valueRequired\":true,\"valueName\":\"search_term_string\"}}],\"inLanguage\":\"es\"}]}<\/script>\n<!-- \/ Yoast SEO plugin. -->","yoast_head_json":{"title":"Cobre Electrol\u00edtico al 99,5% M\u00ednimo - Belmont Metals","robots":{"index":"index","follow":"follow","max-snippet":"max-snippet:-1","max-image-preview":"max-image-preview:large","max-video-preview":"max-video-preview:-1"},"canonical":"https:\/\/www.belmontmetals.com\/producto\/99-5-minimum-electrolytic-copper\/","og_locale":"es_ES","og_type":"article","og_title":"Cobre Electrol\u00edtico al 99,5% M\u00ednimo - Belmont Metals","og_description":"Buena ductilidad, alta conductividad y la facilidad de uni\u00f3n hacen que el cobre sea la primera opci\u00f3n en todo el mundo para la transmisi\u00f3n de electricidad en incontables aplicaciones. Belmont ofrece cobre electrol\u00edtico al 99,5%, en una amplia gama de formas para cumplir con sus aplicaciones espec\u00edficas. Est\u00e1 hecho con materiales v\u00edrgenes de la m\u00e1s alta calidad, bajo un proceso de producci\u00f3n altamente controlado, puede estar seguro de que obtendr\u00e1 una calidad continua, sin importar la forma que requiera su aplicaci\u00f3n.","og_url":"https:\/\/www.belmontmetals.com\/producto\/99-5-minimum-electrolytic-copper\/","og_site_name":"Belmont Metals","article_publisher":"https:\/\/www.facebook.com\/BelmontMetals\/","article_modified_time":"2017-11-28T16:09:21+00:00","og_image":[{"width":375,"height":375,"url":"https:\/\/www.belmontmetals.com\/wp-content\/uploads\/2017\/09\/4995D-99.5-Electrolytic-Copper-Unpolished-Shot.jpg","type":"image\/jpeg"}],"twitter_card":"summary_large_image","twitter_site":"@BelmontMetals","schema":{"@context":"https:\/\/schema.org","@graph":[{"@type":"WebPage","@id":"https:\/\/www.belmontmetals.com\/producto\/99-5-minimum-electrolytic-copper\/","url":"https:\/\/www.belmontmetals.com\/producto\/99-5-minimum-electrolytic-copper\/","name":"Cobre Electrol\u00edtico al 99,5% M\u00ednimo - Belmont Metals","isPartOf":{"@id":"https:\/\/www.belmontmetals.com\/#website"},"primaryImageOfPage":{"@id":"https:\/\/www.belmontmetals.com\/producto\/99-5-minimum-electrolytic-copper\/#primaryimage"},"image":{"@id":"https:\/\/www.belmontmetals.com\/producto\/99-5-minimum-electrolytic-copper\/#primaryimage"},"thumbnailUrl":"https:\/\/www.belmontmetals.com\/wp-content\/uploads\/2017\/09\/4995D-99.5-Electrolytic-Copper-Unpolished-Shot.jpg","datePublished":"2017-09-06T17:49:43+00:00","dateModified":"2017-11-28T16:09:21+00:00","breadcrumb":{"@id":"https:\/\/www.belmontmetals.com\/producto\/99-5-minimum-electrolytic-copper\/#breadcrumb"},"inLanguage":"es","potentialAction":[{"@type":"ReadAction","target":["https:\/\/www.belmontmetals.com\/producto\/99-5-minimum-electrolytic-copper\/"]}]},{"@type":"ImageObject","inLanguage":"es","@id":"https:\/\/www.belmontmetals.com\/producto\/99-5-minimum-electrolytic-copper\/#primaryimage","url":"https:\/\/www.belmontmetals.com\/wp-content\/uploads\/2017\/09\/4995D-99.5-Electrolytic-Copper-Unpolished-Shot.jpg","contentUrl":"https:\/\/www.belmontmetals.com\/wp-content\/uploads\/2017\/09\/4995D-99.5-Electrolytic-Copper-Unpolished-Shot.jpg","width":375,"height":375},{"@type":"BreadcrumbList","@id":"https:\/\/www.belmontmetals.com\/producto\/99-5-minimum-electrolytic-copper\/#breadcrumb","itemListElement":[{"@type":"ListItem","position":1,"name":"Home","item":"https:\/\/www.belmontmetals.com\/es\/"},{"@type":"ListItem","position":2,"name":"Store","item":"https:\/\/www.belmontmetals.com\/store\/"},{"@type":"ListItem","position":3,"name":"Cobre Electrol\u00edtico al 99,5% M\u00ednimo"}]},{"@type":"WebSite","@id":"https:\/\/www.belmontmetals.com\/#website","url":"https:\/\/www.belmontmetals.com\/","name":"Belmont Metals","description":"","potentialAction":[{"@type":"SearchAction","target":{"@type":"EntryPoint","urlTemplate":"https:\/\/www.belmontmetals.com\/?s={search_term_string}"},"query-input":{"@type":"PropertyValueSpecification","valueRequired":true,"valueName":"search_term_string"}}],"inLanguage":"es"}]}},"_links":{"self":[{"href":"https:\/\/www.belmontmetals.com\/es\/wp-json\/wp\/v2\/product\/3085","targetHints":{"allow":["GET"]}}],"collection":[{"href":"https:\/\/www.belmontmetals.com\/es\/wp-json\/wp\/v2\/product"}],"about":[{"href":"https:\/\/www.belmontmetals.com\/es\/wp-json\/wp\/v2\/types\/product"}],"wp:featuredmedia":[{"embeddable":true,"href":"https:\/\/www.belmontmetals.com\/es\/wp-json\/wp\/v2\/media\/2757"}],"wp:attachment":[{"href":"https:\/\/www.belmontmetals.com\/es\/wp-json\/wp\/v2\/media?parent=3085"}],"wp:term":[{"taxonomy":"product_brand","embeddable":true,"href":"https:\/\/www.belmontmetals.com\/es\/wp-json\/wp\/v2\/product_brand?post=3085"},{"taxonomy":"product_tag","embeddable":true,"href":"https:\/\/www.belmontmetals.com\/es\/wp-json\/wp\/v2\/product_tag?post=3085"},{"taxonomy":"woo-feed-brand","embeddable":true,"href":"https:\/\/www.belmontmetals.com\/es\/wp-json\/wp\/v2\/woo-feed-brand?post=3085"}],"curies":[{"name":"wp","href":"https:\/\/api.w.org\/{rel}","templated":true}]}}