{"id":3081,"date":"2017-09-06T17:57:32","date_gmt":"2017-09-06T17:57:32","guid":{"rendered":"http:\/\/www.belmontmetals.com\/product\/5-phosphor-tin-alloy\/"},"modified":"2017-11-28T22:48:08","modified_gmt":"2017-11-28T22:48:08","slug":"aleacion-de-fosforo-estano-al-5","status":"publish","type":"product","link":"https:\/\/www.belmontmetals.com\/es\/producto\/aleacion-de-fosforo-estano-al-5\/","title":{"rendered":"Aleaci\u00f3n de F\u00f3sforo Esta\u00f1o al 5%"},"content":{"rendered":"<p>El f\u00f3sforo se utiliza con esta\u00f1o, como por ejemplo en soldaduras blandas de esta\u00f1o, para suprimir la formaci\u00f3n de escorias y mantener limpio el ba\u00f1o de metal.<\/p>\n","protected":false},"excerpt":{"rendered":"<p>El f\u00f3sforo se utiliza con esta\u00f1o, como por ejemplo en soldaduras blandas de esta\u00f1o, para suprimir la formaci\u00f3n de escorias y mantener limpio el ba\u00f1o de metal.<\/p>\n","protected":false},"featured_media":2775,"template":"","meta":{"_acf_changed":false},"product_brand":[],"product_tag":[],"woo-feed-brand":[],"class_list":{"0":"post-3081","1":"product","2":"type-product","3":"status-publish","4":"has-post-thumbnail","6":"product_cat-aleaciones-de-estano","7":"product_cat-desoxidantes-y-desgasificantes","8":"pa_nominal-composition-95-sn-5-p","10":"first","11":"instock","12":"taxable","13":"shipping-taxable","14":"purchasable","15":"product-type-variable"},"group_of_quantity":0,"min_quantity":0,"max_quantity":"","exclude_order_quantity_value_rules":"no","exclude_category_quantity_rules":"no","combine_variations":"no","acf":[],"yoast_head":"<!-- This site is optimized with the Yoast SEO plugin v27.3 - https:\/\/yoast.com\/product\/yoast-seo-wordpress\/ -->\n<title>Aleaci\u00f3n de F\u00f3sforo Esta\u00f1o al 5% - Belmont Metals<\/title>\n<meta name=\"robots\" content=\"index, follow, max-snippet:-1, max-image-preview:large, max-video-preview:-1\" \/>\n<link rel=\"canonical\" href=\"https:\/\/www.belmontmetals.com\/es\/producto\/aleacion-de-fosforo-estano-al-5\/\" \/>\n<meta property=\"og:locale\" content=\"es_ES\" \/>\n<meta property=\"og:type\" content=\"article\" \/>\n<meta property=\"og:title\" content=\"Aleaci\u00f3n de F\u00f3sforo Esta\u00f1o al 5% - Belmont Metals\" \/>\n<meta property=\"og:description\" content=\"El f\u00f3sforo se utiliza con esta\u00f1o, como por ejemplo en soldaduras blandas de esta\u00f1o, para suprimir la formaci\u00f3n de escorias y mantener limpio el ba\u00f1o de metal.\" \/>\n<meta property=\"og:url\" content=\"https:\/\/www.belmontmetals.com\/es\/producto\/aleacion-de-fosforo-estano-al-5\/\" \/>\n<meta property=\"og:site_name\" content=\"Belmont Metals\" \/>\n<meta property=\"article:publisher\" content=\"https:\/\/www.facebook.com\/BelmontMetals\/\" \/>\n<meta property=\"article:modified_time\" content=\"2017-11-28T22:48:08+00:00\" \/>\n<meta property=\"og:image\" content=\"https:\/\/www.belmontmetals.com\/wp-content\/uploads\/2017\/09\/7955-Phosphor-Tin-Alloy.jpg\" \/>\n\t<meta property=\"og:image:width\" content=\"375\" \/>\n\t<meta property=\"og:image:height\" content=\"375\" \/>\n\t<meta property=\"og:image:type\" content=\"image\/jpeg\" \/>\n<meta name=\"twitter:card\" content=\"summary_large_image\" \/>\n<meta name=\"twitter:site\" content=\"@BelmontMetals\" \/>\n<script type=\"application\/ld+json\" class=\"yoast-schema-graph\">{\"@context\":\"https:\\\/\\\/schema.org\",\"@graph\":[{\"@type\":\"WebPage\",\"@id\":\"https:\\\/\\\/www.belmontmetals.com\\\/es\\\/producto\\\/aleacion-de-fosforo-estano-al-5\\\/\",\"url\":\"https:\\\/\\\/www.belmontmetals.com\\\/es\\\/producto\\\/aleacion-de-fosforo-estano-al-5\\\/\",\"name\":\"Aleaci\u00f3n de F\u00f3sforo Esta\u00f1o al 5% - Belmont Metals\",\"isPartOf\":{\"@id\":\"https:\\\/\\\/www.belmontmetals.com\\\/#website\"},\"primaryImageOfPage\":{\"@id\":\"https:\\\/\\\/www.belmontmetals.com\\\/es\\\/producto\\\/aleacion-de-fosforo-estano-al-5\\\/#primaryimage\"},\"image\":{\"@id\":\"https:\\\/\\\/www.belmontmetals.com\\\/es\\\/producto\\\/aleacion-de-fosforo-estano-al-5\\\/#primaryimage\"},\"thumbnailUrl\":\"https:\\\/\\\/www.belmontmetals.com\\\/wp-content\\\/uploads\\\/2017\\\/09\\\/7955-Phosphor-Tin-Alloy.jpg\",\"datePublished\":\"2017-09-06T17:57:32+00:00\",\"dateModified\":\"2017-11-28T22:48:08+00:00\",\"breadcrumb\":{\"@id\":\"https:\\\/\\\/www.belmontmetals.com\\\/es\\\/producto\\\/aleacion-de-fosforo-estano-al-5\\\/#breadcrumb\"},\"inLanguage\":\"es\",\"potentialAction\":[{\"@type\":\"ReadAction\",\"target\":[\"https:\\\/\\\/www.belmontmetals.com\\\/es\\\/producto\\\/aleacion-de-fosforo-estano-al-5\\\/\"]}]},{\"@type\":\"ImageObject\",\"inLanguage\":\"es\",\"@id\":\"https:\\\/\\\/www.belmontmetals.com\\\/es\\\/producto\\\/aleacion-de-fosforo-estano-al-5\\\/#primaryimage\",\"url\":\"https:\\\/\\\/www.belmontmetals.com\\\/wp-content\\\/uploads\\\/2017\\\/09\\\/7955-Phosphor-Tin-Alloy.jpg\",\"contentUrl\":\"https:\\\/\\\/www.belmontmetals.com\\\/wp-content\\\/uploads\\\/2017\\\/09\\\/7955-Phosphor-Tin-Alloy.jpg\",\"width\":375,\"height\":375},{\"@type\":\"BreadcrumbList\",\"@id\":\"https:\\\/\\\/www.belmontmetals.com\\\/es\\\/producto\\\/aleacion-de-fosforo-estano-al-5\\\/#breadcrumb\",\"itemListElement\":[{\"@type\":\"ListItem\",\"position\":1,\"name\":\"Home\",\"item\":\"https:\\\/\\\/www.belmontmetals.com\\\/es\\\/\"},{\"@type\":\"ListItem\",\"position\":2,\"name\":\"Store\",\"item\":\"https:\\\/\\\/www.belmontmetals.com\\\/store\\\/\"},{\"@type\":\"ListItem\",\"position\":3,\"name\":\"Aleaci\u00f3n de F\u00f3sforo Esta\u00f1o al 5%\"}]},{\"@type\":\"WebSite\",\"@id\":\"https:\\\/\\\/www.belmontmetals.com\\\/#website\",\"url\":\"https:\\\/\\\/www.belmontmetals.com\\\/\",\"name\":\"Belmont Metals\",\"description\":\"\",\"potentialAction\":[{\"@type\":\"SearchAction\",\"target\":{\"@type\":\"EntryPoint\",\"urlTemplate\":\"https:\\\/\\\/www.belmontmetals.com\\\/?s={search_term_string}\"},\"query-input\":{\"@type\":\"PropertyValueSpecification\",\"valueRequired\":true,\"valueName\":\"search_term_string\"}}],\"inLanguage\":\"es\"}]}<\/script>\n<!-- \/ Yoast SEO plugin. -->","yoast_head_json":{"title":"Aleaci\u00f3n de F\u00f3sforo Esta\u00f1o al 5% - Belmont Metals","robots":{"index":"index","follow":"follow","max-snippet":"max-snippet:-1","max-image-preview":"max-image-preview:large","max-video-preview":"max-video-preview:-1"},"canonical":"https:\/\/www.belmontmetals.com\/es\/producto\/aleacion-de-fosforo-estano-al-5\/","og_locale":"es_ES","og_type":"article","og_title":"Aleaci\u00f3n de F\u00f3sforo Esta\u00f1o al 5% - Belmont Metals","og_description":"El f\u00f3sforo se utiliza con esta\u00f1o, como por ejemplo en soldaduras blandas de esta\u00f1o, para suprimir la formaci\u00f3n de escorias y mantener limpio el ba\u00f1o de metal.","og_url":"https:\/\/www.belmontmetals.com\/es\/producto\/aleacion-de-fosforo-estano-al-5\/","og_site_name":"Belmont Metals","article_publisher":"https:\/\/www.facebook.com\/BelmontMetals\/","article_modified_time":"2017-11-28T22:48:08+00:00","og_image":[{"width":375,"height":375,"url":"https:\/\/www.belmontmetals.com\/wp-content\/uploads\/2017\/09\/7955-Phosphor-Tin-Alloy.jpg","type":"image\/jpeg"}],"twitter_card":"summary_large_image","twitter_site":"@BelmontMetals","schema":{"@context":"https:\/\/schema.org","@graph":[{"@type":"WebPage","@id":"https:\/\/www.belmontmetals.com\/es\/producto\/aleacion-de-fosforo-estano-al-5\/","url":"https:\/\/www.belmontmetals.com\/es\/producto\/aleacion-de-fosforo-estano-al-5\/","name":"Aleaci\u00f3n de F\u00f3sforo Esta\u00f1o al 5% - Belmont Metals","isPartOf":{"@id":"https:\/\/www.belmontmetals.com\/#website"},"primaryImageOfPage":{"@id":"https:\/\/www.belmontmetals.com\/es\/producto\/aleacion-de-fosforo-estano-al-5\/#primaryimage"},"image":{"@id":"https:\/\/www.belmontmetals.com\/es\/producto\/aleacion-de-fosforo-estano-al-5\/#primaryimage"},"thumbnailUrl":"https:\/\/www.belmontmetals.com\/wp-content\/uploads\/2017\/09\/7955-Phosphor-Tin-Alloy.jpg","datePublished":"2017-09-06T17:57:32+00:00","dateModified":"2017-11-28T22:48:08+00:00","breadcrumb":{"@id":"https:\/\/www.belmontmetals.com\/es\/producto\/aleacion-de-fosforo-estano-al-5\/#breadcrumb"},"inLanguage":"es","potentialAction":[{"@type":"ReadAction","target":["https:\/\/www.belmontmetals.com\/es\/producto\/aleacion-de-fosforo-estano-al-5\/"]}]},{"@type":"ImageObject","inLanguage":"es","@id":"https:\/\/www.belmontmetals.com\/es\/producto\/aleacion-de-fosforo-estano-al-5\/#primaryimage","url":"https:\/\/www.belmontmetals.com\/wp-content\/uploads\/2017\/09\/7955-Phosphor-Tin-Alloy.jpg","contentUrl":"https:\/\/www.belmontmetals.com\/wp-content\/uploads\/2017\/09\/7955-Phosphor-Tin-Alloy.jpg","width":375,"height":375},{"@type":"BreadcrumbList","@id":"https:\/\/www.belmontmetals.com\/es\/producto\/aleacion-de-fosforo-estano-al-5\/#breadcrumb","itemListElement":[{"@type":"ListItem","position":1,"name":"Home","item":"https:\/\/www.belmontmetals.com\/es\/"},{"@type":"ListItem","position":2,"name":"Store","item":"https:\/\/www.belmontmetals.com\/store\/"},{"@type":"ListItem","position":3,"name":"Aleaci\u00f3n de F\u00f3sforo Esta\u00f1o al 5%"}]},{"@type":"WebSite","@id":"https:\/\/www.belmontmetals.com\/#website","url":"https:\/\/www.belmontmetals.com\/","name":"Belmont Metals","description":"","potentialAction":[{"@type":"SearchAction","target":{"@type":"EntryPoint","urlTemplate":"https:\/\/www.belmontmetals.com\/?s={search_term_string}"},"query-input":{"@type":"PropertyValueSpecification","valueRequired":true,"valueName":"search_term_string"}}],"inLanguage":"es"}]}},"_links":{"self":[{"href":"https:\/\/www.belmontmetals.com\/es\/wp-json\/wp\/v2\/product\/3081","targetHints":{"allow":["GET"]}}],"collection":[{"href":"https:\/\/www.belmontmetals.com\/es\/wp-json\/wp\/v2\/product"}],"about":[{"href":"https:\/\/www.belmontmetals.com\/es\/wp-json\/wp\/v2\/types\/product"}],"wp:featuredmedia":[{"embeddable":true,"href":"https:\/\/www.belmontmetals.com\/es\/wp-json\/wp\/v2\/media\/2775"}],"wp:attachment":[{"href":"https:\/\/www.belmontmetals.com\/es\/wp-json\/wp\/v2\/media?parent=3081"}],"wp:term":[{"taxonomy":"product_brand","embeddable":true,"href":"https:\/\/www.belmontmetals.com\/es\/wp-json\/wp\/v2\/product_brand?post=3081"},{"taxonomy":"product_tag","embeddable":true,"href":"https:\/\/www.belmontmetals.com\/es\/wp-json\/wp\/v2\/product_tag?post=3081"},{"taxonomy":"woo-feed-brand","embeddable":true,"href":"https:\/\/www.belmontmetals.com\/es\/wp-json\/wp\/v2\/woo-feed-brand?post=3081"}],"curies":[{"name":"wp","href":"https:\/\/api.w.org\/{rel}","templated":true}]}}