{"id":3040,"date":"2017-09-06T19:38:51","date_gmt":"2017-09-06T19:38:51","guid":{"rendered":"http:\/\/www.belmontmetals.com\/product\/type-bb-lead-shot\/"},"modified":"2017-11-28T16:09:05","modified_gmt":"2017-11-28T16:09:05","slug":"perdigones-de-plomo-de-tipo-bb","status":"publish","type":"product","link":"https:\/\/www.belmontmetals.com\/es\/producto\/perdigones-de-plomo-de-tipo-bb\/","title":{"rendered":"Perdigones de Plomo de Tipo BB"},"content":{"rendered":"<p>El perdig\u00f3n de plomo est\u00e1 disponible para distintas aplicaciones. Los perdigones de plomo tipo BB para las medidas de municiones de 0,18 pulgadas de di\u00e1metro. El plomo es el material m\u00e1s com\u00fan para perdigones.<\/p>\n","protected":false},"excerpt":{"rendered":"<p>El perdig\u00f3n de plomo est\u00e1 disponible para distintas aplicaciones. Los perdigones de plomo tipo BB para las medidas de municiones de 0,18 pulgadas de di\u00e1metro. El plomo es el material m\u00e1s com\u00fan para perdigones.<\/p>\n","protected":false},"featured_media":2761,"template":"","meta":{"_acf_changed":false},"product_brand":[],"product_tag":[],"woo-feed-brand":[],"class_list":{"0":"post-3040","1":"product","2":"type-product","3":"status-publish","4":"has-post-thumbnail","6":"product_cat-aleaciones-de-plomo","7":"pa_forms-018-de-diam","8":"pa_nominal-composition-99-90-pb","10":"first","11":"instock","12":"taxable","13":"shipping-taxable","14":"product-type-simple"},"group_of_quantity":0,"min_quantity":0,"max_quantity":"","exclude_order_quantity_value_rules":"no","exclude_category_quantity_rules":"no","combine_variations":"no","acf":[],"yoast_head":"<!-- This site is optimized with the Yoast SEO plugin v27.6 - https:\/\/yoast.com\/product\/yoast-seo-wordpress\/ -->\n<title>Perdigones de Plomo de Tipo BB - Belmont Metals<\/title>\n<meta name=\"robots\" content=\"index, follow, max-snippet:-1, max-image-preview:large, max-video-preview:-1\" \/>\n<link rel=\"canonical\" href=\"https:\/\/www.belmontmetals.com\/es\/producto\/perdigones-de-plomo-de-tipo-bb\/\" \/>\n<meta property=\"og:locale\" content=\"es_ES\" \/>\n<meta property=\"og:type\" content=\"article\" \/>\n<meta property=\"og:title\" content=\"Perdigones de Plomo de Tipo BB - Belmont Metals\" \/>\n<meta property=\"og:description\" content=\"El perdig\u00f3n de plomo est\u00e1 disponible para distintas aplicaciones. Los perdigones de plomo tipo BB para las medidas de municiones de 0,18 pulgadas de di\u00e1metro. El plomo es el material m\u00e1s com\u00fan para perdigones.\" \/>\n<meta property=\"og:url\" content=\"https:\/\/www.belmontmetals.com\/es\/producto\/perdigones-de-plomo-de-tipo-bb\/\" \/>\n<meta property=\"og:site_name\" content=\"Belmont Metals\" \/>\n<meta property=\"article:publisher\" content=\"https:\/\/www.facebook.com\/BelmontMetals\/\" \/>\n<meta property=\"article:modified_time\" content=\"2017-11-28T16:09:05+00:00\" \/>\n<meta property=\"og:image\" content=\"https:\/\/www.belmontmetals.com\/wp-content\/uploads\/2017\/09\/58410D-Linotype.jpg\" \/>\n\t<meta property=\"og:image:width\" content=\"375\" \/>\n\t<meta property=\"og:image:height\" content=\"375\" \/>\n\t<meta property=\"og:image:type\" content=\"image\/jpeg\" \/>\n<meta name=\"twitter:card\" content=\"summary_large_image\" \/>\n<meta name=\"twitter:site\" content=\"@BelmontMetals\" \/>\n<script type=\"application\/ld+json\" class=\"yoast-schema-graph\">{\"@context\":\"https:\\\/\\\/schema.org\",\"@graph\":[{\"@type\":\"WebPage\",\"@id\":\"https:\\\/\\\/www.belmontmetals.com\\\/es\\\/producto\\\/perdigones-de-plomo-de-tipo-bb\\\/\",\"url\":\"https:\\\/\\\/www.belmontmetals.com\\\/es\\\/producto\\\/perdigones-de-plomo-de-tipo-bb\\\/\",\"name\":\"Perdigones de Plomo de Tipo BB - Belmont Metals\",\"isPartOf\":{\"@id\":\"https:\\\/\\\/www.belmontmetals.com\\\/#website\"},\"primaryImageOfPage\":{\"@id\":\"https:\\\/\\\/www.belmontmetals.com\\\/es\\\/producto\\\/perdigones-de-plomo-de-tipo-bb\\\/#primaryimage\"},\"image\":{\"@id\":\"https:\\\/\\\/www.belmontmetals.com\\\/es\\\/producto\\\/perdigones-de-plomo-de-tipo-bb\\\/#primaryimage\"},\"thumbnailUrl\":\"https:\\\/\\\/www.belmontmetals.com\\\/wp-content\\\/uploads\\\/2017\\\/09\\\/58410D-Linotype.jpg\",\"datePublished\":\"2017-09-06T19:38:51+00:00\",\"dateModified\":\"2017-11-28T16:09:05+00:00\",\"breadcrumb\":{\"@id\":\"https:\\\/\\\/www.belmontmetals.com\\\/es\\\/producto\\\/perdigones-de-plomo-de-tipo-bb\\\/#breadcrumb\"},\"inLanguage\":\"es\",\"potentialAction\":[{\"@type\":\"ReadAction\",\"target\":[\"https:\\\/\\\/www.belmontmetals.com\\\/es\\\/producto\\\/perdigones-de-plomo-de-tipo-bb\\\/\"]}]},{\"@type\":\"ImageObject\",\"inLanguage\":\"es\",\"@id\":\"https:\\\/\\\/www.belmontmetals.com\\\/es\\\/producto\\\/perdigones-de-plomo-de-tipo-bb\\\/#primaryimage\",\"url\":\"https:\\\/\\\/www.belmontmetals.com\\\/wp-content\\\/uploads\\\/2017\\\/09\\\/58410D-Linotype.jpg\",\"contentUrl\":\"https:\\\/\\\/www.belmontmetals.com\\\/wp-content\\\/uploads\\\/2017\\\/09\\\/58410D-Linotype.jpg\",\"width\":375,\"height\":375},{\"@type\":\"BreadcrumbList\",\"@id\":\"https:\\\/\\\/www.belmontmetals.com\\\/es\\\/producto\\\/perdigones-de-plomo-de-tipo-bb\\\/#breadcrumb\",\"itemListElement\":[{\"@type\":\"ListItem\",\"position\":1,\"name\":\"Home\",\"item\":\"https:\\\/\\\/www.belmontmetals.com\\\/es\\\/\"},{\"@type\":\"ListItem\",\"position\":2,\"name\":\"Store\",\"item\":\"https:\\\/\\\/www.belmontmetals.com\\\/store\\\/\"},{\"@type\":\"ListItem\",\"position\":3,\"name\":\"Perdigones de Plomo de Tipo BB\"}]},{\"@type\":\"WebSite\",\"@id\":\"https:\\\/\\\/www.belmontmetals.com\\\/#website\",\"url\":\"https:\\\/\\\/www.belmontmetals.com\\\/\",\"name\":\"Belmont Metals\",\"description\":\"\",\"potentialAction\":[{\"@type\":\"SearchAction\",\"target\":{\"@type\":\"EntryPoint\",\"urlTemplate\":\"https:\\\/\\\/www.belmontmetals.com\\\/?s={search_term_string}\"},\"query-input\":{\"@type\":\"PropertyValueSpecification\",\"valueRequired\":true,\"valueName\":\"search_term_string\"}}],\"inLanguage\":\"es\"}]}<\/script>\n<!-- \/ Yoast SEO plugin. -->","yoast_head_json":{"title":"Perdigones de Plomo de Tipo BB - Belmont Metals","robots":{"index":"index","follow":"follow","max-snippet":"max-snippet:-1","max-image-preview":"max-image-preview:large","max-video-preview":"max-video-preview:-1"},"canonical":"https:\/\/www.belmontmetals.com\/es\/producto\/perdigones-de-plomo-de-tipo-bb\/","og_locale":"es_ES","og_type":"article","og_title":"Perdigones de Plomo de Tipo BB - Belmont Metals","og_description":"El perdig\u00f3n de plomo est\u00e1 disponible para distintas aplicaciones. Los perdigones de plomo tipo BB para las medidas de municiones de 0,18 pulgadas de di\u00e1metro. El plomo es el material m\u00e1s com\u00fan para perdigones.","og_url":"https:\/\/www.belmontmetals.com\/es\/producto\/perdigones-de-plomo-de-tipo-bb\/","og_site_name":"Belmont Metals","article_publisher":"https:\/\/www.facebook.com\/BelmontMetals\/","article_modified_time":"2017-11-28T16:09:05+00:00","og_image":[{"width":375,"height":375,"url":"https:\/\/www.belmontmetals.com\/wp-content\/uploads\/2017\/09\/58410D-Linotype.jpg","type":"image\/jpeg"}],"twitter_card":"summary_large_image","twitter_site":"@BelmontMetals","schema":{"@context":"https:\/\/schema.org","@graph":[{"@type":"WebPage","@id":"https:\/\/www.belmontmetals.com\/es\/producto\/perdigones-de-plomo-de-tipo-bb\/","url":"https:\/\/www.belmontmetals.com\/es\/producto\/perdigones-de-plomo-de-tipo-bb\/","name":"Perdigones de Plomo de Tipo BB - Belmont Metals","isPartOf":{"@id":"https:\/\/www.belmontmetals.com\/#website"},"primaryImageOfPage":{"@id":"https:\/\/www.belmontmetals.com\/es\/producto\/perdigones-de-plomo-de-tipo-bb\/#primaryimage"},"image":{"@id":"https:\/\/www.belmontmetals.com\/es\/producto\/perdigones-de-plomo-de-tipo-bb\/#primaryimage"},"thumbnailUrl":"https:\/\/www.belmontmetals.com\/wp-content\/uploads\/2017\/09\/58410D-Linotype.jpg","datePublished":"2017-09-06T19:38:51+00:00","dateModified":"2017-11-28T16:09:05+00:00","breadcrumb":{"@id":"https:\/\/www.belmontmetals.com\/es\/producto\/perdigones-de-plomo-de-tipo-bb\/#breadcrumb"},"inLanguage":"es","potentialAction":[{"@type":"ReadAction","target":["https:\/\/www.belmontmetals.com\/es\/producto\/perdigones-de-plomo-de-tipo-bb\/"]}]},{"@type":"ImageObject","inLanguage":"es","@id":"https:\/\/www.belmontmetals.com\/es\/producto\/perdigones-de-plomo-de-tipo-bb\/#primaryimage","url":"https:\/\/www.belmontmetals.com\/wp-content\/uploads\/2017\/09\/58410D-Linotype.jpg","contentUrl":"https:\/\/www.belmontmetals.com\/wp-content\/uploads\/2017\/09\/58410D-Linotype.jpg","width":375,"height":375},{"@type":"BreadcrumbList","@id":"https:\/\/www.belmontmetals.com\/es\/producto\/perdigones-de-plomo-de-tipo-bb\/#breadcrumb","itemListElement":[{"@type":"ListItem","position":1,"name":"Home","item":"https:\/\/www.belmontmetals.com\/es\/"},{"@type":"ListItem","position":2,"name":"Store","item":"https:\/\/www.belmontmetals.com\/store\/"},{"@type":"ListItem","position":3,"name":"Perdigones de Plomo de Tipo BB"}]},{"@type":"WebSite","@id":"https:\/\/www.belmontmetals.com\/#website","url":"https:\/\/www.belmontmetals.com\/","name":"Belmont Metals","description":"","potentialAction":[{"@type":"SearchAction","target":{"@type":"EntryPoint","urlTemplate":"https:\/\/www.belmontmetals.com\/?s={search_term_string}"},"query-input":{"@type":"PropertyValueSpecification","valueRequired":true,"valueName":"search_term_string"}}],"inLanguage":"es"}]}},"_links":{"self":[{"href":"https:\/\/www.belmontmetals.com\/es\/wp-json\/wp\/v2\/product\/3040","targetHints":{"allow":["GET"]}}],"collection":[{"href":"https:\/\/www.belmontmetals.com\/es\/wp-json\/wp\/v2\/product"}],"about":[{"href":"https:\/\/www.belmontmetals.com\/es\/wp-json\/wp\/v2\/types\/product"}],"wp:featuredmedia":[{"embeddable":true,"href":"https:\/\/www.belmontmetals.com\/es\/wp-json\/wp\/v2\/media\/2761"}],"wp:attachment":[{"href":"https:\/\/www.belmontmetals.com\/es\/wp-json\/wp\/v2\/media?parent=3040"}],"wp:term":[{"taxonomy":"product_brand","embeddable":true,"href":"https:\/\/www.belmontmetals.com\/es\/wp-json\/wp\/v2\/product_brand?post=3040"},{"taxonomy":"product_tag","embeddable":true,"href":"https:\/\/www.belmontmetals.com\/es\/wp-json\/wp\/v2\/product_tag?post=3040"},{"taxonomy":"woo-feed-brand","embeddable":true,"href":"https:\/\/www.belmontmetals.com\/es\/wp-json\/wp\/v2\/woo-feed-brand?post=3040"}],"curies":[{"name":"wp","href":"https:\/\/api.w.org\/{rel}","templated":true}]}}