{"id":3034,"date":"2017-09-06T19:38:52","date_gmt":"2017-09-06T19:38:52","guid":{"rendered":"http:\/\/www.belmontmetals.com\/product\/6-antimonial-lead\/"},"modified":"2017-11-28T22:42:19","modified_gmt":"2017-11-28T22:42:19","slug":"plomo-antimonio-al-6","status":"publish","type":"product","link":"https:\/\/www.belmontmetals.com\/es\/producto\/plomo-antimonio-al-6\/","title":{"rendered":"Plomo Antimonio al 6%"},"content":{"rendered":"<p>Las aleaciones de plomo-antimonio tienen una alta resistencia a la corrosi\u00f3n en la mayor\u00eda de los entornos. Conforman una pel\u00edcula impermeable y protectora incluso m\u00e1s r\u00e1pidamente que el plomo puro en algunos casos incluso m\u00e1s r\u00e1pidamente que el plomo qu\u00edmico. Se ha comprobado que excepto en presencia de compuestos de fl\u00faor, el plomo antimonio al 6% es m\u00e1s resistente a la corrosi\u00f3n que el plomo blando. 6% de antimonio, 92% de plomo, es, por lejos, lo m\u00e1s popular entre los tiradores de tiro al blanco. Buena moldeabilidad. Quebradizo en cierta medida. Costo moderado.<\/p>\n","protected":false},"excerpt":{"rendered":"<p>Las aleaciones de plomo-antimonio tienen una alta resistencia a la corrosi\u00f3n en la mayor\u00eda de los entornos. Conforman una pel\u00edcula impermeable y protectora incluso m\u00e1s r\u00e1pidamente que el plomo puro en algunos casos incluso m\u00e1s r\u00e1pidamente que el plomo qu\u00edmico. Se ha comprobado que excepto en presencia de compuestos de fl\u00faor, el plomo antimonio al 6% es m\u00e1s resistente a la corrosi\u00f3n que el plomo blando. 6% de antimonio, 92% de plomo, es, por lejos, lo m\u00e1s popular entre los tiradores de tiro al blanco. Buena moldeabilidad. Quebradizo en cierta medida. Costo moderado.<\/p>\n","protected":false},"featured_media":2762,"template":"","meta":{"_acf_changed":false},"product_brand":[],"product_tag":[],"woo-feed-brand":[],"class_list":{"0":"post-3034","1":"product","2":"type-product","3":"status-publish","4":"has-post-thumbnail","6":"product_cat-aleaciones-de-plomo","7":"product_cat-metales-blancos","8":"pa_forms-lingote-2-8-varillas-lamina","9":"pa_nominal-composition-93-pb-6-sb-1-sn","11":"first","12":"instock","13":"taxable","14":"shipping-taxable","15":"product-type-simple"},"group_of_quantity":0,"min_quantity":0,"max_quantity":"","exclude_order_quantity_value_rules":"no","exclude_category_quantity_rules":"no","combine_variations":"no","acf":[],"yoast_head":"<!-- This site is optimized with the Yoast SEO plugin v27.5 - https:\/\/yoast.com\/product\/yoast-seo-wordpress\/ -->\n<title>Plomo Antimonio al 6% - Belmont Metals<\/title>\n<meta name=\"robots\" content=\"index, follow, max-snippet:-1, max-image-preview:large, max-video-preview:-1\" \/>\n<link rel=\"canonical\" href=\"https:\/\/www.belmontmetals.com\/es\/producto\/plomo-antimonio-al-6\/\" \/>\n<meta property=\"og:locale\" content=\"es_ES\" \/>\n<meta property=\"og:type\" content=\"article\" \/>\n<meta property=\"og:title\" content=\"Plomo Antimonio al 6% - Belmont Metals\" \/>\n<meta property=\"og:description\" content=\"Las aleaciones de plomo-antimonio tienen una alta resistencia a la corrosi\u00f3n en la mayor\u00eda de los entornos. Conforman una pel\u00edcula impermeable y protectora incluso m\u00e1s r\u00e1pidamente que el plomo puro en algunos casos incluso m\u00e1s r\u00e1pidamente que el plomo qu\u00edmico. Se ha comprobado que excepto en presencia de compuestos de fl\u00faor, el plomo antimonio al 6% es m\u00e1s resistente a la corrosi\u00f3n que el plomo blando. 6% de antimonio, 92% de plomo, es, por lejos, lo m\u00e1s popular entre los tiradores de tiro al blanco. Buena moldeabilidad. Quebradizo en cierta medida. Costo moderado.\" \/>\n<meta property=\"og:url\" content=\"https:\/\/www.belmontmetals.com\/es\/producto\/plomo-antimonio-al-6\/\" \/>\n<meta property=\"og:site_name\" content=\"Belmont Metals\" \/>\n<meta property=\"article:publisher\" content=\"https:\/\/www.facebook.com\/BelmontMetals\/\" \/>\n<meta property=\"article:modified_time\" content=\"2017-11-28T22:42:19+00:00\" \/>\n<meta property=\"og:image\" content=\"https:\/\/www.belmontmetals.com\/wp-content\/uploads\/2017\/09\/5877B-Lead-Base-Alloy.jpg\" \/>\n\t<meta property=\"og:image:width\" content=\"375\" \/>\n\t<meta property=\"og:image:height\" content=\"375\" \/>\n\t<meta property=\"og:image:type\" content=\"image\/jpeg\" \/>\n<meta name=\"twitter:card\" content=\"summary_large_image\" \/>\n<meta name=\"twitter:site\" content=\"@BelmontMetals\" \/>\n<meta name=\"twitter:label1\" content=\"Tiempo de lectura\" \/>\n\t<meta name=\"twitter:data1\" content=\"1 minuto\" \/>\n<script type=\"application\/ld+json\" class=\"yoast-schema-graph\">{\"@context\":\"https:\\\/\\\/schema.org\",\"@graph\":[{\"@type\":\"WebPage\",\"@id\":\"https:\\\/\\\/www.belmontmetals.com\\\/es\\\/producto\\\/plomo-antimonio-al-6\\\/\",\"url\":\"https:\\\/\\\/www.belmontmetals.com\\\/es\\\/producto\\\/plomo-antimonio-al-6\\\/\",\"name\":\"Plomo Antimonio al 6% - Belmont Metals\",\"isPartOf\":{\"@id\":\"https:\\\/\\\/www.belmontmetals.com\\\/#website\"},\"primaryImageOfPage\":{\"@id\":\"https:\\\/\\\/www.belmontmetals.com\\\/es\\\/producto\\\/plomo-antimonio-al-6\\\/#primaryimage\"},\"image\":{\"@id\":\"https:\\\/\\\/www.belmontmetals.com\\\/es\\\/producto\\\/plomo-antimonio-al-6\\\/#primaryimage\"},\"thumbnailUrl\":\"https:\\\/\\\/www.belmontmetals.com\\\/wp-content\\\/uploads\\\/2017\\\/09\\\/5877B-Lead-Base-Alloy.jpg\",\"datePublished\":\"2017-09-06T19:38:52+00:00\",\"dateModified\":\"2017-11-28T22:42:19+00:00\",\"breadcrumb\":{\"@id\":\"https:\\\/\\\/www.belmontmetals.com\\\/es\\\/producto\\\/plomo-antimonio-al-6\\\/#breadcrumb\"},\"inLanguage\":\"es\",\"potentialAction\":[{\"@type\":\"ReadAction\",\"target\":[\"https:\\\/\\\/www.belmontmetals.com\\\/es\\\/producto\\\/plomo-antimonio-al-6\\\/\"]}]},{\"@type\":\"ImageObject\",\"inLanguage\":\"es\",\"@id\":\"https:\\\/\\\/www.belmontmetals.com\\\/es\\\/producto\\\/plomo-antimonio-al-6\\\/#primaryimage\",\"url\":\"https:\\\/\\\/www.belmontmetals.com\\\/wp-content\\\/uploads\\\/2017\\\/09\\\/5877B-Lead-Base-Alloy.jpg\",\"contentUrl\":\"https:\\\/\\\/www.belmontmetals.com\\\/wp-content\\\/uploads\\\/2017\\\/09\\\/5877B-Lead-Base-Alloy.jpg\",\"width\":375,\"height\":375},{\"@type\":\"BreadcrumbList\",\"@id\":\"https:\\\/\\\/www.belmontmetals.com\\\/es\\\/producto\\\/plomo-antimonio-al-6\\\/#breadcrumb\",\"itemListElement\":[{\"@type\":\"ListItem\",\"position\":1,\"name\":\"Home\",\"item\":\"https:\\\/\\\/www.belmontmetals.com\\\/es\\\/\"},{\"@type\":\"ListItem\",\"position\":2,\"name\":\"Store\",\"item\":\"https:\\\/\\\/www.belmontmetals.com\\\/store\\\/\"},{\"@type\":\"ListItem\",\"position\":3,\"name\":\"Plomo Antimonio al 6%\"}]},{\"@type\":\"WebSite\",\"@id\":\"https:\\\/\\\/www.belmontmetals.com\\\/#website\",\"url\":\"https:\\\/\\\/www.belmontmetals.com\\\/\",\"name\":\"Belmont Metals\",\"description\":\"\",\"potentialAction\":[{\"@type\":\"SearchAction\",\"target\":{\"@type\":\"EntryPoint\",\"urlTemplate\":\"https:\\\/\\\/www.belmontmetals.com\\\/?s={search_term_string}\"},\"query-input\":{\"@type\":\"PropertyValueSpecification\",\"valueRequired\":true,\"valueName\":\"search_term_string\"}}],\"inLanguage\":\"es\"}]}<\/script>\n<!-- \/ Yoast SEO plugin. -->","yoast_head_json":{"title":"Plomo Antimonio al 6% - Belmont Metals","robots":{"index":"index","follow":"follow","max-snippet":"max-snippet:-1","max-image-preview":"max-image-preview:large","max-video-preview":"max-video-preview:-1"},"canonical":"https:\/\/www.belmontmetals.com\/es\/producto\/plomo-antimonio-al-6\/","og_locale":"es_ES","og_type":"article","og_title":"Plomo Antimonio al 6% - Belmont Metals","og_description":"Las aleaciones de plomo-antimonio tienen una alta resistencia a la corrosi\u00f3n en la mayor\u00eda de los entornos. Conforman una pel\u00edcula impermeable y protectora incluso m\u00e1s r\u00e1pidamente que el plomo puro en algunos casos incluso m\u00e1s r\u00e1pidamente que el plomo qu\u00edmico. Se ha comprobado que excepto en presencia de compuestos de fl\u00faor, el plomo antimonio al 6% es m\u00e1s resistente a la corrosi\u00f3n que el plomo blando. 6% de antimonio, 92% de plomo, es, por lejos, lo m\u00e1s popular entre los tiradores de tiro al blanco. Buena moldeabilidad. Quebradizo en cierta medida. Costo moderado.","og_url":"https:\/\/www.belmontmetals.com\/es\/producto\/plomo-antimonio-al-6\/","og_site_name":"Belmont Metals","article_publisher":"https:\/\/www.facebook.com\/BelmontMetals\/","article_modified_time":"2017-11-28T22:42:19+00:00","og_image":[{"width":375,"height":375,"url":"https:\/\/www.belmontmetals.com\/wp-content\/uploads\/2017\/09\/5877B-Lead-Base-Alloy.jpg","type":"image\/jpeg"}],"twitter_card":"summary_large_image","twitter_site":"@BelmontMetals","twitter_misc":{"Tiempo de lectura":"1 minuto"},"schema":{"@context":"https:\/\/schema.org","@graph":[{"@type":"WebPage","@id":"https:\/\/www.belmontmetals.com\/es\/producto\/plomo-antimonio-al-6\/","url":"https:\/\/www.belmontmetals.com\/es\/producto\/plomo-antimonio-al-6\/","name":"Plomo Antimonio al 6% - Belmont Metals","isPartOf":{"@id":"https:\/\/www.belmontmetals.com\/#website"},"primaryImageOfPage":{"@id":"https:\/\/www.belmontmetals.com\/es\/producto\/plomo-antimonio-al-6\/#primaryimage"},"image":{"@id":"https:\/\/www.belmontmetals.com\/es\/producto\/plomo-antimonio-al-6\/#primaryimage"},"thumbnailUrl":"https:\/\/www.belmontmetals.com\/wp-content\/uploads\/2017\/09\/5877B-Lead-Base-Alloy.jpg","datePublished":"2017-09-06T19:38:52+00:00","dateModified":"2017-11-28T22:42:19+00:00","breadcrumb":{"@id":"https:\/\/www.belmontmetals.com\/es\/producto\/plomo-antimonio-al-6\/#breadcrumb"},"inLanguage":"es","potentialAction":[{"@type":"ReadAction","target":["https:\/\/www.belmontmetals.com\/es\/producto\/plomo-antimonio-al-6\/"]}]},{"@type":"ImageObject","inLanguage":"es","@id":"https:\/\/www.belmontmetals.com\/es\/producto\/plomo-antimonio-al-6\/#primaryimage","url":"https:\/\/www.belmontmetals.com\/wp-content\/uploads\/2017\/09\/5877B-Lead-Base-Alloy.jpg","contentUrl":"https:\/\/www.belmontmetals.com\/wp-content\/uploads\/2017\/09\/5877B-Lead-Base-Alloy.jpg","width":375,"height":375},{"@type":"BreadcrumbList","@id":"https:\/\/www.belmontmetals.com\/es\/producto\/plomo-antimonio-al-6\/#breadcrumb","itemListElement":[{"@type":"ListItem","position":1,"name":"Home","item":"https:\/\/www.belmontmetals.com\/es\/"},{"@type":"ListItem","position":2,"name":"Store","item":"https:\/\/www.belmontmetals.com\/store\/"},{"@type":"ListItem","position":3,"name":"Plomo Antimonio al 6%"}]},{"@type":"WebSite","@id":"https:\/\/www.belmontmetals.com\/#website","url":"https:\/\/www.belmontmetals.com\/","name":"Belmont Metals","description":"","potentialAction":[{"@type":"SearchAction","target":{"@type":"EntryPoint","urlTemplate":"https:\/\/www.belmontmetals.com\/?s={search_term_string}"},"query-input":{"@type":"PropertyValueSpecification","valueRequired":true,"valueName":"search_term_string"}}],"inLanguage":"es"}]}},"_links":{"self":[{"href":"https:\/\/www.belmontmetals.com\/es\/wp-json\/wp\/v2\/product\/3034","targetHints":{"allow":["GET"]}}],"collection":[{"href":"https:\/\/www.belmontmetals.com\/es\/wp-json\/wp\/v2\/product"}],"about":[{"href":"https:\/\/www.belmontmetals.com\/es\/wp-json\/wp\/v2\/types\/product"}],"wp:featuredmedia":[{"embeddable":true,"href":"https:\/\/www.belmontmetals.com\/es\/wp-json\/wp\/v2\/media\/2762"}],"wp:attachment":[{"href":"https:\/\/www.belmontmetals.com\/es\/wp-json\/wp\/v2\/media?parent=3034"}],"wp:term":[{"taxonomy":"product_brand","embeddable":true,"href":"https:\/\/www.belmontmetals.com\/es\/wp-json\/wp\/v2\/product_brand?post=3034"},{"taxonomy":"product_tag","embeddable":true,"href":"https:\/\/www.belmontmetals.com\/es\/wp-json\/wp\/v2\/product_tag?post=3034"},{"taxonomy":"woo-feed-brand","embeddable":true,"href":"https:\/\/www.belmontmetals.com\/es\/wp-json\/wp\/v2\/woo-feed-brand?post=3034"}],"curies":[{"name":"wp","href":"https:\/\/api.w.org\/{rel}","templated":true}]}}