{"id":3024,"date":"2017-09-06T20:10:41","date_gmt":"2017-09-06T20:10:41","guid":{"rendered":"http:\/\/www.belmontmetals.com\/product\/mellottes-metal-203-f-95-c-low-melting-alloy\/"},"modified":"2017-11-28T16:08:56","modified_gmt":"2017-11-28T16:08:56","slug":"metal-mellottes-aleacion-de-bajo-punto-de-fusion-de-203-f-95-c","status":"publish","type":"product","link":"https:\/\/www.belmontmetals.com\/es\/producto\/metal-mellottes-aleacion-de-bajo-punto-de-fusion-de-203-f-95-c\/","title":{"rendered":"Metal MELLOTTES, Aleaci\u00f3n de bajo Punto de Fusi\u00f3n de 203 \u00b0 F, 95\u00b0 C"},"content":{"rendered":"<p>\u00c9sta es una aleaci\u00f3n eut\u00e9ctica en base a bismuto que tiene usos como escudo durante los tratamientos m\u00e9dicos por radiaci\u00f3n y tambi\u00e9n es una soluci\u00f3n libre de cadmio para la terapia por radiaci\u00f3n. Este material tambi\u00e9n tiene un crecimiento r\u00e1pido de hasta 0,0061 luego del moldeado. Tambi\u00e9n ha sido utilizado como material de anclaje y para dise\u00f1ar enlaces fusibles.<\/p>\n","protected":false},"excerpt":{"rendered":"<p>\u00c9sta es una aleaci\u00f3n eut\u00e9ctica en base a bismuto que tiene usos como escudo durante los tratamientos m\u00e9dicos por radiaci\u00f3n y tambi\u00e9n es una soluci\u00f3n libre de cadmio para la terapia por radiaci\u00f3n. Este material tambi\u00e9n tiene un crecimiento r\u00e1pido de hasta 0,0061 luego del moldeado. Tambi\u00e9n ha sido utilizado como material de anclaje y para dise\u00f1ar enlaces fusibles.<\/p>\n","protected":false},"featured_media":2686,"template":"","meta":{"_acf_changed":false},"product_brand":[],"product_tag":[],"woo-feed-brand":[],"class_list":{"0":"post-3024","1":"product","2":"type-product","3":"status-publish","4":"has-post-thumbnail","6":"product_cat-aleaciones-fusibles","7":"pa_forms-torta-de-2-libras-de-peso-equilibrado-alambre-solido-de-18-132-de-diam-perdigon-irregular-galapagos","8":"pa_nominal-composition-52-5-bi-32-pb-15-5-sn","10":"first","11":"instock","12":"taxable","13":"shipping-taxable","14":"product-type-simple"},"group_of_quantity":0,"min_quantity":0,"max_quantity":"","exclude_order_quantity_value_rules":"no","exclude_category_quantity_rules":"no","combine_variations":"no","acf":[],"yoast_head":"<!-- This site is optimized with the Yoast SEO plugin v27.3 - https:\/\/yoast.com\/product\/yoast-seo-wordpress\/ -->\n<title>Metal MELLOTTES, Aleaci\u00f3n de bajo Punto de Fusi\u00f3n de 203 \u00b0 F, 95\u00b0 C - Belmont Metals<\/title>\n<meta name=\"robots\" content=\"index, follow, max-snippet:-1, max-image-preview:large, max-video-preview:-1\" \/>\n<link rel=\"canonical\" href=\"https:\/\/www.belmontmetals.com\/producto\/mellottes-metal-203-f-95-c-low-melting-alloy\/\" \/>\n<meta property=\"og:locale\" content=\"es_ES\" \/>\n<meta property=\"og:type\" content=\"article\" \/>\n<meta property=\"og:title\" content=\"Metal MELLOTTES, Aleaci\u00f3n de bajo Punto de Fusi\u00f3n de 203 \u00b0 F, 95\u00b0 C - Belmont Metals\" \/>\n<meta property=\"og:description\" content=\"\u00c9sta es una aleaci\u00f3n eut\u00e9ctica en base a bismuto que tiene usos como escudo durante los tratamientos m\u00e9dicos por radiaci\u00f3n y tambi\u00e9n es una soluci\u00f3n libre de cadmio para la terapia por radiaci\u00f3n. Este material tambi\u00e9n tiene un crecimiento r\u00e1pido de hasta 0,0061 luego del moldeado. Tambi\u00e9n ha sido utilizado como material de anclaje y para dise\u00f1ar enlaces fusibles.\" \/>\n<meta property=\"og:url\" content=\"https:\/\/www.belmontmetals.com\/producto\/mellottes-metal-203-f-95-c-low-melting-alloy\/\" \/>\n<meta property=\"og:site_name\" content=\"Belmont Metals\" \/>\n<meta property=\"article:publisher\" content=\"https:\/\/www.facebook.com\/BelmontMetals\/\" \/>\n<meta property=\"article:modified_time\" content=\"2017-11-28T16:08:56+00:00\" \/>\n<meta property=\"og:image\" content=\"https:\/\/www.belmontmetals.com\/wp-content\/uploads\/2017\/09\/2451-Low-Melting-Alloy.jpg\" \/>\n\t<meta property=\"og:image:width\" content=\"375\" \/>\n\t<meta property=\"og:image:height\" content=\"375\" \/>\n\t<meta property=\"og:image:type\" content=\"image\/jpeg\" \/>\n<meta name=\"twitter:card\" content=\"summary_large_image\" \/>\n<meta name=\"twitter:site\" content=\"@BelmontMetals\" \/>\n<script type=\"application\/ld+json\" class=\"yoast-schema-graph\">{\"@context\":\"https:\\\/\\\/schema.org\",\"@graph\":[{\"@type\":\"WebPage\",\"@id\":\"https:\\\/\\\/www.belmontmetals.com\\\/producto\\\/mellottes-metal-203-f-95-c-low-melting-alloy\\\/\",\"url\":\"https:\\\/\\\/www.belmontmetals.com\\\/producto\\\/mellottes-metal-203-f-95-c-low-melting-alloy\\\/\",\"name\":\"Metal MELLOTTES, Aleaci\u00f3n de bajo Punto de Fusi\u00f3n de 203 \u00b0 F, 95\u00b0 C - Belmont Metals\",\"isPartOf\":{\"@id\":\"https:\\\/\\\/www.belmontmetals.com\\\/#website\"},\"primaryImageOfPage\":{\"@id\":\"https:\\\/\\\/www.belmontmetals.com\\\/producto\\\/mellottes-metal-203-f-95-c-low-melting-alloy\\\/#primaryimage\"},\"image\":{\"@id\":\"https:\\\/\\\/www.belmontmetals.com\\\/producto\\\/mellottes-metal-203-f-95-c-low-melting-alloy\\\/#primaryimage\"},\"thumbnailUrl\":\"https:\\\/\\\/www.belmontmetals.com\\\/wp-content\\\/uploads\\\/2017\\\/09\\\/2451-Low-Melting-Alloy.jpg\",\"datePublished\":\"2017-09-06T20:10:41+00:00\",\"dateModified\":\"2017-11-28T16:08:56+00:00\",\"breadcrumb\":{\"@id\":\"https:\\\/\\\/www.belmontmetals.com\\\/producto\\\/mellottes-metal-203-f-95-c-low-melting-alloy\\\/#breadcrumb\"},\"inLanguage\":\"es\",\"potentialAction\":[{\"@type\":\"ReadAction\",\"target\":[\"https:\\\/\\\/www.belmontmetals.com\\\/producto\\\/mellottes-metal-203-f-95-c-low-melting-alloy\\\/\"]}]},{\"@type\":\"ImageObject\",\"inLanguage\":\"es\",\"@id\":\"https:\\\/\\\/www.belmontmetals.com\\\/producto\\\/mellottes-metal-203-f-95-c-low-melting-alloy\\\/#primaryimage\",\"url\":\"https:\\\/\\\/www.belmontmetals.com\\\/wp-content\\\/uploads\\\/2017\\\/09\\\/2451-Low-Melting-Alloy.jpg\",\"contentUrl\":\"https:\\\/\\\/www.belmontmetals.com\\\/wp-content\\\/uploads\\\/2017\\\/09\\\/2451-Low-Melting-Alloy.jpg\",\"width\":375,\"height\":375,\"caption\":\"SONY DSC\"},{\"@type\":\"BreadcrumbList\",\"@id\":\"https:\\\/\\\/www.belmontmetals.com\\\/producto\\\/mellottes-metal-203-f-95-c-low-melting-alloy\\\/#breadcrumb\",\"itemListElement\":[{\"@type\":\"ListItem\",\"position\":1,\"name\":\"Home\",\"item\":\"https:\\\/\\\/www.belmontmetals.com\\\/es\\\/\"},{\"@type\":\"ListItem\",\"position\":2,\"name\":\"Store\",\"item\":\"https:\\\/\\\/www.belmontmetals.com\\\/store\\\/\"},{\"@type\":\"ListItem\",\"position\":3,\"name\":\"Metal MELLOTTES, Aleaci\u00f3n de bajo Punto de Fusi\u00f3n de 203 \u00b0 F, 95\u00b0 C\"}]},{\"@type\":\"WebSite\",\"@id\":\"https:\\\/\\\/www.belmontmetals.com\\\/#website\",\"url\":\"https:\\\/\\\/www.belmontmetals.com\\\/\",\"name\":\"Belmont Metals\",\"description\":\"\",\"potentialAction\":[{\"@type\":\"SearchAction\",\"target\":{\"@type\":\"EntryPoint\",\"urlTemplate\":\"https:\\\/\\\/www.belmontmetals.com\\\/?s={search_term_string}\"},\"query-input\":{\"@type\":\"PropertyValueSpecification\",\"valueRequired\":true,\"valueName\":\"search_term_string\"}}],\"inLanguage\":\"es\"}]}<\/script>\n<!-- \/ Yoast SEO plugin. -->","yoast_head_json":{"title":"Metal MELLOTTES, Aleaci\u00f3n de bajo Punto de Fusi\u00f3n de 203 \u00b0 F, 95\u00b0 C - Belmont Metals","robots":{"index":"index","follow":"follow","max-snippet":"max-snippet:-1","max-image-preview":"max-image-preview:large","max-video-preview":"max-video-preview:-1"},"canonical":"https:\/\/www.belmontmetals.com\/producto\/mellottes-metal-203-f-95-c-low-melting-alloy\/","og_locale":"es_ES","og_type":"article","og_title":"Metal MELLOTTES, Aleaci\u00f3n de bajo Punto de Fusi\u00f3n de 203 \u00b0 F, 95\u00b0 C - Belmont Metals","og_description":"\u00c9sta es una aleaci\u00f3n eut\u00e9ctica en base a bismuto que tiene usos como escudo durante los tratamientos m\u00e9dicos por radiaci\u00f3n y tambi\u00e9n es una soluci\u00f3n libre de cadmio para la terapia por radiaci\u00f3n. Este material tambi\u00e9n tiene un crecimiento r\u00e1pido de hasta 0,0061 luego del moldeado. Tambi\u00e9n ha sido utilizado como material de anclaje y para dise\u00f1ar enlaces fusibles.","og_url":"https:\/\/www.belmontmetals.com\/producto\/mellottes-metal-203-f-95-c-low-melting-alloy\/","og_site_name":"Belmont Metals","article_publisher":"https:\/\/www.facebook.com\/BelmontMetals\/","article_modified_time":"2017-11-28T16:08:56+00:00","og_image":[{"width":375,"height":375,"url":"https:\/\/www.belmontmetals.com\/wp-content\/uploads\/2017\/09\/2451-Low-Melting-Alloy.jpg","type":"image\/jpeg"}],"twitter_card":"summary_large_image","twitter_site":"@BelmontMetals","schema":{"@context":"https:\/\/schema.org","@graph":[{"@type":"WebPage","@id":"https:\/\/www.belmontmetals.com\/producto\/mellottes-metal-203-f-95-c-low-melting-alloy\/","url":"https:\/\/www.belmontmetals.com\/producto\/mellottes-metal-203-f-95-c-low-melting-alloy\/","name":"Metal MELLOTTES, Aleaci\u00f3n de bajo Punto de Fusi\u00f3n de 203 \u00b0 F, 95\u00b0 C - Belmont Metals","isPartOf":{"@id":"https:\/\/www.belmontmetals.com\/#website"},"primaryImageOfPage":{"@id":"https:\/\/www.belmontmetals.com\/producto\/mellottes-metal-203-f-95-c-low-melting-alloy\/#primaryimage"},"image":{"@id":"https:\/\/www.belmontmetals.com\/producto\/mellottes-metal-203-f-95-c-low-melting-alloy\/#primaryimage"},"thumbnailUrl":"https:\/\/www.belmontmetals.com\/wp-content\/uploads\/2017\/09\/2451-Low-Melting-Alloy.jpg","datePublished":"2017-09-06T20:10:41+00:00","dateModified":"2017-11-28T16:08:56+00:00","breadcrumb":{"@id":"https:\/\/www.belmontmetals.com\/producto\/mellottes-metal-203-f-95-c-low-melting-alloy\/#breadcrumb"},"inLanguage":"es","potentialAction":[{"@type":"ReadAction","target":["https:\/\/www.belmontmetals.com\/producto\/mellottes-metal-203-f-95-c-low-melting-alloy\/"]}]},{"@type":"ImageObject","inLanguage":"es","@id":"https:\/\/www.belmontmetals.com\/producto\/mellottes-metal-203-f-95-c-low-melting-alloy\/#primaryimage","url":"https:\/\/www.belmontmetals.com\/wp-content\/uploads\/2017\/09\/2451-Low-Melting-Alloy.jpg","contentUrl":"https:\/\/www.belmontmetals.com\/wp-content\/uploads\/2017\/09\/2451-Low-Melting-Alloy.jpg","width":375,"height":375,"caption":"SONY DSC"},{"@type":"BreadcrumbList","@id":"https:\/\/www.belmontmetals.com\/producto\/mellottes-metal-203-f-95-c-low-melting-alloy\/#breadcrumb","itemListElement":[{"@type":"ListItem","position":1,"name":"Home","item":"https:\/\/www.belmontmetals.com\/es\/"},{"@type":"ListItem","position":2,"name":"Store","item":"https:\/\/www.belmontmetals.com\/store\/"},{"@type":"ListItem","position":3,"name":"Metal MELLOTTES, Aleaci\u00f3n de bajo Punto de Fusi\u00f3n de 203 \u00b0 F, 95\u00b0 C"}]},{"@type":"WebSite","@id":"https:\/\/www.belmontmetals.com\/#website","url":"https:\/\/www.belmontmetals.com\/","name":"Belmont Metals","description":"","potentialAction":[{"@type":"SearchAction","target":{"@type":"EntryPoint","urlTemplate":"https:\/\/www.belmontmetals.com\/?s={search_term_string}"},"query-input":{"@type":"PropertyValueSpecification","valueRequired":true,"valueName":"search_term_string"}}],"inLanguage":"es"}]}},"_links":{"self":[{"href":"https:\/\/www.belmontmetals.com\/es\/wp-json\/wp\/v2\/product\/3024","targetHints":{"allow":["GET"]}}],"collection":[{"href":"https:\/\/www.belmontmetals.com\/es\/wp-json\/wp\/v2\/product"}],"about":[{"href":"https:\/\/www.belmontmetals.com\/es\/wp-json\/wp\/v2\/types\/product"}],"wp:featuredmedia":[{"embeddable":true,"href":"https:\/\/www.belmontmetals.com\/es\/wp-json\/wp\/v2\/media\/2686"}],"wp:attachment":[{"href":"https:\/\/www.belmontmetals.com\/es\/wp-json\/wp\/v2\/media?parent=3024"}],"wp:term":[{"taxonomy":"product_brand","embeddable":true,"href":"https:\/\/www.belmontmetals.com\/es\/wp-json\/wp\/v2\/product_brand?post=3024"},{"taxonomy":"product_tag","embeddable":true,"href":"https:\/\/www.belmontmetals.com\/es\/wp-json\/wp\/v2\/product_tag?post=3024"},{"taxonomy":"woo-feed-brand","embeddable":true,"href":"https:\/\/www.belmontmetals.com\/es\/wp-json\/wp\/v2\/woo-feed-brand?post=3024"}],"curies":[{"name":"wp","href":"https:\/\/api.w.org\/{rel}","templated":true}]}}