{"id":3016,"date":"2017-09-06T20:26:47","date_gmt":"2017-09-06T20:26:47","guid":{"rendered":"http:\/\/www.belmontmetals.com\/product\/281-338-f-138-170-c-low-melting-alloy\/"},"modified":"2018-01-15T18:46:52","modified_gmt":"2018-01-15T18:46:52","slug":"aleacion-de-bajo-punto-de-fusion-de-281-338-f-138-170-c","status":"publish","type":"product","link":"https:\/\/www.belmontmetals.com\/es\/producto\/aleacion-de-bajo-punto-de-fusion-de-281-338-f-138-170-c\/","title":{"rendered":"Metal CAST, Aleaci\u00f3n de bajo Punto de Fusi\u00f3n de 281-338\u00b0 F, 138-170\u00b0 C"},"content":{"rendered":"<p>\u00c9sta es una aleaci\u00f3n de bajo punto de fusi\u00f3n, no eut\u00e9ctica, en base a esta\u00f1o. Los principales usos de esta aleaci\u00f3n son en aplicaciones similares al moldeado por vaciado, en la cual reemplaza los llamados troqueles de \u00abcera perdida\u00bb. Sus otras aplicaciones tambi\u00e9n incluyen verificar el moldeado y sellado o soldadura blanda en aplicaciones de baja temperatura.<\/p>\n","protected":false},"excerpt":{"rendered":"<p>\u00c9sta es una aleaci\u00f3n de bajo punto de fusi\u00f3n, no eut\u00e9ctica, en base a esta\u00f1o. Los principales usos de esta aleaci\u00f3n son en aplicaciones similares al moldeado por vaciado, en la cual reemplaza los llamados troqueles de \u00abcera perdida\u00bb. Sus otras aplicaciones tambi\u00e9n incluyen verificar el moldeado y sellado o soldadura blanda en aplicaciones de baja temperatura.<\/p>\n","protected":false},"featured_media":2687,"template":"","meta":{"_acf_changed":false},"product_brand":[],"product_tag":[],"woo-feed-brand":[],"class_list":{"0":"post-3016","1":"product","2":"type-product","3":"status-publish","4":"has-post-thumbnail","6":"product_cat-aleaciones-fusibles","7":"pa_forms-torta-de-2-libras-de-peso-equilibrado-recorte","8":"pa_nominal-composition-40-bi-60-sn","10":"first","11":"instock","12":"taxable","13":"shipping-taxable","14":"purchasable","15":"product-type-variable"},"group_of_quantity":0,"min_quantity":0,"max_quantity":"","exclude_order_quantity_value_rules":"no","exclude_category_quantity_rules":"no","combine_variations":"no","acf":[],"yoast_head":"<!-- This site is optimized with the Yoast SEO plugin v27.4 - https:\/\/yoast.com\/product\/yoast-seo-wordpress\/ -->\n<title>Metal CAST, Aleaci\u00f3n de bajo Punto de Fusi\u00f3n de 281-338\u00b0 F, 138-170\u00b0 C - Belmont Metals<\/title>\n<meta name=\"robots\" content=\"index, follow, max-snippet:-1, max-image-preview:large, max-video-preview:-1\" \/>\n<link rel=\"canonical\" href=\"https:\/\/www.belmontmetals.com\/es\/producto\/aleacion-de-bajo-punto-de-fusion-de-281-338-f-138-170-c\/\" \/>\n<meta property=\"og:locale\" content=\"es_ES\" \/>\n<meta property=\"og:type\" content=\"article\" \/>\n<meta property=\"og:title\" content=\"Metal CAST, Aleaci\u00f3n de bajo Punto de Fusi\u00f3n de 281-338\u00b0 F, 138-170\u00b0 C - Belmont Metals\" \/>\n<meta property=\"og:description\" content=\"\u00c9sta es una aleaci\u00f3n de bajo punto de fusi\u00f3n, no eut\u00e9ctica, en base a esta\u00f1o. Los principales usos de esta aleaci\u00f3n son en aplicaciones similares al moldeado por vaciado, en la cual reemplaza los llamados troqueles de &quot;cera perdida&quot;. Sus otras aplicaciones tambi\u00e9n incluyen verificar el moldeado y sellado o soldadura blanda en aplicaciones de baja temperatura.\" \/>\n<meta property=\"og:url\" content=\"https:\/\/www.belmontmetals.com\/es\/producto\/aleacion-de-bajo-punto-de-fusion-de-281-338-f-138-170-c\/\" \/>\n<meta property=\"og:site_name\" content=\"Belmont Metals\" \/>\n<meta property=\"article:publisher\" content=\"https:\/\/www.facebook.com\/BelmontMetals\/\" \/>\n<meta property=\"article:modified_time\" content=\"2018-01-15T18:46:52+00:00\" \/>\n<meta property=\"og:image\" content=\"https:\/\/www.belmontmetals.com\/wp-content\/uploads\/2017\/09\/2491A-Low-Melting-Alloy.jpg\" \/>\n\t<meta property=\"og:image:width\" content=\"375\" \/>\n\t<meta property=\"og:image:height\" content=\"375\" \/>\n\t<meta property=\"og:image:type\" content=\"image\/jpeg\" \/>\n<meta name=\"twitter:card\" content=\"summary_large_image\" \/>\n<meta name=\"twitter:site\" content=\"@BelmontMetals\" \/>\n<script type=\"application\/ld+json\" class=\"yoast-schema-graph\">{\"@context\":\"https:\\\/\\\/schema.org\",\"@graph\":[{\"@type\":\"WebPage\",\"@id\":\"https:\\\/\\\/www.belmontmetals.com\\\/es\\\/producto\\\/aleacion-de-bajo-punto-de-fusion-de-281-338-f-138-170-c\\\/\",\"url\":\"https:\\\/\\\/www.belmontmetals.com\\\/es\\\/producto\\\/aleacion-de-bajo-punto-de-fusion-de-281-338-f-138-170-c\\\/\",\"name\":\"Metal CAST, Aleaci\u00f3n de bajo Punto de Fusi\u00f3n de 281-338\u00b0 F, 138-170\u00b0 C - Belmont Metals\",\"isPartOf\":{\"@id\":\"https:\\\/\\\/www.belmontmetals.com\\\/#website\"},\"primaryImageOfPage\":{\"@id\":\"https:\\\/\\\/www.belmontmetals.com\\\/es\\\/producto\\\/aleacion-de-bajo-punto-de-fusion-de-281-338-f-138-170-c\\\/#primaryimage\"},\"image\":{\"@id\":\"https:\\\/\\\/www.belmontmetals.com\\\/es\\\/producto\\\/aleacion-de-bajo-punto-de-fusion-de-281-338-f-138-170-c\\\/#primaryimage\"},\"thumbnailUrl\":\"https:\\\/\\\/www.belmontmetals.com\\\/wp-content\\\/uploads\\\/2017\\\/09\\\/2491A-Low-Melting-Alloy.jpg\",\"datePublished\":\"2017-09-06T20:26:47+00:00\",\"dateModified\":\"2018-01-15T18:46:52+00:00\",\"breadcrumb\":{\"@id\":\"https:\\\/\\\/www.belmontmetals.com\\\/es\\\/producto\\\/aleacion-de-bajo-punto-de-fusion-de-281-338-f-138-170-c\\\/#breadcrumb\"},\"inLanguage\":\"es\",\"potentialAction\":[{\"@type\":\"ReadAction\",\"target\":[\"https:\\\/\\\/www.belmontmetals.com\\\/es\\\/producto\\\/aleacion-de-bajo-punto-de-fusion-de-281-338-f-138-170-c\\\/\"]}]},{\"@type\":\"ImageObject\",\"inLanguage\":\"es\",\"@id\":\"https:\\\/\\\/www.belmontmetals.com\\\/es\\\/producto\\\/aleacion-de-bajo-punto-de-fusion-de-281-338-f-138-170-c\\\/#primaryimage\",\"url\":\"https:\\\/\\\/www.belmontmetals.com\\\/wp-content\\\/uploads\\\/2017\\\/09\\\/2491A-Low-Melting-Alloy.jpg\",\"contentUrl\":\"https:\\\/\\\/www.belmontmetals.com\\\/wp-content\\\/uploads\\\/2017\\\/09\\\/2491A-Low-Melting-Alloy.jpg\",\"width\":375,\"height\":375,\"caption\":\"SONY DSC\"},{\"@type\":\"BreadcrumbList\",\"@id\":\"https:\\\/\\\/www.belmontmetals.com\\\/es\\\/producto\\\/aleacion-de-bajo-punto-de-fusion-de-281-338-f-138-170-c\\\/#breadcrumb\",\"itemListElement\":[{\"@type\":\"ListItem\",\"position\":1,\"name\":\"Home\",\"item\":\"https:\\\/\\\/www.belmontmetals.com\\\/es\\\/\"},{\"@type\":\"ListItem\",\"position\":2,\"name\":\"Store\",\"item\":\"https:\\\/\\\/www.belmontmetals.com\\\/store\\\/\"},{\"@type\":\"ListItem\",\"position\":3,\"name\":\"Metal CAST, Aleaci\u00f3n de bajo Punto de Fusi\u00f3n de 281-338\u00b0 F, 138-170\u00b0 C\"}]},{\"@type\":\"WebSite\",\"@id\":\"https:\\\/\\\/www.belmontmetals.com\\\/#website\",\"url\":\"https:\\\/\\\/www.belmontmetals.com\\\/\",\"name\":\"Belmont Metals\",\"description\":\"\",\"potentialAction\":[{\"@type\":\"SearchAction\",\"target\":{\"@type\":\"EntryPoint\",\"urlTemplate\":\"https:\\\/\\\/www.belmontmetals.com\\\/?s={search_term_string}\"},\"query-input\":{\"@type\":\"PropertyValueSpecification\",\"valueRequired\":true,\"valueName\":\"search_term_string\"}}],\"inLanguage\":\"es\"}]}<\/script>\n<!-- \/ Yoast SEO plugin. -->","yoast_head_json":{"title":"Metal CAST, Aleaci\u00f3n de bajo Punto de Fusi\u00f3n de 281-338\u00b0 F, 138-170\u00b0 C - Belmont Metals","robots":{"index":"index","follow":"follow","max-snippet":"max-snippet:-1","max-image-preview":"max-image-preview:large","max-video-preview":"max-video-preview:-1"},"canonical":"https:\/\/www.belmontmetals.com\/es\/producto\/aleacion-de-bajo-punto-de-fusion-de-281-338-f-138-170-c\/","og_locale":"es_ES","og_type":"article","og_title":"Metal CAST, Aleaci\u00f3n de bajo Punto de Fusi\u00f3n de 281-338\u00b0 F, 138-170\u00b0 C - Belmont Metals","og_description":"\u00c9sta es una aleaci\u00f3n de bajo punto de fusi\u00f3n, no eut\u00e9ctica, en base a esta\u00f1o. Los principales usos de esta aleaci\u00f3n son en aplicaciones similares al moldeado por vaciado, en la cual reemplaza los llamados troqueles de \"cera perdida\". Sus otras aplicaciones tambi\u00e9n incluyen verificar el moldeado y sellado o soldadura blanda en aplicaciones de baja temperatura.","og_url":"https:\/\/www.belmontmetals.com\/es\/producto\/aleacion-de-bajo-punto-de-fusion-de-281-338-f-138-170-c\/","og_site_name":"Belmont Metals","article_publisher":"https:\/\/www.facebook.com\/BelmontMetals\/","article_modified_time":"2018-01-15T18:46:52+00:00","og_image":[{"width":375,"height":375,"url":"https:\/\/www.belmontmetals.com\/wp-content\/uploads\/2017\/09\/2491A-Low-Melting-Alloy.jpg","type":"image\/jpeg"}],"twitter_card":"summary_large_image","twitter_site":"@BelmontMetals","schema":{"@context":"https:\/\/schema.org","@graph":[{"@type":"WebPage","@id":"https:\/\/www.belmontmetals.com\/es\/producto\/aleacion-de-bajo-punto-de-fusion-de-281-338-f-138-170-c\/","url":"https:\/\/www.belmontmetals.com\/es\/producto\/aleacion-de-bajo-punto-de-fusion-de-281-338-f-138-170-c\/","name":"Metal CAST, Aleaci\u00f3n de bajo Punto de Fusi\u00f3n de 281-338\u00b0 F, 138-170\u00b0 C - Belmont Metals","isPartOf":{"@id":"https:\/\/www.belmontmetals.com\/#website"},"primaryImageOfPage":{"@id":"https:\/\/www.belmontmetals.com\/es\/producto\/aleacion-de-bajo-punto-de-fusion-de-281-338-f-138-170-c\/#primaryimage"},"image":{"@id":"https:\/\/www.belmontmetals.com\/es\/producto\/aleacion-de-bajo-punto-de-fusion-de-281-338-f-138-170-c\/#primaryimage"},"thumbnailUrl":"https:\/\/www.belmontmetals.com\/wp-content\/uploads\/2017\/09\/2491A-Low-Melting-Alloy.jpg","datePublished":"2017-09-06T20:26:47+00:00","dateModified":"2018-01-15T18:46:52+00:00","breadcrumb":{"@id":"https:\/\/www.belmontmetals.com\/es\/producto\/aleacion-de-bajo-punto-de-fusion-de-281-338-f-138-170-c\/#breadcrumb"},"inLanguage":"es","potentialAction":[{"@type":"ReadAction","target":["https:\/\/www.belmontmetals.com\/es\/producto\/aleacion-de-bajo-punto-de-fusion-de-281-338-f-138-170-c\/"]}]},{"@type":"ImageObject","inLanguage":"es","@id":"https:\/\/www.belmontmetals.com\/es\/producto\/aleacion-de-bajo-punto-de-fusion-de-281-338-f-138-170-c\/#primaryimage","url":"https:\/\/www.belmontmetals.com\/wp-content\/uploads\/2017\/09\/2491A-Low-Melting-Alloy.jpg","contentUrl":"https:\/\/www.belmontmetals.com\/wp-content\/uploads\/2017\/09\/2491A-Low-Melting-Alloy.jpg","width":375,"height":375,"caption":"SONY DSC"},{"@type":"BreadcrumbList","@id":"https:\/\/www.belmontmetals.com\/es\/producto\/aleacion-de-bajo-punto-de-fusion-de-281-338-f-138-170-c\/#breadcrumb","itemListElement":[{"@type":"ListItem","position":1,"name":"Home","item":"https:\/\/www.belmontmetals.com\/es\/"},{"@type":"ListItem","position":2,"name":"Store","item":"https:\/\/www.belmontmetals.com\/store\/"},{"@type":"ListItem","position":3,"name":"Metal CAST, Aleaci\u00f3n de bajo Punto de Fusi\u00f3n de 281-338\u00b0 F, 138-170\u00b0 C"}]},{"@type":"WebSite","@id":"https:\/\/www.belmontmetals.com\/#website","url":"https:\/\/www.belmontmetals.com\/","name":"Belmont Metals","description":"","potentialAction":[{"@type":"SearchAction","target":{"@type":"EntryPoint","urlTemplate":"https:\/\/www.belmontmetals.com\/?s={search_term_string}"},"query-input":{"@type":"PropertyValueSpecification","valueRequired":true,"valueName":"search_term_string"}}],"inLanguage":"es"}]}},"_links":{"self":[{"href":"https:\/\/www.belmontmetals.com\/es\/wp-json\/wp\/v2\/product\/3016","targetHints":{"allow":["GET"]}}],"collection":[{"href":"https:\/\/www.belmontmetals.com\/es\/wp-json\/wp\/v2\/product"}],"about":[{"href":"https:\/\/www.belmontmetals.com\/es\/wp-json\/wp\/v2\/types\/product"}],"wp:featuredmedia":[{"embeddable":true,"href":"https:\/\/www.belmontmetals.com\/es\/wp-json\/wp\/v2\/media\/2687"}],"wp:attachment":[{"href":"https:\/\/www.belmontmetals.com\/es\/wp-json\/wp\/v2\/media?parent=3016"}],"wp:term":[{"taxonomy":"product_brand","embeddable":true,"href":"https:\/\/www.belmontmetals.com\/es\/wp-json\/wp\/v2\/product_brand?post=3016"},{"taxonomy":"product_tag","embeddable":true,"href":"https:\/\/www.belmontmetals.com\/es\/wp-json\/wp\/v2\/product_tag?post=3016"},{"taxonomy":"woo-feed-brand","embeddable":true,"href":"https:\/\/www.belmontmetals.com\/es\/wp-json\/wp\/v2\/woo-feed-brand?post=3016"}],"curies":[{"name":"wp","href":"https:\/\/api.w.org\/{rel}","templated":true}]}}