{"id":2995,"date":"2017-09-06T20:31:30","date_gmt":"2017-09-06T20:31:30","guid":{"rendered":"http:\/\/www.belmontmetals.com\/product\/98-5-silicon-lumps\/"},"modified":"2017-11-28T16:08:47","modified_gmt":"2017-11-28T16:08:47","slug":"trozos-de-silicio-al-98-5","status":"publish","type":"product","link":"https:\/\/www.belmontmetals.com\/es\/producto\/trozos-de-silicio-al-98-5\/","title":{"rendered":"Trozos de Silicio al 98,5%"},"content":{"rendered":"<p>Nuestros trozos de silicio quedan reducidos a un tama\u00f1o m\u00e1s manejable de 1 pulgada. Luce con un lustre met\u00e1lico gris-azulado y se utiliza normalmente en circuitos integrados, transistores y electr\u00f3nica de semiconductores. Tambi\u00e9n se utiliza para producir distintas aleaciones, la m\u00e1s com\u00fan de las cuales es el ferrosilicio. Los trozos de silicio tambi\u00e9n se utilizan con bastante frecuencia en la refinaci\u00f3n de acero y la industria de moldeado de aleaciones de aluminio. El silicio es el aditivo m\u00e1s importante para el aluminio, a fines de mejorar sus propiedades de moldeado.<\/p>\n","protected":false},"excerpt":{"rendered":"<p>Nuestros trozos de silicio quedan reducidos a un tama\u00f1o m\u00e1s manejable de 1 pulgada. Luce con un lustre met\u00e1lico gris-azulado y se utiliza normalmente en circuitos integrados, transistores y electr\u00f3nica de semiconductores. Tambi\u00e9n se utiliza para producir distintas aleaciones, la m\u00e1s com\u00fan de las cuales es el ferrosilicio. Los trozos de silicio tambi\u00e9n se utilizan con bastante frecuencia en la refinaci\u00f3n de acero y la industria de moldeado de aleaciones de aluminio. El silicio es el aditivo m\u00e1s importante para el aluminio, a fines de mejorar sus propiedades de moldeado.<\/p>\n","protected":false},"featured_media":2791,"template":"","meta":{"_acf_changed":false},"product_brand":[],"product_tag":[],"woo-feed-brand":[],"class_list":{"0":"post-2995","1":"product","2":"type-product","3":"status-publish","4":"has-post-thumbnail","6":"product_cat-metales-menores","7":"pa_forms-trozos-de-metal-de-1-x-malla-12-polvo","8":"pa_nominal-composition-98-5-si-bal","10":"first","11":"instock","12":"taxable","13":"shipping-taxable","14":"product-type-variable"},"group_of_quantity":0,"min_quantity":0,"max_quantity":"","exclude_order_quantity_value_rules":"no","exclude_category_quantity_rules":"no","combine_variations":"no","acf":[],"yoast_head":"<!-- This site is optimized with the Yoast SEO plugin v27.4 - https:\/\/yoast.com\/product\/yoast-seo-wordpress\/ -->\n<title>Trozos de Silicio al 98,5% - Belmont Metals<\/title>\n<meta name=\"robots\" content=\"index, follow, max-snippet:-1, max-image-preview:large, max-video-preview:-1\" \/>\n<link rel=\"canonical\" href=\"https:\/\/www.belmontmetals.com\/producto\/98-5-silicon-lumps\/\" \/>\n<meta property=\"og:locale\" content=\"es_ES\" \/>\n<meta property=\"og:type\" content=\"article\" \/>\n<meta property=\"og:title\" content=\"Trozos de Silicio al 98,5% - Belmont Metals\" \/>\n<meta property=\"og:description\" content=\"Nuestros trozos de silicio quedan reducidos a un tama\u00f1o m\u00e1s manejable de 1 pulgada. Luce con un lustre met\u00e1lico gris-azulado y se utiliza normalmente en circuitos integrados, transistores y electr\u00f3nica de semiconductores. Tambi\u00e9n se utiliza para producir distintas aleaciones, la m\u00e1s com\u00fan de las cuales es el ferrosilicio. Los trozos de silicio tambi\u00e9n se utilizan con bastante frecuencia en la refinaci\u00f3n de acero y la industria de moldeado de aleaciones de aluminio. El silicio es el aditivo m\u00e1s importante para el aluminio, a fines de mejorar sus propiedades de moldeado.\" \/>\n<meta property=\"og:url\" content=\"https:\/\/www.belmontmetals.com\/producto\/98-5-silicon-lumps\/\" \/>\n<meta property=\"og:site_name\" content=\"Belmont Metals\" \/>\n<meta property=\"article:publisher\" content=\"https:\/\/www.facebook.com\/BelmontMetals\/\" \/>\n<meta property=\"article:modified_time\" content=\"2017-11-28T16:08:47+00:00\" \/>\n<meta property=\"og:image\" content=\"https:\/\/www.belmontmetals.com\/wp-content\/uploads\/2017\/09\/SI98AAAA-Silicon.jpg\" \/>\n\t<meta property=\"og:image:width\" content=\"375\" \/>\n\t<meta property=\"og:image:height\" content=\"375\" \/>\n\t<meta property=\"og:image:type\" content=\"image\/jpeg\" \/>\n<meta name=\"twitter:card\" content=\"summary_large_image\" \/>\n<meta name=\"twitter:site\" content=\"@BelmontMetals\" \/>\n<script type=\"application\/ld+json\" class=\"yoast-schema-graph\">{\"@context\":\"https:\\\/\\\/schema.org\",\"@graph\":[{\"@type\":\"WebPage\",\"@id\":\"https:\\\/\\\/www.belmontmetals.com\\\/producto\\\/98-5-silicon-lumps\\\/\",\"url\":\"https:\\\/\\\/www.belmontmetals.com\\\/producto\\\/98-5-silicon-lumps\\\/\",\"name\":\"Trozos de Silicio al 98,5% - Belmont Metals\",\"isPartOf\":{\"@id\":\"https:\\\/\\\/www.belmontmetals.com\\\/#website\"},\"primaryImageOfPage\":{\"@id\":\"https:\\\/\\\/www.belmontmetals.com\\\/producto\\\/98-5-silicon-lumps\\\/#primaryimage\"},\"image\":{\"@id\":\"https:\\\/\\\/www.belmontmetals.com\\\/producto\\\/98-5-silicon-lumps\\\/#primaryimage\"},\"thumbnailUrl\":\"https:\\\/\\\/www.belmontmetals.com\\\/wp-content\\\/uploads\\\/2017\\\/09\\\/SI98AAAA-Silicon.jpg\",\"datePublished\":\"2017-09-06T20:31:30+00:00\",\"dateModified\":\"2017-11-28T16:08:47+00:00\",\"breadcrumb\":{\"@id\":\"https:\\\/\\\/www.belmontmetals.com\\\/producto\\\/98-5-silicon-lumps\\\/#breadcrumb\"},\"inLanguage\":\"es\",\"potentialAction\":[{\"@type\":\"ReadAction\",\"target\":[\"https:\\\/\\\/www.belmontmetals.com\\\/producto\\\/98-5-silicon-lumps\\\/\"]}]},{\"@type\":\"ImageObject\",\"inLanguage\":\"es\",\"@id\":\"https:\\\/\\\/www.belmontmetals.com\\\/producto\\\/98-5-silicon-lumps\\\/#primaryimage\",\"url\":\"https:\\\/\\\/www.belmontmetals.com\\\/wp-content\\\/uploads\\\/2017\\\/09\\\/SI98AAAA-Silicon.jpg\",\"contentUrl\":\"https:\\\/\\\/www.belmontmetals.com\\\/wp-content\\\/uploads\\\/2017\\\/09\\\/SI98AAAA-Silicon.jpg\",\"width\":375,\"height\":375},{\"@type\":\"BreadcrumbList\",\"@id\":\"https:\\\/\\\/www.belmontmetals.com\\\/producto\\\/98-5-silicon-lumps\\\/#breadcrumb\",\"itemListElement\":[{\"@type\":\"ListItem\",\"position\":1,\"name\":\"Home\",\"item\":\"https:\\\/\\\/www.belmontmetals.com\\\/es\\\/\"},{\"@type\":\"ListItem\",\"position\":2,\"name\":\"Store\",\"item\":\"https:\\\/\\\/www.belmontmetals.com\\\/store\\\/\"},{\"@type\":\"ListItem\",\"position\":3,\"name\":\"Trozos de Silicio al 98,5%\"}]},{\"@type\":\"WebSite\",\"@id\":\"https:\\\/\\\/www.belmontmetals.com\\\/#website\",\"url\":\"https:\\\/\\\/www.belmontmetals.com\\\/\",\"name\":\"Belmont Metals\",\"description\":\"\",\"potentialAction\":[{\"@type\":\"SearchAction\",\"target\":{\"@type\":\"EntryPoint\",\"urlTemplate\":\"https:\\\/\\\/www.belmontmetals.com\\\/?s={search_term_string}\"},\"query-input\":{\"@type\":\"PropertyValueSpecification\",\"valueRequired\":true,\"valueName\":\"search_term_string\"}}],\"inLanguage\":\"es\"}]}<\/script>\n<!-- \/ Yoast SEO plugin. -->","yoast_head_json":{"title":"Trozos de Silicio al 98,5% - Belmont Metals","robots":{"index":"index","follow":"follow","max-snippet":"max-snippet:-1","max-image-preview":"max-image-preview:large","max-video-preview":"max-video-preview:-1"},"canonical":"https:\/\/www.belmontmetals.com\/producto\/98-5-silicon-lumps\/","og_locale":"es_ES","og_type":"article","og_title":"Trozos de Silicio al 98,5% - Belmont Metals","og_description":"Nuestros trozos de silicio quedan reducidos a un tama\u00f1o m\u00e1s manejable de 1 pulgada. Luce con un lustre met\u00e1lico gris-azulado y se utiliza normalmente en circuitos integrados, transistores y electr\u00f3nica de semiconductores. Tambi\u00e9n se utiliza para producir distintas aleaciones, la m\u00e1s com\u00fan de las cuales es el ferrosilicio. Los trozos de silicio tambi\u00e9n se utilizan con bastante frecuencia en la refinaci\u00f3n de acero y la industria de moldeado de aleaciones de aluminio. El silicio es el aditivo m\u00e1s importante para el aluminio, a fines de mejorar sus propiedades de moldeado.","og_url":"https:\/\/www.belmontmetals.com\/producto\/98-5-silicon-lumps\/","og_site_name":"Belmont Metals","article_publisher":"https:\/\/www.facebook.com\/BelmontMetals\/","article_modified_time":"2017-11-28T16:08:47+00:00","og_image":[{"width":375,"height":375,"url":"https:\/\/www.belmontmetals.com\/wp-content\/uploads\/2017\/09\/SI98AAAA-Silicon.jpg","type":"image\/jpeg"}],"twitter_card":"summary_large_image","twitter_site":"@BelmontMetals","schema":{"@context":"https:\/\/schema.org","@graph":[{"@type":"WebPage","@id":"https:\/\/www.belmontmetals.com\/producto\/98-5-silicon-lumps\/","url":"https:\/\/www.belmontmetals.com\/producto\/98-5-silicon-lumps\/","name":"Trozos de Silicio al 98,5% - Belmont Metals","isPartOf":{"@id":"https:\/\/www.belmontmetals.com\/#website"},"primaryImageOfPage":{"@id":"https:\/\/www.belmontmetals.com\/producto\/98-5-silicon-lumps\/#primaryimage"},"image":{"@id":"https:\/\/www.belmontmetals.com\/producto\/98-5-silicon-lumps\/#primaryimage"},"thumbnailUrl":"https:\/\/www.belmontmetals.com\/wp-content\/uploads\/2017\/09\/SI98AAAA-Silicon.jpg","datePublished":"2017-09-06T20:31:30+00:00","dateModified":"2017-11-28T16:08:47+00:00","breadcrumb":{"@id":"https:\/\/www.belmontmetals.com\/producto\/98-5-silicon-lumps\/#breadcrumb"},"inLanguage":"es","potentialAction":[{"@type":"ReadAction","target":["https:\/\/www.belmontmetals.com\/producto\/98-5-silicon-lumps\/"]}]},{"@type":"ImageObject","inLanguage":"es","@id":"https:\/\/www.belmontmetals.com\/producto\/98-5-silicon-lumps\/#primaryimage","url":"https:\/\/www.belmontmetals.com\/wp-content\/uploads\/2017\/09\/SI98AAAA-Silicon.jpg","contentUrl":"https:\/\/www.belmontmetals.com\/wp-content\/uploads\/2017\/09\/SI98AAAA-Silicon.jpg","width":375,"height":375},{"@type":"BreadcrumbList","@id":"https:\/\/www.belmontmetals.com\/producto\/98-5-silicon-lumps\/#breadcrumb","itemListElement":[{"@type":"ListItem","position":1,"name":"Home","item":"https:\/\/www.belmontmetals.com\/es\/"},{"@type":"ListItem","position":2,"name":"Store","item":"https:\/\/www.belmontmetals.com\/store\/"},{"@type":"ListItem","position":3,"name":"Trozos de Silicio al 98,5%"}]},{"@type":"WebSite","@id":"https:\/\/www.belmontmetals.com\/#website","url":"https:\/\/www.belmontmetals.com\/","name":"Belmont Metals","description":"","potentialAction":[{"@type":"SearchAction","target":{"@type":"EntryPoint","urlTemplate":"https:\/\/www.belmontmetals.com\/?s={search_term_string}"},"query-input":{"@type":"PropertyValueSpecification","valueRequired":true,"valueName":"search_term_string"}}],"inLanguage":"es"}]}},"_links":{"self":[{"href":"https:\/\/www.belmontmetals.com\/es\/wp-json\/wp\/v2\/product\/2995","targetHints":{"allow":["GET"]}}],"collection":[{"href":"https:\/\/www.belmontmetals.com\/es\/wp-json\/wp\/v2\/product"}],"about":[{"href":"https:\/\/www.belmontmetals.com\/es\/wp-json\/wp\/v2\/types\/product"}],"wp:featuredmedia":[{"embeddable":true,"href":"https:\/\/www.belmontmetals.com\/es\/wp-json\/wp\/v2\/media\/2791"}],"wp:attachment":[{"href":"https:\/\/www.belmontmetals.com\/es\/wp-json\/wp\/v2\/media?parent=2995"}],"wp:term":[{"taxonomy":"product_brand","embeddable":true,"href":"https:\/\/www.belmontmetals.com\/es\/wp-json\/wp\/v2\/product_brand?post=2995"},{"taxonomy":"product_tag","embeddable":true,"href":"https:\/\/www.belmontmetals.com\/es\/wp-json\/wp\/v2\/product_tag?post=2995"},{"taxonomy":"woo-feed-brand","embeddable":true,"href":"https:\/\/www.belmontmetals.com\/es\/wp-json\/wp\/v2\/woo-feed-brand?post=2995"}],"curies":[{"name":"wp","href":"https:\/\/api.w.org\/{rel}","templated":true}]}}