{"id":2981,"date":"2017-09-06T20:41:48","date_gmt":"2017-09-06T20:41:48","guid":{"rendered":"http:\/\/www.belmontmetals.com\/product\/lead-free-pewter-with-bismuth\/"},"modified":"2017-11-28T22:36:10","modified_gmt":"2017-11-28T22:36:10","slug":"peltre-libre-de-plomo-con-bismuto","status":"publish","type":"product","link":"https:\/\/www.belmontmetals.com\/es\/producto\/peltre-libre-de-plomo-con-bismuto\/","title":{"rendered":"Peltre Libre de Plomo con Bismuto"},"content":{"rendered":"<p>\u00c9sta es una aleaci\u00f3n de peltre libre de plomo en base a esta\u00f1o de alta pureza, que cumple o supera la mayor\u00eda de los requerimientos de libre de plomo. Certificamos que tiene un contenido de plomo de menos de 50 ppm. Funciona bien con moldes de silicona o goma fundici\u00f3n centr\u00edfuga para dise\u00f1os con secciones transversales gruesas o con una terminaci\u00f3n suave y pulida y algo de maleabilidad.<\/p>\n","protected":false},"excerpt":{"rendered":"<p>\u00c9sta es una aleaci\u00f3n de peltre libre de plomo en base a esta\u00f1o de alta pureza, que cumple o supera la mayor\u00eda de los requerimientos de libre de plomo. Certificamos que tiene un contenido de plomo de menos de 50 ppm. Funciona bien con moldes de silicona o goma fundici\u00f3n centr\u00edfuga para dise\u00f1os con secciones transversales gruesas o con una terminaci\u00f3n suave y pulida y algo de maleabilidad.<\/p>\n","protected":false},"featured_media":2661,"template":"","meta":{"_acf_changed":false},"product_brand":[],"product_tag":[],"woo-feed-brand":[],"class_list":{"0":"post-2981","1":"product","2":"type-product","3":"status-publish","4":"has-post-thumbnail","6":"product_cat-aleaciones-de-estano","7":"product_cat-aleaciones-para-joyeria","8":"product_cat-metales-blancos","9":"product_cat-peltre","10":"pa_brands-belmont-metals","11":"pa_brands-ney-metals","12":"pa_forms-lingote-5-6","13":"pa_nominal-composition-sn-97-99-with-bismuth-and-silver-in-a-proprietary-formula","15":"first","16":"instock","17":"taxable","18":"shipping-taxable","19":"purchasable","20":"product-type-variable"},"group_of_quantity":0,"min_quantity":0,"max_quantity":"","exclude_order_quantity_value_rules":"no","exclude_category_quantity_rules":"no","combine_variations":"no","acf":[],"yoast_head":"<!-- This site is optimized with the Yoast SEO plugin v27.3 - https:\/\/yoast.com\/product\/yoast-seo-wordpress\/ -->\n<title>Peltre Libre de Plomo con Bismuto - Belmont Metals<\/title>\n<meta name=\"robots\" content=\"index, follow, max-snippet:-1, max-image-preview:large, max-video-preview:-1\" \/>\n<link rel=\"canonical\" href=\"https:\/\/www.belmontmetals.com\/producto\/lead-free-pewter-with-bismuth\/\" \/>\n<meta property=\"og:locale\" content=\"es_ES\" \/>\n<meta property=\"og:type\" content=\"article\" \/>\n<meta property=\"og:title\" content=\"Peltre Libre de Plomo con Bismuto - Belmont Metals\" \/>\n<meta property=\"og:description\" content=\"\u00c9sta es una aleaci\u00f3n de peltre libre de plomo en base a esta\u00f1o de alta pureza, que cumple o supera la mayor\u00eda de los requerimientos de libre de plomo. Certificamos que tiene un contenido de plomo de menos de 50 ppm. Funciona bien con moldes de silicona o goma fundici\u00f3n centr\u00edfuga para dise\u00f1os con secciones transversales gruesas o con una terminaci\u00f3n suave y pulida y algo de maleabilidad.\" \/>\n<meta property=\"og:url\" content=\"https:\/\/www.belmontmetals.com\/producto\/lead-free-pewter-with-bismuth\/\" \/>\n<meta property=\"og:site_name\" content=\"Belmont Metals\" \/>\n<meta property=\"article:publisher\" content=\"https:\/\/www.facebook.com\/BelmontMetals\/\" \/>\n<meta property=\"article:modified_time\" content=\"2017-11-28T22:36:10+00:00\" \/>\n<meta property=\"og:image\" content=\"https:\/\/www.belmontmetals.com\/wp-content\/uploads\/2017\/09\/798NENTB1.jpg\" \/>\n\t<meta property=\"og:image:width\" content=\"375\" \/>\n\t<meta property=\"og:image:height\" content=\"375\" \/>\n\t<meta property=\"og:image:type\" content=\"image\/jpeg\" \/>\n<meta name=\"twitter:card\" content=\"summary_large_image\" \/>\n<meta name=\"twitter:site\" content=\"@BelmontMetals\" \/>\n<script type=\"application\/ld+json\" class=\"yoast-schema-graph\">{\"@context\":\"https:\\\/\\\/schema.org\",\"@graph\":[{\"@type\":\"WebPage\",\"@id\":\"https:\\\/\\\/www.belmontmetals.com\\\/producto\\\/lead-free-pewter-with-bismuth\\\/\",\"url\":\"https:\\\/\\\/www.belmontmetals.com\\\/producto\\\/lead-free-pewter-with-bismuth\\\/\",\"name\":\"Peltre Libre de Plomo con Bismuto - Belmont Metals\",\"isPartOf\":{\"@id\":\"https:\\\/\\\/www.belmontmetals.com\\\/#website\"},\"primaryImageOfPage\":{\"@id\":\"https:\\\/\\\/www.belmontmetals.com\\\/producto\\\/lead-free-pewter-with-bismuth\\\/#primaryimage\"},\"image\":{\"@id\":\"https:\\\/\\\/www.belmontmetals.com\\\/producto\\\/lead-free-pewter-with-bismuth\\\/#primaryimage\"},\"thumbnailUrl\":\"https:\\\/\\\/www.belmontmetals.com\\\/wp-content\\\/uploads\\\/2017\\\/09\\\/798NENTB1.jpg\",\"datePublished\":\"2017-09-06T20:41:48+00:00\",\"dateModified\":\"2017-11-28T22:36:10+00:00\",\"breadcrumb\":{\"@id\":\"https:\\\/\\\/www.belmontmetals.com\\\/producto\\\/lead-free-pewter-with-bismuth\\\/#breadcrumb\"},\"inLanguage\":\"es\",\"potentialAction\":[{\"@type\":\"ReadAction\",\"target\":[\"https:\\\/\\\/www.belmontmetals.com\\\/producto\\\/lead-free-pewter-with-bismuth\\\/\"]}]},{\"@type\":\"ImageObject\",\"inLanguage\":\"es\",\"@id\":\"https:\\\/\\\/www.belmontmetals.com\\\/producto\\\/lead-free-pewter-with-bismuth\\\/#primaryimage\",\"url\":\"https:\\\/\\\/www.belmontmetals.com\\\/wp-content\\\/uploads\\\/2017\\\/09\\\/798NENTB1.jpg\",\"contentUrl\":\"https:\\\/\\\/www.belmontmetals.com\\\/wp-content\\\/uploads\\\/2017\\\/09\\\/798NENTB1.jpg\",\"width\":375,\"height\":375},{\"@type\":\"BreadcrumbList\",\"@id\":\"https:\\\/\\\/www.belmontmetals.com\\\/producto\\\/lead-free-pewter-with-bismuth\\\/#breadcrumb\",\"itemListElement\":[{\"@type\":\"ListItem\",\"position\":1,\"name\":\"Home\",\"item\":\"https:\\\/\\\/www.belmontmetals.com\\\/es\\\/\"},{\"@type\":\"ListItem\",\"position\":2,\"name\":\"Store\",\"item\":\"https:\\\/\\\/www.belmontmetals.com\\\/store\\\/\"},{\"@type\":\"ListItem\",\"position\":3,\"name\":\"Peltre Libre de Plomo con Bismuto\"}]},{\"@type\":\"WebSite\",\"@id\":\"https:\\\/\\\/www.belmontmetals.com\\\/#website\",\"url\":\"https:\\\/\\\/www.belmontmetals.com\\\/\",\"name\":\"Belmont Metals\",\"description\":\"\",\"potentialAction\":[{\"@type\":\"SearchAction\",\"target\":{\"@type\":\"EntryPoint\",\"urlTemplate\":\"https:\\\/\\\/www.belmontmetals.com\\\/?s={search_term_string}\"},\"query-input\":{\"@type\":\"PropertyValueSpecification\",\"valueRequired\":true,\"valueName\":\"search_term_string\"}}],\"inLanguage\":\"es\"}]}<\/script>\n<!-- \/ Yoast SEO plugin. -->","yoast_head_json":{"title":"Peltre Libre de Plomo con Bismuto - Belmont Metals","robots":{"index":"index","follow":"follow","max-snippet":"max-snippet:-1","max-image-preview":"max-image-preview:large","max-video-preview":"max-video-preview:-1"},"canonical":"https:\/\/www.belmontmetals.com\/producto\/lead-free-pewter-with-bismuth\/","og_locale":"es_ES","og_type":"article","og_title":"Peltre Libre de Plomo con Bismuto - Belmont Metals","og_description":"\u00c9sta es una aleaci\u00f3n de peltre libre de plomo en base a esta\u00f1o de alta pureza, que cumple o supera la mayor\u00eda de los requerimientos de libre de plomo. Certificamos que tiene un contenido de plomo de menos de 50 ppm. Funciona bien con moldes de silicona o goma fundici\u00f3n centr\u00edfuga para dise\u00f1os con secciones transversales gruesas o con una terminaci\u00f3n suave y pulida y algo de maleabilidad.","og_url":"https:\/\/www.belmontmetals.com\/producto\/lead-free-pewter-with-bismuth\/","og_site_name":"Belmont Metals","article_publisher":"https:\/\/www.facebook.com\/BelmontMetals\/","article_modified_time":"2017-11-28T22:36:10+00:00","og_image":[{"width":375,"height":375,"url":"https:\/\/www.belmontmetals.com\/wp-content\/uploads\/2017\/09\/798NENTB1.jpg","type":"image\/jpeg"}],"twitter_card":"summary_large_image","twitter_site":"@BelmontMetals","schema":{"@context":"https:\/\/schema.org","@graph":[{"@type":"WebPage","@id":"https:\/\/www.belmontmetals.com\/producto\/lead-free-pewter-with-bismuth\/","url":"https:\/\/www.belmontmetals.com\/producto\/lead-free-pewter-with-bismuth\/","name":"Peltre Libre de Plomo con Bismuto - Belmont Metals","isPartOf":{"@id":"https:\/\/www.belmontmetals.com\/#website"},"primaryImageOfPage":{"@id":"https:\/\/www.belmontmetals.com\/producto\/lead-free-pewter-with-bismuth\/#primaryimage"},"image":{"@id":"https:\/\/www.belmontmetals.com\/producto\/lead-free-pewter-with-bismuth\/#primaryimage"},"thumbnailUrl":"https:\/\/www.belmontmetals.com\/wp-content\/uploads\/2017\/09\/798NENTB1.jpg","datePublished":"2017-09-06T20:41:48+00:00","dateModified":"2017-11-28T22:36:10+00:00","breadcrumb":{"@id":"https:\/\/www.belmontmetals.com\/producto\/lead-free-pewter-with-bismuth\/#breadcrumb"},"inLanguage":"es","potentialAction":[{"@type":"ReadAction","target":["https:\/\/www.belmontmetals.com\/producto\/lead-free-pewter-with-bismuth\/"]}]},{"@type":"ImageObject","inLanguage":"es","@id":"https:\/\/www.belmontmetals.com\/producto\/lead-free-pewter-with-bismuth\/#primaryimage","url":"https:\/\/www.belmontmetals.com\/wp-content\/uploads\/2017\/09\/798NENTB1.jpg","contentUrl":"https:\/\/www.belmontmetals.com\/wp-content\/uploads\/2017\/09\/798NENTB1.jpg","width":375,"height":375},{"@type":"BreadcrumbList","@id":"https:\/\/www.belmontmetals.com\/producto\/lead-free-pewter-with-bismuth\/#breadcrumb","itemListElement":[{"@type":"ListItem","position":1,"name":"Home","item":"https:\/\/www.belmontmetals.com\/es\/"},{"@type":"ListItem","position":2,"name":"Store","item":"https:\/\/www.belmontmetals.com\/store\/"},{"@type":"ListItem","position":3,"name":"Peltre Libre de Plomo con Bismuto"}]},{"@type":"WebSite","@id":"https:\/\/www.belmontmetals.com\/#website","url":"https:\/\/www.belmontmetals.com\/","name":"Belmont Metals","description":"","potentialAction":[{"@type":"SearchAction","target":{"@type":"EntryPoint","urlTemplate":"https:\/\/www.belmontmetals.com\/?s={search_term_string}"},"query-input":{"@type":"PropertyValueSpecification","valueRequired":true,"valueName":"search_term_string"}}],"inLanguage":"es"}]}},"_links":{"self":[{"href":"https:\/\/www.belmontmetals.com\/es\/wp-json\/wp\/v2\/product\/2981","targetHints":{"allow":["GET"]}}],"collection":[{"href":"https:\/\/www.belmontmetals.com\/es\/wp-json\/wp\/v2\/product"}],"about":[{"href":"https:\/\/www.belmontmetals.com\/es\/wp-json\/wp\/v2\/types\/product"}],"wp:featuredmedia":[{"embeddable":true,"href":"https:\/\/www.belmontmetals.com\/es\/wp-json\/wp\/v2\/media\/2661"}],"wp:attachment":[{"href":"https:\/\/www.belmontmetals.com\/es\/wp-json\/wp\/v2\/media?parent=2981"}],"wp:term":[{"taxonomy":"product_brand","embeddable":true,"href":"https:\/\/www.belmontmetals.com\/es\/wp-json\/wp\/v2\/product_brand?post=2981"},{"taxonomy":"product_tag","embeddable":true,"href":"https:\/\/www.belmontmetals.com\/es\/wp-json\/wp\/v2\/product_tag?post=2981"},{"taxonomy":"woo-feed-brand","embeddable":true,"href":"https:\/\/www.belmontmetals.com\/es\/wp-json\/wp\/v2\/woo-feed-brand?post=2981"}],"curies":[{"name":"wp","href":"https:\/\/api.w.org\/{rel}","templated":true}]}}