{"id":2975,"date":"2017-09-06T21:02:34","date_gmt":"2017-09-06T21:02:34","guid":{"rendered":"http:\/\/www.belmontmetals.com\/product\/6040-tin-lead-solder-wire\/"},"modified":"2017-11-28T16:08:40","modified_gmt":"2017-11-28T16:08:40","slug":"alambre-de-soldadura-blanda-de-plomo-estano-6040","status":"publish","type":"product","link":"https:\/\/www.belmontmetals.com\/es\/producto\/alambre-de-soldadura-blanda-de-plomo-estano-6040\/","title":{"rendered":"Alambre de Soldadura Blanda de Plomo Esta\u00f1o 60\/40"},"content":{"rendered":"<p>Las soldaduras blandas de plomo esta\u00f1o conforman el grupo m\u00e1s grande y m\u00e1s utilizado de las aleaciones de soldadura blanda. Las soldaduras blandas de plomo esta\u00f1o son compatibles para su uso con todos los tipos de limpiadores de metales base, fundentes y m\u00e9todos de calentamiento. La soldadura blanda de plomo esta\u00f1o 60\/40, casi eut\u00e9ctica, es adaptable particularmente al trabajo delicado o cuando la temperatura de soldadura es cr\u00edtica. Este \u00edtem en particular est\u00e1 disponible en un di\u00e1metro de 1\/16 pulgadas y puede ofrecerse en otros tama\u00f1os tambi\u00e9n. Tambi\u00e9n es una soldadura blanda de solidificaci\u00f3n r\u00e1pida, para trabajos de esta\u00f1ado y electr\u00f3nica fina.<\/p>\n","protected":false},"excerpt":{"rendered":"<p>Las soldaduras blandas de plomo esta\u00f1o conforman el grupo m\u00e1s grande y m\u00e1s utilizado de las aleaciones de soldadura blanda. Las soldaduras blandas de plomo esta\u00f1o son compatibles para su uso con todos los tipos de limpiadores de metales base, fundentes y m\u00e9todos de calentamiento. La soldadura blanda de plomo esta\u00f1o 60\/40, casi eut\u00e9ctica, es adaptable particularmente al trabajo delicado o cuando la temperatura de soldadura es cr\u00edtica. Este \u00edtem en particular est\u00e1 disponible en un di\u00e1metro de 1\/16 pulgadas y puede ofrecerse en otros tama\u00f1os tambi\u00e9n. Tambi\u00e9n es una soldadura blanda de solidificaci\u00f3n r\u00e1pida, para trabajos de esta\u00f1ado y electr\u00f3nica fina.<\/p>\n","protected":false},"featured_media":2771,"template":"","meta":{"_acf_changed":false},"product_brand":[],"product_tag":[],"woo-feed-brand":[],"class_list":{"0":"post-2975","1":"product","2":"type-product","3":"status-publish","4":"has-post-thumbnail","6":"product_cat-metales-de-soldadura-blanda","7":"pa_forms-alambre-solido-de-116-de-diam","8":"pa_nominal-composition-60-sn-40-pb","10":"first","11":"instock","12":"taxable","13":"shipping-taxable","14":"product-type-simple"},"group_of_quantity":0,"min_quantity":0,"max_quantity":"","exclude_order_quantity_value_rules":"no","exclude_category_quantity_rules":"no","combine_variations":"no","acf":[],"yoast_head":"<!-- This site is optimized with the Yoast SEO plugin v27.3 - https:\/\/yoast.com\/product\/yoast-seo-wordpress\/ -->\n<title>Alambre de Soldadura Blanda de Plomo Esta\u00f1o 60\/40 - Belmont Metals<\/title>\n<meta name=\"robots\" content=\"index, follow, max-snippet:-1, max-image-preview:large, max-video-preview:-1\" \/>\n<link rel=\"canonical\" href=\"https:\/\/www.belmontmetals.com\/es\/producto\/alambre-de-soldadura-blanda-de-plomo-estano-6040\/\" \/>\n<meta property=\"og:locale\" content=\"es_ES\" \/>\n<meta property=\"og:type\" content=\"article\" \/>\n<meta property=\"og:title\" content=\"Alambre de Soldadura Blanda de Plomo Esta\u00f1o 60\/40 - Belmont Metals\" \/>\n<meta property=\"og:description\" content=\"Las soldaduras blandas de plomo esta\u00f1o conforman el grupo m\u00e1s grande y m\u00e1s utilizado de las aleaciones de soldadura blanda. Las soldaduras blandas de plomo esta\u00f1o son compatibles para su uso con todos los tipos de limpiadores de metales base, fundentes y m\u00e9todos de calentamiento. La soldadura blanda de plomo esta\u00f1o 60\/40, casi eut\u00e9ctica, es adaptable particularmente al trabajo delicado o cuando la temperatura de soldadura es cr\u00edtica. Este \u00edtem en particular est\u00e1 disponible en un di\u00e1metro de 1\/16 pulgadas y puede ofrecerse en otros tama\u00f1os tambi\u00e9n. Tambi\u00e9n es una soldadura blanda de solidificaci\u00f3n r\u00e1pida, para trabajos de esta\u00f1ado y electr\u00f3nica fina.\" \/>\n<meta property=\"og:url\" content=\"https:\/\/www.belmontmetals.com\/es\/producto\/alambre-de-soldadura-blanda-de-plomo-estano-6040\/\" \/>\n<meta property=\"og:site_name\" content=\"Belmont Metals\" \/>\n<meta property=\"article:publisher\" content=\"https:\/\/www.facebook.com\/BelmontMetals\/\" \/>\n<meta property=\"article:modified_time\" content=\"2017-11-28T16:08:40+00:00\" \/>\n<meta property=\"og:image\" content=\"https:\/\/www.belmontmetals.com\/wp-content\/uploads\/2017\/09\/7881DS1E-Grade-2-Babbitt-Wire.jpg\" \/>\n\t<meta property=\"og:image:width\" content=\"375\" \/>\n\t<meta property=\"og:image:height\" content=\"375\" \/>\n\t<meta property=\"og:image:type\" content=\"image\/jpeg\" \/>\n<meta name=\"twitter:card\" content=\"summary_large_image\" \/>\n<meta name=\"twitter:site\" content=\"@BelmontMetals\" \/>\n<meta name=\"twitter:label1\" content=\"Tiempo de lectura\" \/>\n\t<meta name=\"twitter:data1\" content=\"1 minuto\" \/>\n<script type=\"application\/ld+json\" class=\"yoast-schema-graph\">{\"@context\":\"https:\\\/\\\/schema.org\",\"@graph\":[{\"@type\":\"WebPage\",\"@id\":\"https:\\\/\\\/www.belmontmetals.com\\\/es\\\/producto\\\/alambre-de-soldadura-blanda-de-plomo-estano-6040\\\/\",\"url\":\"https:\\\/\\\/www.belmontmetals.com\\\/es\\\/producto\\\/alambre-de-soldadura-blanda-de-plomo-estano-6040\\\/\",\"name\":\"Alambre de Soldadura Blanda de Plomo Esta\u00f1o 60\\\/40 - Belmont Metals\",\"isPartOf\":{\"@id\":\"https:\\\/\\\/www.belmontmetals.com\\\/#website\"},\"primaryImageOfPage\":{\"@id\":\"https:\\\/\\\/www.belmontmetals.com\\\/es\\\/producto\\\/alambre-de-soldadura-blanda-de-plomo-estano-6040\\\/#primaryimage\"},\"image\":{\"@id\":\"https:\\\/\\\/www.belmontmetals.com\\\/es\\\/producto\\\/alambre-de-soldadura-blanda-de-plomo-estano-6040\\\/#primaryimage\"},\"thumbnailUrl\":\"https:\\\/\\\/www.belmontmetals.com\\\/wp-content\\\/uploads\\\/2017\\\/09\\\/7881DS1E-Grade-2-Babbitt-Wire.jpg\",\"datePublished\":\"2017-09-06T21:02:34+00:00\",\"dateModified\":\"2017-11-28T16:08:40+00:00\",\"breadcrumb\":{\"@id\":\"https:\\\/\\\/www.belmontmetals.com\\\/es\\\/producto\\\/alambre-de-soldadura-blanda-de-plomo-estano-6040\\\/#breadcrumb\"},\"inLanguage\":\"es\",\"potentialAction\":[{\"@type\":\"ReadAction\",\"target\":[\"https:\\\/\\\/www.belmontmetals.com\\\/es\\\/producto\\\/alambre-de-soldadura-blanda-de-plomo-estano-6040\\\/\"]}]},{\"@type\":\"ImageObject\",\"inLanguage\":\"es\",\"@id\":\"https:\\\/\\\/www.belmontmetals.com\\\/es\\\/producto\\\/alambre-de-soldadura-blanda-de-plomo-estano-6040\\\/#primaryimage\",\"url\":\"https:\\\/\\\/www.belmontmetals.com\\\/wp-content\\\/uploads\\\/2017\\\/09\\\/7881DS1E-Grade-2-Babbitt-Wire.jpg\",\"contentUrl\":\"https:\\\/\\\/www.belmontmetals.com\\\/wp-content\\\/uploads\\\/2017\\\/09\\\/7881DS1E-Grade-2-Babbitt-Wire.jpg\",\"width\":375,\"height\":375,\"caption\":\"SONY DSC\"},{\"@type\":\"BreadcrumbList\",\"@id\":\"https:\\\/\\\/www.belmontmetals.com\\\/es\\\/producto\\\/alambre-de-soldadura-blanda-de-plomo-estano-6040\\\/#breadcrumb\",\"itemListElement\":[{\"@type\":\"ListItem\",\"position\":1,\"name\":\"Home\",\"item\":\"https:\\\/\\\/www.belmontmetals.com\\\/es\\\/\"},{\"@type\":\"ListItem\",\"position\":2,\"name\":\"Store\",\"item\":\"https:\\\/\\\/www.belmontmetals.com\\\/store\\\/\"},{\"@type\":\"ListItem\",\"position\":3,\"name\":\"Alambre de Soldadura Blanda de Plomo Esta\u00f1o 60\\\/40\"}]},{\"@type\":\"WebSite\",\"@id\":\"https:\\\/\\\/www.belmontmetals.com\\\/#website\",\"url\":\"https:\\\/\\\/www.belmontmetals.com\\\/\",\"name\":\"Belmont Metals\",\"description\":\"\",\"potentialAction\":[{\"@type\":\"SearchAction\",\"target\":{\"@type\":\"EntryPoint\",\"urlTemplate\":\"https:\\\/\\\/www.belmontmetals.com\\\/?s={search_term_string}\"},\"query-input\":{\"@type\":\"PropertyValueSpecification\",\"valueRequired\":true,\"valueName\":\"search_term_string\"}}],\"inLanguage\":\"es\"}]}<\/script>\n<!-- \/ Yoast SEO plugin. -->","yoast_head_json":{"title":"Alambre de Soldadura Blanda de Plomo Esta\u00f1o 60\/40 - Belmont Metals","robots":{"index":"index","follow":"follow","max-snippet":"max-snippet:-1","max-image-preview":"max-image-preview:large","max-video-preview":"max-video-preview:-1"},"canonical":"https:\/\/www.belmontmetals.com\/es\/producto\/alambre-de-soldadura-blanda-de-plomo-estano-6040\/","og_locale":"es_ES","og_type":"article","og_title":"Alambre de Soldadura Blanda de Plomo Esta\u00f1o 60\/40 - Belmont Metals","og_description":"Las soldaduras blandas de plomo esta\u00f1o conforman el grupo m\u00e1s grande y m\u00e1s utilizado de las aleaciones de soldadura blanda. Las soldaduras blandas de plomo esta\u00f1o son compatibles para su uso con todos los tipos de limpiadores de metales base, fundentes y m\u00e9todos de calentamiento. La soldadura blanda de plomo esta\u00f1o 60\/40, casi eut\u00e9ctica, es adaptable particularmente al trabajo delicado o cuando la temperatura de soldadura es cr\u00edtica. Este \u00edtem en particular est\u00e1 disponible en un di\u00e1metro de 1\/16 pulgadas y puede ofrecerse en otros tama\u00f1os tambi\u00e9n. Tambi\u00e9n es una soldadura blanda de solidificaci\u00f3n r\u00e1pida, para trabajos de esta\u00f1ado y electr\u00f3nica fina.","og_url":"https:\/\/www.belmontmetals.com\/es\/producto\/alambre-de-soldadura-blanda-de-plomo-estano-6040\/","og_site_name":"Belmont Metals","article_publisher":"https:\/\/www.facebook.com\/BelmontMetals\/","article_modified_time":"2017-11-28T16:08:40+00:00","og_image":[{"width":375,"height":375,"url":"https:\/\/www.belmontmetals.com\/wp-content\/uploads\/2017\/09\/7881DS1E-Grade-2-Babbitt-Wire.jpg","type":"image\/jpeg"}],"twitter_card":"summary_large_image","twitter_site":"@BelmontMetals","twitter_misc":{"Tiempo de lectura":"1 minuto"},"schema":{"@context":"https:\/\/schema.org","@graph":[{"@type":"WebPage","@id":"https:\/\/www.belmontmetals.com\/es\/producto\/alambre-de-soldadura-blanda-de-plomo-estano-6040\/","url":"https:\/\/www.belmontmetals.com\/es\/producto\/alambre-de-soldadura-blanda-de-plomo-estano-6040\/","name":"Alambre de Soldadura Blanda de Plomo Esta\u00f1o 60\/40 - Belmont Metals","isPartOf":{"@id":"https:\/\/www.belmontmetals.com\/#website"},"primaryImageOfPage":{"@id":"https:\/\/www.belmontmetals.com\/es\/producto\/alambre-de-soldadura-blanda-de-plomo-estano-6040\/#primaryimage"},"image":{"@id":"https:\/\/www.belmontmetals.com\/es\/producto\/alambre-de-soldadura-blanda-de-plomo-estano-6040\/#primaryimage"},"thumbnailUrl":"https:\/\/www.belmontmetals.com\/wp-content\/uploads\/2017\/09\/7881DS1E-Grade-2-Babbitt-Wire.jpg","datePublished":"2017-09-06T21:02:34+00:00","dateModified":"2017-11-28T16:08:40+00:00","breadcrumb":{"@id":"https:\/\/www.belmontmetals.com\/es\/producto\/alambre-de-soldadura-blanda-de-plomo-estano-6040\/#breadcrumb"},"inLanguage":"es","potentialAction":[{"@type":"ReadAction","target":["https:\/\/www.belmontmetals.com\/es\/producto\/alambre-de-soldadura-blanda-de-plomo-estano-6040\/"]}]},{"@type":"ImageObject","inLanguage":"es","@id":"https:\/\/www.belmontmetals.com\/es\/producto\/alambre-de-soldadura-blanda-de-plomo-estano-6040\/#primaryimage","url":"https:\/\/www.belmontmetals.com\/wp-content\/uploads\/2017\/09\/7881DS1E-Grade-2-Babbitt-Wire.jpg","contentUrl":"https:\/\/www.belmontmetals.com\/wp-content\/uploads\/2017\/09\/7881DS1E-Grade-2-Babbitt-Wire.jpg","width":375,"height":375,"caption":"SONY DSC"},{"@type":"BreadcrumbList","@id":"https:\/\/www.belmontmetals.com\/es\/producto\/alambre-de-soldadura-blanda-de-plomo-estano-6040\/#breadcrumb","itemListElement":[{"@type":"ListItem","position":1,"name":"Home","item":"https:\/\/www.belmontmetals.com\/es\/"},{"@type":"ListItem","position":2,"name":"Store","item":"https:\/\/www.belmontmetals.com\/store\/"},{"@type":"ListItem","position":3,"name":"Alambre de Soldadura Blanda de Plomo Esta\u00f1o 60\/40"}]},{"@type":"WebSite","@id":"https:\/\/www.belmontmetals.com\/#website","url":"https:\/\/www.belmontmetals.com\/","name":"Belmont Metals","description":"","potentialAction":[{"@type":"SearchAction","target":{"@type":"EntryPoint","urlTemplate":"https:\/\/www.belmontmetals.com\/?s={search_term_string}"},"query-input":{"@type":"PropertyValueSpecification","valueRequired":true,"valueName":"search_term_string"}}],"inLanguage":"es"}]}},"_links":{"self":[{"href":"https:\/\/www.belmontmetals.com\/es\/wp-json\/wp\/v2\/product\/2975","targetHints":{"allow":["GET"]}}],"collection":[{"href":"https:\/\/www.belmontmetals.com\/es\/wp-json\/wp\/v2\/product"}],"about":[{"href":"https:\/\/www.belmontmetals.com\/es\/wp-json\/wp\/v2\/types\/product"}],"wp:featuredmedia":[{"embeddable":true,"href":"https:\/\/www.belmontmetals.com\/es\/wp-json\/wp\/v2\/media\/2771"}],"wp:attachment":[{"href":"https:\/\/www.belmontmetals.com\/es\/wp-json\/wp\/v2\/media?parent=2975"}],"wp:term":[{"taxonomy":"product_brand","embeddable":true,"href":"https:\/\/www.belmontmetals.com\/es\/wp-json\/wp\/v2\/product_brand?post=2975"},{"taxonomy":"product_tag","embeddable":true,"href":"https:\/\/www.belmontmetals.com\/es\/wp-json\/wp\/v2\/product_tag?post=2975"},{"taxonomy":"woo-feed-brand","embeddable":true,"href":"https:\/\/www.belmontmetals.com\/es\/wp-json\/wp\/v2\/woo-feed-brand?post=2975"}],"curies":[{"name":"wp","href":"https:\/\/api.w.org\/{rel}","templated":true}]}}