{"id":2964,"date":"2017-09-06T21:02:35","date_gmt":"2017-09-06T21:02:35","guid":{"rendered":"http:\/\/www.belmontmetals.com\/product\/60-aluminum-solder-tinzinc\/"},"modified":"2017-11-28T16:08:37","modified_gmt":"2017-11-28T16:08:37","slug":"soldadura-blanda-estano-zinc-aluminio-al-60","status":"publish","type":"product","link":"https:\/\/www.belmontmetals.com\/es\/producto\/soldadura-blanda-estano-zinc-aluminio-al-60\/","title":{"rendered":"Metal de Soldadura Blanda de Aluminio Nro. 60 (Esta\u00f1o\/Zinc)"},"content":{"rendered":"<p>Esta soldadura blanda tiene una buena resistencia a la corrosi\u00f3n y buena resistencia a la tensi\u00f3n. Con un rango de fusi\u00f3n que comienza a los 390 \u00b0F, evita que se provoquen da\u00f1os a los componentes electr\u00f3nicos cr\u00edticos, como as\u00ed tambi\u00e9n la deformaci\u00f3n y segregaci\u00f3n del sustrato. Con frecuencia se utiliza bajo la forma de alambre para rociado en capacitores y otros componentes electr\u00f3nicos.<\/p>\n","protected":false},"excerpt":{"rendered":"<p>Esta soldadura blanda tiene una buena resistencia a la corrosi\u00f3n y buena resistencia a la tensi\u00f3n. Con un rango de fusi\u00f3n que comienza a los 390 \u00b0F, evita que se provoquen da\u00f1os a los componentes electr\u00f3nicos cr\u00edticos, como as\u00ed tambi\u00e9n la deformaci\u00f3n y segregaci\u00f3n del sustrato. Con frecuencia se utiliza bajo la forma de alambre para rociado en capacitores y otros componentes electr\u00f3nicos.<\/p>\n","protected":false},"featured_media":2803,"template":"","meta":{"_acf_changed":false},"product_brand":[],"product_tag":[],"woo-feed-brand":[],"class_list":{"0":"post-2964","1":"product","2":"type-product","3":"status-publish","4":"has-post-thumbnail","6":"product_cat-metales-de-soldadura-blanda","7":"pa_forms-de-116-de-diam-mas-0000-menos-0004-en-carreteles-de-5-libras-lingote-2-5-anodos-planos-de-fundicion","8":"pa_nominal-composition-60-5-sn-39-5-zn","10":"first","11":"instock","12":"taxable","13":"shipping-taxable","14":"product-type-simple"},"group_of_quantity":0,"min_quantity":0,"max_quantity":"","exclude_order_quantity_value_rules":"no","exclude_category_quantity_rules":"no","combine_variations":"no","acf":[],"yoast_head":"<!-- This site is optimized with the Yoast SEO plugin v27.5 - https:\/\/yoast.com\/product\/yoast-seo-wordpress\/ -->\n<title>Metal de Soldadura Blanda de Aluminio Nro. 60 (Esta\u00f1o\/Zinc) - Belmont Metals<\/title>\n<meta name=\"robots\" content=\"index, follow, max-snippet:-1, max-image-preview:large, max-video-preview:-1\" \/>\n<link rel=\"canonical\" href=\"https:\/\/www.belmontmetals.com\/es\/producto\/soldadura-blanda-estano-zinc-aluminio-al-60\/\" \/>\n<meta property=\"og:locale\" content=\"es_ES\" \/>\n<meta property=\"og:type\" content=\"article\" \/>\n<meta property=\"og:title\" content=\"Metal de Soldadura Blanda de Aluminio Nro. 60 (Esta\u00f1o\/Zinc) - Belmont Metals\" \/>\n<meta property=\"og:description\" content=\"Esta soldadura blanda tiene una buena resistencia a la corrosi\u00f3n y buena resistencia a la tensi\u00f3n. Con un rango de fusi\u00f3n que comienza a los 390 \u00b0F, evita que se provoquen da\u00f1os a los componentes electr\u00f3nicos cr\u00edticos, como as\u00ed tambi\u00e9n la deformaci\u00f3n y segregaci\u00f3n del sustrato. Con frecuencia se utiliza bajo la forma de alambre para rociado en capacitores y otros componentes electr\u00f3nicos.\" \/>\n<meta property=\"og:url\" content=\"https:\/\/www.belmontmetals.com\/es\/producto\/soldadura-blanda-estano-zinc-aluminio-al-60\/\" \/>\n<meta property=\"og:site_name\" content=\"Belmont Metals\" \/>\n<meta property=\"article:publisher\" content=\"https:\/\/www.facebook.com\/BelmontMetals\/\" \/>\n<meta property=\"article:modified_time\" content=\"2017-11-28T16:08:37+00:00\" \/>\n<meta property=\"og:image\" content=\"https:\/\/www.belmontmetals.com\/wp-content\/uploads\/2017\/09\/2491DS1C-Low-Melt-Alloy.jpg\" \/>\n\t<meta property=\"og:image:width\" content=\"340\" \/>\n\t<meta property=\"og:image:height\" content=\"343\" \/>\n\t<meta property=\"og:image:type\" content=\"image\/jpeg\" \/>\n<meta name=\"twitter:card\" content=\"summary_large_image\" \/>\n<meta name=\"twitter:site\" content=\"@BelmontMetals\" \/>\n<script type=\"application\/ld+json\" class=\"yoast-schema-graph\">{\"@context\":\"https:\\\/\\\/schema.org\",\"@graph\":[{\"@type\":\"WebPage\",\"@id\":\"https:\\\/\\\/www.belmontmetals.com\\\/es\\\/producto\\\/soldadura-blanda-estano-zinc-aluminio-al-60\\\/\",\"url\":\"https:\\\/\\\/www.belmontmetals.com\\\/es\\\/producto\\\/soldadura-blanda-estano-zinc-aluminio-al-60\\\/\",\"name\":\"Metal de Soldadura Blanda de Aluminio Nro. 60 (Esta\u00f1o\\\/Zinc) - Belmont Metals\",\"isPartOf\":{\"@id\":\"https:\\\/\\\/www.belmontmetals.com\\\/#website\"},\"primaryImageOfPage\":{\"@id\":\"https:\\\/\\\/www.belmontmetals.com\\\/es\\\/producto\\\/soldadura-blanda-estano-zinc-aluminio-al-60\\\/#primaryimage\"},\"image\":{\"@id\":\"https:\\\/\\\/www.belmontmetals.com\\\/es\\\/producto\\\/soldadura-blanda-estano-zinc-aluminio-al-60\\\/#primaryimage\"},\"thumbnailUrl\":\"https:\\\/\\\/www.belmontmetals.com\\\/wp-content\\\/uploads\\\/2017\\\/09\\\/2491DS1C-Low-Melt-Alloy.jpg\",\"datePublished\":\"2017-09-06T21:02:35+00:00\",\"dateModified\":\"2017-11-28T16:08:37+00:00\",\"breadcrumb\":{\"@id\":\"https:\\\/\\\/www.belmontmetals.com\\\/es\\\/producto\\\/soldadura-blanda-estano-zinc-aluminio-al-60\\\/#breadcrumb\"},\"inLanguage\":\"es\",\"potentialAction\":[{\"@type\":\"ReadAction\",\"target\":[\"https:\\\/\\\/www.belmontmetals.com\\\/es\\\/producto\\\/soldadura-blanda-estano-zinc-aluminio-al-60\\\/\"]}]},{\"@type\":\"ImageObject\",\"inLanguage\":\"es\",\"@id\":\"https:\\\/\\\/www.belmontmetals.com\\\/es\\\/producto\\\/soldadura-blanda-estano-zinc-aluminio-al-60\\\/#primaryimage\",\"url\":\"https:\\\/\\\/www.belmontmetals.com\\\/wp-content\\\/uploads\\\/2017\\\/09\\\/2491DS1C-Low-Melt-Alloy.jpg\",\"contentUrl\":\"https:\\\/\\\/www.belmontmetals.com\\\/wp-content\\\/uploads\\\/2017\\\/09\\\/2491DS1C-Low-Melt-Alloy.jpg\",\"width\":340,\"height\":343},{\"@type\":\"BreadcrumbList\",\"@id\":\"https:\\\/\\\/www.belmontmetals.com\\\/es\\\/producto\\\/soldadura-blanda-estano-zinc-aluminio-al-60\\\/#breadcrumb\",\"itemListElement\":[{\"@type\":\"ListItem\",\"position\":1,\"name\":\"Home\",\"item\":\"https:\\\/\\\/www.belmontmetals.com\\\/es\\\/\"},{\"@type\":\"ListItem\",\"position\":2,\"name\":\"Store\",\"item\":\"https:\\\/\\\/www.belmontmetals.com\\\/store\\\/\"},{\"@type\":\"ListItem\",\"position\":3,\"name\":\"Metal de Soldadura Blanda de Aluminio Nro. 60 (Esta\u00f1o\\\/Zinc)\"}]},{\"@type\":\"WebSite\",\"@id\":\"https:\\\/\\\/www.belmontmetals.com\\\/#website\",\"url\":\"https:\\\/\\\/www.belmontmetals.com\\\/\",\"name\":\"Belmont Metals\",\"description\":\"\",\"potentialAction\":[{\"@type\":\"SearchAction\",\"target\":{\"@type\":\"EntryPoint\",\"urlTemplate\":\"https:\\\/\\\/www.belmontmetals.com\\\/?s={search_term_string}\"},\"query-input\":{\"@type\":\"PropertyValueSpecification\",\"valueRequired\":true,\"valueName\":\"search_term_string\"}}],\"inLanguage\":\"es\"}]}<\/script>\n<!-- \/ Yoast SEO plugin. -->","yoast_head_json":{"title":"Metal de Soldadura Blanda de Aluminio Nro. 60 (Esta\u00f1o\/Zinc) - Belmont Metals","robots":{"index":"index","follow":"follow","max-snippet":"max-snippet:-1","max-image-preview":"max-image-preview:large","max-video-preview":"max-video-preview:-1"},"canonical":"https:\/\/www.belmontmetals.com\/es\/producto\/soldadura-blanda-estano-zinc-aluminio-al-60\/","og_locale":"es_ES","og_type":"article","og_title":"Metal de Soldadura Blanda de Aluminio Nro. 60 (Esta\u00f1o\/Zinc) - Belmont Metals","og_description":"Esta soldadura blanda tiene una buena resistencia a la corrosi\u00f3n y buena resistencia a la tensi\u00f3n. Con un rango de fusi\u00f3n que comienza a los 390 \u00b0F, evita que se provoquen da\u00f1os a los componentes electr\u00f3nicos cr\u00edticos, como as\u00ed tambi\u00e9n la deformaci\u00f3n y segregaci\u00f3n del sustrato. Con frecuencia se utiliza bajo la forma de alambre para rociado en capacitores y otros componentes electr\u00f3nicos.","og_url":"https:\/\/www.belmontmetals.com\/es\/producto\/soldadura-blanda-estano-zinc-aluminio-al-60\/","og_site_name":"Belmont Metals","article_publisher":"https:\/\/www.facebook.com\/BelmontMetals\/","article_modified_time":"2017-11-28T16:08:37+00:00","og_image":[{"width":340,"height":343,"url":"https:\/\/www.belmontmetals.com\/wp-content\/uploads\/2017\/09\/2491DS1C-Low-Melt-Alloy.jpg","type":"image\/jpeg"}],"twitter_card":"summary_large_image","twitter_site":"@BelmontMetals","schema":{"@context":"https:\/\/schema.org","@graph":[{"@type":"WebPage","@id":"https:\/\/www.belmontmetals.com\/es\/producto\/soldadura-blanda-estano-zinc-aluminio-al-60\/","url":"https:\/\/www.belmontmetals.com\/es\/producto\/soldadura-blanda-estano-zinc-aluminio-al-60\/","name":"Metal de Soldadura Blanda de Aluminio Nro. 60 (Esta\u00f1o\/Zinc) - Belmont Metals","isPartOf":{"@id":"https:\/\/www.belmontmetals.com\/#website"},"primaryImageOfPage":{"@id":"https:\/\/www.belmontmetals.com\/es\/producto\/soldadura-blanda-estano-zinc-aluminio-al-60\/#primaryimage"},"image":{"@id":"https:\/\/www.belmontmetals.com\/es\/producto\/soldadura-blanda-estano-zinc-aluminio-al-60\/#primaryimage"},"thumbnailUrl":"https:\/\/www.belmontmetals.com\/wp-content\/uploads\/2017\/09\/2491DS1C-Low-Melt-Alloy.jpg","datePublished":"2017-09-06T21:02:35+00:00","dateModified":"2017-11-28T16:08:37+00:00","breadcrumb":{"@id":"https:\/\/www.belmontmetals.com\/es\/producto\/soldadura-blanda-estano-zinc-aluminio-al-60\/#breadcrumb"},"inLanguage":"es","potentialAction":[{"@type":"ReadAction","target":["https:\/\/www.belmontmetals.com\/es\/producto\/soldadura-blanda-estano-zinc-aluminio-al-60\/"]}]},{"@type":"ImageObject","inLanguage":"es","@id":"https:\/\/www.belmontmetals.com\/es\/producto\/soldadura-blanda-estano-zinc-aluminio-al-60\/#primaryimage","url":"https:\/\/www.belmontmetals.com\/wp-content\/uploads\/2017\/09\/2491DS1C-Low-Melt-Alloy.jpg","contentUrl":"https:\/\/www.belmontmetals.com\/wp-content\/uploads\/2017\/09\/2491DS1C-Low-Melt-Alloy.jpg","width":340,"height":343},{"@type":"BreadcrumbList","@id":"https:\/\/www.belmontmetals.com\/es\/producto\/soldadura-blanda-estano-zinc-aluminio-al-60\/#breadcrumb","itemListElement":[{"@type":"ListItem","position":1,"name":"Home","item":"https:\/\/www.belmontmetals.com\/es\/"},{"@type":"ListItem","position":2,"name":"Store","item":"https:\/\/www.belmontmetals.com\/store\/"},{"@type":"ListItem","position":3,"name":"Metal de Soldadura Blanda de Aluminio Nro. 60 (Esta\u00f1o\/Zinc)"}]},{"@type":"WebSite","@id":"https:\/\/www.belmontmetals.com\/#website","url":"https:\/\/www.belmontmetals.com\/","name":"Belmont Metals","description":"","potentialAction":[{"@type":"SearchAction","target":{"@type":"EntryPoint","urlTemplate":"https:\/\/www.belmontmetals.com\/?s={search_term_string}"},"query-input":{"@type":"PropertyValueSpecification","valueRequired":true,"valueName":"search_term_string"}}],"inLanguage":"es"}]}},"_links":{"self":[{"href":"https:\/\/www.belmontmetals.com\/es\/wp-json\/wp\/v2\/product\/2964","targetHints":{"allow":["GET"]}}],"collection":[{"href":"https:\/\/www.belmontmetals.com\/es\/wp-json\/wp\/v2\/product"}],"about":[{"href":"https:\/\/www.belmontmetals.com\/es\/wp-json\/wp\/v2\/types\/product"}],"wp:featuredmedia":[{"embeddable":true,"href":"https:\/\/www.belmontmetals.com\/es\/wp-json\/wp\/v2\/media\/2803"}],"wp:attachment":[{"href":"https:\/\/www.belmontmetals.com\/es\/wp-json\/wp\/v2\/media?parent=2964"}],"wp:term":[{"taxonomy":"product_brand","embeddable":true,"href":"https:\/\/www.belmontmetals.com\/es\/wp-json\/wp\/v2\/product_brand?post=2964"},{"taxonomy":"product_tag","embeddable":true,"href":"https:\/\/www.belmontmetals.com\/es\/wp-json\/wp\/v2\/product_tag?post=2964"},{"taxonomy":"woo-feed-brand","embeddable":true,"href":"https:\/\/www.belmontmetals.com\/es\/wp-json\/wp\/v2\/woo-feed-brand?post=2964"}],"curies":[{"name":"wp","href":"https:\/\/api.w.org\/{rel}","templated":true}]}}