{"id":2949,"date":"2017-09-07T14:19:56","date_gmt":"2017-09-07T14:19:56","guid":{"rendered":"http:\/\/www.belmontmetals.com\/product\/zamak-5\/"},"modified":"2017-11-28T17:14:22","modified_gmt":"2017-11-28T17:14:22","slug":"zamak-5","status":"publish","type":"product","link":"https:\/\/www.belmontmetals.com\/es\/producto\/zamak-5\/","title":{"rendered":"Zamak 5"},"content":{"rendered":"<p>La Zamak 5 debe tenerse en consideraci\u00f3n, antes que la Zamak 3, cuando sean necesarias una resistencia a la deformaci\u00f3n, fortaleza y dureza moderadamente m\u00e1s grandes. La Zamak 5 presenta la misma composici\u00f3n que la Zamak 3, con el agregado de un 1% de cobre para aumentar la fortaleza (en aproximadamente un 10%), dureza y resistencia a la corrosi\u00f3n, aunque con una reducci\u00f3n de la ductilidad. La Zamak 5 o aleaci\u00f3n de zinc 5, es el moldeado por fundici\u00f3n en troquel de zinc m\u00e1s utilizado en Europa. Tiene una mayor fortaleza y menor ductilidad que otros integrantes de la familia Zamak.<\/p>\n","protected":false},"excerpt":{"rendered":"<p>La Zamak 5 debe tenerse en consideraci\u00f3n, antes que la Zamak 3, cuando sean necesarias una resistencia a la deformaci\u00f3n, fortaleza y dureza moderadamente m\u00e1s grandes. La Zamak 5 presenta la misma composici\u00f3n que la Zamak 3, con el agregado de un 1% de cobre para aumentar la fortaleza (en aproximadamente un 10%), dureza y resistencia a la corrosi\u00f3n, aunque con una reducci\u00f3n de la ductilidad. La Zamak 5 o aleaci\u00f3n de zinc 5, es el moldeado por fundici\u00f3n en troquel de zinc m\u00e1s utilizado en Europa. Tiene una mayor fortaleza y menor ductilidad que otros integrantes de la familia Zamak.<\/p>\n","protected":false},"featured_media":2668,"template":"","meta":{"_acf_changed":false},"product_brand":[],"product_tag":[],"woo-feed-brand":[],"class_list":{"0":"post-2949","1":"product","2":"type-product","3":"status-publish","4":"has-post-thumbnail","6":"product_cat-aleaciones-de-zinc","7":"product_cat-anodos-electrodeposicion","8":"pa_forms-barra-capping-de-14-lingote-4-20-barras-regulares-de-aprox-1-libra-barra-margash","9":"pa_nominal-composition-95-zn-4-al-1-cu","11":"first","12":"instock","13":"taxable","14":"shipping-taxable","15":"product-type-simple"},"group_of_quantity":0,"min_quantity":0,"max_quantity":"","exclude_order_quantity_value_rules":"no","exclude_category_quantity_rules":"no","combine_variations":"no","acf":[],"yoast_head":"<!-- This site is optimized with the Yoast SEO plugin v27.3 - https:\/\/yoast.com\/product\/yoast-seo-wordpress\/ -->\n<title>Zamak 5 - Belmont Metals<\/title>\n<meta name=\"robots\" content=\"index, follow, max-snippet:-1, max-image-preview:large, max-video-preview:-1\" \/>\n<link rel=\"canonical\" href=\"https:\/\/www.belmontmetals.com\/es\/producto\/zamak-5\/\" \/>\n<meta property=\"og:locale\" content=\"es_ES\" \/>\n<meta property=\"og:type\" content=\"article\" \/>\n<meta property=\"og:title\" content=\"Zamak 5 - Belmont Metals\" \/>\n<meta property=\"og:description\" content=\"La Zamak 5 debe tenerse en consideraci\u00f3n, antes que la Zamak 3, cuando sean necesarias una resistencia a la deformaci\u00f3n, fortaleza y dureza moderadamente m\u00e1s grandes. La Zamak 5 presenta la misma composici\u00f3n que la Zamak 3, con el agregado de un 1% de cobre para aumentar la fortaleza (en aproximadamente un 10%), dureza y resistencia a la corrosi\u00f3n, aunque con una reducci\u00f3n de la ductilidad. La Zamak 5 o aleaci\u00f3n de zinc 5, es el moldeado por fundici\u00f3n en troquel de zinc m\u00e1s utilizado en Europa. Tiene una mayor fortaleza y menor ductilidad que otros integrantes de la familia Zamak.\" \/>\n<meta property=\"og:url\" content=\"https:\/\/www.belmontmetals.com\/es\/producto\/zamak-5\/\" \/>\n<meta property=\"og:site_name\" content=\"Belmont Metals\" \/>\n<meta property=\"article:publisher\" content=\"https:\/\/www.facebook.com\/BelmontMetals\/\" \/>\n<meta property=\"article:modified_time\" content=\"2017-11-28T17:14:22+00:00\" \/>\n<meta property=\"og:image\" content=\"https:\/\/www.belmontmetals.com\/wp-content\/uploads\/2017\/10\/4-20-Ingot.jpg\" \/>\n\t<meta property=\"og:image:width\" content=\"375\" \/>\n\t<meta property=\"og:image:height\" content=\"375\" \/>\n\t<meta property=\"og:image:type\" content=\"image\/jpeg\" \/>\n<meta name=\"twitter:card\" content=\"summary_large_image\" \/>\n<meta name=\"twitter:site\" content=\"@BelmontMetals\" \/>\n<meta name=\"twitter:label1\" content=\"Tiempo de lectura\" \/>\n\t<meta name=\"twitter:data1\" content=\"1 minuto\" \/>\n<script type=\"application\/ld+json\" class=\"yoast-schema-graph\">{\"@context\":\"https:\\\/\\\/schema.org\",\"@graph\":[{\"@type\":\"WebPage\",\"@id\":\"https:\\\/\\\/www.belmontmetals.com\\\/es\\\/producto\\\/zamak-5\\\/\",\"url\":\"https:\\\/\\\/www.belmontmetals.com\\\/es\\\/producto\\\/zamak-5\\\/\",\"name\":\"Zamak 5 - Belmont Metals\",\"isPartOf\":{\"@id\":\"https:\\\/\\\/www.belmontmetals.com\\\/#website\"},\"primaryImageOfPage\":{\"@id\":\"https:\\\/\\\/www.belmontmetals.com\\\/es\\\/producto\\\/zamak-5\\\/#primaryimage\"},\"image\":{\"@id\":\"https:\\\/\\\/www.belmontmetals.com\\\/es\\\/producto\\\/zamak-5\\\/#primaryimage\"},\"thumbnailUrl\":\"https:\\\/\\\/www.belmontmetals.com\\\/wp-content\\\/uploads\\\/2017\\\/10\\\/4-20-Ingot.jpg\",\"datePublished\":\"2017-09-07T14:19:56+00:00\",\"dateModified\":\"2017-11-28T17:14:22+00:00\",\"breadcrumb\":{\"@id\":\"https:\\\/\\\/www.belmontmetals.com\\\/es\\\/producto\\\/zamak-5\\\/#breadcrumb\"},\"inLanguage\":\"es\",\"potentialAction\":[{\"@type\":\"ReadAction\",\"target\":[\"https:\\\/\\\/www.belmontmetals.com\\\/es\\\/producto\\\/zamak-5\\\/\"]}]},{\"@type\":\"ImageObject\",\"inLanguage\":\"es\",\"@id\":\"https:\\\/\\\/www.belmontmetals.com\\\/es\\\/producto\\\/zamak-5\\\/#primaryimage\",\"url\":\"https:\\\/\\\/www.belmontmetals.com\\\/wp-content\\\/uploads\\\/2017\\\/10\\\/4-20-Ingot.jpg\",\"contentUrl\":\"https:\\\/\\\/www.belmontmetals.com\\\/wp-content\\\/uploads\\\/2017\\\/10\\\/4-20-Ingot.jpg\",\"width\":375,\"height\":375,\"caption\":\"4-20 Ingot\"},{\"@type\":\"BreadcrumbList\",\"@id\":\"https:\\\/\\\/www.belmontmetals.com\\\/es\\\/producto\\\/zamak-5\\\/#breadcrumb\",\"itemListElement\":[{\"@type\":\"ListItem\",\"position\":1,\"name\":\"Home\",\"item\":\"https:\\\/\\\/www.belmontmetals.com\\\/es\\\/\"},{\"@type\":\"ListItem\",\"position\":2,\"name\":\"Store\",\"item\":\"https:\\\/\\\/www.belmontmetals.com\\\/store\\\/\"},{\"@type\":\"ListItem\",\"position\":3,\"name\":\"Zamak 5\"}]},{\"@type\":\"WebSite\",\"@id\":\"https:\\\/\\\/www.belmontmetals.com\\\/#website\",\"url\":\"https:\\\/\\\/www.belmontmetals.com\\\/\",\"name\":\"Belmont Metals\",\"description\":\"\",\"potentialAction\":[{\"@type\":\"SearchAction\",\"target\":{\"@type\":\"EntryPoint\",\"urlTemplate\":\"https:\\\/\\\/www.belmontmetals.com\\\/?s={search_term_string}\"},\"query-input\":{\"@type\":\"PropertyValueSpecification\",\"valueRequired\":true,\"valueName\":\"search_term_string\"}}],\"inLanguage\":\"es\"}]}<\/script>\n<!-- \/ Yoast SEO plugin. -->","yoast_head_json":{"title":"Zamak 5 - Belmont Metals","robots":{"index":"index","follow":"follow","max-snippet":"max-snippet:-1","max-image-preview":"max-image-preview:large","max-video-preview":"max-video-preview:-1"},"canonical":"https:\/\/www.belmontmetals.com\/es\/producto\/zamak-5\/","og_locale":"es_ES","og_type":"article","og_title":"Zamak 5 - Belmont Metals","og_description":"La Zamak 5 debe tenerse en consideraci\u00f3n, antes que la Zamak 3, cuando sean necesarias una resistencia a la deformaci\u00f3n, fortaleza y dureza moderadamente m\u00e1s grandes. La Zamak 5 presenta la misma composici\u00f3n que la Zamak 3, con el agregado de un 1% de cobre para aumentar la fortaleza (en aproximadamente un 10%), dureza y resistencia a la corrosi\u00f3n, aunque con una reducci\u00f3n de la ductilidad. La Zamak 5 o aleaci\u00f3n de zinc 5, es el moldeado por fundici\u00f3n en troquel de zinc m\u00e1s utilizado en Europa. Tiene una mayor fortaleza y menor ductilidad que otros integrantes de la familia Zamak.","og_url":"https:\/\/www.belmontmetals.com\/es\/producto\/zamak-5\/","og_site_name":"Belmont Metals","article_publisher":"https:\/\/www.facebook.com\/BelmontMetals\/","article_modified_time":"2017-11-28T17:14:22+00:00","og_image":[{"width":375,"height":375,"url":"https:\/\/www.belmontmetals.com\/wp-content\/uploads\/2017\/10\/4-20-Ingot.jpg","type":"image\/jpeg"}],"twitter_card":"summary_large_image","twitter_site":"@BelmontMetals","twitter_misc":{"Tiempo de lectura":"1 minuto"},"schema":{"@context":"https:\/\/schema.org","@graph":[{"@type":"WebPage","@id":"https:\/\/www.belmontmetals.com\/es\/producto\/zamak-5\/","url":"https:\/\/www.belmontmetals.com\/es\/producto\/zamak-5\/","name":"Zamak 5 - Belmont Metals","isPartOf":{"@id":"https:\/\/www.belmontmetals.com\/#website"},"primaryImageOfPage":{"@id":"https:\/\/www.belmontmetals.com\/es\/producto\/zamak-5\/#primaryimage"},"image":{"@id":"https:\/\/www.belmontmetals.com\/es\/producto\/zamak-5\/#primaryimage"},"thumbnailUrl":"https:\/\/www.belmontmetals.com\/wp-content\/uploads\/2017\/10\/4-20-Ingot.jpg","datePublished":"2017-09-07T14:19:56+00:00","dateModified":"2017-11-28T17:14:22+00:00","breadcrumb":{"@id":"https:\/\/www.belmontmetals.com\/es\/producto\/zamak-5\/#breadcrumb"},"inLanguage":"es","potentialAction":[{"@type":"ReadAction","target":["https:\/\/www.belmontmetals.com\/es\/producto\/zamak-5\/"]}]},{"@type":"ImageObject","inLanguage":"es","@id":"https:\/\/www.belmontmetals.com\/es\/producto\/zamak-5\/#primaryimage","url":"https:\/\/www.belmontmetals.com\/wp-content\/uploads\/2017\/10\/4-20-Ingot.jpg","contentUrl":"https:\/\/www.belmontmetals.com\/wp-content\/uploads\/2017\/10\/4-20-Ingot.jpg","width":375,"height":375,"caption":"4-20 Ingot"},{"@type":"BreadcrumbList","@id":"https:\/\/www.belmontmetals.com\/es\/producto\/zamak-5\/#breadcrumb","itemListElement":[{"@type":"ListItem","position":1,"name":"Home","item":"https:\/\/www.belmontmetals.com\/es\/"},{"@type":"ListItem","position":2,"name":"Store","item":"https:\/\/www.belmontmetals.com\/store\/"},{"@type":"ListItem","position":3,"name":"Zamak 5"}]},{"@type":"WebSite","@id":"https:\/\/www.belmontmetals.com\/#website","url":"https:\/\/www.belmontmetals.com\/","name":"Belmont Metals","description":"","potentialAction":[{"@type":"SearchAction","target":{"@type":"EntryPoint","urlTemplate":"https:\/\/www.belmontmetals.com\/?s={search_term_string}"},"query-input":{"@type":"PropertyValueSpecification","valueRequired":true,"valueName":"search_term_string"}}],"inLanguage":"es"}]}},"_links":{"self":[{"href":"https:\/\/www.belmontmetals.com\/es\/wp-json\/wp\/v2\/product\/2949","targetHints":{"allow":["GET"]}}],"collection":[{"href":"https:\/\/www.belmontmetals.com\/es\/wp-json\/wp\/v2\/product"}],"about":[{"href":"https:\/\/www.belmontmetals.com\/es\/wp-json\/wp\/v2\/types\/product"}],"wp:featuredmedia":[{"embeddable":true,"href":"https:\/\/www.belmontmetals.com\/es\/wp-json\/wp\/v2\/media\/2668"}],"wp:attachment":[{"href":"https:\/\/www.belmontmetals.com\/es\/wp-json\/wp\/v2\/media?parent=2949"}],"wp:term":[{"taxonomy":"product_brand","embeddable":true,"href":"https:\/\/www.belmontmetals.com\/es\/wp-json\/wp\/v2\/product_brand?post=2949"},{"taxonomy":"product_tag","embeddable":true,"href":"https:\/\/www.belmontmetals.com\/es\/wp-json\/wp\/v2\/product_tag?post=2949"},{"taxonomy":"woo-feed-brand","embeddable":true,"href":"https:\/\/www.belmontmetals.com\/es\/wp-json\/wp\/v2\/woo-feed-brand?post=2949"}],"curies":[{"name":"wp","href":"https:\/\/api.w.org\/{rel}","templated":true}]}}