{"id":2919,"date":"2017-10-10T22:32:38","date_gmt":"2017-10-10T22:32:38","guid":{"rendered":"http:\/\/www.belmontmetals.com\/product\/mil-dtl-18001l-class-1-type-zdm-rreplacement-anodes\/"},"modified":"2017-11-28T16:08:22","modified_gmt":"2017-11-28T16:08:22","slug":"mil-a-18001l-cl-1-anodos-de-reemplazo-tipo-zdm","status":"publish","type":"product","link":"https:\/\/www.belmontmetals.com\/es\/producto\/mil-a-18001l-cl-1-anodos-de-reemplazo-tipo-zdm\/","title":{"rendered":"MIL-A-18001L CL.1 \u00c1nodos de reemplazo Tipo ZDM"},"content":{"rendered":"<p>El conjunto de \u00e1nodos incluye un tap\u00f3n de retenci\u00f3n de lat\u00f3n y elementos de zinc reemplazables. El primer elemento se atornilla al que lo precede.<\/p>\n","protected":false},"excerpt":{"rendered":"<p>El conjunto de \u00e1nodos incluye un tap\u00f3n de retenci\u00f3n de lat\u00f3n y elementos de zinc reemplazables. El primer elemento se atornilla al que lo precede.<\/p>\n","protected":false},"featured_media":2676,"template":"","meta":{"_acf_changed":false},"product_brand":[],"product_tag":[],"woo-feed-brand":[],"class_list":{"0":"post-2919","1":"product","2":"type-product","3":"status-publish","4":"has-post-thumbnail","6":"product_cat-anodos-catodicos","7":"pa_nominal-composition-99-55-zn-bal","9":"first","10":"instock","11":"taxable","12":"shipping-taxable","13":"product-type-simple"},"group_of_quantity":0,"min_quantity":0,"max_quantity":"","exclude_order_quantity_value_rules":"no","exclude_category_quantity_rules":"no","combine_variations":"no","acf":[],"yoast_head":"<!-- This site is optimized with the Yoast SEO plugin v27.4 - https:\/\/yoast.com\/product\/yoast-seo-wordpress\/ -->\n<title>MIL-A-18001L CL.1 \u00c1nodos de reemplazo Tipo ZDM - Belmont Metals<\/title>\n<meta name=\"robots\" content=\"index, follow, max-snippet:-1, max-image-preview:large, max-video-preview:-1\" \/>\n<link rel=\"canonical\" href=\"https:\/\/www.belmontmetals.com\/producto\/mil-dtl-18001l-class-1-type-zdm-rreplacement-anodes\/\" \/>\n<meta property=\"og:locale\" content=\"es_ES\" \/>\n<meta property=\"og:type\" content=\"article\" \/>\n<meta property=\"og:title\" content=\"MIL-A-18001L CL.1 \u00c1nodos de reemplazo Tipo ZDM - Belmont Metals\" \/>\n<meta property=\"og:description\" content=\"El conjunto de \u00e1nodos incluye un tap\u00f3n de retenci\u00f3n de lat\u00f3n y elementos de zinc reemplazables. El primer elemento se atornilla al que lo precede.\" \/>\n<meta property=\"og:url\" content=\"https:\/\/www.belmontmetals.com\/producto\/mil-dtl-18001l-class-1-type-zdm-rreplacement-anodes\/\" \/>\n<meta property=\"og:site_name\" content=\"Belmont Metals\" \/>\n<meta property=\"article:publisher\" content=\"https:\/\/www.facebook.com\/BelmontMetals\/\" \/>\n<meta property=\"article:modified_time\" content=\"2017-11-28T16:08:22+00:00\" \/>\n<meta property=\"og:image\" content=\"https:\/\/www.belmontmetals.com\/wp-content\/uploads\/2017\/10\/Type-ZDM-Anode.jpg\" \/>\n\t<meta property=\"og:image:width\" content=\"375\" \/>\n\t<meta property=\"og:image:height\" content=\"375\" \/>\n\t<meta property=\"og:image:type\" content=\"image\/jpeg\" \/>\n<meta name=\"twitter:card\" content=\"summary_large_image\" \/>\n<meta name=\"twitter:site\" content=\"@BelmontMetals\" \/>\n<script type=\"application\/ld+json\" class=\"yoast-schema-graph\">{\"@context\":\"https:\\\/\\\/schema.org\",\"@graph\":[{\"@type\":\"WebPage\",\"@id\":\"https:\\\/\\\/www.belmontmetals.com\\\/producto\\\/mil-dtl-18001l-class-1-type-zdm-rreplacement-anodes\\\/\",\"url\":\"https:\\\/\\\/www.belmontmetals.com\\\/producto\\\/mil-dtl-18001l-class-1-type-zdm-rreplacement-anodes\\\/\",\"name\":\"MIL-A-18001L CL.1 \u00c1nodos de reemplazo Tipo ZDM - Belmont Metals\",\"isPartOf\":{\"@id\":\"https:\\\/\\\/www.belmontmetals.com\\\/#website\"},\"primaryImageOfPage\":{\"@id\":\"https:\\\/\\\/www.belmontmetals.com\\\/producto\\\/mil-dtl-18001l-class-1-type-zdm-rreplacement-anodes\\\/#primaryimage\"},\"image\":{\"@id\":\"https:\\\/\\\/www.belmontmetals.com\\\/producto\\\/mil-dtl-18001l-class-1-type-zdm-rreplacement-anodes\\\/#primaryimage\"},\"thumbnailUrl\":\"https:\\\/\\\/www.belmontmetals.com\\\/wp-content\\\/uploads\\\/2017\\\/10\\\/Type-ZDM-Anode.jpg\",\"datePublished\":\"2017-10-10T22:32:38+00:00\",\"dateModified\":\"2017-11-28T16:08:22+00:00\",\"breadcrumb\":{\"@id\":\"https:\\\/\\\/www.belmontmetals.com\\\/producto\\\/mil-dtl-18001l-class-1-type-zdm-rreplacement-anodes\\\/#breadcrumb\"},\"inLanguage\":\"es\",\"potentialAction\":[{\"@type\":\"ReadAction\",\"target\":[\"https:\\\/\\\/www.belmontmetals.com\\\/producto\\\/mil-dtl-18001l-class-1-type-zdm-rreplacement-anodes\\\/\"]}]},{\"@type\":\"ImageObject\",\"inLanguage\":\"es\",\"@id\":\"https:\\\/\\\/www.belmontmetals.com\\\/producto\\\/mil-dtl-18001l-class-1-type-zdm-rreplacement-anodes\\\/#primaryimage\",\"url\":\"https:\\\/\\\/www.belmontmetals.com\\\/wp-content\\\/uploads\\\/2017\\\/10\\\/Type-ZDM-Anode.jpg\",\"contentUrl\":\"https:\\\/\\\/www.belmontmetals.com\\\/wp-content\\\/uploads\\\/2017\\\/10\\\/Type-ZDM-Anode.jpg\",\"width\":375,\"height\":375},{\"@type\":\"BreadcrumbList\",\"@id\":\"https:\\\/\\\/www.belmontmetals.com\\\/producto\\\/mil-dtl-18001l-class-1-type-zdm-rreplacement-anodes\\\/#breadcrumb\",\"itemListElement\":[{\"@type\":\"ListItem\",\"position\":1,\"name\":\"Home\",\"item\":\"https:\\\/\\\/www.belmontmetals.com\\\/es\\\/\"},{\"@type\":\"ListItem\",\"position\":2,\"name\":\"Store\",\"item\":\"https:\\\/\\\/www.belmontmetals.com\\\/store\\\/\"},{\"@type\":\"ListItem\",\"position\":3,\"name\":\"MIL-A-18001L CL.1 \u00c1nodos de reemplazo Tipo ZDM\"}]},{\"@type\":\"WebSite\",\"@id\":\"https:\\\/\\\/www.belmontmetals.com\\\/#website\",\"url\":\"https:\\\/\\\/www.belmontmetals.com\\\/\",\"name\":\"Belmont Metals\",\"description\":\"\",\"potentialAction\":[{\"@type\":\"SearchAction\",\"target\":{\"@type\":\"EntryPoint\",\"urlTemplate\":\"https:\\\/\\\/www.belmontmetals.com\\\/?s={search_term_string}\"},\"query-input\":{\"@type\":\"PropertyValueSpecification\",\"valueRequired\":true,\"valueName\":\"search_term_string\"}}],\"inLanguage\":\"es\"}]}<\/script>\n<!-- \/ Yoast SEO plugin. -->","yoast_head_json":{"title":"MIL-A-18001L CL.1 \u00c1nodos de reemplazo Tipo ZDM - Belmont Metals","robots":{"index":"index","follow":"follow","max-snippet":"max-snippet:-1","max-image-preview":"max-image-preview:large","max-video-preview":"max-video-preview:-1"},"canonical":"https:\/\/www.belmontmetals.com\/producto\/mil-dtl-18001l-class-1-type-zdm-rreplacement-anodes\/","og_locale":"es_ES","og_type":"article","og_title":"MIL-A-18001L CL.1 \u00c1nodos de reemplazo Tipo ZDM - Belmont Metals","og_description":"El conjunto de \u00e1nodos incluye un tap\u00f3n de retenci\u00f3n de lat\u00f3n y elementos de zinc reemplazables. El primer elemento se atornilla al que lo precede.","og_url":"https:\/\/www.belmontmetals.com\/producto\/mil-dtl-18001l-class-1-type-zdm-rreplacement-anodes\/","og_site_name":"Belmont Metals","article_publisher":"https:\/\/www.facebook.com\/BelmontMetals\/","article_modified_time":"2017-11-28T16:08:22+00:00","og_image":[{"width":375,"height":375,"url":"https:\/\/www.belmontmetals.com\/wp-content\/uploads\/2017\/10\/Type-ZDM-Anode.jpg","type":"image\/jpeg"}],"twitter_card":"summary_large_image","twitter_site":"@BelmontMetals","schema":{"@context":"https:\/\/schema.org","@graph":[{"@type":"WebPage","@id":"https:\/\/www.belmontmetals.com\/producto\/mil-dtl-18001l-class-1-type-zdm-rreplacement-anodes\/","url":"https:\/\/www.belmontmetals.com\/producto\/mil-dtl-18001l-class-1-type-zdm-rreplacement-anodes\/","name":"MIL-A-18001L CL.1 \u00c1nodos de reemplazo Tipo ZDM - Belmont Metals","isPartOf":{"@id":"https:\/\/www.belmontmetals.com\/#website"},"primaryImageOfPage":{"@id":"https:\/\/www.belmontmetals.com\/producto\/mil-dtl-18001l-class-1-type-zdm-rreplacement-anodes\/#primaryimage"},"image":{"@id":"https:\/\/www.belmontmetals.com\/producto\/mil-dtl-18001l-class-1-type-zdm-rreplacement-anodes\/#primaryimage"},"thumbnailUrl":"https:\/\/www.belmontmetals.com\/wp-content\/uploads\/2017\/10\/Type-ZDM-Anode.jpg","datePublished":"2017-10-10T22:32:38+00:00","dateModified":"2017-11-28T16:08:22+00:00","breadcrumb":{"@id":"https:\/\/www.belmontmetals.com\/producto\/mil-dtl-18001l-class-1-type-zdm-rreplacement-anodes\/#breadcrumb"},"inLanguage":"es","potentialAction":[{"@type":"ReadAction","target":["https:\/\/www.belmontmetals.com\/producto\/mil-dtl-18001l-class-1-type-zdm-rreplacement-anodes\/"]}]},{"@type":"ImageObject","inLanguage":"es","@id":"https:\/\/www.belmontmetals.com\/producto\/mil-dtl-18001l-class-1-type-zdm-rreplacement-anodes\/#primaryimage","url":"https:\/\/www.belmontmetals.com\/wp-content\/uploads\/2017\/10\/Type-ZDM-Anode.jpg","contentUrl":"https:\/\/www.belmontmetals.com\/wp-content\/uploads\/2017\/10\/Type-ZDM-Anode.jpg","width":375,"height":375},{"@type":"BreadcrumbList","@id":"https:\/\/www.belmontmetals.com\/producto\/mil-dtl-18001l-class-1-type-zdm-rreplacement-anodes\/#breadcrumb","itemListElement":[{"@type":"ListItem","position":1,"name":"Home","item":"https:\/\/www.belmontmetals.com\/es\/"},{"@type":"ListItem","position":2,"name":"Store","item":"https:\/\/www.belmontmetals.com\/store\/"},{"@type":"ListItem","position":3,"name":"MIL-A-18001L CL.1 \u00c1nodos de reemplazo Tipo ZDM"}]},{"@type":"WebSite","@id":"https:\/\/www.belmontmetals.com\/#website","url":"https:\/\/www.belmontmetals.com\/","name":"Belmont Metals","description":"","potentialAction":[{"@type":"SearchAction","target":{"@type":"EntryPoint","urlTemplate":"https:\/\/www.belmontmetals.com\/?s={search_term_string}"},"query-input":{"@type":"PropertyValueSpecification","valueRequired":true,"valueName":"search_term_string"}}],"inLanguage":"es"}]}},"_links":{"self":[{"href":"https:\/\/www.belmontmetals.com\/es\/wp-json\/wp\/v2\/product\/2919","targetHints":{"allow":["GET"]}}],"collection":[{"href":"https:\/\/www.belmontmetals.com\/es\/wp-json\/wp\/v2\/product"}],"about":[{"href":"https:\/\/www.belmontmetals.com\/es\/wp-json\/wp\/v2\/types\/product"}],"wp:featuredmedia":[{"embeddable":true,"href":"https:\/\/www.belmontmetals.com\/es\/wp-json\/wp\/v2\/media\/2676"}],"wp:attachment":[{"href":"https:\/\/www.belmontmetals.com\/es\/wp-json\/wp\/v2\/media?parent=2919"}],"wp:term":[{"taxonomy":"product_brand","embeddable":true,"href":"https:\/\/www.belmontmetals.com\/es\/wp-json\/wp\/v2\/product_brand?post=2919"},{"taxonomy":"product_tag","embeddable":true,"href":"https:\/\/www.belmontmetals.com\/es\/wp-json\/wp\/v2\/product_tag?post=2919"},{"taxonomy":"woo-feed-brand","embeddable":true,"href":"https:\/\/www.belmontmetals.com\/es\/wp-json\/wp\/v2\/woo-feed-brand?post=2919"}],"curies":[{"name":"wp","href":"https:\/\/api.w.org\/{rel}","templated":true}]}}