{"id":2916,"date":"2017-10-11T02:13:56","date_gmt":"2017-10-11T02:13:56","guid":{"rendered":"http:\/\/www.belmontmetals.com\/product\/mil-18001l-cl-1-zinc-pencil-anodes\/"},"modified":"2017-11-28T16:08:21","modified_gmt":"2017-11-28T16:08:21","slug":"mil-18001l-cl-1-anodos-tipo-lapiz-de-zinc","status":"publish","type":"product","link":"https:\/\/www.belmontmetals.com\/es\/producto\/mil-18001l-cl-1-anodos-tipo-lapiz-de-zinc\/","title":{"rendered":"MIL-A-18001L \u00c1nodo de Zinc tipo L\u00e1piz"},"content":{"rendered":"<p>Nuestros \u00e1nodos de tipo l\u00e1piz, o \u00e1nodos de motor, se consumen por la acci\u00f3n electrol\u00edtica que, de otra manera, corroer\u00eda y da\u00f1ar\u00eda el equipamiento. Vienen con tapones hexagonales de lat\u00f3n en distintos tama\u00f1os desde 1\/4 de pulgada a 1 pulgada. La longitud de la varilla var\u00eda, de 1 pulgada a 24 pulgadas.<\/p>\n","protected":false},"excerpt":{"rendered":"<p>Nuestros \u00e1nodos de tipo l\u00e1piz, o \u00e1nodos de motor, se consumen por la acci\u00f3n electrol\u00edtica que, de otra manera, corroer\u00eda y da\u00f1ar\u00eda el equipamiento. Vienen con tapones hexagonales de lat\u00f3n en distintos tama\u00f1os desde 1\/4 de pulgada a 1 pulgada. La longitud de la varilla var\u00eda, de 1 pulgada a 24 pulgadas.<\/p>\n","protected":false},"featured_media":2675,"template":"","meta":{"_acf_changed":false},"product_brand":[],"product_tag":[],"woo-feed-brand":[],"class_list":{"0":"post-2916","1":"product","2":"type-product","3":"status-publish","4":"has-post-thumbnail","6":"product_cat-anodos-catodicos","7":"pa_nominal-composition-99-55-zn-bal","9":"first","10":"instock","11":"taxable","12":"shipping-taxable","13":"product-type-simple"},"group_of_quantity":0,"min_quantity":0,"max_quantity":"","exclude_order_quantity_value_rules":"no","exclude_category_quantity_rules":"no","combine_variations":"no","acf":[],"yoast_head":"<!-- This site is optimized with the Yoast SEO plugin v27.3 - https:\/\/yoast.com\/product\/yoast-seo-wordpress\/ -->\n<title>MIL-A-18001L \u00c1nodo de Zinc tipo L\u00e1piz - Belmont Metals<\/title>\n<meta name=\"robots\" content=\"index, follow, max-snippet:-1, max-image-preview:large, max-video-preview:-1\" \/>\n<link rel=\"canonical\" href=\"https:\/\/www.belmontmetals.com\/es\/producto\/mil-18001l-cl-1-anodos-tipo-lapiz-de-zinc\/\" \/>\n<meta property=\"og:locale\" content=\"es_ES\" \/>\n<meta property=\"og:type\" content=\"article\" \/>\n<meta property=\"og:title\" content=\"MIL-A-18001L \u00c1nodo de Zinc tipo L\u00e1piz - Belmont Metals\" \/>\n<meta property=\"og:description\" content=\"Nuestros \u00e1nodos de tipo l\u00e1piz, o \u00e1nodos de motor, se consumen por la acci\u00f3n electrol\u00edtica que, de otra manera, corroer\u00eda y da\u00f1ar\u00eda el equipamiento. Vienen con tapones hexagonales de lat\u00f3n en distintos tama\u00f1os desde 1\/4 de pulgada a 1 pulgada. La longitud de la varilla var\u00eda, de 1 pulgada a 24 pulgadas.\" \/>\n<meta property=\"og:url\" content=\"https:\/\/www.belmontmetals.com\/es\/producto\/mil-18001l-cl-1-anodos-tipo-lapiz-de-zinc\/\" \/>\n<meta property=\"og:site_name\" content=\"Belmont Metals\" \/>\n<meta property=\"article:publisher\" content=\"https:\/\/www.facebook.com\/BelmontMetals\/\" \/>\n<meta property=\"article:modified_time\" content=\"2017-11-28T16:08:21+00:00\" \/>\n<meta property=\"og:image\" content=\"https:\/\/www.belmontmetals.com\/wp-content\/uploads\/2017\/10\/Pencil-Anode.jpg\" \/>\n\t<meta property=\"og:image:width\" content=\"375\" \/>\n\t<meta property=\"og:image:height\" content=\"375\" \/>\n\t<meta property=\"og:image:type\" content=\"image\/jpeg\" \/>\n<meta name=\"twitter:card\" content=\"summary_large_image\" \/>\n<meta name=\"twitter:site\" content=\"@BelmontMetals\" \/>\n<script type=\"application\/ld+json\" class=\"yoast-schema-graph\">{\"@context\":\"https:\\\/\\\/schema.org\",\"@graph\":[{\"@type\":\"WebPage\",\"@id\":\"https:\\\/\\\/www.belmontmetals.com\\\/es\\\/producto\\\/mil-18001l-cl-1-anodos-tipo-lapiz-de-zinc\\\/\",\"url\":\"https:\\\/\\\/www.belmontmetals.com\\\/es\\\/producto\\\/mil-18001l-cl-1-anodos-tipo-lapiz-de-zinc\\\/\",\"name\":\"MIL-A-18001L \u00c1nodo de Zinc tipo L\u00e1piz - Belmont Metals\",\"isPartOf\":{\"@id\":\"https:\\\/\\\/www.belmontmetals.com\\\/#website\"},\"primaryImageOfPage\":{\"@id\":\"https:\\\/\\\/www.belmontmetals.com\\\/es\\\/producto\\\/mil-18001l-cl-1-anodos-tipo-lapiz-de-zinc\\\/#primaryimage\"},\"image\":{\"@id\":\"https:\\\/\\\/www.belmontmetals.com\\\/es\\\/producto\\\/mil-18001l-cl-1-anodos-tipo-lapiz-de-zinc\\\/#primaryimage\"},\"thumbnailUrl\":\"https:\\\/\\\/www.belmontmetals.com\\\/wp-content\\\/uploads\\\/2017\\\/10\\\/Pencil-Anode.jpg\",\"datePublished\":\"2017-10-11T02:13:56+00:00\",\"dateModified\":\"2017-11-28T16:08:21+00:00\",\"breadcrumb\":{\"@id\":\"https:\\\/\\\/www.belmontmetals.com\\\/es\\\/producto\\\/mil-18001l-cl-1-anodos-tipo-lapiz-de-zinc\\\/#breadcrumb\"},\"inLanguage\":\"es\",\"potentialAction\":[{\"@type\":\"ReadAction\",\"target\":[\"https:\\\/\\\/www.belmontmetals.com\\\/es\\\/producto\\\/mil-18001l-cl-1-anodos-tipo-lapiz-de-zinc\\\/\"]}]},{\"@type\":\"ImageObject\",\"inLanguage\":\"es\",\"@id\":\"https:\\\/\\\/www.belmontmetals.com\\\/es\\\/producto\\\/mil-18001l-cl-1-anodos-tipo-lapiz-de-zinc\\\/#primaryimage\",\"url\":\"https:\\\/\\\/www.belmontmetals.com\\\/wp-content\\\/uploads\\\/2017\\\/10\\\/Pencil-Anode.jpg\",\"contentUrl\":\"https:\\\/\\\/www.belmontmetals.com\\\/wp-content\\\/uploads\\\/2017\\\/10\\\/Pencil-Anode.jpg\",\"width\":375,\"height\":375},{\"@type\":\"BreadcrumbList\",\"@id\":\"https:\\\/\\\/www.belmontmetals.com\\\/es\\\/producto\\\/mil-18001l-cl-1-anodos-tipo-lapiz-de-zinc\\\/#breadcrumb\",\"itemListElement\":[{\"@type\":\"ListItem\",\"position\":1,\"name\":\"Home\",\"item\":\"https:\\\/\\\/www.belmontmetals.com\\\/es\\\/\"},{\"@type\":\"ListItem\",\"position\":2,\"name\":\"Store\",\"item\":\"https:\\\/\\\/www.belmontmetals.com\\\/store\\\/\"},{\"@type\":\"ListItem\",\"position\":3,\"name\":\"MIL-A-18001L \u00c1nodo de Zinc tipo L\u00e1piz\"}]},{\"@type\":\"WebSite\",\"@id\":\"https:\\\/\\\/www.belmontmetals.com\\\/#website\",\"url\":\"https:\\\/\\\/www.belmontmetals.com\\\/\",\"name\":\"Belmont Metals\",\"description\":\"\",\"potentialAction\":[{\"@type\":\"SearchAction\",\"target\":{\"@type\":\"EntryPoint\",\"urlTemplate\":\"https:\\\/\\\/www.belmontmetals.com\\\/?s={search_term_string}\"},\"query-input\":{\"@type\":\"PropertyValueSpecification\",\"valueRequired\":true,\"valueName\":\"search_term_string\"}}],\"inLanguage\":\"es\"}]}<\/script>\n<!-- \/ Yoast SEO plugin. -->","yoast_head_json":{"title":"MIL-A-18001L \u00c1nodo de Zinc tipo L\u00e1piz - Belmont Metals","robots":{"index":"index","follow":"follow","max-snippet":"max-snippet:-1","max-image-preview":"max-image-preview:large","max-video-preview":"max-video-preview:-1"},"canonical":"https:\/\/www.belmontmetals.com\/es\/producto\/mil-18001l-cl-1-anodos-tipo-lapiz-de-zinc\/","og_locale":"es_ES","og_type":"article","og_title":"MIL-A-18001L \u00c1nodo de Zinc tipo L\u00e1piz - Belmont Metals","og_description":"Nuestros \u00e1nodos de tipo l\u00e1piz, o \u00e1nodos de motor, se consumen por la acci\u00f3n electrol\u00edtica que, de otra manera, corroer\u00eda y da\u00f1ar\u00eda el equipamiento. Vienen con tapones hexagonales de lat\u00f3n en distintos tama\u00f1os desde 1\/4 de pulgada a 1 pulgada. La longitud de la varilla var\u00eda, de 1 pulgada a 24 pulgadas.","og_url":"https:\/\/www.belmontmetals.com\/es\/producto\/mil-18001l-cl-1-anodos-tipo-lapiz-de-zinc\/","og_site_name":"Belmont Metals","article_publisher":"https:\/\/www.facebook.com\/BelmontMetals\/","article_modified_time":"2017-11-28T16:08:21+00:00","og_image":[{"width":375,"height":375,"url":"https:\/\/www.belmontmetals.com\/wp-content\/uploads\/2017\/10\/Pencil-Anode.jpg","type":"image\/jpeg"}],"twitter_card":"summary_large_image","twitter_site":"@BelmontMetals","schema":{"@context":"https:\/\/schema.org","@graph":[{"@type":"WebPage","@id":"https:\/\/www.belmontmetals.com\/es\/producto\/mil-18001l-cl-1-anodos-tipo-lapiz-de-zinc\/","url":"https:\/\/www.belmontmetals.com\/es\/producto\/mil-18001l-cl-1-anodos-tipo-lapiz-de-zinc\/","name":"MIL-A-18001L \u00c1nodo de Zinc tipo L\u00e1piz - Belmont Metals","isPartOf":{"@id":"https:\/\/www.belmontmetals.com\/#website"},"primaryImageOfPage":{"@id":"https:\/\/www.belmontmetals.com\/es\/producto\/mil-18001l-cl-1-anodos-tipo-lapiz-de-zinc\/#primaryimage"},"image":{"@id":"https:\/\/www.belmontmetals.com\/es\/producto\/mil-18001l-cl-1-anodos-tipo-lapiz-de-zinc\/#primaryimage"},"thumbnailUrl":"https:\/\/www.belmontmetals.com\/wp-content\/uploads\/2017\/10\/Pencil-Anode.jpg","datePublished":"2017-10-11T02:13:56+00:00","dateModified":"2017-11-28T16:08:21+00:00","breadcrumb":{"@id":"https:\/\/www.belmontmetals.com\/es\/producto\/mil-18001l-cl-1-anodos-tipo-lapiz-de-zinc\/#breadcrumb"},"inLanguage":"es","potentialAction":[{"@type":"ReadAction","target":["https:\/\/www.belmontmetals.com\/es\/producto\/mil-18001l-cl-1-anodos-tipo-lapiz-de-zinc\/"]}]},{"@type":"ImageObject","inLanguage":"es","@id":"https:\/\/www.belmontmetals.com\/es\/producto\/mil-18001l-cl-1-anodos-tipo-lapiz-de-zinc\/#primaryimage","url":"https:\/\/www.belmontmetals.com\/wp-content\/uploads\/2017\/10\/Pencil-Anode.jpg","contentUrl":"https:\/\/www.belmontmetals.com\/wp-content\/uploads\/2017\/10\/Pencil-Anode.jpg","width":375,"height":375},{"@type":"BreadcrumbList","@id":"https:\/\/www.belmontmetals.com\/es\/producto\/mil-18001l-cl-1-anodos-tipo-lapiz-de-zinc\/#breadcrumb","itemListElement":[{"@type":"ListItem","position":1,"name":"Home","item":"https:\/\/www.belmontmetals.com\/es\/"},{"@type":"ListItem","position":2,"name":"Store","item":"https:\/\/www.belmontmetals.com\/store\/"},{"@type":"ListItem","position":3,"name":"MIL-A-18001L \u00c1nodo de Zinc tipo L\u00e1piz"}]},{"@type":"WebSite","@id":"https:\/\/www.belmontmetals.com\/#website","url":"https:\/\/www.belmontmetals.com\/","name":"Belmont Metals","description":"","potentialAction":[{"@type":"SearchAction","target":{"@type":"EntryPoint","urlTemplate":"https:\/\/www.belmontmetals.com\/?s={search_term_string}"},"query-input":{"@type":"PropertyValueSpecification","valueRequired":true,"valueName":"search_term_string"}}],"inLanguage":"es"}]}},"_links":{"self":[{"href":"https:\/\/www.belmontmetals.com\/es\/wp-json\/wp\/v2\/product\/2916","targetHints":{"allow":["GET"]}}],"collection":[{"href":"https:\/\/www.belmontmetals.com\/es\/wp-json\/wp\/v2\/product"}],"about":[{"href":"https:\/\/www.belmontmetals.com\/es\/wp-json\/wp\/v2\/types\/product"}],"wp:featuredmedia":[{"embeddable":true,"href":"https:\/\/www.belmontmetals.com\/es\/wp-json\/wp\/v2\/media\/2675"}],"wp:attachment":[{"href":"https:\/\/www.belmontmetals.com\/es\/wp-json\/wp\/v2\/media?parent=2916"}],"wp:term":[{"taxonomy":"product_brand","embeddable":true,"href":"https:\/\/www.belmontmetals.com\/es\/wp-json\/wp\/v2\/product_brand?post=2916"},{"taxonomy":"product_tag","embeddable":true,"href":"https:\/\/www.belmontmetals.com\/es\/wp-json\/wp\/v2\/product_tag?post=2916"},{"taxonomy":"woo-feed-brand","embeddable":true,"href":"https:\/\/www.belmontmetals.com\/es\/wp-json\/wp\/v2\/woo-feed-brand?post=2916"}],"curies":[{"name":"wp","href":"https:\/\/api.w.org\/{rel}","templated":true}]}}