{"id":2906,"date":"2017-10-13T16:03:05","date_gmt":"2017-10-13T16:03:05","guid":{"rendered":"http:\/\/www.belmontmetals.com\/product\/zinc-sheets-for-countertop\/"},"modified":"2017-11-28T17:02:41","modified_gmt":"2017-11-28T17:02:41","slug":"laminas-de-zinc-para-mesadas","status":"publish","type":"product","link":"https:\/\/www.belmontmetals.com\/es\/producto\/laminas-de-zinc-para-mesadas\/","title":{"rendered":"L\u00e1minas de Zinc para Mesadas"},"content":{"rendered":"<p>L\u00e1minas de zinc dise\u00f1adas para servicio de grado de alimentos, como mostradores, barras, \u00edtems decorativos.\u00a0Recomendamos la utilizaci\u00f3n del 0,027 para lavamanos, mesadas y partes superiores de barras. Ya que una l\u00e1mina de 39 pulgadas x por 96 pulgadas puede pesar 35 libras, sugerimos que para ciertas instalaciones, como superficies de estanter\u00edas, debe evaluarse la utilizaci\u00f3n de nuestro espesor de 0,020. Disponemos de distintos espesores en stock y nuestro espesor m\u00e1s popular es el de 0,027. Tambi\u00e9n est\u00e1 disponible en espesores de 0,019, 0,040 pulgadas y 0,060 pulgadas. Las l\u00e1minas de 0,030 pulgadas se fabrican en un tama\u00f1o est\u00e1ndar de 39 pulgadas x 96 pulgadas. Otros tama\u00f1os, como la longitud de 120, est\u00e1n disponibles bajo pedido especial.<\/p>\n","protected":false},"excerpt":{"rendered":"<p>L\u00e1minas de zinc dise\u00f1adas para servicio de grado de alimentos, como mostradores, barras, \u00edtems decorativos.\u00a0Recomendamos la utilizaci\u00f3n del 0,027 para lavamanos, mesadas y partes superiores de barras. Ya que una l\u00e1mina de 39 pulgadas x por 96 pulgadas puede pesar 35 libras, sugerimos que para ciertas instalaciones, como superficies de estanter\u00edas, debe evaluarse la utilizaci\u00f3n de nuestro espesor de 0,020. Disponemos de distintos espesores en stock y nuestro espesor m\u00e1s popular es el de 0,027. Tambi\u00e9n est\u00e1 disponible en espesores de 0,019, 0,040 pulgadas y 0,060 pulgadas. Las l\u00e1minas de 0,030 pulgadas se fabrican en un tama\u00f1o est\u00e1ndar de 39 pulgadas x 96 pulgadas. Otros tama\u00f1os, como la longitud de 120, est\u00e1n disponibles bajo pedido especial.<\/p>\n","protected":false},"featured_media":2666,"template":"","meta":{"_acf_changed":false},"product_brand":[],"product_tag":[],"woo-feed-brand":[],"class_list":{"0":"post-2906","1":"product","2":"type-product","3":"status-publish","4":"has-post-thumbnail","6":"product_cat-zinc-es","7":"product_cat-zinc-sheets-for-counter-tops","8":"pa_forms-0027-x-3937-x-96-calibre-22-0060-x-3937-x-96-calibre-15-0040-x-3937-x-96-calibre-18","9":"pa_nominal-composition-99-99-zn","11":"first","12":"instock","13":"taxable","14":"shipping-taxable","15":"product-type-variable"},"group_of_quantity":0,"min_quantity":0,"max_quantity":"","exclude_order_quantity_value_rules":"no","exclude_category_quantity_rules":"no","combine_variations":"no","acf":[],"yoast_head":"<!-- This site is optimized with the Yoast SEO plugin v27.3 - https:\/\/yoast.com\/product\/yoast-seo-wordpress\/ -->\n<title>L\u00e1minas de Zinc para Mesadas - Belmont Metals<\/title>\n<meta name=\"robots\" content=\"index, follow, max-snippet:-1, max-image-preview:large, max-video-preview:-1\" \/>\n<link rel=\"canonical\" href=\"https:\/\/www.belmontmetals.com\/producto\/zinc-sheets-for-countertop\/\" \/>\n<meta property=\"og:locale\" content=\"es_ES\" \/>\n<meta property=\"og:type\" content=\"article\" \/>\n<meta property=\"og:title\" content=\"L\u00e1minas de Zinc para Mesadas - Belmont Metals\" \/>\n<meta property=\"og:description\" content=\"L\u00e1minas de zinc dise\u00f1adas para servicio de grado de alimentos, como mostradores, barras, \u00edtems decorativos.\u00a0Recomendamos la utilizaci\u00f3n del 0,027 para lavamanos, mesadas y partes superiores de barras. Ya que una l\u00e1mina de 39 pulgadas x por 96 pulgadas puede pesar 35 libras, sugerimos que para ciertas instalaciones, como superficies de estanter\u00edas, debe evaluarse la utilizaci\u00f3n de nuestro espesor de 0,020. Disponemos de distintos espesores en stock y nuestro espesor m\u00e1s popular es el de 0,027. Tambi\u00e9n est\u00e1 disponible en espesores de 0,019, 0,040 pulgadas y 0,060 pulgadas. Las l\u00e1minas de 0,030 pulgadas se fabrican en un tama\u00f1o est\u00e1ndar de 39 pulgadas x 96 pulgadas. Otros tama\u00f1os, como la longitud de 120, est\u00e1n disponibles bajo pedido especial.\" \/>\n<meta property=\"og:url\" content=\"https:\/\/www.belmontmetals.com\/producto\/zinc-sheets-for-countertop\/\" \/>\n<meta property=\"og:site_name\" content=\"Belmont Metals\" \/>\n<meta property=\"article:publisher\" content=\"https:\/\/www.facebook.com\/BelmontMetals\/\" \/>\n<meta property=\"article:modified_time\" content=\"2017-11-28T17:02:41+00:00\" \/>\n<meta property=\"og:image\" content=\"https:\/\/www.belmontmetals.com\/wp-content\/uploads\/2017\/10\/Zinc-Sheet.jpg\" \/>\n\t<meta property=\"og:image:width\" content=\"375\" \/>\n\t<meta property=\"og:image:height\" content=\"375\" \/>\n\t<meta property=\"og:image:type\" content=\"image\/jpeg\" \/>\n<meta name=\"twitter:card\" content=\"summary_large_image\" \/>\n<meta name=\"twitter:site\" content=\"@BelmontMetals\" \/>\n<meta name=\"twitter:label1\" content=\"Tiempo de lectura\" \/>\n\t<meta name=\"twitter:data1\" content=\"1 minuto\" \/>\n<script type=\"application\/ld+json\" class=\"yoast-schema-graph\">{\"@context\":\"https:\\\/\\\/schema.org\",\"@graph\":[{\"@type\":\"WebPage\",\"@id\":\"https:\\\/\\\/www.belmontmetals.com\\\/producto\\\/zinc-sheets-for-countertop\\\/\",\"url\":\"https:\\\/\\\/www.belmontmetals.com\\\/producto\\\/zinc-sheets-for-countertop\\\/\",\"name\":\"L\u00e1minas de Zinc para Mesadas - Belmont Metals\",\"isPartOf\":{\"@id\":\"https:\\\/\\\/www.belmontmetals.com\\\/#website\"},\"primaryImageOfPage\":{\"@id\":\"https:\\\/\\\/www.belmontmetals.com\\\/producto\\\/zinc-sheets-for-countertop\\\/#primaryimage\"},\"image\":{\"@id\":\"https:\\\/\\\/www.belmontmetals.com\\\/producto\\\/zinc-sheets-for-countertop\\\/#primaryimage\"},\"thumbnailUrl\":\"https:\\\/\\\/www.belmontmetals.com\\\/wp-content\\\/uploads\\\/2017\\\/10\\\/Zinc-Sheet.jpg\",\"datePublished\":\"2017-10-13T16:03:05+00:00\",\"dateModified\":\"2017-11-28T17:02:41+00:00\",\"breadcrumb\":{\"@id\":\"https:\\\/\\\/www.belmontmetals.com\\\/producto\\\/zinc-sheets-for-countertop\\\/#breadcrumb\"},\"inLanguage\":\"es\",\"potentialAction\":[{\"@type\":\"ReadAction\",\"target\":[\"https:\\\/\\\/www.belmontmetals.com\\\/producto\\\/zinc-sheets-for-countertop\\\/\"]}]},{\"@type\":\"ImageObject\",\"inLanguage\":\"es\",\"@id\":\"https:\\\/\\\/www.belmontmetals.com\\\/producto\\\/zinc-sheets-for-countertop\\\/#primaryimage\",\"url\":\"https:\\\/\\\/www.belmontmetals.com\\\/wp-content\\\/uploads\\\/2017\\\/10\\\/Zinc-Sheet.jpg\",\"contentUrl\":\"https:\\\/\\\/www.belmontmetals.com\\\/wp-content\\\/uploads\\\/2017\\\/10\\\/Zinc-Sheet.jpg\",\"width\":375,\"height\":375},{\"@type\":\"BreadcrumbList\",\"@id\":\"https:\\\/\\\/www.belmontmetals.com\\\/producto\\\/zinc-sheets-for-countertop\\\/#breadcrumb\",\"itemListElement\":[{\"@type\":\"ListItem\",\"position\":1,\"name\":\"Home\",\"item\":\"https:\\\/\\\/www.belmontmetals.com\\\/es\\\/\"},{\"@type\":\"ListItem\",\"position\":2,\"name\":\"Store\",\"item\":\"https:\\\/\\\/www.belmontmetals.com\\\/store\\\/\"},{\"@type\":\"ListItem\",\"position\":3,\"name\":\"L\u00e1minas de Zinc para Mesadas\"}]},{\"@type\":\"WebSite\",\"@id\":\"https:\\\/\\\/www.belmontmetals.com\\\/#website\",\"url\":\"https:\\\/\\\/www.belmontmetals.com\\\/\",\"name\":\"Belmont Metals\",\"description\":\"\",\"potentialAction\":[{\"@type\":\"SearchAction\",\"target\":{\"@type\":\"EntryPoint\",\"urlTemplate\":\"https:\\\/\\\/www.belmontmetals.com\\\/?s={search_term_string}\"},\"query-input\":{\"@type\":\"PropertyValueSpecification\",\"valueRequired\":true,\"valueName\":\"search_term_string\"}}],\"inLanguage\":\"es\"}]}<\/script>\n<!-- \/ Yoast SEO plugin. -->","yoast_head_json":{"title":"L\u00e1minas de Zinc para Mesadas - Belmont Metals","robots":{"index":"index","follow":"follow","max-snippet":"max-snippet:-1","max-image-preview":"max-image-preview:large","max-video-preview":"max-video-preview:-1"},"canonical":"https:\/\/www.belmontmetals.com\/producto\/zinc-sheets-for-countertop\/","og_locale":"es_ES","og_type":"article","og_title":"L\u00e1minas de Zinc para Mesadas - Belmont Metals","og_description":"L\u00e1minas de zinc dise\u00f1adas para servicio de grado de alimentos, como mostradores, barras, \u00edtems decorativos.\u00a0Recomendamos la utilizaci\u00f3n del 0,027 para lavamanos, mesadas y partes superiores de barras. Ya que una l\u00e1mina de 39 pulgadas x por 96 pulgadas puede pesar 35 libras, sugerimos que para ciertas instalaciones, como superficies de estanter\u00edas, debe evaluarse la utilizaci\u00f3n de nuestro espesor de 0,020. Disponemos de distintos espesores en stock y nuestro espesor m\u00e1s popular es el de 0,027. Tambi\u00e9n est\u00e1 disponible en espesores de 0,019, 0,040 pulgadas y 0,060 pulgadas. Las l\u00e1minas de 0,030 pulgadas se fabrican en un tama\u00f1o est\u00e1ndar de 39 pulgadas x 96 pulgadas. Otros tama\u00f1os, como la longitud de 120, est\u00e1n disponibles bajo pedido especial.","og_url":"https:\/\/www.belmontmetals.com\/producto\/zinc-sheets-for-countertop\/","og_site_name":"Belmont Metals","article_publisher":"https:\/\/www.facebook.com\/BelmontMetals\/","article_modified_time":"2017-11-28T17:02:41+00:00","og_image":[{"width":375,"height":375,"url":"https:\/\/www.belmontmetals.com\/wp-content\/uploads\/2017\/10\/Zinc-Sheet.jpg","type":"image\/jpeg"}],"twitter_card":"summary_large_image","twitter_site":"@BelmontMetals","twitter_misc":{"Tiempo de lectura":"1 minuto"},"schema":{"@context":"https:\/\/schema.org","@graph":[{"@type":"WebPage","@id":"https:\/\/www.belmontmetals.com\/producto\/zinc-sheets-for-countertop\/","url":"https:\/\/www.belmontmetals.com\/producto\/zinc-sheets-for-countertop\/","name":"L\u00e1minas de Zinc para Mesadas - Belmont Metals","isPartOf":{"@id":"https:\/\/www.belmontmetals.com\/#website"},"primaryImageOfPage":{"@id":"https:\/\/www.belmontmetals.com\/producto\/zinc-sheets-for-countertop\/#primaryimage"},"image":{"@id":"https:\/\/www.belmontmetals.com\/producto\/zinc-sheets-for-countertop\/#primaryimage"},"thumbnailUrl":"https:\/\/www.belmontmetals.com\/wp-content\/uploads\/2017\/10\/Zinc-Sheet.jpg","datePublished":"2017-10-13T16:03:05+00:00","dateModified":"2017-11-28T17:02:41+00:00","breadcrumb":{"@id":"https:\/\/www.belmontmetals.com\/producto\/zinc-sheets-for-countertop\/#breadcrumb"},"inLanguage":"es","potentialAction":[{"@type":"ReadAction","target":["https:\/\/www.belmontmetals.com\/producto\/zinc-sheets-for-countertop\/"]}]},{"@type":"ImageObject","inLanguage":"es","@id":"https:\/\/www.belmontmetals.com\/producto\/zinc-sheets-for-countertop\/#primaryimage","url":"https:\/\/www.belmontmetals.com\/wp-content\/uploads\/2017\/10\/Zinc-Sheet.jpg","contentUrl":"https:\/\/www.belmontmetals.com\/wp-content\/uploads\/2017\/10\/Zinc-Sheet.jpg","width":375,"height":375},{"@type":"BreadcrumbList","@id":"https:\/\/www.belmontmetals.com\/producto\/zinc-sheets-for-countertop\/#breadcrumb","itemListElement":[{"@type":"ListItem","position":1,"name":"Home","item":"https:\/\/www.belmontmetals.com\/es\/"},{"@type":"ListItem","position":2,"name":"Store","item":"https:\/\/www.belmontmetals.com\/store\/"},{"@type":"ListItem","position":3,"name":"L\u00e1minas de Zinc para Mesadas"}]},{"@type":"WebSite","@id":"https:\/\/www.belmontmetals.com\/#website","url":"https:\/\/www.belmontmetals.com\/","name":"Belmont Metals","description":"","potentialAction":[{"@type":"SearchAction","target":{"@type":"EntryPoint","urlTemplate":"https:\/\/www.belmontmetals.com\/?s={search_term_string}"},"query-input":{"@type":"PropertyValueSpecification","valueRequired":true,"valueName":"search_term_string"}}],"inLanguage":"es"}]}},"_links":{"self":[{"href":"https:\/\/www.belmontmetals.com\/es\/wp-json\/wp\/v2\/product\/2906","targetHints":{"allow":["GET"]}}],"collection":[{"href":"https:\/\/www.belmontmetals.com\/es\/wp-json\/wp\/v2\/product"}],"about":[{"href":"https:\/\/www.belmontmetals.com\/es\/wp-json\/wp\/v2\/types\/product"}],"wp:featuredmedia":[{"embeddable":true,"href":"https:\/\/www.belmontmetals.com\/es\/wp-json\/wp\/v2\/media\/2666"}],"wp:attachment":[{"href":"https:\/\/www.belmontmetals.com\/es\/wp-json\/wp\/v2\/media?parent=2906"}],"wp:term":[{"taxonomy":"product_brand","embeddable":true,"href":"https:\/\/www.belmontmetals.com\/es\/wp-json\/wp\/v2\/product_brand?post=2906"},{"taxonomy":"product_tag","embeddable":true,"href":"https:\/\/www.belmontmetals.com\/es\/wp-json\/wp\/v2\/product_tag?post=2906"},{"taxonomy":"woo-feed-brand","embeddable":true,"href":"https:\/\/www.belmontmetals.com\/es\/wp-json\/wp\/v2\/woo-feed-brand?post=2906"}],"curies":[{"name":"wp","href":"https:\/\/api.w.org\/{rel}","templated":true}]}}