{"id":2853,"date":"2017-10-13T17:38:18","date_gmt":"2017-10-13T17:38:18","guid":{"rendered":"http:\/\/www.belmontmetals.com\/product\/high-grade-99-85-minimum-antimony\/"},"modified":"2017-11-28T16:08:17","modified_gmt":"2017-11-28T16:08:17","slug":"antimonio-de-alto-grado-de-un-minimo-de-99-85","status":"publish","type":"product","link":"https:\/\/www.belmontmetals.com\/es\/producto\/antimonio-de-alto-grado-de-un-minimo-de-99-85\/","title":{"rendered":"Antimonio de Alto Grado de un M\u00ednimo de 99,85%"},"content":{"rendered":"<p>El antimonio en su forma estable es un elemento met\u00e1lico blanco azulado, con una masa at\u00f3mica de 121,76g\/mol. Se funde a 1167 \u00b0F (630 \u00b0C) y conforma un semiconductor bastante efectivo. A pesar de que tiene apariencia met\u00e1lica, el antimonio no presenta las mismas respuestas qu\u00edmicas que un metal verdadero. El antimonio tambi\u00e9n se agrega con frecuencia al plomo para fortalecer el plomo.<\/p>\n<p>El antimonio se utiliza en muchos contextos diferentes en la industria, lo que incluye ciertos medicamentos, soldaduras blandas libres de plomo, balas, bater\u00edas, plomer\u00eda y f\u00f3sforos\/cerillas. Ha sido utilizado durante miles de a\u00f1os en su forma natural, principalmente como medicina, ya que en peque\u00f1as cantidades elimina ciertos par\u00e1sitos sin comprometer la salud del paciente. El antimonio en su forma compuesta presenta destacadas propiedades de retraso de llamas, y como resultado de esto, se utiliza para tratar coberturas de asientos, juguetes e indumentaria de ni\u00f1os, entre otras cosas.<\/p>\n","protected":false},"excerpt":{"rendered":"<p>El antimonio en su forma estable es un elemento met\u00e1lico blanco azulado, con una masa at\u00f3mica de 121,76g\/mol. Se funde a 1167 \u00b0F (630 \u00b0C) y conforma un semiconductor bastante efectivo. A pesar de que tiene apariencia met\u00e1lica, el antimonio no presenta las mismas respuestas qu\u00edmicas que un metal verdadero. El antimonio tambi\u00e9n se agrega con frecuencia al plomo para fortalecer el plomo.<\/p>\n<p>El antimonio se utiliza en muchos contextos diferentes en la industria, lo que incluye ciertos medicamentos, soldaduras blandas libres de plomo, balas, bater\u00edas, plomer\u00eda y f\u00f3sforos\/cerillas. Ha sido utilizado durante miles de a\u00f1os en su forma natural, principalmente como medicina, ya que en peque\u00f1as cantidades elimina ciertos par\u00e1sitos sin comprometer la salud del paciente. El antimonio en su forma compuesta presenta destacadas propiedades de retraso de llamas, y como resultado de esto, se utiliza para tratar coberturas de asientos, juguetes e indumentaria de ni\u00f1os, entre otras cosas.<\/p>\n","protected":false},"featured_media":2700,"template":"","meta":{"_acf_changed":false},"product_brand":[],"product_tag":[],"woo-feed-brand":[],"class_list":{"0":"post-2853","1":"product","2":"type-product","3":"status-publish","4":"has-post-thumbnail","6":"product_cat-metales-menores","8":"first","9":"instock","10":"taxable","11":"shipping-taxable","12":"product-type-simple"},"group_of_quantity":0,"min_quantity":0,"max_quantity":"","exclude_order_quantity_value_rules":"no","exclude_category_quantity_rules":"no","combine_variations":"no","acf":[],"yoast_head":"<!-- This site is optimized with the Yoast SEO plugin v27.3 - https:\/\/yoast.com\/product\/yoast-seo-wordpress\/ -->\n<title>Antimonio de Alto Grado de un M\u00ednimo de 99,85% - Belmont Metals<\/title>\n<meta name=\"robots\" content=\"index, follow, max-snippet:-1, max-image-preview:large, max-video-preview:-1\" \/>\n<link rel=\"canonical\" href=\"https:\/\/www.belmontmetals.com\/es\/producto\/antimonio-de-alto-grado-de-un-minimo-de-99-85\/\" \/>\n<meta property=\"og:locale\" content=\"es_ES\" \/>\n<meta property=\"og:type\" content=\"article\" \/>\n<meta property=\"og:title\" content=\"Antimonio de Alto Grado de un M\u00ednimo de 99,85% - Belmont Metals\" \/>\n<meta property=\"og:description\" content=\"El antimonio en su forma estable es un elemento met\u00e1lico blanco azulado, con una masa at\u00f3mica de 121,76g\/mol. Se funde a 1167 \u00b0F (630 \u00b0C) y conforma un semiconductor bastante efectivo. A pesar de que tiene apariencia met\u00e1lica, el antimonio no presenta las mismas respuestas qu\u00edmicas que un metal verdadero. El antimonio tambi\u00e9n se agrega con frecuencia al plomo para fortalecer el plomo.  El antimonio se utiliza en muchos contextos diferentes en la industria, lo que incluye ciertos medicamentos, soldaduras blandas libres de plomo, balas, bater\u00edas, plomer\u00eda y f\u00f3sforos\/cerillas. Ha sido utilizado durante miles de a\u00f1os en su forma natural, principalmente como medicina, ya que en peque\u00f1as cantidades elimina ciertos par\u00e1sitos sin comprometer la salud del paciente. El antimonio en su forma compuesta presenta destacadas propiedades de retraso de llamas, y como resultado de esto, se utiliza para tratar coberturas de asientos, juguetes e indumentaria de ni\u00f1os, entre otras cosas.\" \/>\n<meta property=\"og:url\" content=\"https:\/\/www.belmontmetals.com\/es\/producto\/antimonio-de-alto-grado-de-un-minimo-de-99-85\/\" \/>\n<meta property=\"og:site_name\" content=\"Belmont Metals\" \/>\n<meta property=\"article:publisher\" content=\"https:\/\/www.facebook.com\/BelmontMetals\/\" \/>\n<meta property=\"article:modified_time\" content=\"2017-11-28T16:08:17+00:00\" \/>\n<meta property=\"og:image\" content=\"https:\/\/www.belmontmetals.com\/wp-content\/uploads\/2017\/10\/10000D-99.85-Antimony.jpg\" \/>\n\t<meta property=\"og:image:width\" content=\"375\" \/>\n\t<meta property=\"og:image:height\" content=\"375\" \/>\n\t<meta property=\"og:image:type\" content=\"image\/jpeg\" \/>\n<meta name=\"twitter:card\" content=\"summary_large_image\" \/>\n<meta name=\"twitter:site\" content=\"@BelmontMetals\" \/>\n<meta name=\"twitter:label1\" content=\"Tiempo de lectura\" \/>\n\t<meta name=\"twitter:data1\" content=\"1 minuto\" \/>\n<script type=\"application\/ld+json\" class=\"yoast-schema-graph\">{\"@context\":\"https:\\\/\\\/schema.org\",\"@graph\":[{\"@type\":\"WebPage\",\"@id\":\"https:\\\/\\\/www.belmontmetals.com\\\/es\\\/producto\\\/antimonio-de-alto-grado-de-un-minimo-de-99-85\\\/\",\"url\":\"https:\\\/\\\/www.belmontmetals.com\\\/es\\\/producto\\\/antimonio-de-alto-grado-de-un-minimo-de-99-85\\\/\",\"name\":\"Antimonio de Alto Grado de un M\u00ednimo de 99,85% - Belmont Metals\",\"isPartOf\":{\"@id\":\"https:\\\/\\\/www.belmontmetals.com\\\/#website\"},\"primaryImageOfPage\":{\"@id\":\"https:\\\/\\\/www.belmontmetals.com\\\/es\\\/producto\\\/antimonio-de-alto-grado-de-un-minimo-de-99-85\\\/#primaryimage\"},\"image\":{\"@id\":\"https:\\\/\\\/www.belmontmetals.com\\\/es\\\/producto\\\/antimonio-de-alto-grado-de-un-minimo-de-99-85\\\/#primaryimage\"},\"thumbnailUrl\":\"https:\\\/\\\/www.belmontmetals.com\\\/wp-content\\\/uploads\\\/2017\\\/10\\\/10000D-99.85-Antimony.jpg\",\"datePublished\":\"2017-10-13T17:38:18+00:00\",\"dateModified\":\"2017-11-28T16:08:17+00:00\",\"breadcrumb\":{\"@id\":\"https:\\\/\\\/www.belmontmetals.com\\\/es\\\/producto\\\/antimonio-de-alto-grado-de-un-minimo-de-99-85\\\/#breadcrumb\"},\"inLanguage\":\"es\",\"potentialAction\":[{\"@type\":\"ReadAction\",\"target\":[\"https:\\\/\\\/www.belmontmetals.com\\\/es\\\/producto\\\/antimonio-de-alto-grado-de-un-minimo-de-99-85\\\/\"]}]},{\"@type\":\"ImageObject\",\"inLanguage\":\"es\",\"@id\":\"https:\\\/\\\/www.belmontmetals.com\\\/es\\\/producto\\\/antimonio-de-alto-grado-de-un-minimo-de-99-85\\\/#primaryimage\",\"url\":\"https:\\\/\\\/www.belmontmetals.com\\\/wp-content\\\/uploads\\\/2017\\\/10\\\/10000D-99.85-Antimony.jpg\",\"contentUrl\":\"https:\\\/\\\/www.belmontmetals.com\\\/wp-content\\\/uploads\\\/2017\\\/10\\\/10000D-99.85-Antimony.jpg\",\"width\":375,\"height\":375},{\"@type\":\"BreadcrumbList\",\"@id\":\"https:\\\/\\\/www.belmontmetals.com\\\/es\\\/producto\\\/antimonio-de-alto-grado-de-un-minimo-de-99-85\\\/#breadcrumb\",\"itemListElement\":[{\"@type\":\"ListItem\",\"position\":1,\"name\":\"Home\",\"item\":\"https:\\\/\\\/www.belmontmetals.com\\\/es\\\/\"},{\"@type\":\"ListItem\",\"position\":2,\"name\":\"Store\",\"item\":\"https:\\\/\\\/www.belmontmetals.com\\\/store\\\/\"},{\"@type\":\"ListItem\",\"position\":3,\"name\":\"Antimonio de Alto Grado de un M\u00ednimo de 99,85%\"}]},{\"@type\":\"WebSite\",\"@id\":\"https:\\\/\\\/www.belmontmetals.com\\\/#website\",\"url\":\"https:\\\/\\\/www.belmontmetals.com\\\/\",\"name\":\"Belmont Metals\",\"description\":\"\",\"potentialAction\":[{\"@type\":\"SearchAction\",\"target\":{\"@type\":\"EntryPoint\",\"urlTemplate\":\"https:\\\/\\\/www.belmontmetals.com\\\/?s={search_term_string}\"},\"query-input\":{\"@type\":\"PropertyValueSpecification\",\"valueRequired\":true,\"valueName\":\"search_term_string\"}}],\"inLanguage\":\"es\"}]}<\/script>\n<!-- \/ Yoast SEO plugin. -->","yoast_head_json":{"title":"Antimonio de Alto Grado de un M\u00ednimo de 99,85% - Belmont Metals","robots":{"index":"index","follow":"follow","max-snippet":"max-snippet:-1","max-image-preview":"max-image-preview:large","max-video-preview":"max-video-preview:-1"},"canonical":"https:\/\/www.belmontmetals.com\/es\/producto\/antimonio-de-alto-grado-de-un-minimo-de-99-85\/","og_locale":"es_ES","og_type":"article","og_title":"Antimonio de Alto Grado de un M\u00ednimo de 99,85% - Belmont Metals","og_description":"El antimonio en su forma estable es un elemento met\u00e1lico blanco azulado, con una masa at\u00f3mica de 121,76g\/mol. Se funde a 1167 \u00b0F (630 \u00b0C) y conforma un semiconductor bastante efectivo. A pesar de que tiene apariencia met\u00e1lica, el antimonio no presenta las mismas respuestas qu\u00edmicas que un metal verdadero. El antimonio tambi\u00e9n se agrega con frecuencia al plomo para fortalecer el plomo.  El antimonio se utiliza en muchos contextos diferentes en la industria, lo que incluye ciertos medicamentos, soldaduras blandas libres de plomo, balas, bater\u00edas, plomer\u00eda y f\u00f3sforos\/cerillas. Ha sido utilizado durante miles de a\u00f1os en su forma natural, principalmente como medicina, ya que en peque\u00f1as cantidades elimina ciertos par\u00e1sitos sin comprometer la salud del paciente. El antimonio en su forma compuesta presenta destacadas propiedades de retraso de llamas, y como resultado de esto, se utiliza para tratar coberturas de asientos, juguetes e indumentaria de ni\u00f1os, entre otras cosas.","og_url":"https:\/\/www.belmontmetals.com\/es\/producto\/antimonio-de-alto-grado-de-un-minimo-de-99-85\/","og_site_name":"Belmont Metals","article_publisher":"https:\/\/www.facebook.com\/BelmontMetals\/","article_modified_time":"2017-11-28T16:08:17+00:00","og_image":[{"width":375,"height":375,"url":"https:\/\/www.belmontmetals.com\/wp-content\/uploads\/2017\/10\/10000D-99.85-Antimony.jpg","type":"image\/jpeg"}],"twitter_card":"summary_large_image","twitter_site":"@BelmontMetals","twitter_misc":{"Tiempo de lectura":"1 minuto"},"schema":{"@context":"https:\/\/schema.org","@graph":[{"@type":"WebPage","@id":"https:\/\/www.belmontmetals.com\/es\/producto\/antimonio-de-alto-grado-de-un-minimo-de-99-85\/","url":"https:\/\/www.belmontmetals.com\/es\/producto\/antimonio-de-alto-grado-de-un-minimo-de-99-85\/","name":"Antimonio de Alto Grado de un M\u00ednimo de 99,85% - Belmont Metals","isPartOf":{"@id":"https:\/\/www.belmontmetals.com\/#website"},"primaryImageOfPage":{"@id":"https:\/\/www.belmontmetals.com\/es\/producto\/antimonio-de-alto-grado-de-un-minimo-de-99-85\/#primaryimage"},"image":{"@id":"https:\/\/www.belmontmetals.com\/es\/producto\/antimonio-de-alto-grado-de-un-minimo-de-99-85\/#primaryimage"},"thumbnailUrl":"https:\/\/www.belmontmetals.com\/wp-content\/uploads\/2017\/10\/10000D-99.85-Antimony.jpg","datePublished":"2017-10-13T17:38:18+00:00","dateModified":"2017-11-28T16:08:17+00:00","breadcrumb":{"@id":"https:\/\/www.belmontmetals.com\/es\/producto\/antimonio-de-alto-grado-de-un-minimo-de-99-85\/#breadcrumb"},"inLanguage":"es","potentialAction":[{"@type":"ReadAction","target":["https:\/\/www.belmontmetals.com\/es\/producto\/antimonio-de-alto-grado-de-un-minimo-de-99-85\/"]}]},{"@type":"ImageObject","inLanguage":"es","@id":"https:\/\/www.belmontmetals.com\/es\/producto\/antimonio-de-alto-grado-de-un-minimo-de-99-85\/#primaryimage","url":"https:\/\/www.belmontmetals.com\/wp-content\/uploads\/2017\/10\/10000D-99.85-Antimony.jpg","contentUrl":"https:\/\/www.belmontmetals.com\/wp-content\/uploads\/2017\/10\/10000D-99.85-Antimony.jpg","width":375,"height":375},{"@type":"BreadcrumbList","@id":"https:\/\/www.belmontmetals.com\/es\/producto\/antimonio-de-alto-grado-de-un-minimo-de-99-85\/#breadcrumb","itemListElement":[{"@type":"ListItem","position":1,"name":"Home","item":"https:\/\/www.belmontmetals.com\/es\/"},{"@type":"ListItem","position":2,"name":"Store","item":"https:\/\/www.belmontmetals.com\/store\/"},{"@type":"ListItem","position":3,"name":"Antimonio de Alto Grado de un M\u00ednimo de 99,85%"}]},{"@type":"WebSite","@id":"https:\/\/www.belmontmetals.com\/#website","url":"https:\/\/www.belmontmetals.com\/","name":"Belmont Metals","description":"","potentialAction":[{"@type":"SearchAction","target":{"@type":"EntryPoint","urlTemplate":"https:\/\/www.belmontmetals.com\/?s={search_term_string}"},"query-input":{"@type":"PropertyValueSpecification","valueRequired":true,"valueName":"search_term_string"}}],"inLanguage":"es"}]}},"_links":{"self":[{"href":"https:\/\/www.belmontmetals.com\/es\/wp-json\/wp\/v2\/product\/2853","targetHints":{"allow":["GET"]}}],"collection":[{"href":"https:\/\/www.belmontmetals.com\/es\/wp-json\/wp\/v2\/product"}],"about":[{"href":"https:\/\/www.belmontmetals.com\/es\/wp-json\/wp\/v2\/types\/product"}],"wp:featuredmedia":[{"embeddable":true,"href":"https:\/\/www.belmontmetals.com\/es\/wp-json\/wp\/v2\/media\/2700"}],"wp:attachment":[{"href":"https:\/\/www.belmontmetals.com\/es\/wp-json\/wp\/v2\/media?parent=2853"}],"wp:term":[{"taxonomy":"product_brand","embeddable":true,"href":"https:\/\/www.belmontmetals.com\/es\/wp-json\/wp\/v2\/product_brand?post=2853"},{"taxonomy":"product_tag","embeddable":true,"href":"https:\/\/www.belmontmetals.com\/es\/wp-json\/wp\/v2\/product_tag?post=2853"},{"taxonomy":"woo-feed-brand","embeddable":true,"href":"https:\/\/www.belmontmetals.com\/es\/wp-json\/wp\/v2\/woo-feed-brand?post=2853"}],"curies":[{"name":"wp","href":"https:\/\/api.w.org\/{rel}","templated":true}]}}