{"id":3340,"date":"2017-09-28T19:55:09","date_gmt":"2017-09-28T19:55:09","guid":{"rendered":"http:\/\/www.belmontmetals.com\/custom-alloy-success-stories\/"},"modified":"2017-12-13T20:29:27","modified_gmt":"2017-12-13T20:29:27","slug":"aleaciones-a-medida","status":"publish","type":"page","link":"https:\/\/www.belmontmetals.com\/es\/aleaciones-a-medida\/","title":{"rendered":"Aleaciones a Medida"},"content":{"rendered":"<p>Belmont ha estado trabajando con sus clientes por m\u00e1s de un siglo para desarrollar aleaciones a medida para sus empresas. A trav\u00e9s del trabajo conjunto con nuestros clientes para comprender sus desaf\u00edos metal\u00fargicos y luego mejorar nuestros conocimientos, hemos desarrollado soluciones con impacto.<\/p>\n<p>Aqu\u00ed presentamos algunos de los muchos ejemplos que hemos podido lograr a lo largo de los a\u00f1os:<\/p>\n<p><strong>Paktong (Cupro N\u00edquel y Cobre N\u00edquel)<\/strong><\/p>\n<ul>\n<li><strong>Problema:<\/strong> El Paktong es una antigua aleaci\u00f3n de cobre, n\u00edquel y zinc, perdida hace tiempo, que se asemeja a la Plata. Se opaca y desgasta lentamente. El Paktong fue importado desde China a Inglaterra. Cuando una compa\u00f1\u00eda de antig\u00fcedades bien establecida decidi\u00f3 reproducir la aleaci\u00f3n, eligieron a la Universidad de Oxford para que analizara la fundici\u00f3n china de 1720, a fines de reproducirla. Pero la f\u00f3rmula definida no se pudo moldear bien y el color no era el correcto.<\/li>\n<li><strong>Soluci\u00f3n:<\/strong> Belmont fue capaz de determinar que la f\u00f3rmula obtenida no era la f\u00f3rmula original. Fue necesario incorporar trazas de algunos elementos, que funcionaran como refinadores de grano y mejoradores de color. Algunos de estos metales b\u00e1sicos se quemaban en el proceso original de fundici\u00f3n, o resultaban segregados, lo que inutiliz\u00f3 el an\u00e1lisis original realizado. Luego de agregar los elementos correctos, Belmont le envi\u00f3 la aleaci\u00f3n a una fundici\u00f3n en Pennsylvania donde fueron finalmente capaces de moldear los productos terminados, con el color y consistencia correctos.<\/li>\n<li><strong>Impacto:<\/strong> Nuestro cliente utiliz\u00f3 la aleaci\u00f3n para producir hermosos candelabros con el material. Lograron un tremendo \u00e9xito al mostrar el producto en eventos de la compa\u00f1\u00eda, comenzando por Mil\u00e1n, Par\u00eds y Nueva York, y luego en todo el mundo.<\/li>\n<\/ul>\n<p><strong>Fabricante de Relojes de Primera L\u00ednea<\/strong><\/p>\n<ul>\n<li><strong>Problema:<\/strong> Un fabricante de relojes de primera l\u00ednea que ten\u00eda problemas con los biseles de lat\u00f3n de sus relojes, las clavijas que sobresalen de los biseles que sostienen la malla del reloj se romp\u00edan, y provocaban una falla en casi el 50% de los biseles.<\/li>\n<li><strong>Soluci\u00f3n:<\/strong> Belmont trabaj\u00f3 de cerca con el fabricante para elaborar una aleaci\u00f3n de metales rojos nueva, que fuera m\u00e1s d\u00factil, pero que no dejara de cumplir con los requerimientos de color y de fundibilidad de la aleaci\u00f3n original.<\/li>\n<li><strong>Impacto:<\/strong> La nueva aleaci\u00f3n que Belmont ayud\u00f3 a desarrollar redujo la tasa de fallas de los moldeados a menos de un 1%. \u00c9sta aleaci\u00f3n se convirti\u00f3 en una de las materias primas fundamentales de la industria.<\/li>\n<\/ul>\n<p><strong>Fabricante de Joyas a nivel Global<\/strong><\/p>\n<ul>\n<li><strong>Problema:<\/strong> Un fabricante de joyas l\u00edder a nivel mundial enfrentaba problemas de toxicidad de los metales de sus productos de fundici\u00f3n de metal. Las leyes iban cambiando r\u00e1pidamente y la disponibilidad de aleaciones libres de plomo, de alta calidad, que les permitieran moldear sus piezas con baja porosidad, era inexistente. Necesitaban una aleaci\u00f3n en base a esta\u00f1o que pudiera reemplazar las aleaciones utilizadas por sus f\u00e1bricas de la cuenca del Pac\u00edfico, sin tener que cambiar los procesos de manufactura vigentes.<\/li>\n<li><strong>Soluci\u00f3n:<\/strong> Luego de invitar a, literalmente, todos los fabricantes del mundo a enviar una f\u00f3rmula viable, se decidieron en \u00faltimo t\u00e9rmino por la marca Belmont como punto de partida. Luego de varias repeticiones de la aleaci\u00f3n original, Belmont fue capaz de proveer a sus vendedores internos y externos, una aleaci\u00f3n excepcional que requerir\u00eda peque\u00f1os o ning\u00fan cambio a sus m\u00e9todos de producci\u00f3n.<\/li>\n<li><strong>Impacto:<\/strong> Luego de varios a\u00f1os de utilizaci\u00f3n, se decidi\u00f3 expandir el programa a otros pa\u00edses, y la aleaci\u00f3n se mantiene como una aleaci\u00f3n \u00fanica para su l\u00ednea de productos.<\/li>\n<\/ul>\n<p>No dude en contactar a nuestro Departamento de Ventas por consultas, y permita que Belmont empiece a trabajar para su empresa.<\/p>\n","protected":false},"excerpt":{"rendered":"<p>Belmont ha estado trabajando con sus clientes por m\u00e1s de un siglo para desarrollar aleaciones a medida para sus empresas. A trav\u00e9s del trabajo conjunto con nuestros clientes para comprender sus desaf\u00edos metal\u00fargicos y luego mejorar nuestros conocimientos, hemos desarrollado soluciones con impacto. Aqu\u00ed presentamos algunos de los muchos ejemplos que hemos podido lograr a&#8230;<\/p>\n","protected":false},"author":1,"featured_media":2634,"parent":0,"menu_order":0,"comment_status":"closed","ping_status":"closed","template":"","meta":{"_acf_changed":false,"footnotes":""},"class_list":["post-3340","page","type-page","status-publish","has-post-thumbnail","hentry"],"acf":[],"yoast_head":"<!-- This site is optimized with the Yoast SEO plugin v27.6 - https:\/\/yoast.com\/product\/yoast-seo-wordpress\/ -->\n<title>Aleaciones a Medida - Belmont Metals<\/title>\n<meta name=\"description\" content=\"Belmont tiene m\u00e1s de un siglo de experiencia en la construcci\u00f3n aleaciones personalizados a sus especificaciones precisas.\" \/>\n<meta name=\"robots\" content=\"index, follow, max-snippet:-1, max-image-preview:large, max-video-preview:-1\" \/>\n<link rel=\"canonical\" href=\"https:\/\/www.belmontmetals.com\/es\/aleaciones-a-medida\/\" \/>\n<meta property=\"og:locale\" content=\"es_ES\" \/>\n<meta property=\"og:type\" content=\"article\" \/>\n<meta property=\"og:title\" content=\"Aleaciones a Medida - Belmont Metals\" \/>\n<meta property=\"og:description\" content=\"Belmont tiene m\u00e1s de un siglo de experiencia en la construcci\u00f3n aleaciones personalizados a sus especificaciones precisas.\" \/>\n<meta property=\"og:url\" content=\"https:\/\/www.belmontmetals.com\/es\/aleaciones-a-medida\/\" \/>\n<meta property=\"og:site_name\" content=\"Belmont Metals\" \/>\n<meta property=\"article:publisher\" content=\"https:\/\/www.facebook.com\/BelmontMetals\/\" \/>\n<meta property=\"article:modified_time\" content=\"2017-12-13T20:29:27+00:00\" \/>\n<meta property=\"og:image\" content=\"https:\/\/www.belmontmetals.com\/wp-content\/uploads\/2017\/09\/Custom-Alloys.jpg\" \/>\n\t<meta property=\"og:image:width\" content=\"960\" \/>\n\t<meta property=\"og:image:height\" content=\"390\" \/>\n\t<meta property=\"og:image:type\" content=\"image\/jpeg\" \/>\n<meta name=\"twitter:card\" content=\"summary_large_image\" \/>\n<meta name=\"twitter:site\" content=\"@BelmontMetals\" \/>\n<meta name=\"twitter:label1\" content=\"Tiempo de lectura\" \/>\n\t<meta name=\"twitter:data1\" content=\"3 minutos\" \/>\n<script type=\"application\/ld+json\" class=\"yoast-schema-graph\">{\"@context\":\"https:\\\/\\\/schema.org\",\"@graph\":[{\"@type\":\"WebPage\",\"@id\":\"https:\\\/\\\/www.belmontmetals.com\\\/es\\\/aleaciones-a-medida\\\/\",\"url\":\"https:\\\/\\\/www.belmontmetals.com\\\/es\\\/aleaciones-a-medida\\\/\",\"name\":\"Aleaciones a Medida - Belmont Metals\",\"isPartOf\":{\"@id\":\"https:\\\/\\\/www.belmontmetals.com\\\/#website\"},\"primaryImageOfPage\":{\"@id\":\"https:\\\/\\\/www.belmontmetals.com\\\/es\\\/aleaciones-a-medida\\\/#primaryimage\"},\"image\":{\"@id\":\"https:\\\/\\\/www.belmontmetals.com\\\/es\\\/aleaciones-a-medida\\\/#primaryimage\"},\"thumbnailUrl\":\"https:\\\/\\\/www.belmontmetals.com\\\/wp-content\\\/uploads\\\/2017\\\/09\\\/Custom-Alloys.jpg\",\"datePublished\":\"2017-09-28T19:55:09+00:00\",\"dateModified\":\"2017-12-13T20:29:27+00:00\",\"description\":\"Belmont tiene m\u00e1s de un siglo de experiencia en la construcci\u00f3n aleaciones personalizados a sus especificaciones precisas.\",\"breadcrumb\":{\"@id\":\"https:\\\/\\\/www.belmontmetals.com\\\/es\\\/aleaciones-a-medida\\\/#breadcrumb\"},\"inLanguage\":\"es\",\"potentialAction\":[{\"@type\":\"ReadAction\",\"target\":[\"https:\\\/\\\/www.belmontmetals.com\\\/es\\\/aleaciones-a-medida\\\/\"]}]},{\"@type\":\"ImageObject\",\"inLanguage\":\"es\",\"@id\":\"https:\\\/\\\/www.belmontmetals.com\\\/es\\\/aleaciones-a-medida\\\/#primaryimage\",\"url\":\"https:\\\/\\\/www.belmontmetals.com\\\/wp-content\\\/uploads\\\/2017\\\/09\\\/Custom-Alloys.jpg\",\"contentUrl\":\"https:\\\/\\\/www.belmontmetals.com\\\/wp-content\\\/uploads\\\/2017\\\/09\\\/Custom-Alloys.jpg\",\"width\":960,\"height\":390},{\"@type\":\"BreadcrumbList\",\"@id\":\"https:\\\/\\\/www.belmontmetals.com\\\/es\\\/aleaciones-a-medida\\\/#breadcrumb\",\"itemListElement\":[{\"@type\":\"ListItem\",\"position\":1,\"name\":\"Home\",\"item\":\"https:\\\/\\\/www.belmontmetals.com\\\/es\\\/\"},{\"@type\":\"ListItem\",\"position\":2,\"name\":\"Aleaciones a Medida\"}]},{\"@type\":\"WebSite\",\"@id\":\"https:\\\/\\\/www.belmontmetals.com\\\/#website\",\"url\":\"https:\\\/\\\/www.belmontmetals.com\\\/\",\"name\":\"Belmont Metals\",\"description\":\"\",\"potentialAction\":[{\"@type\":\"SearchAction\",\"target\":{\"@type\":\"EntryPoint\",\"urlTemplate\":\"https:\\\/\\\/www.belmontmetals.com\\\/?s={search_term_string}\"},\"query-input\":{\"@type\":\"PropertyValueSpecification\",\"valueRequired\":true,\"valueName\":\"search_term_string\"}}],\"inLanguage\":\"es\"}]}<\/script>\n<!-- \/ Yoast SEO plugin. -->","yoast_head_json":{"title":"Aleaciones a Medida - Belmont Metals","description":"Belmont tiene m\u00e1s de un siglo de experiencia en la construcci\u00f3n aleaciones personalizados a sus especificaciones precisas.","robots":{"index":"index","follow":"follow","max-snippet":"max-snippet:-1","max-image-preview":"max-image-preview:large","max-video-preview":"max-video-preview:-1"},"canonical":"https:\/\/www.belmontmetals.com\/es\/aleaciones-a-medida\/","og_locale":"es_ES","og_type":"article","og_title":"Aleaciones a Medida - Belmont Metals","og_description":"Belmont tiene m\u00e1s de un siglo de experiencia en la construcci\u00f3n aleaciones personalizados a sus especificaciones precisas.","og_url":"https:\/\/www.belmontmetals.com\/es\/aleaciones-a-medida\/","og_site_name":"Belmont Metals","article_publisher":"https:\/\/www.facebook.com\/BelmontMetals\/","article_modified_time":"2017-12-13T20:29:27+00:00","og_image":[{"width":960,"height":390,"url":"https:\/\/www.belmontmetals.com\/wp-content\/uploads\/2017\/09\/Custom-Alloys.jpg","type":"image\/jpeg"}],"twitter_card":"summary_large_image","twitter_site":"@BelmontMetals","twitter_misc":{"Tiempo de lectura":"3 minutos"},"schema":{"@context":"https:\/\/schema.org","@graph":[{"@type":"WebPage","@id":"https:\/\/www.belmontmetals.com\/es\/aleaciones-a-medida\/","url":"https:\/\/www.belmontmetals.com\/es\/aleaciones-a-medida\/","name":"Aleaciones a Medida - Belmont Metals","isPartOf":{"@id":"https:\/\/www.belmontmetals.com\/#website"},"primaryImageOfPage":{"@id":"https:\/\/www.belmontmetals.com\/es\/aleaciones-a-medida\/#primaryimage"},"image":{"@id":"https:\/\/www.belmontmetals.com\/es\/aleaciones-a-medida\/#primaryimage"},"thumbnailUrl":"https:\/\/www.belmontmetals.com\/wp-content\/uploads\/2017\/09\/Custom-Alloys.jpg","datePublished":"2017-09-28T19:55:09+00:00","dateModified":"2017-12-13T20:29:27+00:00","description":"Belmont tiene m\u00e1s de un siglo de experiencia en la construcci\u00f3n aleaciones personalizados a sus especificaciones precisas.","breadcrumb":{"@id":"https:\/\/www.belmontmetals.com\/es\/aleaciones-a-medida\/#breadcrumb"},"inLanguage":"es","potentialAction":[{"@type":"ReadAction","target":["https:\/\/www.belmontmetals.com\/es\/aleaciones-a-medida\/"]}]},{"@type":"ImageObject","inLanguage":"es","@id":"https:\/\/www.belmontmetals.com\/es\/aleaciones-a-medida\/#primaryimage","url":"https:\/\/www.belmontmetals.com\/wp-content\/uploads\/2017\/09\/Custom-Alloys.jpg","contentUrl":"https:\/\/www.belmontmetals.com\/wp-content\/uploads\/2017\/09\/Custom-Alloys.jpg","width":960,"height":390},{"@type":"BreadcrumbList","@id":"https:\/\/www.belmontmetals.com\/es\/aleaciones-a-medida\/#breadcrumb","itemListElement":[{"@type":"ListItem","position":1,"name":"Home","item":"https:\/\/www.belmontmetals.com\/es\/"},{"@type":"ListItem","position":2,"name":"Aleaciones a Medida"}]},{"@type":"WebSite","@id":"https:\/\/www.belmontmetals.com\/#website","url":"https:\/\/www.belmontmetals.com\/","name":"Belmont Metals","description":"","potentialAction":[{"@type":"SearchAction","target":{"@type":"EntryPoint","urlTemplate":"https:\/\/www.belmontmetals.com\/?s={search_term_string}"},"query-input":{"@type":"PropertyValueSpecification","valueRequired":true,"valueName":"search_term_string"}}],"inLanguage":"es"}]}},"_links":{"self":[{"href":"https:\/\/www.belmontmetals.com\/es\/wp-json\/wp\/v2\/pages\/3340","targetHints":{"allow":["GET"]}}],"collection":[{"href":"https:\/\/www.belmontmetals.com\/es\/wp-json\/wp\/v2\/pages"}],"about":[{"href":"https:\/\/www.belmontmetals.com\/es\/wp-json\/wp\/v2\/types\/page"}],"author":[{"embeddable":true,"href":"https:\/\/www.belmontmetals.com\/es\/wp-json\/wp\/v2\/users\/1"}],"replies":[{"embeddable":true,"href":"https:\/\/www.belmontmetals.com\/es\/wp-json\/wp\/v2\/comments?post=3340"}],"version-history":[{"count":1,"href":"https:\/\/www.belmontmetals.com\/es\/wp-json\/wp\/v2\/pages\/3340\/revisions"}],"predecessor-version":[{"id":3341,"href":"https:\/\/www.belmontmetals.com\/es\/wp-json\/wp\/v2\/pages\/3340\/revisions\/3341"}],"wp:featuredmedia":[{"embeddable":true,"href":"https:\/\/www.belmontmetals.com\/es\/wp-json\/wp\/v2\/media\/2634"}],"wp:attachment":[{"href":"https:\/\/www.belmontmetals.com\/es\/wp-json\/wp\/v2\/media?parent=3340"}],"curies":[{"name":"wp","href":"https:\/\/api.w.org\/{rel}","templated":true}]}}