{"id":3337,"date":"2017-09-28T19:24:45","date_gmt":"2017-09-28T19:24:45","guid":{"rendered":"http:\/\/www.belmontmetals.com\/custom-alloys-rd\/"},"modified":"2017-12-13T22:00:11","modified_gmt":"2017-12-13T22:00:11","slug":"aleaciones-medida-para-produccion-y-para-investigacion-y-desarrollo","status":"publish","type":"page","link":"https:\/\/www.belmontmetals.com\/es\/aleaciones-medida-para-produccion-y-para-investigacion-y-desarrollo\/","title":{"rendered":"Aleaciones a Medida para Producci\u00f3n y para Investigaci\u00f3n y Desarrollo"},"content":{"rendered":"<p>A muchas fundiciones no les es posible producir aleaciones en peque\u00f1as cantidades, ideales para prop\u00f3sitos de investigaci\u00f3n y desarrollo. Con sus \u00fanicos hornos de prueba, Belmont Metals est\u00e1 posicionado para proveer justamente eso a las compa\u00f1\u00edas e instituciones que est\u00e9n evaluando las propiedades y la factibilidad de distintas familias de aleaciones.<\/p>\n<p>A partir de la disponibilidad de pedidos en cantidades m\u00ednimas \u2013 que van desde cinco libras a diez libras, dependiendo de la composici\u00f3n de la aleaci\u00f3n \u2013 es posible reducir los costos de obtenci\u00f3n del metal y redireccionarlos a otras facetas de investigaci\u00f3n y desarrollo.<\/p>\n<p>Adem\u00e1s, a partir de la inigualable variedad de nuestro cat\u00e1logo de productos, estamos en una posici\u00f3n \u00fanica para ofrecerle un imparcial asesoramiento metal\u00fargico, que simplificar\u00e1 su trabajo.<\/p>\n<p>Adem\u00e1s, una vez que se obtiene la especificaci\u00f3n deseada, tambi\u00e9n contamos con la capacidad de escalar el suministro de aleaciones para cumplir con las necesidades de producci\u00f3n de su empresa.<\/p>\n<p>Puede revisar algunas de las historias de \u00e9xito que hemos alcanzado al trabajar con nuestros clientes durante a\u00f1os, desarrollando las aleaciones correctas para las necesidades de sus empresas. Historias de \u00c9xitos de Aleaciones a Medida<\/p>\n<p>A continuaci\u00f3n, los tama\u00f1os est\u00e1ndar de muestras disponibles para las distintas familias de aleaciones:<\/p>\n<p>[table width =\u00bb100%\u00bb style =\u00bb\u00bb responsive =\u00bbfalse\u00bb]<br \/>\n[table_head]<br \/>\n[th_column]Categor\u00eda de Aleaci\u00f3n[\/th_column]<br \/>\n[th_column]Tama\u00f1o de la Muestra (en libras)[\/th_column]<br \/>\n[\/table_head]<br \/>\n[table_body]<br \/>\n[table_row]<br \/>\n[row_column]Aleaciones en Base a Aluminio[\/row_column]<br \/>\n[row_column]5 Libras[\/row_column]<br \/>\n[\/table_row]<br \/>\n[table_row]<br \/>\n[row_column]Aleaciones en Base a Bismuto[\/row_column]<br \/>\n[row_column]5 Libras[\/row_column]<br \/>\n[\/table_row]<br \/>\n[table_row]<br \/>\n[row_column]Aleaciones en Base a Cobre[\/row_column]<br \/>\n[row_column]10 Libras[\/row_column]<br \/>\n[\/table_row]<br \/>\n[table_row]<br \/>\n[row_column]Aleaciones en Base a Plomo[\/row_column]<br \/>\n[row_column]5 Libras[\/row_column]<br \/>\n[\/table_row]<br \/>\n[table_row]<br \/>\n[row_column]Aleaciones en Base a Esta\u00f1o[\/row_column]<br \/>\n[row_column]5 Libras[\/row_column]<br \/>\n[\/table_row]<br \/>\n[table_row]<br \/>\n[row_column]Aleaciones en Base a Zinc[\/row_column]<br \/>\n[row_column]5 Libras[\/row_column]<br \/>\n[\/table_row]<br \/>\n[\/table_body]<br \/>\n[\/table]<\/p>\n<p>Si est\u00e1 interesado en este servicio, p\u00f3ngase en contacto con nuestro Departamento de Ventas. Le ofreceremos Precios Bajos de Tarifa Plana<\/p>\n","protected":false},"excerpt":{"rendered":"<p>Custom Alloys for Universities and R&#038;D Departments<\/p>\n","protected":false},"author":1,"featured_media":2631,"parent":0,"menu_order":0,"comment_status":"closed","ping_status":"closed","template":"","meta":{"_acf_changed":false,"footnotes":""},"class_list":["post-3337","page","type-page","status-publish","has-post-thumbnail","hentry"],"acf":[],"yoast_head":"<!-- This site is optimized with the Yoast SEO plugin v27.4 - https:\/\/yoast.com\/product\/yoast-seo-wordpress\/ -->\n<title>Aleaciones a Medida para Producci\u00f3n y para Investigaci\u00f3n y Desarrollo - Belmont Metals<\/title>\n<meta name=\"robots\" content=\"index, follow, max-snippet:-1, max-image-preview:large, max-video-preview:-1\" \/>\n<link rel=\"canonical\" href=\"https:\/\/www.belmontmetals.com\/es\/aleaciones-medida-para-produccion-y-para-investigacion-y-desarrollo\/\" \/>\n<meta property=\"og:locale\" content=\"es_ES\" \/>\n<meta property=\"og:type\" content=\"article\" \/>\n<meta property=\"og:title\" content=\"Aleaciones a Medida para Producci\u00f3n y para Investigaci\u00f3n y Desarrollo - Belmont Metals\" \/>\n<meta property=\"og:description\" content=\"Custom Alloys for Universities and R&amp;D Departments\" \/>\n<meta property=\"og:url\" content=\"https:\/\/www.belmontmetals.com\/es\/aleaciones-medida-para-produccion-y-para-investigacion-y-desarrollo\/\" \/>\n<meta property=\"og:site_name\" content=\"Belmont Metals\" \/>\n<meta property=\"article:publisher\" content=\"https:\/\/www.facebook.com\/BelmontMetals\/\" \/>\n<meta property=\"article:modified_time\" content=\"2017-12-13T22:00:11+00:00\" \/>\n<meta property=\"og:image\" content=\"https:\/\/www.belmontmetals.com\/wp-content\/uploads\/2017\/09\/49015A-2.jpg\" \/>\n\t<meta property=\"og:image:width\" content=\"4912\" \/>\n\t<meta property=\"og:image:height\" content=\"3264\" \/>\n\t<meta property=\"og:image:type\" content=\"image\/jpeg\" \/>\n<meta name=\"twitter:card\" content=\"summary_large_image\" \/>\n<meta name=\"twitter:site\" content=\"@BelmontMetals\" \/>\n<meta name=\"twitter:label1\" content=\"Tiempo de lectura\" \/>\n\t<meta name=\"twitter:data1\" content=\"2 minutos\" \/>\n<script type=\"application\/ld+json\" class=\"yoast-schema-graph\">{\"@context\":\"https:\\\/\\\/schema.org\",\"@graph\":[{\"@type\":\"WebPage\",\"@id\":\"https:\\\/\\\/www.belmontmetals.com\\\/es\\\/aleaciones-medida-para-produccion-y-para-investigacion-y-desarrollo\\\/\",\"url\":\"https:\\\/\\\/www.belmontmetals.com\\\/es\\\/aleaciones-medida-para-produccion-y-para-investigacion-y-desarrollo\\\/\",\"name\":\"Aleaciones a Medida para Producci\u00f3n y para Investigaci\u00f3n y Desarrollo - Belmont Metals\",\"isPartOf\":{\"@id\":\"https:\\\/\\\/www.belmontmetals.com\\\/#website\"},\"primaryImageOfPage\":{\"@id\":\"https:\\\/\\\/www.belmontmetals.com\\\/es\\\/aleaciones-medida-para-produccion-y-para-investigacion-y-desarrollo\\\/#primaryimage\"},\"image\":{\"@id\":\"https:\\\/\\\/www.belmontmetals.com\\\/es\\\/aleaciones-medida-para-produccion-y-para-investigacion-y-desarrollo\\\/#primaryimage\"},\"thumbnailUrl\":\"https:\\\/\\\/www.belmontmetals.com\\\/wp-content\\\/uploads\\\/2017\\\/09\\\/49015A-2.jpg\",\"datePublished\":\"2017-09-28T19:24:45+00:00\",\"dateModified\":\"2017-12-13T22:00:11+00:00\",\"breadcrumb\":{\"@id\":\"https:\\\/\\\/www.belmontmetals.com\\\/es\\\/aleaciones-medida-para-produccion-y-para-investigacion-y-desarrollo\\\/#breadcrumb\"},\"inLanguage\":\"es\",\"potentialAction\":[{\"@type\":\"ReadAction\",\"target\":[\"https:\\\/\\\/www.belmontmetals.com\\\/es\\\/aleaciones-medida-para-produccion-y-para-investigacion-y-desarrollo\\\/\"]}]},{\"@type\":\"ImageObject\",\"inLanguage\":\"es\",\"@id\":\"https:\\\/\\\/www.belmontmetals.com\\\/es\\\/aleaciones-medida-para-produccion-y-para-investigacion-y-desarrollo\\\/#primaryimage\",\"url\":\"https:\\\/\\\/www.belmontmetals.com\\\/wp-content\\\/uploads\\\/2017\\\/09\\\/49015A-2.jpg\",\"contentUrl\":\"https:\\\/\\\/www.belmontmetals.com\\\/wp-content\\\/uploads\\\/2017\\\/09\\\/49015A-2.jpg\",\"width\":4912,\"height\":3264,\"caption\":\"SONY DSC\"},{\"@type\":\"BreadcrumbList\",\"@id\":\"https:\\\/\\\/www.belmontmetals.com\\\/es\\\/aleaciones-medida-para-produccion-y-para-investigacion-y-desarrollo\\\/#breadcrumb\",\"itemListElement\":[{\"@type\":\"ListItem\",\"position\":1,\"name\":\"Home\",\"item\":\"https:\\\/\\\/www.belmontmetals.com\\\/es\\\/\"},{\"@type\":\"ListItem\",\"position\":2,\"name\":\"Aleaciones a Medida para Producci\u00f3n y para Investigaci\u00f3n y Desarrollo\"}]},{\"@type\":\"WebSite\",\"@id\":\"https:\\\/\\\/www.belmontmetals.com\\\/#website\",\"url\":\"https:\\\/\\\/www.belmontmetals.com\\\/\",\"name\":\"Belmont Metals\",\"description\":\"\",\"potentialAction\":[{\"@type\":\"SearchAction\",\"target\":{\"@type\":\"EntryPoint\",\"urlTemplate\":\"https:\\\/\\\/www.belmontmetals.com\\\/?s={search_term_string}\"},\"query-input\":{\"@type\":\"PropertyValueSpecification\",\"valueRequired\":true,\"valueName\":\"search_term_string\"}}],\"inLanguage\":\"es\"}]}<\/script>\n<!-- \/ Yoast SEO plugin. -->","yoast_head_json":{"title":"Aleaciones a Medida para Producci\u00f3n y para Investigaci\u00f3n y Desarrollo - Belmont Metals","robots":{"index":"index","follow":"follow","max-snippet":"max-snippet:-1","max-image-preview":"max-image-preview:large","max-video-preview":"max-video-preview:-1"},"canonical":"https:\/\/www.belmontmetals.com\/es\/aleaciones-medida-para-produccion-y-para-investigacion-y-desarrollo\/","og_locale":"es_ES","og_type":"article","og_title":"Aleaciones a Medida para Producci\u00f3n y para Investigaci\u00f3n y Desarrollo - Belmont Metals","og_description":"Custom Alloys for Universities and R&D Departments","og_url":"https:\/\/www.belmontmetals.com\/es\/aleaciones-medida-para-produccion-y-para-investigacion-y-desarrollo\/","og_site_name":"Belmont Metals","article_publisher":"https:\/\/www.facebook.com\/BelmontMetals\/","article_modified_time":"2017-12-13T22:00:11+00:00","og_image":[{"width":4912,"height":3264,"url":"https:\/\/www.belmontmetals.com\/wp-content\/uploads\/2017\/09\/49015A-2.jpg","type":"image\/jpeg"}],"twitter_card":"summary_large_image","twitter_site":"@BelmontMetals","twitter_misc":{"Tiempo de lectura":"2 minutos"},"schema":{"@context":"https:\/\/schema.org","@graph":[{"@type":"WebPage","@id":"https:\/\/www.belmontmetals.com\/es\/aleaciones-medida-para-produccion-y-para-investigacion-y-desarrollo\/","url":"https:\/\/www.belmontmetals.com\/es\/aleaciones-medida-para-produccion-y-para-investigacion-y-desarrollo\/","name":"Aleaciones a Medida para Producci\u00f3n y para Investigaci\u00f3n y Desarrollo - Belmont Metals","isPartOf":{"@id":"https:\/\/www.belmontmetals.com\/#website"},"primaryImageOfPage":{"@id":"https:\/\/www.belmontmetals.com\/es\/aleaciones-medida-para-produccion-y-para-investigacion-y-desarrollo\/#primaryimage"},"image":{"@id":"https:\/\/www.belmontmetals.com\/es\/aleaciones-medida-para-produccion-y-para-investigacion-y-desarrollo\/#primaryimage"},"thumbnailUrl":"https:\/\/www.belmontmetals.com\/wp-content\/uploads\/2017\/09\/49015A-2.jpg","datePublished":"2017-09-28T19:24:45+00:00","dateModified":"2017-12-13T22:00:11+00:00","breadcrumb":{"@id":"https:\/\/www.belmontmetals.com\/es\/aleaciones-medida-para-produccion-y-para-investigacion-y-desarrollo\/#breadcrumb"},"inLanguage":"es","potentialAction":[{"@type":"ReadAction","target":["https:\/\/www.belmontmetals.com\/es\/aleaciones-medida-para-produccion-y-para-investigacion-y-desarrollo\/"]}]},{"@type":"ImageObject","inLanguage":"es","@id":"https:\/\/www.belmontmetals.com\/es\/aleaciones-medida-para-produccion-y-para-investigacion-y-desarrollo\/#primaryimage","url":"https:\/\/www.belmontmetals.com\/wp-content\/uploads\/2017\/09\/49015A-2.jpg","contentUrl":"https:\/\/www.belmontmetals.com\/wp-content\/uploads\/2017\/09\/49015A-2.jpg","width":4912,"height":3264,"caption":"SONY DSC"},{"@type":"BreadcrumbList","@id":"https:\/\/www.belmontmetals.com\/es\/aleaciones-medida-para-produccion-y-para-investigacion-y-desarrollo\/#breadcrumb","itemListElement":[{"@type":"ListItem","position":1,"name":"Home","item":"https:\/\/www.belmontmetals.com\/es\/"},{"@type":"ListItem","position":2,"name":"Aleaciones a Medida para Producci\u00f3n y para Investigaci\u00f3n y Desarrollo"}]},{"@type":"WebSite","@id":"https:\/\/www.belmontmetals.com\/#website","url":"https:\/\/www.belmontmetals.com\/","name":"Belmont Metals","description":"","potentialAction":[{"@type":"SearchAction","target":{"@type":"EntryPoint","urlTemplate":"https:\/\/www.belmontmetals.com\/?s={search_term_string}"},"query-input":{"@type":"PropertyValueSpecification","valueRequired":true,"valueName":"search_term_string"}}],"inLanguage":"es"}]}},"_links":{"self":[{"href":"https:\/\/www.belmontmetals.com\/es\/wp-json\/wp\/v2\/pages\/3337","targetHints":{"allow":["GET"]}}],"collection":[{"href":"https:\/\/www.belmontmetals.com\/es\/wp-json\/wp\/v2\/pages"}],"about":[{"href":"https:\/\/www.belmontmetals.com\/es\/wp-json\/wp\/v2\/types\/page"}],"author":[{"embeddable":true,"href":"https:\/\/www.belmontmetals.com\/es\/wp-json\/wp\/v2\/users\/1"}],"replies":[{"embeddable":true,"href":"https:\/\/www.belmontmetals.com\/es\/wp-json\/wp\/v2\/comments?post=3337"}],"version-history":[{"count":2,"href":"https:\/\/www.belmontmetals.com\/es\/wp-json\/wp\/v2\/pages\/3337\/revisions"}],"predecessor-version":[{"id":3339,"href":"https:\/\/www.belmontmetals.com\/es\/wp-json\/wp\/v2\/pages\/3337\/revisions\/3339"}],"wp:featuredmedia":[{"embeddable":true,"href":"https:\/\/www.belmontmetals.com\/es\/wp-json\/wp\/v2\/media\/2631"}],"wp:attachment":[{"href":"https:\/\/www.belmontmetals.com\/es\/wp-json\/wp\/v2\/media?parent=3337"}],"curies":[{"name":"wp","href":"https:\/\/api.w.org\/{rel}","templated":true}]}}