{"id":2187,"date":"2017-09-14T15:54:29","date_gmt":"2017-09-14T15:54:29","guid":{"rendered":"http:\/\/www.belmontmetals.com\/sds\/"},"modified":"2017-12-13T22:41:17","modified_gmt":"2017-12-13T22:41:17","slug":"msds","status":"publish","type":"page","link":"https:\/\/www.belmontmetals.com\/es\/msds\/","title":{"rendered":"MSDS\u2019s"},"content":{"rendered":"<p>Las Hojas de Datos de Seguridad de los Materiales (MSDS) pueden contener informaci\u00f3n bajo patente y se env\u00edan para cada nuevo material solamente durante el proceso del pedido.<\/p>\n<p>Si usted desea recibir una MSDS y no ha adquirido ese \u00edtem en el \u00faltimo a\u00f1o, por favor p\u00f3ngase en contacto con nuestro Departamento de Ventas para solicitar asistencia.<\/p>\n","protected":false},"excerpt":{"rendered":"<p>Las Hojas de Datos de Seguridad de los Materiales (MSDS) pueden contener informaci\u00f3n bajo patente y se env\u00edan para cada nuevo material solamente durante el proceso del pedido. Si usted desea recibir una MSDS y no ha adquirido ese \u00edtem en el \u00faltimo a\u00f1o, por favor p\u00f3ngase en contacto con nuestro Departamento de Ventas para&#8230;<\/p>\n","protected":false},"author":1,"featured_media":0,"parent":0,"menu_order":1,"comment_status":"closed","ping_status":"closed","template":"page-safety_data_sheets.php","meta":{"_acf_changed":false,"footnotes":""},"class_list":["post-2187","page","type-page","status-publish","hentry"],"acf":[],"yoast_head":"<!-- This site is optimized with the Yoast SEO plugin v27.4 - https:\/\/yoast.com\/product\/yoast-seo-wordpress\/ -->\n<title>MSDS&#039;s - Belmont Metals<\/title>\n<meta name=\"description\" content=\"Belmont Metals has been proudly serving Non Ferrous industries since 1896. We offer over 3000 different formulations and shapes to meet your needs!\" \/>\n<meta name=\"robots\" content=\"index, follow, max-snippet:-1, max-image-preview:large, max-video-preview:-1\" \/>\n<link rel=\"canonical\" href=\"https:\/\/www.belmontmetals.com\/es\/msds\/\" \/>\n<meta property=\"og:locale\" content=\"es_ES\" \/>\n<meta property=\"og:type\" content=\"article\" \/>\n<meta property=\"og:title\" content=\"MSDS&#039;s - Belmont Metals\" \/>\n<meta property=\"og:description\" content=\"Belmont Metals has been proudly serving Non Ferrous industries since 1896. We offer over 3000 different formulations and shapes to meet your needs!\" \/>\n<meta property=\"og:url\" content=\"https:\/\/www.belmontmetals.com\/es\/msds\/\" \/>\n<meta property=\"og:site_name\" content=\"Belmont Metals\" \/>\n<meta property=\"article:publisher\" content=\"https:\/\/www.facebook.com\/BelmontMetals\/\" \/>\n<meta property=\"article:modified_time\" content=\"2017-12-13T22:41:17+00:00\" \/>\n<meta property=\"og:image\" content=\"https:\/\/www.belmontmetals.com\/wp-content\/uploads\/2017\/12\/homepage-screenshot.jpg\" \/>\n\t<meta property=\"og:image:width\" content=\"1263\" \/>\n\t<meta property=\"og:image:height\" content=\"883\" \/>\n\t<meta property=\"og:image:type\" content=\"image\/jpeg\" \/>\n<meta name=\"twitter:card\" content=\"summary_large_image\" \/>\n<meta name=\"twitter:site\" content=\"@BelmontMetals\" \/>\n<script type=\"application\/ld+json\" class=\"yoast-schema-graph\">{\"@context\":\"https:\\\/\\\/schema.org\",\"@graph\":[{\"@type\":\"WebPage\",\"@id\":\"https:\\\/\\\/www.belmontmetals.com\\\/es\\\/msds\\\/\",\"url\":\"https:\\\/\\\/www.belmontmetals.com\\\/es\\\/msds\\\/\",\"name\":\"MSDS's - Belmont Metals\",\"isPartOf\":{\"@id\":\"https:\\\/\\\/www.belmontmetals.com\\\/#website\"},\"datePublished\":\"2017-09-14T15:54:29+00:00\",\"dateModified\":\"2017-12-13T22:41:17+00:00\",\"description\":\"Belmont Metals has been proudly serving Non Ferrous industries since 1896. We offer over 3000 different formulations and shapes to meet your needs!\",\"breadcrumb\":{\"@id\":\"https:\\\/\\\/www.belmontmetals.com\\\/es\\\/msds\\\/#breadcrumb\"},\"inLanguage\":\"es\",\"potentialAction\":[{\"@type\":\"ReadAction\",\"target\":[\"https:\\\/\\\/www.belmontmetals.com\\\/es\\\/msds\\\/\"]}]},{\"@type\":\"BreadcrumbList\",\"@id\":\"https:\\\/\\\/www.belmontmetals.com\\\/es\\\/msds\\\/#breadcrumb\",\"itemListElement\":[{\"@type\":\"ListItem\",\"position\":1,\"name\":\"Home\",\"item\":\"https:\\\/\\\/www.belmontmetals.com\\\/es\\\/\"},{\"@type\":\"ListItem\",\"position\":2,\"name\":\"MSDS\u2019s\"}]},{\"@type\":\"WebSite\",\"@id\":\"https:\\\/\\\/www.belmontmetals.com\\\/#website\",\"url\":\"https:\\\/\\\/www.belmontmetals.com\\\/\",\"name\":\"Belmont Metals\",\"description\":\"\",\"potentialAction\":[{\"@type\":\"SearchAction\",\"target\":{\"@type\":\"EntryPoint\",\"urlTemplate\":\"https:\\\/\\\/www.belmontmetals.com\\\/?s={search_term_string}\"},\"query-input\":{\"@type\":\"PropertyValueSpecification\",\"valueRequired\":true,\"valueName\":\"search_term_string\"}}],\"inLanguage\":\"es\"}]}<\/script>\n<!-- \/ Yoast SEO plugin. -->","yoast_head_json":{"title":"MSDS's - Belmont Metals","description":"Belmont Metals has been proudly serving Non Ferrous industries since 1896. We offer over 3000 different formulations and shapes to meet your needs!","robots":{"index":"index","follow":"follow","max-snippet":"max-snippet:-1","max-image-preview":"max-image-preview:large","max-video-preview":"max-video-preview:-1"},"canonical":"https:\/\/www.belmontmetals.com\/es\/msds\/","og_locale":"es_ES","og_type":"article","og_title":"MSDS's - Belmont Metals","og_description":"Belmont Metals has been proudly serving Non Ferrous industries since 1896. We offer over 3000 different formulations and shapes to meet your needs!","og_url":"https:\/\/www.belmontmetals.com\/es\/msds\/","og_site_name":"Belmont Metals","article_publisher":"https:\/\/www.facebook.com\/BelmontMetals\/","article_modified_time":"2017-12-13T22:41:17+00:00","og_image":[{"width":1263,"height":883,"url":"https:\/\/www.belmontmetals.com\/wp-content\/uploads\/2017\/12\/homepage-screenshot.jpg","type":"image\/jpeg"}],"twitter_card":"summary_large_image","twitter_site":"@BelmontMetals","schema":{"@context":"https:\/\/schema.org","@graph":[{"@type":"WebPage","@id":"https:\/\/www.belmontmetals.com\/es\/msds\/","url":"https:\/\/www.belmontmetals.com\/es\/msds\/","name":"MSDS's - Belmont Metals","isPartOf":{"@id":"https:\/\/www.belmontmetals.com\/#website"},"datePublished":"2017-09-14T15:54:29+00:00","dateModified":"2017-12-13T22:41:17+00:00","description":"Belmont Metals has been proudly serving Non Ferrous industries since 1896. We offer over 3000 different formulations and shapes to meet your needs!","breadcrumb":{"@id":"https:\/\/www.belmontmetals.com\/es\/msds\/#breadcrumb"},"inLanguage":"es","potentialAction":[{"@type":"ReadAction","target":["https:\/\/www.belmontmetals.com\/es\/msds\/"]}]},{"@type":"BreadcrumbList","@id":"https:\/\/www.belmontmetals.com\/es\/msds\/#breadcrumb","itemListElement":[{"@type":"ListItem","position":1,"name":"Home","item":"https:\/\/www.belmontmetals.com\/es\/"},{"@type":"ListItem","position":2,"name":"MSDS\u2019s"}]},{"@type":"WebSite","@id":"https:\/\/www.belmontmetals.com\/#website","url":"https:\/\/www.belmontmetals.com\/","name":"Belmont Metals","description":"","potentialAction":[{"@type":"SearchAction","target":{"@type":"EntryPoint","urlTemplate":"https:\/\/www.belmontmetals.com\/?s={search_term_string}"},"query-input":{"@type":"PropertyValueSpecification","valueRequired":true,"valueName":"search_term_string"}}],"inLanguage":"es"}]}},"_links":{"self":[{"href":"https:\/\/www.belmontmetals.com\/es\/wp-json\/wp\/v2\/pages\/2187","targetHints":{"allow":["GET"]}}],"collection":[{"href":"https:\/\/www.belmontmetals.com\/es\/wp-json\/wp\/v2\/pages"}],"about":[{"href":"https:\/\/www.belmontmetals.com\/es\/wp-json\/wp\/v2\/types\/page"}],"author":[{"embeddable":true,"href":"https:\/\/www.belmontmetals.com\/es\/wp-json\/wp\/v2\/users\/1"}],"replies":[{"embeddable":true,"href":"https:\/\/www.belmontmetals.com\/es\/wp-json\/wp\/v2\/comments?post=2187"}],"version-history":[{"count":1,"href":"https:\/\/www.belmontmetals.com\/es\/wp-json\/wp\/v2\/pages\/2187\/revisions"}],"predecessor-version":[{"id":2188,"href":"https:\/\/www.belmontmetals.com\/es\/wp-json\/wp\/v2\/pages\/2187\/revisions\/2188"}],"wp:attachment":[{"href":"https:\/\/www.belmontmetals.com\/es\/wp-json\/wp\/v2\/media?parent=2187"}],"curies":[{"name":"wp","href":"https:\/\/api.w.org\/{rel}","templated":true}]}}