{"id":2160,"date":"2017-09-25T11:40:26","date_gmt":"2017-09-25T11:40:26","guid":{"rendered":"http:\/\/www.belmontmetals.com\/quality-assurance\/"},"modified":"2017-12-08T16:11:09","modified_gmt":"2017-12-08T16:11:09","slug":"quality-assurance","status":"publish","type":"page","link":"https:\/\/www.belmontmetals.com\/es\/quality-assurance\/","title":{"rendered":"GARANT\u00cdA DE CALIDAD"},"content":{"rendered":"<p><strong>Tenemos una tradici\u00f3n de calidad que se extiende a lo largo de m\u00e1s de un siglo, y seguimos manteniendo una focalizaci\u00f3n en cada nivel de la organizaci\u00f3n que garantiza que cada faceta de las necesidades de los clientes quede cubierta. Creemos firmemente que esta dedicaci\u00f3n a cumplir con los m\u00e1s altos est\u00e1ndares es la clave de nuestra longevidad.<\/strong><\/p>\n<p>Actualizamos continuamente en nuestro equipamiento de laboratorio y llevamos adelante una continua capacitaci\u00f3n para todo el personal del laboratorio, lo que garantiza los m\u00e1s altos est\u00e1ndares en an\u00e1lisis metal\u00fargico. Las composiciones de las aleaciones se prueban durante todo el ciclo de manufactura con nuestros espectr\u00f3grafos de \u00faltima generaci\u00f3n, que utilizan est\u00e1ndares de seguimiento NBC. Nuestras auditor\u00edas de Aseguramiento de Calidad garantizan la consistencia de nuestro productos para que puedan cumplir con los requerimientos de las aplicaciones m\u00e1s cr\u00edticas.<\/p>\n<p>Belmont complementa y mejora la Espectrometr\u00eda de Emisi\u00f3n \u00d3ptica (OES), mediante la utilizaci\u00f3n de m\u00e9todos ICP y AS. Estos son los m\u00e1s avanzados m\u00e9todos disponibles para mantener un control preciso sobre la composici\u00f3n de las aleaciones. Se toman muestras durante cada paso de la manufactura, para garantizar una calidad inmejorable.<\/p>\n<p>Tambi\u00e9n utilizamos pruebas de XRF a lo largo de nuestro proceso, y trabajamos con laboratorios independientes si es necesario realizar pruebas adicionales.<\/p>\n<p>Seguimos una tradici\u00f3n de calidad, que se ha extendido durante el \u00faltimo siglo, ya que hemos logrado una sobresaliente reputaci\u00f3n mundial que debemos mantener. Nuestro personal t\u00e9cnico est\u00e1 siempre disponible para asistir a nuestros clientes con respecto a cualquier consulta metal\u00fargica que pueda surgir.<\/p>\n","protected":false},"excerpt":{"rendered":"<p>Tenemos una tradici\u00f3n de calidad que se extiende a lo largo de m\u00e1s de un siglo, y seguimos manteniendo una focalizaci\u00f3n en cada nivel de la organizaci\u00f3n que garantiza que cada faceta de las necesidades de los clientes quede cubierta. Creemos firmemente que esta dedicaci\u00f3n a cumplir con los m\u00e1s altos est\u00e1ndares es la clave&#8230;<\/p>\n","protected":false},"author":1,"featured_media":0,"parent":0,"menu_order":4,"comment_status":"closed","ping_status":"closed","template":"","meta":{"_acf_changed":false,"footnotes":""},"class_list":["post-2160","page","type-page","status-publish","hentry"],"acf":[],"yoast_head":"<!-- This site is optimized with the Yoast SEO plugin v27.4 - https:\/\/yoast.com\/product\/yoast-seo-wordpress\/ -->\n<title>Garant\u00eda de Calidad - Belmont Metals<\/title>\n<meta name=\"description\" content=\"Belmont Metals has been proudly serving Non Ferrous industries since 1896. We offer over 3000 different formulations and shapes to meet your needs!\" \/>\n<meta name=\"robots\" content=\"index, follow, max-snippet:-1, max-image-preview:large, max-video-preview:-1\" \/>\n<link rel=\"canonical\" href=\"https:\/\/www.belmontmetals.com\/es\/quality-assurance\/\" \/>\n<meta property=\"og:locale\" content=\"es_ES\" \/>\n<meta property=\"og:type\" content=\"article\" \/>\n<meta property=\"og:title\" content=\"Garant\u00eda de Calidad - Belmont Metals\" \/>\n<meta property=\"og:description\" content=\"Belmont Metals has been proudly serving Non Ferrous industries since 1896. We offer over 3000 different formulations and shapes to meet your needs!\" \/>\n<meta property=\"og:url\" content=\"https:\/\/www.belmontmetals.com\/es\/quality-assurance\/\" \/>\n<meta property=\"og:site_name\" content=\"Belmont Metals\" \/>\n<meta property=\"article:publisher\" content=\"https:\/\/www.facebook.com\/BelmontMetals\/\" \/>\n<meta property=\"article:modified_time\" content=\"2017-12-08T16:11:09+00:00\" \/>\n<meta property=\"og:image\" content=\"https:\/\/www.belmontmetals.com\/wp-content\/uploads\/2017\/12\/homepage-screenshot.jpg\" \/>\n\t<meta property=\"og:image:width\" content=\"1263\" \/>\n\t<meta property=\"og:image:height\" content=\"883\" \/>\n\t<meta property=\"og:image:type\" content=\"image\/jpeg\" \/>\n<meta name=\"twitter:card\" content=\"summary_large_image\" \/>\n<meta name=\"twitter:site\" content=\"@BelmontMetals\" \/>\n<meta name=\"twitter:label1\" content=\"Tiempo de lectura\" \/>\n\t<meta name=\"twitter:data1\" content=\"1 minuto\" \/>\n<script type=\"application\/ld+json\" class=\"yoast-schema-graph\">{\"@context\":\"https:\\\/\\\/schema.org\",\"@graph\":[{\"@type\":\"WebPage\",\"@id\":\"https:\\\/\\\/www.belmontmetals.com\\\/es\\\/quality-assurance\\\/\",\"url\":\"https:\\\/\\\/www.belmontmetals.com\\\/es\\\/quality-assurance\\\/\",\"name\":\"Garant\u00eda de Calidad - Belmont Metals\",\"isPartOf\":{\"@id\":\"https:\\\/\\\/www.belmontmetals.com\\\/#website\"},\"datePublished\":\"2017-09-25T11:40:26+00:00\",\"dateModified\":\"2017-12-08T16:11:09+00:00\",\"description\":\"Belmont Metals has been proudly serving Non Ferrous industries since 1896. We offer over 3000 different formulations and shapes to meet your needs!\",\"breadcrumb\":{\"@id\":\"https:\\\/\\\/www.belmontmetals.com\\\/es\\\/quality-assurance\\\/#breadcrumb\"},\"inLanguage\":\"es\",\"potentialAction\":[{\"@type\":\"ReadAction\",\"target\":[\"https:\\\/\\\/www.belmontmetals.com\\\/es\\\/quality-assurance\\\/\"]}]},{\"@type\":\"BreadcrumbList\",\"@id\":\"https:\\\/\\\/www.belmontmetals.com\\\/es\\\/quality-assurance\\\/#breadcrumb\",\"itemListElement\":[{\"@type\":\"ListItem\",\"position\":1,\"name\":\"Home\",\"item\":\"https:\\\/\\\/www.belmontmetals.com\\\/es\\\/\"},{\"@type\":\"ListItem\",\"position\":2,\"name\":\"GARANT\u00cdA DE CALIDAD\"}]},{\"@type\":\"WebSite\",\"@id\":\"https:\\\/\\\/www.belmontmetals.com\\\/#website\",\"url\":\"https:\\\/\\\/www.belmontmetals.com\\\/\",\"name\":\"Belmont Metals\",\"description\":\"\",\"potentialAction\":[{\"@type\":\"SearchAction\",\"target\":{\"@type\":\"EntryPoint\",\"urlTemplate\":\"https:\\\/\\\/www.belmontmetals.com\\\/?s={search_term_string}\"},\"query-input\":{\"@type\":\"PropertyValueSpecification\",\"valueRequired\":true,\"valueName\":\"search_term_string\"}}],\"inLanguage\":\"es\"}]}<\/script>\n<!-- \/ Yoast SEO plugin. -->","yoast_head_json":{"title":"Garant\u00eda de Calidad - Belmont Metals","description":"Belmont Metals has been proudly serving Non Ferrous industries since 1896. We offer over 3000 different formulations and shapes to meet your needs!","robots":{"index":"index","follow":"follow","max-snippet":"max-snippet:-1","max-image-preview":"max-image-preview:large","max-video-preview":"max-video-preview:-1"},"canonical":"https:\/\/www.belmontmetals.com\/es\/quality-assurance\/","og_locale":"es_ES","og_type":"article","og_title":"Garant\u00eda de Calidad - Belmont Metals","og_description":"Belmont Metals has been proudly serving Non Ferrous industries since 1896. We offer over 3000 different formulations and shapes to meet your needs!","og_url":"https:\/\/www.belmontmetals.com\/es\/quality-assurance\/","og_site_name":"Belmont Metals","article_publisher":"https:\/\/www.facebook.com\/BelmontMetals\/","article_modified_time":"2017-12-08T16:11:09+00:00","og_image":[{"width":1263,"height":883,"url":"https:\/\/www.belmontmetals.com\/wp-content\/uploads\/2017\/12\/homepage-screenshot.jpg","type":"image\/jpeg"}],"twitter_card":"summary_large_image","twitter_site":"@BelmontMetals","twitter_misc":{"Tiempo de lectura":"1 minuto"},"schema":{"@context":"https:\/\/schema.org","@graph":[{"@type":"WebPage","@id":"https:\/\/www.belmontmetals.com\/es\/quality-assurance\/","url":"https:\/\/www.belmontmetals.com\/es\/quality-assurance\/","name":"Garant\u00eda de Calidad - Belmont Metals","isPartOf":{"@id":"https:\/\/www.belmontmetals.com\/#website"},"datePublished":"2017-09-25T11:40:26+00:00","dateModified":"2017-12-08T16:11:09+00:00","description":"Belmont Metals has been proudly serving Non Ferrous industries since 1896. We offer over 3000 different formulations and shapes to meet your needs!","breadcrumb":{"@id":"https:\/\/www.belmontmetals.com\/es\/quality-assurance\/#breadcrumb"},"inLanguage":"es","potentialAction":[{"@type":"ReadAction","target":["https:\/\/www.belmontmetals.com\/es\/quality-assurance\/"]}]},{"@type":"BreadcrumbList","@id":"https:\/\/www.belmontmetals.com\/es\/quality-assurance\/#breadcrumb","itemListElement":[{"@type":"ListItem","position":1,"name":"Home","item":"https:\/\/www.belmontmetals.com\/es\/"},{"@type":"ListItem","position":2,"name":"GARANT\u00cdA DE CALIDAD"}]},{"@type":"WebSite","@id":"https:\/\/www.belmontmetals.com\/#website","url":"https:\/\/www.belmontmetals.com\/","name":"Belmont Metals","description":"","potentialAction":[{"@type":"SearchAction","target":{"@type":"EntryPoint","urlTemplate":"https:\/\/www.belmontmetals.com\/?s={search_term_string}"},"query-input":{"@type":"PropertyValueSpecification","valueRequired":true,"valueName":"search_term_string"}}],"inLanguage":"es"}]}},"_links":{"self":[{"href":"https:\/\/www.belmontmetals.com\/es\/wp-json\/wp\/v2\/pages\/2160","targetHints":{"allow":["GET"]}}],"collection":[{"href":"https:\/\/www.belmontmetals.com\/es\/wp-json\/wp\/v2\/pages"}],"about":[{"href":"https:\/\/www.belmontmetals.com\/es\/wp-json\/wp\/v2\/types\/page"}],"author":[{"embeddable":true,"href":"https:\/\/www.belmontmetals.com\/es\/wp-json\/wp\/v2\/users\/1"}],"replies":[{"embeddable":true,"href":"https:\/\/www.belmontmetals.com\/es\/wp-json\/wp\/v2\/comments?post=2160"}],"version-history":[{"count":1,"href":"https:\/\/www.belmontmetals.com\/es\/wp-json\/wp\/v2\/pages\/2160\/revisions"}],"predecessor-version":[{"id":2161,"href":"https:\/\/www.belmontmetals.com\/es\/wp-json\/wp\/v2\/pages\/2160\/revisions\/2161"}],"wp:attachment":[{"href":"https:\/\/www.belmontmetals.com\/es\/wp-json\/wp\/v2\/media?parent=2160"}],"curies":[{"name":"wp","href":"https:\/\/api.w.org\/{rel}","templated":true}]}}