{"id":2157,"date":"2017-09-22T12:35:46","date_gmt":"2017-09-22T12:35:46","guid":{"rendered":"http:\/\/www.belmontmetals.com\/company-history\/"},"modified":"2017-12-13T21:57:50","modified_gmt":"2017-12-13T21:57:50","slug":"historia-de-la-compania","status":"publish","type":"page","link":"https:\/\/www.belmontmetals.com\/es\/historia-de-la-compania\/","title":{"rendered":"HISTORIA DE LA COMPA\u00d1IA"},"content":{"rendered":"<p><strong>Belmont Metals fue fundada por George Henning en 1896, como comerciante de metales no ferrosos en la avenida Belmont de Brooklyn. Hoy, Belmont Metals es una reconocida y excepcionalmente diversificada proveedora de una gran variedad de formas y composiciones de metales no ferrosos.<\/strong><\/p>\n<p>Belmont se remonta en su origen a V. Henning &amp; Sons, un comercio de metales no ferrosos fundado por George Henning, situado en la avenida Belmont en Brooklyn, en 1896. A partir de sus inicios como proveedora de materiales secundarios preparados, la compa\u00f1\u00eda se expandi\u00f3 a la elaboraci\u00f3n de lingotes no ferrosos \u2014 inicialmente aleaciones de zinc y plomo, y poco tiempo despu\u00e9s, metales de soldadura, metales babbitt, lat\u00f3n y bronce.<\/p>\n<p>Belmont comenz\u00f3 con hornos alimentados a coque, y ahora utiliza una gama de equipamiento de fundici\u00f3n a gas y a inducci\u00f3n, que es cuidadosamente controlado por su laboratorio anal\u00edtico espectrogr\u00e1fico de \u00faltima generaci\u00f3n, el cual fue dise\u00f1ado para cumplir con las las m\u00e1s rigurosas especificaciones modernas. La gama de productos se ampli\u00f3 con la inclusi\u00f3n de operaciones adicionales, entre las que se encuentran la cizalladura, el amolado, el cribado y el pulido.<\/p>\n<p>Belmont Metals Inc. contin\u00faa operando comercialmente en el mismo lugar. Para mantenerse a tono con las exigencias del mercado con respecto a una mayor capacidad de producci\u00f3n, su planta es ahora de 7.500 m2.<\/p>\n<p>George Henning y los dem\u00e1s miembros de la familia no se imaginaron la dimensi\u00f3n que alcanzar\u00eda el desarrollo de Belmont. Richard G. Henning, nuestro presidente de tercera generaci\u00f3n, afirma que fue el liderazgo y visi\u00f3n de ellos lo que le ha posibilitado a la compa\u00f1\u00eda incorporar las capacidades esenciales necesarias para crear la compa\u00f1\u00eda integrada actual. Seguimos dedicados a nuestra filosof\u00eda corporativa original de brindar servicio y calidad.<\/p>\n","protected":false},"excerpt":{"rendered":"<p>Belmont Metals fue fundada por George Henning en 1896, como comerciante de metales no ferrosos en la avenida Belmont de Brooklyn. Hoy, Belmont Metals es una reconocida y excepcionalmente diversificada proveedora de una gran variedad de formas y composiciones de metales no ferrosos. Belmont se remonta en su origen a V. Henning &amp; Sons, un&#8230;<\/p>\n","protected":false},"author":1,"featured_media":0,"parent":0,"menu_order":2,"comment_status":"closed","ping_status":"closed","template":"page-history.php","meta":{"_acf_changed":false,"footnotes":""},"class_list":["post-2157","page","type-page","status-publish","hentry"],"acf":[],"yoast_head":"<!-- This site is optimized with the Yoast SEO plugin v27.4 - https:\/\/yoast.com\/product\/yoast-seo-wordpress\/ -->\n<title>Historia de la Compa\u00f1ia - Belmont Metals<\/title>\n<meta name=\"description\" content=\"Belmont Metals has been proudly serving Non Ferrous industries since 1896. We offer over 3000 different formulations and shapes to meet your needs!\" \/>\n<meta name=\"robots\" content=\"index, follow, max-snippet:-1, max-image-preview:large, max-video-preview:-1\" \/>\n<link rel=\"canonical\" href=\"https:\/\/www.belmontmetals.com\/es\/historia-de-la-compania\/\" \/>\n<meta property=\"og:locale\" content=\"es_ES\" \/>\n<meta property=\"og:type\" content=\"article\" \/>\n<meta property=\"og:title\" content=\"Historia de la Compa\u00f1ia - Belmont Metals\" \/>\n<meta property=\"og:description\" content=\"Belmont Metals has been proudly serving Non Ferrous industries since 1896. We offer over 3000 different formulations and shapes to meet your needs!\" \/>\n<meta property=\"og:url\" content=\"https:\/\/www.belmontmetals.com\/es\/historia-de-la-compania\/\" \/>\n<meta property=\"og:site_name\" content=\"Belmont Metals\" \/>\n<meta property=\"article:publisher\" content=\"https:\/\/www.facebook.com\/BelmontMetals\/\" \/>\n<meta property=\"article:modified_time\" content=\"2017-12-13T21:57:50+00:00\" \/>\n<meta property=\"og:image\" content=\"https:\/\/www.belmontmetals.com\/wp-content\/uploads\/2017\/12\/homepage-screenshot.jpg\" \/>\n\t<meta property=\"og:image:width\" content=\"1263\" \/>\n\t<meta property=\"og:image:height\" content=\"883\" \/>\n\t<meta property=\"og:image:type\" content=\"image\/jpeg\" \/>\n<meta name=\"twitter:card\" content=\"summary_large_image\" \/>\n<meta name=\"twitter:site\" content=\"@BelmontMetals\" \/>\n<meta name=\"twitter:label1\" content=\"Tiempo de lectura\" \/>\n\t<meta name=\"twitter:data1\" content=\"2 minutos\" \/>\n<script type=\"application\/ld+json\" class=\"yoast-schema-graph\">{\"@context\":\"https:\\\/\\\/schema.org\",\"@graph\":[{\"@type\":\"WebPage\",\"@id\":\"https:\\\/\\\/www.belmontmetals.com\\\/es\\\/historia-de-la-compania\\\/\",\"url\":\"https:\\\/\\\/www.belmontmetals.com\\\/es\\\/historia-de-la-compania\\\/\",\"name\":\"Historia de la Compa\u00f1ia - Belmont Metals\",\"isPartOf\":{\"@id\":\"https:\\\/\\\/www.belmontmetals.com\\\/#website\"},\"datePublished\":\"2017-09-22T12:35:46+00:00\",\"dateModified\":\"2017-12-13T21:57:50+00:00\",\"description\":\"Belmont Metals has been proudly serving Non Ferrous industries since 1896. We offer over 3000 different formulations and shapes to meet your needs!\",\"breadcrumb\":{\"@id\":\"https:\\\/\\\/www.belmontmetals.com\\\/es\\\/historia-de-la-compania\\\/#breadcrumb\"},\"inLanguage\":\"es\",\"potentialAction\":[{\"@type\":\"ReadAction\",\"target\":[\"https:\\\/\\\/www.belmontmetals.com\\\/es\\\/historia-de-la-compania\\\/\"]}]},{\"@type\":\"BreadcrumbList\",\"@id\":\"https:\\\/\\\/www.belmontmetals.com\\\/es\\\/historia-de-la-compania\\\/#breadcrumb\",\"itemListElement\":[{\"@type\":\"ListItem\",\"position\":1,\"name\":\"Home\",\"item\":\"https:\\\/\\\/www.belmontmetals.com\\\/es\\\/\"},{\"@type\":\"ListItem\",\"position\":2,\"name\":\"HISTORIA DE LA COMPA\u00d1IA\"}]},{\"@type\":\"WebSite\",\"@id\":\"https:\\\/\\\/www.belmontmetals.com\\\/#website\",\"url\":\"https:\\\/\\\/www.belmontmetals.com\\\/\",\"name\":\"Belmont Metals\",\"description\":\"\",\"potentialAction\":[{\"@type\":\"SearchAction\",\"target\":{\"@type\":\"EntryPoint\",\"urlTemplate\":\"https:\\\/\\\/www.belmontmetals.com\\\/?s={search_term_string}\"},\"query-input\":{\"@type\":\"PropertyValueSpecification\",\"valueRequired\":true,\"valueName\":\"search_term_string\"}}],\"inLanguage\":\"es\"}]}<\/script>\n<!-- \/ Yoast SEO plugin. -->","yoast_head_json":{"title":"Historia de la Compa\u00f1ia - Belmont Metals","description":"Belmont Metals has been proudly serving Non Ferrous industries since 1896. We offer over 3000 different formulations and shapes to meet your needs!","robots":{"index":"index","follow":"follow","max-snippet":"max-snippet:-1","max-image-preview":"max-image-preview:large","max-video-preview":"max-video-preview:-1"},"canonical":"https:\/\/www.belmontmetals.com\/es\/historia-de-la-compania\/","og_locale":"es_ES","og_type":"article","og_title":"Historia de la Compa\u00f1ia - Belmont Metals","og_description":"Belmont Metals has been proudly serving Non Ferrous industries since 1896. We offer over 3000 different formulations and shapes to meet your needs!","og_url":"https:\/\/www.belmontmetals.com\/es\/historia-de-la-compania\/","og_site_name":"Belmont Metals","article_publisher":"https:\/\/www.facebook.com\/BelmontMetals\/","article_modified_time":"2017-12-13T21:57:50+00:00","og_image":[{"width":1263,"height":883,"url":"https:\/\/www.belmontmetals.com\/wp-content\/uploads\/2017\/12\/homepage-screenshot.jpg","type":"image\/jpeg"}],"twitter_card":"summary_large_image","twitter_site":"@BelmontMetals","twitter_misc":{"Tiempo de lectura":"2 minutos"},"schema":{"@context":"https:\/\/schema.org","@graph":[{"@type":"WebPage","@id":"https:\/\/www.belmontmetals.com\/es\/historia-de-la-compania\/","url":"https:\/\/www.belmontmetals.com\/es\/historia-de-la-compania\/","name":"Historia de la Compa\u00f1ia - Belmont Metals","isPartOf":{"@id":"https:\/\/www.belmontmetals.com\/#website"},"datePublished":"2017-09-22T12:35:46+00:00","dateModified":"2017-12-13T21:57:50+00:00","description":"Belmont Metals has been proudly serving Non Ferrous industries since 1896. We offer over 3000 different formulations and shapes to meet your needs!","breadcrumb":{"@id":"https:\/\/www.belmontmetals.com\/es\/historia-de-la-compania\/#breadcrumb"},"inLanguage":"es","potentialAction":[{"@type":"ReadAction","target":["https:\/\/www.belmontmetals.com\/es\/historia-de-la-compania\/"]}]},{"@type":"BreadcrumbList","@id":"https:\/\/www.belmontmetals.com\/es\/historia-de-la-compania\/#breadcrumb","itemListElement":[{"@type":"ListItem","position":1,"name":"Home","item":"https:\/\/www.belmontmetals.com\/es\/"},{"@type":"ListItem","position":2,"name":"HISTORIA DE LA COMPA\u00d1IA"}]},{"@type":"WebSite","@id":"https:\/\/www.belmontmetals.com\/#website","url":"https:\/\/www.belmontmetals.com\/","name":"Belmont Metals","description":"","potentialAction":[{"@type":"SearchAction","target":{"@type":"EntryPoint","urlTemplate":"https:\/\/www.belmontmetals.com\/?s={search_term_string}"},"query-input":{"@type":"PropertyValueSpecification","valueRequired":true,"valueName":"search_term_string"}}],"inLanguage":"es"}]}},"_links":{"self":[{"href":"https:\/\/www.belmontmetals.com\/es\/wp-json\/wp\/v2\/pages\/2157","targetHints":{"allow":["GET"]}}],"collection":[{"href":"https:\/\/www.belmontmetals.com\/es\/wp-json\/wp\/v2\/pages"}],"about":[{"href":"https:\/\/www.belmontmetals.com\/es\/wp-json\/wp\/v2\/types\/page"}],"author":[{"embeddable":true,"href":"https:\/\/www.belmontmetals.com\/es\/wp-json\/wp\/v2\/users\/1"}],"replies":[{"embeddable":true,"href":"https:\/\/www.belmontmetals.com\/es\/wp-json\/wp\/v2\/comments?post=2157"}],"version-history":[{"count":1,"href":"https:\/\/www.belmontmetals.com\/es\/wp-json\/wp\/v2\/pages\/2157\/revisions"}],"predecessor-version":[{"id":2159,"href":"https:\/\/www.belmontmetals.com\/es\/wp-json\/wp\/v2\/pages\/2157\/revisions\/2159"}],"wp:attachment":[{"href":"https:\/\/www.belmontmetals.com\/es\/wp-json\/wp\/v2\/media?parent=2157"}],"curies":[{"name":"wp","href":"https:\/\/api.w.org\/{rel}","templated":true}]}}