{"id":2155,"date":"2017-09-22T12:39:27","date_gmt":"2017-09-22T12:39:27","guid":{"rendered":"http:\/\/www.belmontmetals.com\/mission-and-values\/"},"modified":"2017-12-08T21:06:34","modified_gmt":"2017-12-08T21:06:34","slug":"mission-and-values","status":"publish","type":"page","link":"https:\/\/www.belmontmetals.com\/es\/mission-and-values\/","title":{"rendered":"MISI\u00d3N Y VALORES"},"content":{"rendered":"<p><strong>Belmont es un fundidor de metales no ferrosos y aleaciones excepcionalmente, que genera altos est\u00e1ndares de calidad de producto, entregas a tiempo, y un servicio inigualable, que crea valores excepcionales para nuestros clientes de todo el mundo, de una manera responsable ante el medio ambiente.<\/strong><\/p>\n<h6>Servicios<\/h6>\n<p>Nuestra asistencia metal\u00fargica, nuestros env\u00edos por lo general en el mismo d\u00eda, nuestro soporte t\u00e9cnico sobresaliente y nuestra r\u00e1pida respuesta a las consultas, son algunas de las maneras en que Belmont brinda un excelente servicio a sus clientes.<\/p>\n<h6>Tecnolog\u00eda<\/h6>\n<p>Estamos continuamente actualizando tanto nuestro equipamiento, como nuestros recursos humanos para satisfacer la creciente demanda de calidad y confiabilidad de nuestra l\u00ednea de productos. La composici\u00f3n de las aleaciones se prueba durante todo el ciclo de fabricaci\u00f3n con nuestros espectr\u00f3grafos de \u00faltima generaci\u00f3n, que incorporan est\u00e1ndares de seguimiento NBS. Estamos comprometidos a mantener nuestra posici\u00f3n de vanguardia con respecto a las tecnolog\u00edas emergentes.<\/p>\n<h6>Calidad<\/h6>\n<p>Belmont siempre tiene el compromiso de elaborar \u00fanicamente productos de la m\u00e1s alta calidad. La selecci\u00f3n de las materias primas de la mejor calidad, en combinaci\u00f3n con nuestros exhaustivos controles de manufactura, garantizan la obtenci\u00f3n de productos confiables. Esto fue reconocido cuando el gobierno de Estados Unidos seleccion\u00f3 y recertifico a Belmont como un \u201cBlue Chip Vendor\u201d.<\/p>\n<h6>Variedad\/Flexibilidad<\/h6>\n<p>Belmont ofrece una amplia variedad de tama\u00f1o, formas y formulaciones est\u00e1ndares. Y, cuando usted lo necesite, ajustaremos las composiciones, formas y cantidades, seg\u00fan sea necesario para cumplir con sus requerimientos. Escuchamos a nuestros clientes y luego ponemos a su disposici\u00f3n m\u00e1s de un siglo de conocimientos acumulados para brindarle soluciones creativas y costo eficientes para sus requerimientos metal\u00fargicos m\u00e1s exigentes.<\/p>\n","protected":false},"excerpt":{"rendered":"<p>Belmont es un fundidor de metales no ferrosos y aleaciones excepcionalmente, que genera altos est\u00e1ndares de calidad de producto, entregas a tiempo, y un servicio inigualable, que crea valores excepcionales para nuestros clientes de todo el mundo, de una manera responsable ante el medio ambiente. Servicios Nuestra asistencia metal\u00fargica, nuestros env\u00edos por lo general en&#8230;<\/p>\n","protected":false},"author":1,"featured_media":0,"parent":0,"menu_order":1,"comment_status":"closed","ping_status":"closed","template":"","meta":{"_acf_changed":false,"footnotes":""},"class_list":["post-2155","page","type-page","status-publish","hentry"],"acf":[],"yoast_head":"<!-- This site is optimized with the Yoast SEO plugin v27.4 - https:\/\/yoast.com\/product\/yoast-seo-wordpress\/ -->\n<title>Misi\u00f3n y Valores - Belmont Metals<\/title>\n<meta name=\"description\" content=\"Belmont Metals has been proudly serving Non Ferrous industries since 1896. We offer over 3000 different formulations and shapes to meet your needs!\" \/>\n<meta name=\"robots\" content=\"index, follow, max-snippet:-1, max-image-preview:large, max-video-preview:-1\" \/>\n<link rel=\"canonical\" href=\"https:\/\/www.belmontmetals.com\/es\/mission-and-values\/\" \/>\n<meta property=\"og:locale\" content=\"es_ES\" \/>\n<meta property=\"og:type\" content=\"article\" \/>\n<meta property=\"og:title\" content=\"Misi\u00f3n y Valores - Belmont Metals\" \/>\n<meta property=\"og:description\" content=\"Belmont Metals has been proudly serving Non Ferrous industries since 1896. We offer over 3000 different formulations and shapes to meet your needs!\" \/>\n<meta property=\"og:url\" content=\"https:\/\/www.belmontmetals.com\/es\/mission-and-values\/\" \/>\n<meta property=\"og:site_name\" content=\"Belmont Metals\" \/>\n<meta property=\"article:publisher\" content=\"https:\/\/www.facebook.com\/BelmontMetals\/\" \/>\n<meta property=\"article:modified_time\" content=\"2017-12-08T21:06:34+00:00\" \/>\n<meta property=\"og:image\" content=\"https:\/\/www.belmontmetals.com\/wp-content\/uploads\/2017\/12\/homepage-screenshot.jpg\" \/>\n\t<meta property=\"og:image:width\" content=\"1263\" \/>\n\t<meta property=\"og:image:height\" content=\"883\" \/>\n\t<meta property=\"og:image:type\" content=\"image\/jpeg\" \/>\n<meta name=\"twitter:card\" content=\"summary_large_image\" \/>\n<meta name=\"twitter:site\" content=\"@BelmontMetals\" \/>\n<meta name=\"twitter:label1\" content=\"Tiempo de lectura\" \/>\n\t<meta name=\"twitter:data1\" content=\"1 minuto\" \/>\n<script type=\"application\/ld+json\" class=\"yoast-schema-graph\">{\"@context\":\"https:\\\/\\\/schema.org\",\"@graph\":[{\"@type\":\"WebPage\",\"@id\":\"https:\\\/\\\/www.belmontmetals.com\\\/es\\\/mission-and-values\\\/\",\"url\":\"https:\\\/\\\/www.belmontmetals.com\\\/es\\\/mission-and-values\\\/\",\"name\":\"Misi\u00f3n y Valores - Belmont Metals\",\"isPartOf\":{\"@id\":\"https:\\\/\\\/www.belmontmetals.com\\\/#website\"},\"datePublished\":\"2017-09-22T12:39:27+00:00\",\"dateModified\":\"2017-12-08T21:06:34+00:00\",\"description\":\"Belmont Metals has been proudly serving Non Ferrous industries since 1896. We offer over 3000 different formulations and shapes to meet your needs!\",\"breadcrumb\":{\"@id\":\"https:\\\/\\\/www.belmontmetals.com\\\/es\\\/mission-and-values\\\/#breadcrumb\"},\"inLanguage\":\"es\",\"potentialAction\":[{\"@type\":\"ReadAction\",\"target\":[\"https:\\\/\\\/www.belmontmetals.com\\\/es\\\/mission-and-values\\\/\"]}]},{\"@type\":\"BreadcrumbList\",\"@id\":\"https:\\\/\\\/www.belmontmetals.com\\\/es\\\/mission-and-values\\\/#breadcrumb\",\"itemListElement\":[{\"@type\":\"ListItem\",\"position\":1,\"name\":\"Home\",\"item\":\"https:\\\/\\\/www.belmontmetals.com\\\/es\\\/\"},{\"@type\":\"ListItem\",\"position\":2,\"name\":\"MISI\u00d3N Y VALORES\"}]},{\"@type\":\"WebSite\",\"@id\":\"https:\\\/\\\/www.belmontmetals.com\\\/#website\",\"url\":\"https:\\\/\\\/www.belmontmetals.com\\\/\",\"name\":\"Belmont Metals\",\"description\":\"\",\"potentialAction\":[{\"@type\":\"SearchAction\",\"target\":{\"@type\":\"EntryPoint\",\"urlTemplate\":\"https:\\\/\\\/www.belmontmetals.com\\\/?s={search_term_string}\"},\"query-input\":{\"@type\":\"PropertyValueSpecification\",\"valueRequired\":true,\"valueName\":\"search_term_string\"}}],\"inLanguage\":\"es\"}]}<\/script>\n<!-- \/ Yoast SEO plugin. -->","yoast_head_json":{"title":"Misi\u00f3n y Valores - Belmont Metals","description":"Belmont Metals has been proudly serving Non Ferrous industries since 1896. We offer over 3000 different formulations and shapes to meet your needs!","robots":{"index":"index","follow":"follow","max-snippet":"max-snippet:-1","max-image-preview":"max-image-preview:large","max-video-preview":"max-video-preview:-1"},"canonical":"https:\/\/www.belmontmetals.com\/es\/mission-and-values\/","og_locale":"es_ES","og_type":"article","og_title":"Misi\u00f3n y Valores - Belmont Metals","og_description":"Belmont Metals has been proudly serving Non Ferrous industries since 1896. We offer over 3000 different formulations and shapes to meet your needs!","og_url":"https:\/\/www.belmontmetals.com\/es\/mission-and-values\/","og_site_name":"Belmont Metals","article_publisher":"https:\/\/www.facebook.com\/BelmontMetals\/","article_modified_time":"2017-12-08T21:06:34+00:00","og_image":[{"width":1263,"height":883,"url":"https:\/\/www.belmontmetals.com\/wp-content\/uploads\/2017\/12\/homepage-screenshot.jpg","type":"image\/jpeg"}],"twitter_card":"summary_large_image","twitter_site":"@BelmontMetals","twitter_misc":{"Tiempo de lectura":"1 minuto"},"schema":{"@context":"https:\/\/schema.org","@graph":[{"@type":"WebPage","@id":"https:\/\/www.belmontmetals.com\/es\/mission-and-values\/","url":"https:\/\/www.belmontmetals.com\/es\/mission-and-values\/","name":"Misi\u00f3n y Valores - Belmont Metals","isPartOf":{"@id":"https:\/\/www.belmontmetals.com\/#website"},"datePublished":"2017-09-22T12:39:27+00:00","dateModified":"2017-12-08T21:06:34+00:00","description":"Belmont Metals has been proudly serving Non Ferrous industries since 1896. We offer over 3000 different formulations and shapes to meet your needs!","breadcrumb":{"@id":"https:\/\/www.belmontmetals.com\/es\/mission-and-values\/#breadcrumb"},"inLanguage":"es","potentialAction":[{"@type":"ReadAction","target":["https:\/\/www.belmontmetals.com\/es\/mission-and-values\/"]}]},{"@type":"BreadcrumbList","@id":"https:\/\/www.belmontmetals.com\/es\/mission-and-values\/#breadcrumb","itemListElement":[{"@type":"ListItem","position":1,"name":"Home","item":"https:\/\/www.belmontmetals.com\/es\/"},{"@type":"ListItem","position":2,"name":"MISI\u00d3N Y VALORES"}]},{"@type":"WebSite","@id":"https:\/\/www.belmontmetals.com\/#website","url":"https:\/\/www.belmontmetals.com\/","name":"Belmont Metals","description":"","potentialAction":[{"@type":"SearchAction","target":{"@type":"EntryPoint","urlTemplate":"https:\/\/www.belmontmetals.com\/?s={search_term_string}"},"query-input":{"@type":"PropertyValueSpecification","valueRequired":true,"valueName":"search_term_string"}}],"inLanguage":"es"}]}},"_links":{"self":[{"href":"https:\/\/www.belmontmetals.com\/es\/wp-json\/wp\/v2\/pages\/2155","targetHints":{"allow":["GET"]}}],"collection":[{"href":"https:\/\/www.belmontmetals.com\/es\/wp-json\/wp\/v2\/pages"}],"about":[{"href":"https:\/\/www.belmontmetals.com\/es\/wp-json\/wp\/v2\/types\/page"}],"author":[{"embeddable":true,"href":"https:\/\/www.belmontmetals.com\/es\/wp-json\/wp\/v2\/users\/1"}],"replies":[{"embeddable":true,"href":"https:\/\/www.belmontmetals.com\/es\/wp-json\/wp\/v2\/comments?post=2155"}],"version-history":[{"count":1,"href":"https:\/\/www.belmontmetals.com\/es\/wp-json\/wp\/v2\/pages\/2155\/revisions"}],"predecessor-version":[{"id":2156,"href":"https:\/\/www.belmontmetals.com\/es\/wp-json\/wp\/v2\/pages\/2155\/revisions\/2156"}],"wp:attachment":[{"href":"https:\/\/www.belmontmetals.com\/es\/wp-json\/wp\/v2\/media?parent=2155"}],"curies":[{"name":"wp","href":"https:\/\/api.w.org\/{rel}","templated":true}]}}